{"id":1379,"date":"2024-03-25T15:19:54","date_gmt":"2024-03-25T15:19:54","guid":{"rendered":"http:\/\/thehendoideas.com\/?post_type=product&#038;p=1379"},"modified":"2025-11-13T17:17:15","modified_gmt":"2025-11-13T17:17:15","slug":"striper-man-ibiza","status":"publish","type":"product","link":"https:\/\/thehendoideas.com\/it\/activity\/striper-man-ibiza\/","title":{"rendered":"Striper Man Ibiza"},"content":{"rendered":"<p>Striper Man Ibiza. Spogliarello maschile. Spogliarellista di Ibiza. Alza la temperatura con il ballerino sexy che far\u00e0 pensare alla sposa di sposarsi. Muscoli e fuoco allo stato puro.<\/p>\n<p>Le migliori feste di addio al celibato e al nubilato con <a href=\"http:\/\/thehendoideas.com\/it\/stag-party\/\">Addio al celibato<\/a>! <a href=\"http:\/\/thehendoideas.com\/it\/hen-party\/\">Festa di addio al nubilato<\/a>!<\/p>\n<h2 style=\"text-align: center;\">Striper Man Ibiza \ud83d\udd25<\/h2>\n<h4>Provate la sensualit\u00e0 e il divertimento: un uomo davvero sexy pronto a sedurre la sua sposa! \ud83c\udfb6<\/h4>\n<p>Prenotate un momento di puro erotismo e piacere con il nostro esclusivo spettacolo di danza sensuale di quindici minuti. Un uomo con un corpo da urlo pronto a dimostrare alla sposa che forse sposarsi non \u00e8 l'idea migliore.....<\/p>\n<p>\ud83c\udf1f Erotismo allo stato puro:<\/p>\n<p>Il nostro uomo non solo user\u00e0 una sedia per accogliere la sposa, ma la far\u00e0 anche ballare al ritmo della musica pi\u00f9 sensuale. La temperatura salir\u00e0 cos\u00ec tanto che dovr\u00e0 iniziare a spogliarsi....<\/p>\n<p>\ud83d\udc83 Un'esperienza su misura:<\/p>\n<p>Questo spettacolo ruota intorno alla sposa. La ballerina si muover\u00e0 ovunque si desideri, garantendo un'esperienza personalizzata e unica. In un ambiente intimo a casa vostra o in un luogo speciale, preparatevi a essere protagonisti di uno spettacolo indimenticabile.<\/p>\n<p>\ud83d\udd25 Uno spettacolo che lascia il segno:<\/p>\n<p>L'atmosfera sensuale, l'aumento della temperatura e tutte le vostre amiche che guardano le mosse sexy del ragazzo. Ogni movimento \u00e8 studiato per eccitare...<\/p>\n<p>Godetevi il sole a Ibiza.<\/p>\n<p style=\"text-align: center;\">Prenota Striper Man Ibiza!<\/p>\n<p>&nbsp;<\/p>","protected":false},"excerpt":{"rendered":"<p>Striper Man Ibiza. Spogliarello maschile. Spogliarellista di Ibiza. Alza la temperatura con il ballerino sexy che far\u00e0 pensare alla sposa di sposarsi. Muscoli e fuoco allo stato puro.<\/p>","protected":false},"featured_media":872,"comment_status":"open","ping_status":"closed","template":"","meta":[],"product_brand":[],"product_cat":[266,265],"product_tag":[269,306,270],"class_list":{"0":"post-1379","1":"product","2":"type-product","3":"status-publish","4":"has-post-thumbnail","6":"product_cat-hen-party-ibiza-activities","7":"product_cat-ibiza","8":"product_tag-striper-in-ibiza","9":"product_tag-stripper-man-ibiza","10":"product_tag-strippers-ibiza","12":"first","13":"instock","14":"virtual","15":"product-type-simple"},"yoast_head":"<!-- This site is optimized with the Yoast SEO Premium plugin v24.8 (Yoast SEO v27.5) - https:\/\/yoast.com\/product\/yoast-seo-premium-wordpress\/ -->\n<title>Striper Man Ibiza<\/title>\n<meta name=\"description\" content=\"Striper Man Ibiza. Male striptease. Turn up the heat with the sexy dancer who will make the bride think about getting married.\" \/>\n<meta name=\"robots\" content=\"index, follow, max-snippet:-1, max-image-preview:large, max-video-preview:-1\" \/>\n<link rel=\"canonical\" href=\"https:\/\/thehendoideas.com\/it\/attivita\/striper-man-ibiza\/\" \/>\n<meta property=\"og:locale\" content=\"it_IT\" \/>\n<meta property=\"og:type\" content=\"article\" \/>\n<meta property=\"og:title\" content=\"Striper Man Ibiza\" \/>\n<meta property=\"og:description\" content=\"Striper Man Ibiza. Male striptease. Turn up the heat with the sexy dancer who will make the bride think about getting married.\" \/>\n<meta property=\"og:url\" content=\"https:\/\/thehendoideas.com\/it\/attivita\/striper-man-ibiza\/\" \/>\n<meta property=\"og:site_name\" content=\"The Hen do Ideas\" \/>\n<meta property=\"article:modified_time\" content=\"2025-11-13T17:17:15+00:00\" \/>\n<meta property=\"og:image\" content=\"https:\/\/thehendoideas.com\/wp-content\/uploads\/2024\/03\/Striper-Man-img.jpeg\" \/>\n\t<meta property=\"og:image:width\" content=\"1080\" \/>\n\t<meta property=\"og:image:height\" content=\"1080\" \/>\n\t<meta property=\"og:image:type\" content=\"image\/jpeg\" \/>\n<meta name=\"twitter:card\" content=\"summary_large_image\" \/>\n<meta name=\"twitter:label1\" content=\"Prezzo\" \/>\n\t<meta name=\"twitter:data1\" content=\"\" \/>\n\t<meta name=\"twitter:label2\" content=\"Disponibilit\u00e0\" \/>\n\t<meta name=\"twitter:data2\" content=\"In stock\" \/>\n<script type=\"application\/ld+json\" class=\"yoast-schema-graph\">{\"@context\":\"https:\\\/\\\/schema.org\",\"@graph\":[{\"@type\":\"WebPage\",\"@id\":\"https:\\\/\\\/thehendoideas.com\\\/it\\\/attivita\\\/striper-man-ibiza\\\/\",\"url\":\"https:\\\/\\\/thehendoideas.com\\\/it\\\/attivita\\\/striper-man-ibiza\\\/\",\"name\":\"Striper Man Ibiza\",\"isPartOf\":{\"@id\":\"https:\\\/\\\/thehendoideas.com\\\/#website\"},\"primaryImageOfPage\":{\"@id\":\"https:\\\/\\\/thehendoideas.com\\\/it\\\/attivita\\\/striper-man-ibiza\\\/#primaryimage\"},\"image\":{\"@id\":\"https:\\\/\\\/thehendoideas.com\\\/it\\\/attivita\\\/striper-man-ibiza\\\/#primaryimage\"},\"thumbnailUrl\":\"https:\\\/\\\/thehendoideas.com\\\/wp-content\\\/uploads\\\/2024\\\/03\\\/Striper-Man-img.jpeg\",\"datePublished\":\"2024-03-25T15:19:54+00:00\",\"dateModified\":\"2025-11-13T17:17:15+00:00\",\"description\":\"Striper Man Ibiza. Male striptease. Turn up the heat with the sexy dancer who will make the bride think about getting married.\",\"breadcrumb\":{\"@id\":\"https:\\\/\\\/thehendoideas.com\\\/it\\\/attivita\\\/striper-man-ibiza\\\/#breadcrumb\"},\"inLanguage\":\"it-IT\",\"potentialAction\":[{\"@type\":\"ReadAction\",\"target\":[\"https:\\\/\\\/thehendoideas.com\\\/it\\\/attivita\\\/striper-man-ibiza\\\/\"]}]},{\"@type\":\"ImageObject\",\"inLanguage\":\"it-IT\",\"@id\":\"https:\\\/\\\/thehendoideas.com\\\/it\\\/attivita\\\/striper-man-ibiza\\\/#primaryimage\",\"url\":\"https:\\\/\\\/thehendoideas.com\\\/wp-content\\\/uploads\\\/2024\\\/03\\\/Striper-Man-img.jpeg\",\"contentUrl\":\"https:\\\/\\\/thehendoideas.com\\\/wp-content\\\/uploads\\\/2024\\\/03\\\/Striper-Man-img.jpeg\",\"width\":1080,\"height\":1080},{\"@type\":\"BreadcrumbList\",\"@id\":\"https:\\\/\\\/thehendoideas.com\\\/it\\\/attivita\\\/striper-man-ibiza\\\/#breadcrumb\",\"itemListElement\":[{\"@type\":\"ListItem\",\"position\":1,\"name\":\"Home\",\"item\":\"https:\\\/\\\/thehendoideas.com\\\/\"},{\"@type\":\"ListItem\",\"position\":2,\"name\":\"Shop\",\"item\":\"https:\\\/\\\/thehendoideas.com\\\/shop\\\/\"},{\"@type\":\"ListItem\",\"position\":3,\"name\":\"Striper Man Ibiza\"}]},{\"@type\":\"WebSite\",\"@id\":\"https:\\\/\\\/thehendoideas.com\\\/#website\",\"url\":\"https:\\\/\\\/thehendoideas.com\\\/\",\"name\":\"Agency Hen Parties\",\"description\":\"The Best Hen Do Services\",\"publisher\":{\"@id\":\"https:\\\/\\\/thehendoideas.com\\\/#organization\"},\"alternateName\":\"Hen Parties\",\"potentialAction\":[{\"@type\":\"SearchAction\",\"target\":{\"@type\":\"EntryPoint\",\"urlTemplate\":\"https:\\\/\\\/thehendoideas.com\\\/?s={search_term_string}\"},\"query-input\":{\"@type\":\"PropertyValueSpecification\",\"valueRequired\":true,\"valueName\":\"search_term_string\"}}],\"inLanguage\":\"it-IT\"},{\"@type\":\"Organization\",\"@id\":\"https:\\\/\\\/thehendoideas.com\\\/#organization\",\"name\":\"Hen Do Ideas\",\"alternateName\":\"Hen Parties\",\"url\":\"https:\\\/\\\/thehendoideas.com\\\/\",\"logo\":{\"@type\":\"ImageObject\",\"inLanguage\":\"it-IT\",\"@id\":\"https:\\\/\\\/thehendoideas.com\\\/#\\\/schema\\\/logo\\\/image\\\/\",\"url\":\"https:\\\/\\\/thehendoideas.com\\\/wp-content\\\/uploads\\\/2024\\\/04\\\/Hen-Do-Image-Logo-1.png\",\"contentUrl\":\"https:\\\/\\\/thehendoideas.com\\\/wp-content\\\/uploads\\\/2024\\\/04\\\/Hen-Do-Image-Logo-1.png\",\"width\":512,\"height\":512,\"caption\":\"Hen Do Ideas\"},\"image\":{\"@id\":\"https:\\\/\\\/thehendoideas.com\\\/#\\\/schema\\\/logo\\\/image\\\/\"}}]}<\/script>\n<meta property=\"product:price:currency\" content=\"EUR\" \/>\n<meta property=\"og:availability\" content=\"instock\" \/>\n<meta property=\"product:availability\" content=\"instock\" \/>\n<meta property=\"product:condition\" content=\"new\" \/>\n<!-- \/ Yoast SEO Premium plugin. -->","yoast_head_json":{"title":"Striper Man Ibiza","description":"Striper Man Ibiza. Spogliarello maschile. Alzate i toni con il ballerino sexy che far\u00e0 pensare alla sposa di sposarsi.","robots":{"index":"index","follow":"follow","max-snippet":"max-snippet:-1","max-image-preview":"max-image-preview:large","max-video-preview":"max-video-preview:-1"},"canonical":"https:\/\/thehendoideas.com\/it\/attivita\/striper-man-ibiza\/","og_locale":"it_IT","og_type":"article","og_title":"Striper Man Ibiza","og_description":"Striper Man Ibiza. Male striptease. Turn up the heat with the sexy dancer who will make the bride think about getting married.","og_url":"https:\/\/thehendoideas.com\/it\/attivita\/striper-man-ibiza\/","og_site_name":"The Hen do Ideas","article_modified_time":"2025-11-13T17:17:15+00:00","og_image":[{"width":1080,"height":1080,"url":"https:\/\/thehendoideas.com\/wp-content\/uploads\/2024\/03\/Striper-Man-img.jpeg","type":"image\/jpeg"}],"twitter_card":"summary_large_image","twitter_misc":{"Prezzo":"","Disponibilit\u00e0":"In stock"},"schema":{"@context":"https:\/\/schema.org","@graph":[{"@type":"WebPage","@id":"https:\/\/thehendoideas.com\/it\/attivita\/striper-man-ibiza\/","url":"https:\/\/thehendoideas.com\/it\/attivita\/striper-man-ibiza\/","name":"Striper Man Ibiza","isPartOf":{"@id":"https:\/\/thehendoideas.com\/#website"},"primaryImageOfPage":{"@id":"https:\/\/thehendoideas.com\/it\/attivita\/striper-man-ibiza\/#primaryimage"},"image":{"@id":"https:\/\/thehendoideas.com\/it\/attivita\/striper-man-ibiza\/#primaryimage"},"thumbnailUrl":"https:\/\/thehendoideas.com\/wp-content\/uploads\/2024\/03\/Striper-Man-img.jpeg","datePublished":"2024-03-25T15:19:54+00:00","dateModified":"2025-11-13T17:17:15+00:00","description":"Striper Man Ibiza. Spogliarello maschile. Alzate i toni con il ballerino sexy che far\u00e0 pensare alla sposa di sposarsi.","breadcrumb":{"@id":"https:\/\/thehendoideas.com\/it\/attivita\/striper-man-ibiza\/#breadcrumb"},"inLanguage":"it-IT","potentialAction":[{"@type":"ReadAction","target":["https:\/\/thehendoideas.com\/it\/attivita\/striper-man-ibiza\/"]}]},{"@type":"ImageObject","inLanguage":"it-IT","@id":"https:\/\/thehendoideas.com\/it\/attivita\/striper-man-ibiza\/#primaryimage","url":"https:\/\/thehendoideas.com\/wp-content\/uploads\/2024\/03\/Striper-Man-img.jpeg","contentUrl":"https:\/\/thehendoideas.com\/wp-content\/uploads\/2024\/03\/Striper-Man-img.jpeg","width":1080,"height":1080},{"@type":"BreadcrumbList","@id":"https:\/\/thehendoideas.com\/it\/attivita\/striper-man-ibiza\/#breadcrumb","itemListElement":[{"@type":"ListItem","position":1,"name":"Home","item":"https:\/\/thehendoideas.com\/"},{"@type":"ListItem","position":2,"name":"Shop","item":"https:\/\/thehendoideas.com\/shop\/"},{"@type":"ListItem","position":3,"name":"Striper Man Ibiza"}]},{"@type":"WebSite","@id":"https:\/\/thehendoideas.com\/#website","url":"https:\/\/thehendoideas.com\/","name":"Feste di addio al nubilato dell'agenzia","description":"I migliori servizi di addio al nubilato","publisher":{"@id":"https:\/\/thehendoideas.com\/#organization"},"alternateName":"Hen Parties","potentialAction":[{"@type":"SearchAction","target":{"@type":"EntryPoint","urlTemplate":"https:\/\/thehendoideas.com\/?s={search_term_string}"},"query-input":{"@type":"PropertyValueSpecification","valueRequired":true,"valueName":"search_term_string"}}],"inLanguage":"it-IT"},{"@type":"Organization","@id":"https:\/\/thehendoideas.com\/#organization","name":"Idee per l'addio al nubilato","alternateName":"Hen Parties","url":"https:\/\/thehendoideas.com\/","logo":{"@type":"ImageObject","inLanguage":"it-IT","@id":"https:\/\/thehendoideas.com\/#\/schema\/logo\/image\/","url":"https:\/\/thehendoideas.com\/wp-content\/uploads\/2024\/04\/Hen-Do-Image-Logo-1.png","contentUrl":"https:\/\/thehendoideas.com\/wp-content\/uploads\/2024\/04\/Hen-Do-Image-Logo-1.png","width":512,"height":512,"caption":"Hen Do Ideas"},"image":{"@id":"https:\/\/thehendoideas.com\/#\/schema\/logo\/image\/"}}]},"product_price_currency":"EUR","og_availability":"instock","product_availability":"instock","product_condition":"new"},"_links":{"self":[{"href":"https:\/\/thehendoideas.com\/it\/wp-json\/wp\/v2\/product\/1379","targetHints":{"allow":["GET"]}}],"collection":[{"href":"https:\/\/thehendoideas.com\/it\/wp-json\/wp\/v2\/product"}],"about":[{"href":"https:\/\/thehendoideas.com\/it\/wp-json\/wp\/v2\/types\/product"}],"replies":[{"embeddable":true,"href":"https:\/\/thehendoideas.com\/it\/wp-json\/wp\/v2\/comments?post=1379"}],"wp:featuredmedia":[{"embeddable":true,"href":"https:\/\/thehendoideas.com\/it\/wp-json\/wp\/v2\/media\/872"}],"wp:attachment":[{"href":"https:\/\/thehendoideas.com\/it\/wp-json\/wp\/v2\/media?parent=1379"}],"wp:term":[{"taxonomy":"product_brand","embeddable":true,"href":"https:\/\/thehendoideas.com\/it\/wp-json\/wp\/v2\/product_brand?post=1379"},{"taxonomy":"product_cat","embeddable":true,"href":"https:\/\/thehendoideas.com\/it\/wp-json\/wp\/v2\/product_cat?post=1379"},{"taxonomy":"product_tag","embeddable":true,"href":"https:\/\/thehendoideas.com\/it\/wp-json\/wp\/v2\/product_tag?post=1379"}],"curies":[{"name":"wp","href":"https:\/\/api.w.org\/{rel}","templated":true}]}}