{"id":1454,"date":"2024-03-26T15:10:34","date_gmt":"2024-03-26T15:10:34","guid":{"rendered":"http:\/\/thehendoideas.com\/?post_type=product&#038;p=1454"},"modified":"2025-11-13T17:17:44","modified_gmt":"2025-11-13T17:17:44","slug":"sexy-butler-ibiza","status":"publish","type":"product","link":"https:\/\/thehendoideas.com\/it\/activity\/sexy-butler-ibiza\/","title":{"rendered":"Maggiordomo sexy Ibiza"},"content":{"rendered":"<p style=\"text-align: center;\">Maggiordomo sexy Ibiza. Siete pronti a godervi un'ora con un maggiordomo svestito pronto a servirvi?<\/p>\n<p style=\"text-align: center;\">Servizio privato e a domicilio.<\/p>\n<p style=\"text-align: center;\">Le migliori feste di addio al celibato e al nubilato con <a href=\"http:\/\/thehendoideas.com\/it\/stag-party\/\">Addio al celibato<\/a>! <a href=\"http:\/\/thehendoideas.com\/it\/hen-party\/\">Festa di addio al nubilato<\/a>!<\/p>\n<h2 style=\"text-align: center;\">\ud83d\udd25 Sexy Ibiza Butler\ud83d\udd25<\/h2>\n<p style=\"text-align: center;\">Godetevi un'ora di un maggiordomo che sar\u00e0 al vostro servizio per qualsiasi cosa... Come?<\/p>\n<p style=\"text-align: center;\">Vi assicuriamo che il nostro maggiordomo vi lascer\u00e0 a bocca aperta e alzer\u00e0 la temperatura della stanza non appena varcher\u00e0 la porta.<\/p>\n<p style=\"text-align: center;\">Una fantasia erotica che diventa realt\u00e0: un uomo di muscoli e fuoco e pochi vestiti. Il nostro maggiordomo indossa solo un grembiule (che copre solo la parte anteriore del corpo...), un papillon e niente biancheria intima.<\/p>\n<p style=\"text-align: center;\">A chi non piacerebbe avere un maggiordomo senza vestiti per un'ora?<\/p>\n<p style=\"text-align: center;\">E tu, quando lo faresti?<\/p>\n<p style=\"text-align: center;\">Durante la vostra vacanza a Ibiza. L'isola \u00e8 un vero e proprio spettacolo pirotecnico. Il maggiordomo \u00e8 disponibile tutti i giorni e a qualsiasi ora. Non pensateci due volte e trasformate la vostra vacanza a Ibiza in un sogno che diventa realt\u00e0.<\/p>\n<p style=\"text-align: center;\">Che cos'\u00e8? \u2708\ufe0f<\/p>\n<p style=\"text-align: center;\">Il nostro maggiordomo \u00e8 cos\u00ec attento... Verr\u00e0 nel vostro hotel o nella vostra villa. Un servizio completamente privato.<\/p>\n<p style=\"text-align: center;\">Perch\u00e9?<\/p>\n<p style=\"text-align: center;\">Tutte le donne vorrebbero avere un uomo completamente al loro servizio per un'ora. Ma se gli togliamo i vestiti... \u00e8 ancora meglio!<\/p>\n<ul style=\"text-align: center;\">\n<li>Un'esperienza erotica, divertente e unica per godersi Ibiza in un modo molto originale \ud83d\udd25<\/li>\n<\/ul>\n<p style=\"text-align: center;\">\n<p style=\"text-align: center;\">Prenota Sexy Butler Ibiza!\ud83d\udd25<\/p>\n<p style=\"text-align: center;\">","protected":false},"excerpt":{"rendered":"<p>Maggiordomo sexy Ibiza. Maggiordomo sexy Ibiza. Siete pronti a godervi un'ora con un maggiordomo svestito pronto a servirvi?<\/p>\n<p>Servizio privato e a domicilio.<\/p>","protected":false},"featured_media":868,"comment_status":"open","ping_status":"closed","template":"","meta":[],"product_brand":[],"product_cat":[266,265],"product_tag":[242,241],"class_list":{"0":"post-1454","1":"product","2":"type-product","3":"status-publish","4":"has-post-thumbnail","6":"product_cat-hen-party-ibiza-activities","7":"product_cat-ibiza","8":"product_tag-sexy-butler","9":"product_tag-sexy-butler-mallorca","11":"first","12":"instock","13":"virtual","14":"product-type-simple"},"yoast_head":"<!-- This site is optimized with the Yoast SEO Premium plugin v24.8 (Yoast SEO v27.5) - https:\/\/yoast.com\/product\/yoast-seo-premium-wordpress\/ -->\n<title>Sexy Butler Ibiza \ud83e\udd35\ud83c\udffb\u200b<\/title>\n<meta name=\"description\" content=\"Sexy butler Ibiza. Are you ready to enjoy an hour with an undressed butler ready to serve you? Private and home service. \ud83e\udd35\" \/>\n<meta name=\"robots\" content=\"index, follow, max-snippet:-1, max-image-preview:large, max-video-preview:-1\" \/>\n<link rel=\"canonical\" href=\"https:\/\/thehendoideas.com\/it\/activity\/sexy-butler-ibiza\/\" \/>\n<meta property=\"og:locale\" content=\"it_IT\" \/>\n<meta property=\"og:type\" content=\"article\" \/>\n<meta property=\"og:title\" content=\"Sexy Butler Ibiza\" \/>\n<meta property=\"og:description\" content=\"Sexy butler Ibiza. Are you ready to enjoy an hour with an undressed butler ready to serve you? Private and home service. \ud83e\udd35\" \/>\n<meta property=\"og:url\" content=\"https:\/\/thehendoideas.com\/it\/activity\/sexy-butler-ibiza\/\" \/>\n<meta property=\"og:site_name\" content=\"The Hen do Ideas\" \/>\n<meta property=\"article:modified_time\" content=\"2025-11-13T17:17:44+00:00\" \/>\n<meta property=\"og:image\" content=\"https:\/\/thehendoideas.com\/wp-content\/uploads\/2024\/03\/Sexy-butler-img.jpeg\" \/>\n\t<meta property=\"og:image:width\" content=\"1024\" \/>\n\t<meta property=\"og:image:height\" content=\"1024\" \/>\n\t<meta property=\"og:image:type\" content=\"image\/jpeg\" \/>\n<meta name=\"twitter:card\" content=\"summary_large_image\" \/>\n<meta name=\"twitter:label1\" content=\"Prezzo\" \/>\n\t<meta name=\"twitter:data1\" content=\"\" \/>\n\t<meta name=\"twitter:label2\" content=\"Disponibilit\u00e0\" \/>\n\t<meta name=\"twitter:data2\" content=\"In stock\" \/>\n<script type=\"application\/ld+json\" class=\"yoast-schema-graph\">{\"@context\":\"https:\\\/\\\/schema.org\",\"@graph\":[{\"@type\":\"WebPage\",\"@id\":\"https:\\\/\\\/thehendoideas.com\\\/activity\\\/sexy-butler-ibiza\\\/\",\"url\":\"https:\\\/\\\/thehendoideas.com\\\/activity\\\/sexy-butler-ibiza\\\/\",\"name\":\"Sexy Butler Ibiza \ud83e\udd35\ud83c\udffb\u200b\",\"isPartOf\":{\"@id\":\"https:\\\/\\\/thehendoideas.com\\\/#website\"},\"primaryImageOfPage\":{\"@id\":\"https:\\\/\\\/thehendoideas.com\\\/activity\\\/sexy-butler-ibiza\\\/#primaryimage\"},\"image\":{\"@id\":\"https:\\\/\\\/thehendoideas.com\\\/activity\\\/sexy-butler-ibiza\\\/#primaryimage\"},\"thumbnailUrl\":\"https:\\\/\\\/thehendoideas.com\\\/wp-content\\\/uploads\\\/2024\\\/03\\\/Sexy-butler-img.jpeg\",\"datePublished\":\"2024-03-26T15:10:34+00:00\",\"dateModified\":\"2025-11-13T17:17:44+00:00\",\"description\":\"Sexy butler Ibiza. Are you ready to enjoy an hour with an undressed butler ready to serve you? Private and home service. \ud83e\udd35\",\"breadcrumb\":{\"@id\":\"https:\\\/\\\/thehendoideas.com\\\/activity\\\/sexy-butler-ibiza\\\/#breadcrumb\"},\"inLanguage\":\"it-IT\",\"potentialAction\":[{\"@type\":\"ReadAction\",\"target\":[\"https:\\\/\\\/thehendoideas.com\\\/activity\\\/sexy-butler-ibiza\\\/\"]}]},{\"@type\":\"ImageObject\",\"inLanguage\":\"it-IT\",\"@id\":\"https:\\\/\\\/thehendoideas.com\\\/activity\\\/sexy-butler-ibiza\\\/#primaryimage\",\"url\":\"https:\\\/\\\/thehendoideas.com\\\/wp-content\\\/uploads\\\/2024\\\/03\\\/Sexy-butler-img.jpeg\",\"contentUrl\":\"https:\\\/\\\/thehendoideas.com\\\/wp-content\\\/uploads\\\/2024\\\/03\\\/Sexy-butler-img.jpeg\",\"width\":1024,\"height\":1024,\"caption\":\"Sexy butler img\"},{\"@type\":\"BreadcrumbList\",\"@id\":\"https:\\\/\\\/thehendoideas.com\\\/activity\\\/sexy-butler-ibiza\\\/#breadcrumb\",\"itemListElement\":[{\"@type\":\"ListItem\",\"position\":1,\"name\":\"Home\",\"item\":\"https:\\\/\\\/thehendoideas.com\\\/\"},{\"@type\":\"ListItem\",\"position\":2,\"name\":\"Shop\",\"item\":\"https:\\\/\\\/thehendoideas.com\\\/shop\\\/\"},{\"@type\":\"ListItem\",\"position\":3,\"name\":\"Sexy Butler Ibiza\"}]},{\"@type\":\"WebSite\",\"@id\":\"https:\\\/\\\/thehendoideas.com\\\/#website\",\"url\":\"https:\\\/\\\/thehendoideas.com\\\/\",\"name\":\"Agency Hen Parties\",\"description\":\"The Best Hen Do Services\",\"publisher\":{\"@id\":\"https:\\\/\\\/thehendoideas.com\\\/#organization\"},\"alternateName\":\"Hen Parties\",\"potentialAction\":[{\"@type\":\"SearchAction\",\"target\":{\"@type\":\"EntryPoint\",\"urlTemplate\":\"https:\\\/\\\/thehendoideas.com\\\/?s={search_term_string}\"},\"query-input\":{\"@type\":\"PropertyValueSpecification\",\"valueRequired\":true,\"valueName\":\"search_term_string\"}}],\"inLanguage\":\"it-IT\"},{\"@type\":\"Organization\",\"@id\":\"https:\\\/\\\/thehendoideas.com\\\/#organization\",\"name\":\"Hen Do Ideas\",\"alternateName\":\"Hen Parties\",\"url\":\"https:\\\/\\\/thehendoideas.com\\\/\",\"logo\":{\"@type\":\"ImageObject\",\"inLanguage\":\"it-IT\",\"@id\":\"https:\\\/\\\/thehendoideas.com\\\/#\\\/schema\\\/logo\\\/image\\\/\",\"url\":\"https:\\\/\\\/thehendoideas.com\\\/wp-content\\\/uploads\\\/2024\\\/04\\\/Hen-Do-Image-Logo-1.png\",\"contentUrl\":\"https:\\\/\\\/thehendoideas.com\\\/wp-content\\\/uploads\\\/2024\\\/04\\\/Hen-Do-Image-Logo-1.png\",\"width\":512,\"height\":512,\"caption\":\"Hen Do Ideas\"},\"image\":{\"@id\":\"https:\\\/\\\/thehendoideas.com\\\/#\\\/schema\\\/logo\\\/image\\\/\"}}]}<\/script>\n<meta property=\"product:price:currency\" content=\"EUR\" \/>\n<meta property=\"og:availability\" content=\"instock\" \/>\n<meta property=\"product:availability\" content=\"instock\" \/>\n<meta property=\"product:condition\" content=\"new\" \/>\n<!-- \/ Yoast SEO Premium plugin. -->","yoast_head_json":{"title":"Maggiordomo sexy Ibiza \ud83e\udd35\ud83c\udffb","description":"Maggiordomo sexy Ibiza. Siete pronti a godervi un'ora con un maggiordomo svestito pronto a servirvi? Servizio privato e a domicilio. \ud83e\udd35","robots":{"index":"index","follow":"follow","max-snippet":"max-snippet:-1","max-image-preview":"max-image-preview:large","max-video-preview":"max-video-preview:-1"},"canonical":"https:\/\/thehendoideas.com\/it\/activity\/sexy-butler-ibiza\/","og_locale":"it_IT","og_type":"article","og_title":"Sexy Butler Ibiza","og_description":"Sexy butler Ibiza. Are you ready to enjoy an hour with an undressed butler ready to serve you? Private and home service. \ud83e\udd35","og_url":"https:\/\/thehendoideas.com\/it\/activity\/sexy-butler-ibiza\/","og_site_name":"The Hen do Ideas","article_modified_time":"2025-11-13T17:17:44+00:00","og_image":[{"width":1024,"height":1024,"url":"https:\/\/thehendoideas.com\/wp-content\/uploads\/2024\/03\/Sexy-butler-img.jpeg","type":"image\/jpeg"}],"twitter_card":"summary_large_image","twitter_misc":{"Prezzo":"","Disponibilit\u00e0":"In stock"},"schema":{"@context":"https:\/\/schema.org","@graph":[{"@type":"WebPage","@id":"https:\/\/thehendoideas.com\/activity\/sexy-butler-ibiza\/","url":"https:\/\/thehendoideas.com\/activity\/sexy-butler-ibiza\/","name":"Maggiordomo sexy Ibiza \ud83e\udd35\ud83c\udffb","isPartOf":{"@id":"https:\/\/thehendoideas.com\/#website"},"primaryImageOfPage":{"@id":"https:\/\/thehendoideas.com\/activity\/sexy-butler-ibiza\/#primaryimage"},"image":{"@id":"https:\/\/thehendoideas.com\/activity\/sexy-butler-ibiza\/#primaryimage"},"thumbnailUrl":"https:\/\/thehendoideas.com\/wp-content\/uploads\/2024\/03\/Sexy-butler-img.jpeg","datePublished":"2024-03-26T15:10:34+00:00","dateModified":"2025-11-13T17:17:44+00:00","description":"Maggiordomo sexy Ibiza. Siete pronti a godervi un'ora con un maggiordomo svestito pronto a servirvi? Servizio privato e a domicilio. \ud83e\udd35","breadcrumb":{"@id":"https:\/\/thehendoideas.com\/activity\/sexy-butler-ibiza\/#breadcrumb"},"inLanguage":"it-IT","potentialAction":[{"@type":"ReadAction","target":["https:\/\/thehendoideas.com\/activity\/sexy-butler-ibiza\/"]}]},{"@type":"ImageObject","inLanguage":"it-IT","@id":"https:\/\/thehendoideas.com\/activity\/sexy-butler-ibiza\/#primaryimage","url":"https:\/\/thehendoideas.com\/wp-content\/uploads\/2024\/03\/Sexy-butler-img.jpeg","contentUrl":"https:\/\/thehendoideas.com\/wp-content\/uploads\/2024\/03\/Sexy-butler-img.jpeg","width":1024,"height":1024,"caption":"Sexy butler img"},{"@type":"BreadcrumbList","@id":"https:\/\/thehendoideas.com\/activity\/sexy-butler-ibiza\/#breadcrumb","itemListElement":[{"@type":"ListItem","position":1,"name":"Home","item":"https:\/\/thehendoideas.com\/"},{"@type":"ListItem","position":2,"name":"Shop","item":"https:\/\/thehendoideas.com\/shop\/"},{"@type":"ListItem","position":3,"name":"Sexy Butler Ibiza"}]},{"@type":"WebSite","@id":"https:\/\/thehendoideas.com\/#website","url":"https:\/\/thehendoideas.com\/","name":"Feste di addio al nubilato dell'agenzia","description":"I migliori servizi di addio al nubilato","publisher":{"@id":"https:\/\/thehendoideas.com\/#organization"},"alternateName":"Hen Parties","potentialAction":[{"@type":"SearchAction","target":{"@type":"EntryPoint","urlTemplate":"https:\/\/thehendoideas.com\/?s={search_term_string}"},"query-input":{"@type":"PropertyValueSpecification","valueRequired":true,"valueName":"search_term_string"}}],"inLanguage":"it-IT"},{"@type":"Organization","@id":"https:\/\/thehendoideas.com\/#organization","name":"Idee per l'addio al nubilato","alternateName":"Hen Parties","url":"https:\/\/thehendoideas.com\/","logo":{"@type":"ImageObject","inLanguage":"it-IT","@id":"https:\/\/thehendoideas.com\/#\/schema\/logo\/image\/","url":"https:\/\/thehendoideas.com\/wp-content\/uploads\/2024\/04\/Hen-Do-Image-Logo-1.png","contentUrl":"https:\/\/thehendoideas.com\/wp-content\/uploads\/2024\/04\/Hen-Do-Image-Logo-1.png","width":512,"height":512,"caption":"Hen Do Ideas"},"image":{"@id":"https:\/\/thehendoideas.com\/#\/schema\/logo\/image\/"}}]},"product_price_currency":"EUR","og_availability":"instock","product_availability":"instock","product_condition":"new"},"_links":{"self":[{"href":"https:\/\/thehendoideas.com\/it\/wp-json\/wp\/v2\/product\/1454","targetHints":{"allow":["GET"]}}],"collection":[{"href":"https:\/\/thehendoideas.com\/it\/wp-json\/wp\/v2\/product"}],"about":[{"href":"https:\/\/thehendoideas.com\/it\/wp-json\/wp\/v2\/types\/product"}],"replies":[{"embeddable":true,"href":"https:\/\/thehendoideas.com\/it\/wp-json\/wp\/v2\/comments?post=1454"}],"wp:featuredmedia":[{"embeddable":true,"href":"https:\/\/thehendoideas.com\/it\/wp-json\/wp\/v2\/media\/868"}],"wp:attachment":[{"href":"https:\/\/thehendoideas.com\/it\/wp-json\/wp\/v2\/media?parent=1454"}],"wp:term":[{"taxonomy":"product_brand","embeddable":true,"href":"https:\/\/thehendoideas.com\/it\/wp-json\/wp\/v2\/product_brand?post=1454"},{"taxonomy":"product_cat","embeddable":true,"href":"https:\/\/thehendoideas.com\/it\/wp-json\/wp\/v2\/product_cat?post=1454"},{"taxonomy":"product_tag","embeddable":true,"href":"https:\/\/thehendoideas.com\/it\/wp-json\/wp\/v2\/product_tag?post=1454"}],"curies":[{"name":"wp","href":"https:\/\/api.w.org\/{rel}","templated":true}]}}