{"id":1869,"date":"2024-04-04T15:21:06","date_gmt":"2024-04-04T15:21:06","guid":{"rendered":"http:\/\/thehendoideas.com\/?post_type=product&#038;p=1869"},"modified":"2024-04-04T15:21:23","modified_gmt":"2024-04-04T15:21:23","slug":"paella-making-class-barcelona","status":"publish","type":"product","link":"https:\/\/thehendoideas.com\/it\/activity\/paella-making-class-barcelona\/","title":{"rendered":"Corso di preparazione della paella a Barcellona"},"content":{"rendered":"<p>Corso di preparazione della paella a Valencia.<\/p>\n<p>Siamo <a href=\"http:\/\/thehendoideas.com\/it\/stag-party\/\">Addio al celibato<\/a>! <a href=\"http:\/\/thehendoideas.com\/it\/hen-party\/\">Festa di addio al nubilato<\/a>! e stiamo organizzando il tuo addio al celibato<\/p>\n<p>Diventate professionisti della Paella a Valencia!<\/p>\n<ul>\n<li style=\"text-align: center;\">Liberate lo chef che \u00e8 in voi e scoprite la cucina pi\u00f9 amata della Spagna: la paella!<br \/>\n<span style=\"font-size: 23.04px; text-align: center; color: #333333;\"><br \/>\nCorso di preparazione della paella a Valencia \ud83e\udd58<br \/>\n<\/span><\/li>\n<\/ul>\n<div>\n<h4 style=\"text-align: center;\">Buoni motivi per unirsi alla Paella Valencia:<\/h4>\n<div>\n<p>* <strong>La cucina come collegamento:<\/strong> Questa esperienza va ben oltre il semplice apprendimento di un piatto, \u00e8 un'opportunit\u00e0 per legare con i nostri cari, conoscere nuove persone e creare ricordi diversi. Cucinare, ridere e condividere.<\/p>\n<\/div>\n<div>\n<p>*<strong> Per tutti i livelli:<\/strong> Non importa se non sapete cucinare il riso o se siete lo chef pi\u00f9 famoso della vostra citt\u00e0, la paella che insegniamo pu\u00f2 essere preparata da chiunque!<\/p>\n<\/div>\n<div>\n<p>* <strong>Cuochi esperti:<\/strong> Gli chef sono professionisti appassionati della cucina della paella, quindi imparerete dai migliori. Vi parleranno della loro conoscenza e delle tradizioni della paella. La vostra paella sar\u00e0 autentica!<\/p>\n<\/div>\n<div>* <strong>Completamente interattivo:<\/strong> Il corso \u00e8 impartito in modo tale da farvi partecipare fin dall'inizio, senza che vi dobbiate chiedere se avete capito o meno un passaggio! Tutti saranno coinvolti in ogni fase fino al raggiungimento del risultato! Un'esperienza coinvolgente.<\/div>\n<\/div>\n<h3 style=\"text-align: center;\">\ud83c\udf89 Scoprite il corso di preparazione della paella a Valencia!<\/h3>\n<p style=\"text-align: center;\"><strong>VENDITA MINIMA: 6 PERSONE.<br \/>\n<\/strong><strong>TEMPO: 4 ORE.\u00a0<\/strong><\/p>","protected":false},"excerpt":{"rendered":"<p>Corso di preparazione della paella a Valencia! Liberate lo chef che \u00e8 in voi e scoprite la cucina pi\u00f9 amata della Spagna: la paella! \ud83e\udd58 Contattateci!<\/p>\n<p><strong>VENDITA MINIMA: 6 PERSONE.<br \/>\n<\/strong><strong>TEMPO: 4 ORE.\u00a0<\/strong><\/p>","protected":false},"featured_media":1566,"comment_status":"open","ping_status":"closed","template":"","meta":[],"product_brand":[],"product_cat":[63,331],"product_tag":[376,374,375],"class_list":{"0":"post-1869","1":"product","2":"type-product","3":"status-publish","4":"has-post-thumbnail","6":"product_cat-barcelona","7":"product_cat-stag-party-barcelona-activities","8":"product_tag-paella-class-valencia","9":"product_tag-paella-making-class-valencia","10":"product_tag-paella-valencia","12":"first","13":"instock","14":"virtual","15":"purchasable","16":"product-type-simple"},"yoast_head":"<!-- This site is optimized with the Yoast SEO Premium plugin v24.8 (Yoast SEO v27.5) - https:\/\/yoast.com\/product\/yoast-seo-premium-wordpress\/ -->\n<title>Paella Making Class Valencia \ud83e\udd58\u200b<\/title>\n<meta name=\"description\" content=\"Paella Making Class Valencia! Unlock the chef in you and discover Spain&#039;s most beloved cuisine: paella!\u00a0\ud83e\udd58\ud83e\udd58\u200b\ud83e\udd58\u200b Contact Us! \u200b\" \/>\n<meta name=\"robots\" content=\"index, follow, max-snippet:-1, max-image-preview:large, max-video-preview:-1\" \/>\n<link rel=\"canonical\" href=\"https:\/\/thehendoideas.com\/it\/fr\/activite\/cours-de-paella-barcelone-2\/\" \/>\n<meta property=\"og:locale\" content=\"it_IT\" \/>\n<meta property=\"og:type\" content=\"article\" \/>\n<meta property=\"og:title\" content=\"Paella Making Class Barcelona\" \/>\n<meta property=\"og:description\" content=\"Paella Making Class Valencia! Unlock the chef in you and discover Spain&#039;s most beloved cuisine: paella!\u00a0\ud83e\udd58\ud83e\udd58\u200b\ud83e\udd58\u200b Contact Us! \u200b\" \/>\n<meta property=\"og:url\" content=\"https:\/\/thehendoideas.com\/it\/fr\/activite\/cours-de-paella-barcelone-2\/\" \/>\n<meta property=\"og:site_name\" content=\"The Hen do Ideas\" \/>\n<meta property=\"article:modified_time\" content=\"2024-04-04T15:21:23+00:00\" \/>\n<meta property=\"og:image\" content=\"https:\/\/thehendoideas.com\/wp-content\/uploads\/2024\/03\/Diseno-sin-titulo-36-1.jpg\" \/>\n\t<meta property=\"og:image:width\" content=\"1188\" \/>\n\t<meta property=\"og:image:height\" content=\"785\" \/>\n\t<meta property=\"og:image:type\" content=\"image\/jpeg\" \/>\n<meta name=\"twitter:card\" content=\"summary_large_image\" \/>\n<meta name=\"twitter:label1\" content=\"Prezzo\" \/>\n\t<meta name=\"twitter:data1\" content=\"80,00&nbsp;&euro;\" \/>\n\t<meta name=\"twitter:label2\" content=\"Disponibilit\u00e0\" \/>\n\t<meta name=\"twitter:data2\" content=\"In stock\" \/>\n<script type=\"application\/ld+json\" class=\"yoast-schema-graph\">{\"@context\":\"https:\\\/\\\/schema.org\",\"@graph\":[{\"@type\":\"WebPage\",\"@id\":\"https:\\\/\\\/thehendoideas.com\\\/fr\\\/activite\\\/cours-de-paella-barcelone-2\\\/\",\"url\":\"https:\\\/\\\/thehendoideas.com\\\/fr\\\/activite\\\/cours-de-paella-barcelone-2\\\/\",\"name\":\"Paella Making Class Valencia \ud83e\udd58\u200b\",\"isPartOf\":{\"@id\":\"https:\\\/\\\/thehendoideas.com\\\/#website\"},\"primaryImageOfPage\":{\"@id\":\"https:\\\/\\\/thehendoideas.com\\\/fr\\\/activite\\\/cours-de-paella-barcelone-2\\\/#primaryimage\"},\"image\":{\"@id\":\"https:\\\/\\\/thehendoideas.com\\\/fr\\\/activite\\\/cours-de-paella-barcelone-2\\\/#primaryimage\"},\"thumbnailUrl\":\"https:\\\/\\\/thehendoideas.com\\\/wp-content\\\/uploads\\\/2024\\\/03\\\/Diseno-sin-titulo-36-1.jpg\",\"datePublished\":\"2024-04-04T15:21:06+00:00\",\"dateModified\":\"2024-04-04T15:21:23+00:00\",\"description\":\"Paella Making Class Valencia! Unlock the chef in you and discover Spain's most beloved cuisine: paella!\u00a0\ud83e\udd58\ud83e\udd58\u200b\ud83e\udd58\u200b Contact Us! \u200b\",\"breadcrumb\":{\"@id\":\"https:\\\/\\\/thehendoideas.com\\\/fr\\\/activite\\\/cours-de-paella-barcelone-2\\\/#breadcrumb\"},\"inLanguage\":\"it-IT\",\"potentialAction\":[{\"@type\":\"ReadAction\",\"target\":[\"https:\\\/\\\/thehendoideas.com\\\/fr\\\/activite\\\/cours-de-paella-barcelone-2\\\/\"]}]},{\"@type\":\"ImageObject\",\"inLanguage\":\"it-IT\",\"@id\":\"https:\\\/\\\/thehendoideas.com\\\/fr\\\/activite\\\/cours-de-paella-barcelone-2\\\/#primaryimage\",\"url\":\"https:\\\/\\\/thehendoideas.com\\\/wp-content\\\/uploads\\\/2024\\\/03\\\/Diseno-sin-titulo-36-1.jpg\",\"contentUrl\":\"https:\\\/\\\/thehendoideas.com\\\/wp-content\\\/uploads\\\/2024\\\/03\\\/Diseno-sin-titulo-36-1.jpg\",\"width\":1188,\"height\":785,\"caption\":\"Paella Making Class Valencia Image Product\"},{\"@type\":\"BreadcrumbList\",\"@id\":\"https:\\\/\\\/thehendoideas.com\\\/fr\\\/activite\\\/cours-de-paella-barcelone-2\\\/#breadcrumb\",\"itemListElement\":[{\"@type\":\"ListItem\",\"position\":1,\"name\":\"Home\",\"item\":\"https:\\\/\\\/thehendoideas.com\\\/\"},{\"@type\":\"ListItem\",\"position\":2,\"name\":\"Shop\",\"item\":\"https:\\\/\\\/thehendoideas.com\\\/shop\\\/\"},{\"@type\":\"ListItem\",\"position\":3,\"name\":\"Paella Making Class Barcelona\"}]},{\"@type\":\"WebSite\",\"@id\":\"https:\\\/\\\/thehendoideas.com\\\/#website\",\"url\":\"https:\\\/\\\/thehendoideas.com\\\/\",\"name\":\"Agency Hen Parties\",\"description\":\"The Best Hen Do Services\",\"publisher\":{\"@id\":\"https:\\\/\\\/thehendoideas.com\\\/#organization\"},\"alternateName\":\"Hen Parties\",\"potentialAction\":[{\"@type\":\"SearchAction\",\"target\":{\"@type\":\"EntryPoint\",\"urlTemplate\":\"https:\\\/\\\/thehendoideas.com\\\/?s={search_term_string}\"},\"query-input\":{\"@type\":\"PropertyValueSpecification\",\"valueRequired\":true,\"valueName\":\"search_term_string\"}}],\"inLanguage\":\"it-IT\"},{\"@type\":\"Organization\",\"@id\":\"https:\\\/\\\/thehendoideas.com\\\/#organization\",\"name\":\"Hen Do Ideas\",\"alternateName\":\"Hen Parties\",\"url\":\"https:\\\/\\\/thehendoideas.com\\\/\",\"logo\":{\"@type\":\"ImageObject\",\"inLanguage\":\"it-IT\",\"@id\":\"https:\\\/\\\/thehendoideas.com\\\/#\\\/schema\\\/logo\\\/image\\\/\",\"url\":\"https:\\\/\\\/thehendoideas.com\\\/wp-content\\\/uploads\\\/2024\\\/04\\\/Hen-Do-Image-Logo-1.png\",\"contentUrl\":\"https:\\\/\\\/thehendoideas.com\\\/wp-content\\\/uploads\\\/2024\\\/04\\\/Hen-Do-Image-Logo-1.png\",\"width\":512,\"height\":512,\"caption\":\"Hen Do Ideas\"},\"image\":{\"@id\":\"https:\\\/\\\/thehendoideas.com\\\/#\\\/schema\\\/logo\\\/image\\\/\"}}]}<\/script>\n<meta property=\"product:price:amount\" content=\"80.00\" \/>\n<meta property=\"product:price:currency\" content=\"EUR\" \/>\n<meta property=\"og:availability\" content=\"instock\" \/>\n<meta property=\"product:availability\" content=\"instock\" \/>\n<meta property=\"product:condition\" content=\"new\" \/>\n<!-- \/ Yoast SEO Premium plugin. -->","yoast_head_json":{"title":"Corso di preparazione della paella a Valencia \ud83e\udd58","description":"Corso di preparazione della paella a Valencia! Liberate lo chef che \u00e8 in voi e scoprite la cucina pi\u00f9 amata della Spagna: la paella! \ud83e\udd58\ud83e\udd58\ud83e\udd58\ud83e\udd58 Contattateci!","robots":{"index":"index","follow":"follow","max-snippet":"max-snippet:-1","max-image-preview":"max-image-preview:large","max-video-preview":"max-video-preview:-1"},"canonical":"https:\/\/thehendoideas.com\/it\/fr\/activite\/cours-de-paella-barcelone-2\/","og_locale":"it_IT","og_type":"article","og_title":"Paella Making Class Barcelona","og_description":"Paella Making Class Valencia! Unlock the chef in you and discover Spain's most beloved cuisine: paella!\u00a0\ud83e\udd58\ud83e\udd58\u200b\ud83e\udd58\u200b Contact Us! \u200b","og_url":"https:\/\/thehendoideas.com\/it\/fr\/activite\/cours-de-paella-barcelone-2\/","og_site_name":"The Hen do Ideas","article_modified_time":"2024-04-04T15:21:23+00:00","og_image":[{"width":1188,"height":785,"url":"https:\/\/thehendoideas.com\/wp-content\/uploads\/2024\/03\/Diseno-sin-titulo-36-1.jpg","type":"image\/jpeg"}],"twitter_card":"summary_large_image","twitter_misc":{"Prezzo":"80,00&nbsp;&euro;","Disponibilit\u00e0":"In stock"},"schema":{"@context":"https:\/\/schema.org","@graph":[{"@type":"WebPage","@id":"https:\/\/thehendoideas.com\/fr\/activite\/cours-de-paella-barcelone-2\/","url":"https:\/\/thehendoideas.com\/fr\/activite\/cours-de-paella-barcelone-2\/","name":"Corso di preparazione della paella a Valencia \ud83e\udd58","isPartOf":{"@id":"https:\/\/thehendoideas.com\/#website"},"primaryImageOfPage":{"@id":"https:\/\/thehendoideas.com\/fr\/activite\/cours-de-paella-barcelone-2\/#primaryimage"},"image":{"@id":"https:\/\/thehendoideas.com\/fr\/activite\/cours-de-paella-barcelone-2\/#primaryimage"},"thumbnailUrl":"https:\/\/thehendoideas.com\/wp-content\/uploads\/2024\/03\/Diseno-sin-titulo-36-1.jpg","datePublished":"2024-04-04T15:21:06+00:00","dateModified":"2024-04-04T15:21:23+00:00","description":"Corso di preparazione della paella a Valencia! Liberate lo chef che \u00e8 in voi e scoprite la cucina pi\u00f9 amata della Spagna: la paella! \ud83e\udd58\ud83e\udd58\ud83e\udd58\ud83e\udd58 Contattateci!","breadcrumb":{"@id":"https:\/\/thehendoideas.com\/fr\/activite\/cours-de-paella-barcelone-2\/#breadcrumb"},"inLanguage":"it-IT","potentialAction":[{"@type":"ReadAction","target":["https:\/\/thehendoideas.com\/fr\/activite\/cours-de-paella-barcelone-2\/"]}]},{"@type":"ImageObject","inLanguage":"it-IT","@id":"https:\/\/thehendoideas.com\/fr\/activite\/cours-de-paella-barcelone-2\/#primaryimage","url":"https:\/\/thehendoideas.com\/wp-content\/uploads\/2024\/03\/Diseno-sin-titulo-36-1.jpg","contentUrl":"https:\/\/thehendoideas.com\/wp-content\/uploads\/2024\/03\/Diseno-sin-titulo-36-1.jpg","width":1188,"height":785,"caption":"Paella Making Class Valencia Image Product"},{"@type":"BreadcrumbList","@id":"https:\/\/thehendoideas.com\/fr\/activite\/cours-de-paella-barcelone-2\/#breadcrumb","itemListElement":[{"@type":"ListItem","position":1,"name":"Home","item":"https:\/\/thehendoideas.com\/"},{"@type":"ListItem","position":2,"name":"Shop","item":"https:\/\/thehendoideas.com\/shop\/"},{"@type":"ListItem","position":3,"name":"Paella Making Class Barcelona"}]},{"@type":"WebSite","@id":"https:\/\/thehendoideas.com\/#website","url":"https:\/\/thehendoideas.com\/","name":"Feste di addio al nubilato dell'agenzia","description":"I migliori servizi di addio al nubilato","publisher":{"@id":"https:\/\/thehendoideas.com\/#organization"},"alternateName":"Hen Parties","potentialAction":[{"@type":"SearchAction","target":{"@type":"EntryPoint","urlTemplate":"https:\/\/thehendoideas.com\/?s={search_term_string}"},"query-input":{"@type":"PropertyValueSpecification","valueRequired":true,"valueName":"search_term_string"}}],"inLanguage":"it-IT"},{"@type":"Organization","@id":"https:\/\/thehendoideas.com\/#organization","name":"Idee per l'addio al nubilato","alternateName":"Hen Parties","url":"https:\/\/thehendoideas.com\/","logo":{"@type":"ImageObject","inLanguage":"it-IT","@id":"https:\/\/thehendoideas.com\/#\/schema\/logo\/image\/","url":"https:\/\/thehendoideas.com\/wp-content\/uploads\/2024\/04\/Hen-Do-Image-Logo-1.png","contentUrl":"https:\/\/thehendoideas.com\/wp-content\/uploads\/2024\/04\/Hen-Do-Image-Logo-1.png","width":512,"height":512,"caption":"Hen Do Ideas"},"image":{"@id":"https:\/\/thehendoideas.com\/#\/schema\/logo\/image\/"}}]},"product_price_amount":"80.00","product_price_currency":"EUR","og_availability":"instock","product_availability":"instock","product_condition":"new"},"_links":{"self":[{"href":"https:\/\/thehendoideas.com\/it\/wp-json\/wp\/v2\/product\/1869","targetHints":{"allow":["GET"]}}],"collection":[{"href":"https:\/\/thehendoideas.com\/it\/wp-json\/wp\/v2\/product"}],"about":[{"href":"https:\/\/thehendoideas.com\/it\/wp-json\/wp\/v2\/types\/product"}],"replies":[{"embeddable":true,"href":"https:\/\/thehendoideas.com\/it\/wp-json\/wp\/v2\/comments?post=1869"}],"wp:featuredmedia":[{"embeddable":true,"href":"https:\/\/thehendoideas.com\/it\/wp-json\/wp\/v2\/media\/1566"}],"wp:attachment":[{"href":"https:\/\/thehendoideas.com\/it\/wp-json\/wp\/v2\/media?parent=1869"}],"wp:term":[{"taxonomy":"product_brand","embeddable":true,"href":"https:\/\/thehendoideas.com\/it\/wp-json\/wp\/v2\/product_brand?post=1869"},{"taxonomy":"product_cat","embeddable":true,"href":"https:\/\/thehendoideas.com\/it\/wp-json\/wp\/v2\/product_cat?post=1869"},{"taxonomy":"product_tag","embeddable":true,"href":"https:\/\/thehendoideas.com\/it\/wp-json\/wp\/v2\/product_tag?post=1869"}],"curies":[{"name":"wp","href":"https:\/\/api.w.org\/{rel}","templated":true}]}}