{"id":3658,"date":"2024-12-03T17:03:36","date_gmt":"2024-12-03T17:03:36","guid":{"rendered":"https:\/\/thehendoideas.com\/activity\/mallorca-water-park-2\/"},"modified":"2024-12-03T17:03:37","modified_gmt":"2024-12-03T17:03:37","slug":"mallorca-water-park-2","status":"publish","type":"product","link":"https:\/\/thehendoideas.com\/it\/activity\/mallorca-water-park-2\/","title":{"rendered":"Parco acquatico di Maiorca"},"content":{"rendered":"<p>Parco acquatico di Maiorca. A Maiorca fa molto caldo. Godetevi sette ore di acqua e attrazioni divertenti.<\/p>\n<p>Le migliori feste di addio al celibato con <a href=\"https:\/\/thestagdoideas.com\/stag-party\/\">Addio al celibato<\/a>! <a href=\"https:\/\/thestagdoideas.com\/hen-party\/\">Festa di addio al nubilato<\/a>!<\/p>\n<h2 style=\"text-align: center;\">Parco acquatico di Maiorca \ud83c\udf0a<\/h2>\n<p style=\"text-align: center;\">VENDITA MINIMA: 6 PERSONE.<\/p>\n<h5>\ud83c\udf1e Piaceri acquatici a Maiorca! \ud83c\udfd6\ufe0f<\/h5>\n<p>Rinfrescatevi e sfuggite alla calura estiva nel cuore di Maiorca con il nostro incredibile parco acquatico! \ud83c\udf0a<\/p>\n<p>Sperimentate sette ore di divertimento senza fine nella nostra oasi acquatica, dove vi attendono piscine scintillanti e attrazioni emozionanti.<\/p>\n<p>\ud83c\udf34 Prendetevi una meritata pausa dalla fiesta e immergetevi in un mondo di divertimento acquatico. Trascorrete la giornata nel nostro Parco acquatico di Maiorca.<\/p>\n<p>\ud83c\udfc4 Scivolate su scivoli spettacolari, galleggiate tranquillamente sul fiume pigro o fate le onde nella piscina con le onde. Le nostre attrazioni sono progettate per soddisfare tutte le et\u00e0 e gli amanti dell'avventura!<\/p>\n<p>\ud83c\udf79 Mentre la magia avviene in acqua, all'interno vi aspetta una variet\u00e0 di rinfreschi. Dagli snack alle bevande gassate, tutto ci\u00f2 che serve per fare il pieno di energia \u00e8 a portata di mano.<\/p>\n<p>\ud83c\udf1f Prenotate subito la vostra giornata di ristoro e divertimento!<\/p>\n<p>\ud83c\udf89 Il nostro parco acquatico \u00e8 il luogo ideale per trascorrere momenti indimenticabili con la famiglia o gli amici. Non perdete l'occasione di trasformare la calura estiva in esplosioni di risate e ricordi memorabili! \ud83c\udf1e<\/p>\n<p style=\"text-align: center;\">Passate una giornata divertente in <a href=\"https:\/\/es.wikipedia.org\/wiki\/Mallorca\">Maiorca<\/a>!<\/p>","protected":false},"excerpt":{"rendered":"<p>Parco acquatico di Maiorca. A Maiorca fa molto caldo. Godetevi sette ore di acqua e attrazioni divertenti.<\/p>\n<p>VENDITA MINIMA: 6 PERSONE.<\/p>","protected":false},"featured_media":3657,"comment_status":"open","ping_status":"closed","template":"","meta":[],"product_brand":[],"product_cat":[165],"product_tag":[249],"class_list":{"0":"post-3658","1":"product","2":"type-product","3":"status-publish","4":"has-post-thumbnail","6":"product_cat-mallorca","7":"product_tag-water-park","9":"first","10":"instock","11":"virtual","12":"purchasable","13":"product-type-simple"},"yoast_head":"<!-- This site is optimized with the Yoast SEO Premium plugin v24.8 (Yoast SEO v27.5) - https:\/\/yoast.com\/product\/yoast-seo-premium-wordpress\/ -->\n<title>Mallorca Water Park<\/title>\n<meta name=\"description\" content=\"Mallorca Water Park. \ud83d\udca6 Make a splash at Mallorca Water Park! Exciting rides, wave pools, and family-friendly fun. Book your unforgettable water adventure today!\" \/>\n<meta name=\"robots\" content=\"index, follow, max-snippet:-1, max-image-preview:large, max-video-preview:-1\" \/>\n<link rel=\"canonical\" href=\"https:\/\/thehendoideas.com\/it\/activity\/mallorca-water-park-2\/\" \/>\n<meta property=\"og:locale\" content=\"it_IT\" \/>\n<meta property=\"og:type\" content=\"article\" \/>\n<meta property=\"og:title\" content=\"Mallorca Water Park\" \/>\n<meta property=\"og:description\" content=\"Mallorca Water Park. \ud83d\udca6 Make a splash at Mallorca Water Park! Exciting rides, wave pools, and family-friendly fun. Book your unforgettable water adventure today!\" \/>\n<meta property=\"og:url\" content=\"https:\/\/thehendoideas.com\/it\/activity\/mallorca-water-park-2\/\" \/>\n<meta property=\"og:site_name\" content=\"The Hen do Ideas\" \/>\n<meta property=\"article:modified_time\" content=\"2024-12-03T17:03:37+00:00\" \/>\n<meta property=\"og:image\" content=\"https:\/\/thehendoideas.com\/wp-content\/uploads\/2024\/12\/Water-Park-img.jpeg\" \/>\n\t<meta property=\"og:image:width\" content=\"1024\" \/>\n\t<meta property=\"og:image:height\" content=\"1024\" \/>\n\t<meta property=\"og:image:type\" content=\"image\/jpeg\" \/>\n<meta name=\"twitter:card\" content=\"summary_large_image\" \/>\n<meta name=\"twitter:label1\" content=\"Prezzo\" \/>\n\t<meta name=\"twitter:data1\" content=\"48,00&nbsp;&euro;\" \/>\n\t<meta name=\"twitter:label2\" content=\"Disponibilit\u00e0\" \/>\n\t<meta name=\"twitter:data2\" content=\"In stock\" \/>\n<script type=\"application\/ld+json\" class=\"yoast-schema-graph\">{\"@context\":\"https:\\\/\\\/schema.org\",\"@graph\":[{\"@type\":\"WebPage\",\"@id\":\"https:\\\/\\\/thehendoideas.com\\\/activity\\\/mallorca-water-park-2\\\/\",\"url\":\"https:\\\/\\\/thehendoideas.com\\\/activity\\\/mallorca-water-park-2\\\/\",\"name\":\"Mallorca Water Park\",\"isPartOf\":{\"@id\":\"https:\\\/\\\/thehendoideas.com\\\/#website\"},\"primaryImageOfPage\":{\"@id\":\"https:\\\/\\\/thehendoideas.com\\\/activity\\\/mallorca-water-park-2\\\/#primaryimage\"},\"image\":{\"@id\":\"https:\\\/\\\/thehendoideas.com\\\/activity\\\/mallorca-water-park-2\\\/#primaryimage\"},\"thumbnailUrl\":\"https:\\\/\\\/thehendoideas.com\\\/wp-content\\\/uploads\\\/2024\\\/12\\\/Water-Park-img.jpeg\",\"datePublished\":\"2024-12-03T17:03:36+00:00\",\"dateModified\":\"2024-12-03T17:03:37+00:00\",\"description\":\"Mallorca Water Park. \ud83d\udca6 Make a splash at Mallorca Water Park! Exciting rides, wave pools, and family-friendly fun. Book your unforgettable water adventure today!\",\"breadcrumb\":{\"@id\":\"https:\\\/\\\/thehendoideas.com\\\/activity\\\/mallorca-water-park-2\\\/#breadcrumb\"},\"inLanguage\":\"it-IT\",\"potentialAction\":[{\"@type\":\"ReadAction\",\"target\":[\"https:\\\/\\\/thehendoideas.com\\\/activity\\\/mallorca-water-park-2\\\/\"]}]},{\"@type\":\"ImageObject\",\"inLanguage\":\"it-IT\",\"@id\":\"https:\\\/\\\/thehendoideas.com\\\/activity\\\/mallorca-water-park-2\\\/#primaryimage\",\"url\":\"https:\\\/\\\/thehendoideas.com\\\/wp-content\\\/uploads\\\/2024\\\/12\\\/Water-Park-img.jpeg\",\"contentUrl\":\"https:\\\/\\\/thehendoideas.com\\\/wp-content\\\/uploads\\\/2024\\\/12\\\/Water-Park-img.jpeg\",\"width\":1024,\"height\":1024},{\"@type\":\"BreadcrumbList\",\"@id\":\"https:\\\/\\\/thehendoideas.com\\\/activity\\\/mallorca-water-park-2\\\/#breadcrumb\",\"itemListElement\":[{\"@type\":\"ListItem\",\"position\":1,\"name\":\"Home\",\"item\":\"https:\\\/\\\/thehendoideas.com\\\/\"},{\"@type\":\"ListItem\",\"position\":2,\"name\":\"Shop\",\"item\":\"https:\\\/\\\/thehendoideas.com\\\/shop\\\/\"},{\"@type\":\"ListItem\",\"position\":3,\"name\":\"Mallorca Water Park\"}]},{\"@type\":\"WebSite\",\"@id\":\"https:\\\/\\\/thehendoideas.com\\\/#website\",\"url\":\"https:\\\/\\\/thehendoideas.com\\\/\",\"name\":\"Agency Hen Parties\",\"description\":\"The Best Hen Do Services\",\"publisher\":{\"@id\":\"https:\\\/\\\/thehendoideas.com\\\/#organization\"},\"alternateName\":\"Hen Parties\",\"potentialAction\":[{\"@type\":\"SearchAction\",\"target\":{\"@type\":\"EntryPoint\",\"urlTemplate\":\"https:\\\/\\\/thehendoideas.com\\\/?s={search_term_string}\"},\"query-input\":{\"@type\":\"PropertyValueSpecification\",\"valueRequired\":true,\"valueName\":\"search_term_string\"}}],\"inLanguage\":\"it-IT\"},{\"@type\":\"Organization\",\"@id\":\"https:\\\/\\\/thehendoideas.com\\\/#organization\",\"name\":\"Hen Do Ideas\",\"alternateName\":\"Hen Parties\",\"url\":\"https:\\\/\\\/thehendoideas.com\\\/\",\"logo\":{\"@type\":\"ImageObject\",\"inLanguage\":\"it-IT\",\"@id\":\"https:\\\/\\\/thehendoideas.com\\\/#\\\/schema\\\/logo\\\/image\\\/\",\"url\":\"https:\\\/\\\/thehendoideas.com\\\/wp-content\\\/uploads\\\/2024\\\/04\\\/Hen-Do-Image-Logo-1.png\",\"contentUrl\":\"https:\\\/\\\/thehendoideas.com\\\/wp-content\\\/uploads\\\/2024\\\/04\\\/Hen-Do-Image-Logo-1.png\",\"width\":512,\"height\":512,\"caption\":\"Hen Do Ideas\"},\"image\":{\"@id\":\"https:\\\/\\\/thehendoideas.com\\\/#\\\/schema\\\/logo\\\/image\\\/\"}}]}<\/script>\n<meta property=\"product:price:amount\" content=\"48.00\" \/>\n<meta property=\"product:price:currency\" content=\"EUR\" \/>\n<meta property=\"og:availability\" content=\"instock\" \/>\n<meta property=\"product:availability\" content=\"instock\" \/>\n<meta property=\"product:condition\" content=\"new\" \/>\n<!-- \/ Yoast SEO Premium plugin. -->","yoast_head_json":{"title":"Parco acquatico di Maiorca","description":"Parco acquatico di Maiorca. \ud83d\udca6 Fate un tuffo nel Parco acquatico di Mallorca! Giostre emozionanti, piscine a onde e divertimento per tutta la famiglia. Prenotate oggi stesso la vostra indimenticabile avventura acquatica!","robots":{"index":"index","follow":"follow","max-snippet":"max-snippet:-1","max-image-preview":"max-image-preview:large","max-video-preview":"max-video-preview:-1"},"canonical":"https:\/\/thehendoideas.com\/it\/activity\/mallorca-water-park-2\/","og_locale":"it_IT","og_type":"article","og_title":"Mallorca Water Park","og_description":"Mallorca Water Park. \ud83d\udca6 Make a splash at Mallorca Water Park! Exciting rides, wave pools, and family-friendly fun. Book your unforgettable water adventure today!","og_url":"https:\/\/thehendoideas.com\/it\/activity\/mallorca-water-park-2\/","og_site_name":"The Hen do Ideas","article_modified_time":"2024-12-03T17:03:37+00:00","og_image":[{"width":1024,"height":1024,"url":"https:\/\/thehendoideas.com\/wp-content\/uploads\/2024\/12\/Water-Park-img.jpeg","type":"image\/jpeg"}],"twitter_card":"summary_large_image","twitter_misc":{"Prezzo":"48,00&nbsp;&euro;","Disponibilit\u00e0":"In stock"},"schema":{"@context":"https:\/\/schema.org","@graph":[{"@type":"WebPage","@id":"https:\/\/thehendoideas.com\/activity\/mallorca-water-park-2\/","url":"https:\/\/thehendoideas.com\/activity\/mallorca-water-park-2\/","name":"Parco acquatico di Maiorca","isPartOf":{"@id":"https:\/\/thehendoideas.com\/#website"},"primaryImageOfPage":{"@id":"https:\/\/thehendoideas.com\/activity\/mallorca-water-park-2\/#primaryimage"},"image":{"@id":"https:\/\/thehendoideas.com\/activity\/mallorca-water-park-2\/#primaryimage"},"thumbnailUrl":"https:\/\/thehendoideas.com\/wp-content\/uploads\/2024\/12\/Water-Park-img.jpeg","datePublished":"2024-12-03T17:03:36+00:00","dateModified":"2024-12-03T17:03:37+00:00","description":"Parco acquatico di Maiorca. \ud83d\udca6 Fate un tuffo nel Parco acquatico di Mallorca! Giostre emozionanti, piscine a onde e divertimento per tutta la famiglia. Prenotate oggi stesso la vostra indimenticabile avventura acquatica!","breadcrumb":{"@id":"https:\/\/thehendoideas.com\/activity\/mallorca-water-park-2\/#breadcrumb"},"inLanguage":"it-IT","potentialAction":[{"@type":"ReadAction","target":["https:\/\/thehendoideas.com\/activity\/mallorca-water-park-2\/"]}]},{"@type":"ImageObject","inLanguage":"it-IT","@id":"https:\/\/thehendoideas.com\/activity\/mallorca-water-park-2\/#primaryimage","url":"https:\/\/thehendoideas.com\/wp-content\/uploads\/2024\/12\/Water-Park-img.jpeg","contentUrl":"https:\/\/thehendoideas.com\/wp-content\/uploads\/2024\/12\/Water-Park-img.jpeg","width":1024,"height":1024},{"@type":"BreadcrumbList","@id":"https:\/\/thehendoideas.com\/activity\/mallorca-water-park-2\/#breadcrumb","itemListElement":[{"@type":"ListItem","position":1,"name":"Home","item":"https:\/\/thehendoideas.com\/"},{"@type":"ListItem","position":2,"name":"Shop","item":"https:\/\/thehendoideas.com\/shop\/"},{"@type":"ListItem","position":3,"name":"Mallorca Water Park"}]},{"@type":"WebSite","@id":"https:\/\/thehendoideas.com\/#website","url":"https:\/\/thehendoideas.com\/","name":"Feste di addio al nubilato dell'agenzia","description":"I migliori servizi di addio al nubilato","publisher":{"@id":"https:\/\/thehendoideas.com\/#organization"},"alternateName":"Hen Parties","potentialAction":[{"@type":"SearchAction","target":{"@type":"EntryPoint","urlTemplate":"https:\/\/thehendoideas.com\/?s={search_term_string}"},"query-input":{"@type":"PropertyValueSpecification","valueRequired":true,"valueName":"search_term_string"}}],"inLanguage":"it-IT"},{"@type":"Organization","@id":"https:\/\/thehendoideas.com\/#organization","name":"Idee per l'addio al nubilato","alternateName":"Hen Parties","url":"https:\/\/thehendoideas.com\/","logo":{"@type":"ImageObject","inLanguage":"it-IT","@id":"https:\/\/thehendoideas.com\/#\/schema\/logo\/image\/","url":"https:\/\/thehendoideas.com\/wp-content\/uploads\/2024\/04\/Hen-Do-Image-Logo-1.png","contentUrl":"https:\/\/thehendoideas.com\/wp-content\/uploads\/2024\/04\/Hen-Do-Image-Logo-1.png","width":512,"height":512,"caption":"Hen Do Ideas"},"image":{"@id":"https:\/\/thehendoideas.com\/#\/schema\/logo\/image\/"}}]},"product_price_amount":"48.00","product_price_currency":"EUR","og_availability":"instock","product_availability":"instock","product_condition":"new"},"_links":{"self":[{"href":"https:\/\/thehendoideas.com\/it\/wp-json\/wp\/v2\/product\/3658","targetHints":{"allow":["GET"]}}],"collection":[{"href":"https:\/\/thehendoideas.com\/it\/wp-json\/wp\/v2\/product"}],"about":[{"href":"https:\/\/thehendoideas.com\/it\/wp-json\/wp\/v2\/types\/product"}],"replies":[{"embeddable":true,"href":"https:\/\/thehendoideas.com\/it\/wp-json\/wp\/v2\/comments?post=3658"}],"wp:featuredmedia":[{"embeddable":true,"href":"https:\/\/thehendoideas.com\/it\/wp-json\/wp\/v2\/media\/3657"}],"wp:attachment":[{"href":"https:\/\/thehendoideas.com\/it\/wp-json\/wp\/v2\/media?parent=3658"}],"wp:term":[{"taxonomy":"product_brand","embeddable":true,"href":"https:\/\/thehendoideas.com\/it\/wp-json\/wp\/v2\/product_brand?post=3658"},{"taxonomy":"product_cat","embeddable":true,"href":"https:\/\/thehendoideas.com\/it\/wp-json\/wp\/v2\/product_cat?post=3658"},{"taxonomy":"product_tag","embeddable":true,"href":"https:\/\/thehendoideas.com\/it\/wp-json\/wp\/v2\/product_tag?post=3658"}],"curies":[{"name":"wp","href":"https:\/\/api.w.org\/{rel}","templated":true}]}}