{"id":3717,"date":"2024-12-03T17:05:43","date_gmt":"2024-12-03T17:05:43","guid":{"rendered":"https:\/\/thehendoideas.com\/activity\/bcm-nightclub-mallorca-2\/"},"modified":"2024-12-03T17:05:44","modified_gmt":"2024-12-03T17:05:44","slug":"bcm-nightclub-mallorca-2","status":"publish","type":"product","link":"https:\/\/thehendoideas.com\/it\/activity\/bcm-nightclub-mallorca-2\/","title":{"rendered":"BCM Nightclub Mallorca"},"content":{"rendered":"<p>Discoteca BCM Mallorca. La notte di Maiorca \u00e8 imperdibile. Prenotate i vostri biglietti per il BCM, bevande incluse!<\/p>\n<p>Le migliori feste di addio al celibato con <a href=\"https:\/\/thestagdoideas.com\/stag-party\/\">Addio al celibato<\/a>! <a href=\"https:\/\/thestagdoideas.com\/hen-party\/\">Festa di addio al nubilato<\/a>!<\/p>\n<h2 style=\"text-align: center;\">Discoteca BCM Mallorca \ud83c\udf89<\/h2>\n<p style=\"text-align: center;\">VENDITA MINIMA: 3 PERSONE.<\/p>\n<h4>\ud83c\udf89 <strong>Immergetevi nella Notte Elettrica di Maiorca al BCM!<\/strong> \ud83c\udf34<\/h4>\n<p>Preparatevi a un'esperienza di vita notturna indimenticabile al BCM, l'iconica discoteca di Maiorca! \ud83d\udd7a<\/p>\n<p>Prenotate con noi per un ingresso anticipato che include un accesso VIP privilegiato e bevande incluse, garantendovi una serata memorabile in una delle destinazioni pi\u00f9 popolari della vita notturna mediterranea.<\/p>\n<p>Il BCM \u00e8 rinomato per la sua atmosfera elettrica, i suoi rinomati DJ e i suoi spettacoli dal vivo che infiammano la pista da ballo. Con la nostra offerta speciale, immergetevi nel cuore della festa fin dai primi momenti, evitando le code e godendo di un trattamento VIP esclusivo.<\/p>\n<p>La vostra serata sar\u00e0 scandita dai ritmi vivaci di DJ internazionali, che creeranno un'atmosfera vibrante e infuocata. Ballate le ultime hit e i classici senza tempo, circondati da una folla dinamica ed entusiasta.<\/p>\n<p>Prenotate subito la vostra esperienza al BCM e preparatevi a vivere una notte di festa indimenticabile. Il BCM \u00e8 molto pi\u00f9 di una discoteca, \u00e8 una vera e propria destinazione dove musica, energia ed eccitazione si fondono per creare ricordi notturni eccezionali.<\/p>\n<p>Non perdete l'occasione di partecipare a questa avventura festiva. La discoteca BCM di <a href=\"https:\/\/es.wikipedia.org\/wiki\/Mallorca\">Maiorca<\/a>! \ud83c\udf1f\ud83c\udfb6\ud83c\udf79<\/p>\n<p>&nbsp;<\/p>\n<p>&nbsp;<\/p>","protected":false},"excerpt":{"rendered":"<p>Discoteca BCM Mallorca. La notte di Maiorca \u00e8 imperdibile. Prenotate i vostri biglietti per il BCM, bevande incluse!<\/p>\n<p>VENDITA MINIMA: 3 PERSONE.<\/p>","protected":false},"featured_media":3716,"comment_status":"open","ping_status":"closed","template":"","meta":[],"product_brand":[],"product_cat":[165],"product_tag":[197],"class_list":{"0":"post-3717","1":"product","2":"type-product","3":"status-publish","4":"has-post-thumbnail","6":"product_cat-mallorca","7":"product_tag-nightclub-mallorca","9":"first","10":"instock","11":"virtual","12":"purchasable","13":"product-type-simple"},"yoast_head":"<!-- This site is optimized with the Yoast SEO Premium plugin v24.8 (Yoast SEO v27.5) - https:\/\/yoast.com\/product\/yoast-seo-premium-wordpress\/ -->\n<title>BCM Nightclub Mallorca<\/title>\n<meta name=\"description\" content=\"BCM Mallorca Nightclub. The night in Mallorca is unmissable. Book your BCM tickets, drinks included! Party Mallorca.\" \/>\n<meta name=\"robots\" content=\"index, follow, max-snippet:-1, max-image-preview:large, max-video-preview:-1\" \/>\n<link rel=\"canonical\" href=\"https:\/\/thehendoideas.com\/it\/activity\/bcm-nightclub-mallorca-2\/\" \/>\n<meta property=\"og:locale\" content=\"it_IT\" \/>\n<meta property=\"og:type\" content=\"article\" \/>\n<meta property=\"og:title\" content=\"BCM Nightclub Mallorca\" \/>\n<meta property=\"og:description\" content=\"BCM Mallorca Nightclub. The night in Mallorca is unmissable. Book your BCM tickets, drinks included! Party Mallorca.\" \/>\n<meta property=\"og:url\" content=\"https:\/\/thehendoideas.com\/it\/activity\/bcm-nightclub-mallorca-2\/\" \/>\n<meta property=\"og:site_name\" content=\"The Hen do Ideas\" \/>\n<meta property=\"article:modified_time\" content=\"2024-12-03T17:05:44+00:00\" \/>\n<meta property=\"og:image\" content=\"https:\/\/thehendoideas.com\/wp-content\/uploads\/2024\/12\/BCM-Nightclub-Mallorca.jpg\" \/>\n\t<meta property=\"og:image:width\" content=\"1024\" \/>\n\t<meta property=\"og:image:height\" content=\"1024\" \/>\n\t<meta property=\"og:image:type\" content=\"image\/jpeg\" \/>\n<meta name=\"twitter:card\" content=\"summary_large_image\" \/>\n<meta name=\"twitter:label1\" content=\"Prezzo\" \/>\n\t<meta name=\"twitter:data1\" content=\"50,00&nbsp;&euro;\" \/>\n\t<meta name=\"twitter:label2\" content=\"Disponibilit\u00e0\" \/>\n\t<meta name=\"twitter:data2\" content=\"In stock\" \/>\n<script type=\"application\/ld+json\" class=\"yoast-schema-graph\">{\"@context\":\"https:\\\/\\\/schema.org\",\"@graph\":[{\"@type\":\"WebPage\",\"@id\":\"https:\\\/\\\/thehendoideas.com\\\/activity\\\/bcm-nightclub-mallorca-2\\\/\",\"url\":\"https:\\\/\\\/thehendoideas.com\\\/activity\\\/bcm-nightclub-mallorca-2\\\/\",\"name\":\"BCM Nightclub Mallorca\",\"isPartOf\":{\"@id\":\"https:\\\/\\\/thehendoideas.com\\\/#website\"},\"primaryImageOfPage\":{\"@id\":\"https:\\\/\\\/thehendoideas.com\\\/activity\\\/bcm-nightclub-mallorca-2\\\/#primaryimage\"},\"image\":{\"@id\":\"https:\\\/\\\/thehendoideas.com\\\/activity\\\/bcm-nightclub-mallorca-2\\\/#primaryimage\"},\"thumbnailUrl\":\"https:\\\/\\\/thehendoideas.com\\\/wp-content\\\/uploads\\\/2024\\\/12\\\/BCM-Nightclub-Mallorca.jpg\",\"datePublished\":\"2024-12-03T17:05:43+00:00\",\"dateModified\":\"2024-12-03T17:05:44+00:00\",\"description\":\"BCM Mallorca Nightclub. The night in Mallorca is unmissable. Book your BCM tickets, drinks included! Party Mallorca.\",\"breadcrumb\":{\"@id\":\"https:\\\/\\\/thehendoideas.com\\\/activity\\\/bcm-nightclub-mallorca-2\\\/#breadcrumb\"},\"inLanguage\":\"it-IT\",\"potentialAction\":[{\"@type\":\"ReadAction\",\"target\":[\"https:\\\/\\\/thehendoideas.com\\\/activity\\\/bcm-nightclub-mallorca-2\\\/\"]}]},{\"@type\":\"ImageObject\",\"inLanguage\":\"it-IT\",\"@id\":\"https:\\\/\\\/thehendoideas.com\\\/activity\\\/bcm-nightclub-mallorca-2\\\/#primaryimage\",\"url\":\"https:\\\/\\\/thehendoideas.com\\\/wp-content\\\/uploads\\\/2024\\\/12\\\/BCM-Nightclub-Mallorca.jpg\",\"contentUrl\":\"https:\\\/\\\/thehendoideas.com\\\/wp-content\\\/uploads\\\/2024\\\/12\\\/BCM-Nightclub-Mallorca.jpg\",\"width\":1024,\"height\":1024},{\"@type\":\"BreadcrumbList\",\"@id\":\"https:\\\/\\\/thehendoideas.com\\\/activity\\\/bcm-nightclub-mallorca-2\\\/#breadcrumb\",\"itemListElement\":[{\"@type\":\"ListItem\",\"position\":1,\"name\":\"Home\",\"item\":\"https:\\\/\\\/thehendoideas.com\\\/\"},{\"@type\":\"ListItem\",\"position\":2,\"name\":\"Shop\",\"item\":\"https:\\\/\\\/thehendoideas.com\\\/shop\\\/\"},{\"@type\":\"ListItem\",\"position\":3,\"name\":\"BCM Nightclub Mallorca\"}]},{\"@type\":\"WebSite\",\"@id\":\"https:\\\/\\\/thehendoideas.com\\\/#website\",\"url\":\"https:\\\/\\\/thehendoideas.com\\\/\",\"name\":\"Agency Hen Parties\",\"description\":\"The Best Hen Do Services\",\"publisher\":{\"@id\":\"https:\\\/\\\/thehendoideas.com\\\/#organization\"},\"alternateName\":\"Hen Parties\",\"potentialAction\":[{\"@type\":\"SearchAction\",\"target\":{\"@type\":\"EntryPoint\",\"urlTemplate\":\"https:\\\/\\\/thehendoideas.com\\\/?s={search_term_string}\"},\"query-input\":{\"@type\":\"PropertyValueSpecification\",\"valueRequired\":true,\"valueName\":\"search_term_string\"}}],\"inLanguage\":\"it-IT\"},{\"@type\":\"Organization\",\"@id\":\"https:\\\/\\\/thehendoideas.com\\\/#organization\",\"name\":\"Hen Do Ideas\",\"alternateName\":\"Hen Parties\",\"url\":\"https:\\\/\\\/thehendoideas.com\\\/\",\"logo\":{\"@type\":\"ImageObject\",\"inLanguage\":\"it-IT\",\"@id\":\"https:\\\/\\\/thehendoideas.com\\\/#\\\/schema\\\/logo\\\/image\\\/\",\"url\":\"https:\\\/\\\/thehendoideas.com\\\/wp-content\\\/uploads\\\/2024\\\/04\\\/Hen-Do-Image-Logo-1.png\",\"contentUrl\":\"https:\\\/\\\/thehendoideas.com\\\/wp-content\\\/uploads\\\/2024\\\/04\\\/Hen-Do-Image-Logo-1.png\",\"width\":512,\"height\":512,\"caption\":\"Hen Do Ideas\"},\"image\":{\"@id\":\"https:\\\/\\\/thehendoideas.com\\\/#\\\/schema\\\/logo\\\/image\\\/\"}}]}<\/script>\n<meta property=\"product:price:amount\" content=\"50.00\" \/>\n<meta property=\"product:price:currency\" content=\"EUR\" \/>\n<meta property=\"og:availability\" content=\"instock\" \/>\n<meta property=\"product:availability\" content=\"instock\" \/>\n<meta property=\"product:condition\" content=\"new\" \/>\n<!-- \/ Yoast SEO Premium plugin. -->","yoast_head_json":{"title":"BCM Nightclub Mallorca","description":"Discoteca BCM Mallorca. La notte di Maiorca \u00e8 imperdibile. Prenotate i biglietti per il BCM, bevande incluse! Festa a Maiorca.","robots":{"index":"index","follow":"follow","max-snippet":"max-snippet:-1","max-image-preview":"max-image-preview:large","max-video-preview":"max-video-preview:-1"},"canonical":"https:\/\/thehendoideas.com\/it\/activity\/bcm-nightclub-mallorca-2\/","og_locale":"it_IT","og_type":"article","og_title":"BCM Nightclub Mallorca","og_description":"BCM Mallorca Nightclub. The night in Mallorca is unmissable. Book your BCM tickets, drinks included! Party Mallorca.","og_url":"https:\/\/thehendoideas.com\/it\/activity\/bcm-nightclub-mallorca-2\/","og_site_name":"The Hen do Ideas","article_modified_time":"2024-12-03T17:05:44+00:00","og_image":[{"width":1024,"height":1024,"url":"https:\/\/thehendoideas.com\/wp-content\/uploads\/2024\/12\/BCM-Nightclub-Mallorca.jpg","type":"image\/jpeg"}],"twitter_card":"summary_large_image","twitter_misc":{"Prezzo":"50,00&nbsp;&euro;","Disponibilit\u00e0":"In stock"},"schema":{"@context":"https:\/\/schema.org","@graph":[{"@type":"WebPage","@id":"https:\/\/thehendoideas.com\/activity\/bcm-nightclub-mallorca-2\/","url":"https:\/\/thehendoideas.com\/activity\/bcm-nightclub-mallorca-2\/","name":"BCM Nightclub Mallorca","isPartOf":{"@id":"https:\/\/thehendoideas.com\/#website"},"primaryImageOfPage":{"@id":"https:\/\/thehendoideas.com\/activity\/bcm-nightclub-mallorca-2\/#primaryimage"},"image":{"@id":"https:\/\/thehendoideas.com\/activity\/bcm-nightclub-mallorca-2\/#primaryimage"},"thumbnailUrl":"https:\/\/thehendoideas.com\/wp-content\/uploads\/2024\/12\/BCM-Nightclub-Mallorca.jpg","datePublished":"2024-12-03T17:05:43+00:00","dateModified":"2024-12-03T17:05:44+00:00","description":"Discoteca BCM Mallorca. La notte di Maiorca \u00e8 imperdibile. Prenotate i biglietti per il BCM, bevande incluse! Festa a Maiorca.","breadcrumb":{"@id":"https:\/\/thehendoideas.com\/activity\/bcm-nightclub-mallorca-2\/#breadcrumb"},"inLanguage":"it-IT","potentialAction":[{"@type":"ReadAction","target":["https:\/\/thehendoideas.com\/activity\/bcm-nightclub-mallorca-2\/"]}]},{"@type":"ImageObject","inLanguage":"it-IT","@id":"https:\/\/thehendoideas.com\/activity\/bcm-nightclub-mallorca-2\/#primaryimage","url":"https:\/\/thehendoideas.com\/wp-content\/uploads\/2024\/12\/BCM-Nightclub-Mallorca.jpg","contentUrl":"https:\/\/thehendoideas.com\/wp-content\/uploads\/2024\/12\/BCM-Nightclub-Mallorca.jpg","width":1024,"height":1024},{"@type":"BreadcrumbList","@id":"https:\/\/thehendoideas.com\/activity\/bcm-nightclub-mallorca-2\/#breadcrumb","itemListElement":[{"@type":"ListItem","position":1,"name":"Home","item":"https:\/\/thehendoideas.com\/"},{"@type":"ListItem","position":2,"name":"Shop","item":"https:\/\/thehendoideas.com\/shop\/"},{"@type":"ListItem","position":3,"name":"BCM Nightclub Mallorca"}]},{"@type":"WebSite","@id":"https:\/\/thehendoideas.com\/#website","url":"https:\/\/thehendoideas.com\/","name":"Feste di addio al nubilato dell'agenzia","description":"I migliori servizi di addio al nubilato","publisher":{"@id":"https:\/\/thehendoideas.com\/#organization"},"alternateName":"Hen Parties","potentialAction":[{"@type":"SearchAction","target":{"@type":"EntryPoint","urlTemplate":"https:\/\/thehendoideas.com\/?s={search_term_string}"},"query-input":{"@type":"PropertyValueSpecification","valueRequired":true,"valueName":"search_term_string"}}],"inLanguage":"it-IT"},{"@type":"Organization","@id":"https:\/\/thehendoideas.com\/#organization","name":"Idee per l'addio al nubilato","alternateName":"Hen Parties","url":"https:\/\/thehendoideas.com\/","logo":{"@type":"ImageObject","inLanguage":"it-IT","@id":"https:\/\/thehendoideas.com\/#\/schema\/logo\/image\/","url":"https:\/\/thehendoideas.com\/wp-content\/uploads\/2024\/04\/Hen-Do-Image-Logo-1.png","contentUrl":"https:\/\/thehendoideas.com\/wp-content\/uploads\/2024\/04\/Hen-Do-Image-Logo-1.png","width":512,"height":512,"caption":"Hen Do Ideas"},"image":{"@id":"https:\/\/thehendoideas.com\/#\/schema\/logo\/image\/"}}]},"product_price_amount":"50.00","product_price_currency":"EUR","og_availability":"instock","product_availability":"instock","product_condition":"new"},"_links":{"self":[{"href":"https:\/\/thehendoideas.com\/it\/wp-json\/wp\/v2\/product\/3717","targetHints":{"allow":["GET"]}}],"collection":[{"href":"https:\/\/thehendoideas.com\/it\/wp-json\/wp\/v2\/product"}],"about":[{"href":"https:\/\/thehendoideas.com\/it\/wp-json\/wp\/v2\/types\/product"}],"replies":[{"embeddable":true,"href":"https:\/\/thehendoideas.com\/it\/wp-json\/wp\/v2\/comments?post=3717"}],"wp:featuredmedia":[{"embeddable":true,"href":"https:\/\/thehendoideas.com\/it\/wp-json\/wp\/v2\/media\/3716"}],"wp:attachment":[{"href":"https:\/\/thehendoideas.com\/it\/wp-json\/wp\/v2\/media?parent=3717"}],"wp:term":[{"taxonomy":"product_brand","embeddable":true,"href":"https:\/\/thehendoideas.com\/it\/wp-json\/wp\/v2\/product_brand?post=3717"},{"taxonomy":"product_cat","embeddable":true,"href":"https:\/\/thehendoideas.com\/it\/wp-json\/wp\/v2\/product_cat?post=3717"},{"taxonomy":"product_tag","embeddable":true,"href":"https:\/\/thehendoideas.com\/it\/wp-json\/wp\/v2\/product_tag?post=3717"}],"curies":[{"name":"wp","href":"https:\/\/api.w.org\/{rel}","templated":true}]}}