{"id":382,"date":"2024-03-19T08:56:34","date_gmt":"2024-03-19T08:56:34","guid":{"rendered":"http:\/\/thehendoideas.com\/?post_type=product&#038;p=382"},"modified":"2024-06-14T15:40:11","modified_gmt":"2024-06-14T15:40:11","slug":"boat-party-barcelona","status":"publish","type":"product","link":"https:\/\/thehendoideas.com\/it\/activity\/boat-party-barcelona\/","title":{"rendered":"Festa in barca a Barcellona"},"content":{"rendered":"<h1>\u26f4\ufe0f\u2600\ufe0f Festa in barca a Barcellona \u2600\ufe0f\u26f4\ufe0f<\/h1>\n<div class=\"flex-shrink-0 flex flex-col relative items-end\">\n<div>\n<div class=\"pt-0.5 juice:pt-0\">\n<div class=\"gizmo-bot-avatar flex h-6 w-6 items-center justify-center overflow-hidden rounded-full juice:h-8 juice:w-8\">\n<div class=\"relative p-1 rounded-sm flex items-center justify-center bg-token-main-surface-primary text-token-text-primary h-8 w-8\"><span style=\"color: #555555;\">Ehi ragazza! Sei pronta per un addio al nubilato straordinario con Boat Party Barcellona? Con Boat Party tutto sar\u00e0 pi\u00f9 bello. Tu e le tue amiche pi\u00f9 care navigherete lungo la splendida costa mediterranea, prendendo il sole della Spagna e godendo di viste mozzafiato dello skyline della citt\u00e0. Quindi, brindate, brindate alla futura sposa e create ricordi che dureranno per tutta la vita in questa indimenticabile avventura in mare.<\/span><\/div>\n<div><\/div>\n<\/div>\n<\/div>\n<\/div>\n<\/div>\n<div>\ud83c\udf7b Imbarcarsi in un\u00a0<strong>emozionante gita in catamarano di 3 ore<\/strong> e unitevi ad altri gruppi per un'esperienza indimenticabile. La festa in barca con gli amici \u00e8 quello che ci vuole!<\/div>\n<div><\/div>\n<div>\ud83c\udf57 Godetevi un\u00a0<strong>gustoso barbecue<\/strong>\u00a0e\u00a0<strong>una bevanda per ospite<\/strong>, completata da vivaci brani di DJ e intrattenimento.<\/div>\n<div><\/div>\n<div>\ud83c\udfdd\ufe0f Navigare nel Mediterraneo, tuffarsi nelle sue acque azzurre, ballare al ritmo, prendere il sole e godere di feste infinite.<\/div>\n<div><\/div>\n<div>\u2600\ufe0f Scegliete tra tre orari di partenza:\u00a0<strong>mattina, mezzogiorno o tardo pomeriggio\/sera<\/strong>, a vostro piacimento.<\/div>\n<div><\/div>\n<div>\ud83e\udd38\u200d\u2642\ufe0f Limitata a un massimo di 70 passeggeri, questa avventura \u00e8 disponibile da met\u00e0 maggio a met\u00e0 settembre e promette una combinazione unica di divertimento e relax.<\/div>\n<div><\/div>\n<ul>\n<li><strong>L'opzione migliore per il vostro\u00a0<a href=\"http:\/\/thehendoideas.com\/it\/hen-party-barcelona\/\">HenDo<\/a>!<\/strong><\/li>\n<\/ul>\n<div>\n<div class=\"product-short-description\">\n<p>La combinazione perfetta per il calore di Barcellona e per i momenti indimenticabili che trascorrerete l\u00ec!<\/p>\n<p>Informazioni:<br \/>\n<strong>PRENOTAZIONE POSSIBILE PER GRUPPI DI: MASSIMO 70 PERSONE.<br \/>\nTEMPO: 3 ORE.<\/strong><\/p>\n<\/div>\n<\/div>\n<h2><strong>Festa in barca a Barcellona!<\/strong><br \/>\nDivertitevi con i vostri amici!<\/h2>","protected":false},"excerpt":{"rendered":"<div>\n<div class=\"product-short-description\">\n<p>Festa in barca a Barcellona! La combinazione perfetta per il caldo di Barcellona e i momenti indimenticabili che trascorrerete l\u00ec!<\/p>\n<p>Informazioni:<br \/>\n<strong>PRENOTAZIONE POSSIBILE PER GRUPPI DI: MASSIMO 70 PERSONE.<br \/>\nTEMPO: 3 ORE.<\/strong><\/p>\n<\/div>\n<\/div>\n<h2><\/h2>","protected":false},"featured_media":2969,"comment_status":"closed","ping_status":"closed","template":"","meta":[],"product_brand":[],"product_cat":[63,62],"product_tag":[],"class_list":{"0":"post-382","1":"product","2":"type-product","3":"status-publish","4":"has-post-thumbnail","6":"product_cat-barcelona","7":"product_cat-hen-party-barcelona-activities","9":"first","10":"instock","11":"virtual","12":"purchasable","13":"product-type-simple"},"yoast_head":"<!-- This site is optimized with the Yoast SEO Premium plugin v24.8 (Yoast SEO v27.5) - https:\/\/yoast.com\/product\/yoast-seo-premium-wordpress\/ -->\n<title>Boat Party Barcelona \u26f4\ufe0f 3-hour catamaran voyage!<\/title>\n<meta name=\"description\" content=\"Boat Party Barcelona \u2600\ufe0f Embark on a thrilling 3-hour catamaran voyage, joining other groups for an unforgettable experience!\" \/>\n<meta name=\"robots\" content=\"index, follow, max-snippet:-1, max-image-preview:large, max-video-preview:-1\" \/>\n<link rel=\"canonical\" href=\"https:\/\/thehendoideas.com\/it\/attivita\/festa-in-barca-a-barcellona\/\" \/>\n<meta property=\"og:locale\" content=\"it_IT\" \/>\n<meta property=\"og:type\" content=\"article\" \/>\n<meta property=\"og:title\" content=\"Boat Party Barcelona\" \/>\n<meta property=\"og:description\" content=\"Boat Party Barcelona \u2600\ufe0f Embark on a thrilling 3-hour catamaran voyage, joining other groups for an unforgettable experience!\" \/>\n<meta property=\"og:url\" content=\"https:\/\/thehendoideas.com\/it\/attivita\/festa-in-barca-a-barcellona\/\" \/>\n<meta property=\"og:site_name\" content=\"The Hen do Ideas\" \/>\n<meta property=\"article:modified_time\" content=\"2024-06-14T15:40:11+00:00\" \/>\n<meta property=\"og:image\" content=\"https:\/\/thehendoideas.com\/wp-content\/uploads\/2024\/03\/Boat-Party-Barcelona-Img.jpg\" \/>\n\t<meta property=\"og:image:width\" content=\"1920\" \/>\n\t<meta property=\"og:image:height\" content=\"1080\" \/>\n\t<meta property=\"og:image:type\" content=\"image\/jpeg\" \/>\n<meta name=\"twitter:card\" content=\"summary_large_image\" \/>\n<meta name=\"twitter:label1\" content=\"Prezzo\" \/>\n\t<meta name=\"twitter:data1\" content=\"200,00&nbsp;&euro;\" \/>\n\t<meta name=\"twitter:label2\" content=\"Disponibilit\u00e0\" \/>\n\t<meta name=\"twitter:data2\" content=\"In stock\" \/>\n<script type=\"application\/ld+json\" class=\"yoast-schema-graph\">{\"@context\":\"https:\\\/\\\/schema.org\",\"@graph\":[{\"@type\":\"WebPage\",\"@id\":\"https:\\\/\\\/thehendoideas.com\\\/it\\\/attivita\\\/festa-in-barca-a-barcellona\\\/\",\"url\":\"https:\\\/\\\/thehendoideas.com\\\/it\\\/attivita\\\/festa-in-barca-a-barcellona\\\/\",\"name\":\"Boat Party Barcelona \u26f4\ufe0f 3-hour catamaran voyage!\",\"isPartOf\":{\"@id\":\"https:\\\/\\\/thehendoideas.com\\\/#website\"},\"primaryImageOfPage\":{\"@id\":\"https:\\\/\\\/thehendoideas.com\\\/it\\\/attivita\\\/festa-in-barca-a-barcellona\\\/#primaryimage\"},\"image\":{\"@id\":\"https:\\\/\\\/thehendoideas.com\\\/it\\\/attivita\\\/festa-in-barca-a-barcellona\\\/#primaryimage\"},\"thumbnailUrl\":\"https:\\\/\\\/thehendoideas.com\\\/wp-content\\\/uploads\\\/2024\\\/03\\\/Boat-Party-Barcelona-Img.jpg\",\"datePublished\":\"2024-03-19T08:56:34+00:00\",\"dateModified\":\"2024-06-14T15:40:11+00:00\",\"description\":\"Boat Party Barcelona \u2600\ufe0f Embark on a thrilling 3-hour catamaran voyage, joining other groups for an unforgettable experience!\",\"breadcrumb\":{\"@id\":\"https:\\\/\\\/thehendoideas.com\\\/it\\\/attivita\\\/festa-in-barca-a-barcellona\\\/#breadcrumb\"},\"inLanguage\":\"it-IT\",\"potentialAction\":[{\"@type\":\"ReadAction\",\"target\":[\"https:\\\/\\\/thehendoideas.com\\\/it\\\/attivita\\\/festa-in-barca-a-barcellona\\\/\"]}]},{\"@type\":\"ImageObject\",\"inLanguage\":\"it-IT\",\"@id\":\"https:\\\/\\\/thehendoideas.com\\\/it\\\/attivita\\\/festa-in-barca-a-barcellona\\\/#primaryimage\",\"url\":\"https:\\\/\\\/thehendoideas.com\\\/wp-content\\\/uploads\\\/2024\\\/03\\\/Boat-Party-Barcelona-Img.jpg\",\"contentUrl\":\"https:\\\/\\\/thehendoideas.com\\\/wp-content\\\/uploads\\\/2024\\\/03\\\/Boat-Party-Barcelona-Img.jpg\",\"width\":1920,\"height\":1080,\"caption\":\"Boat Party Barcelona\"},{\"@type\":\"BreadcrumbList\",\"@id\":\"https:\\\/\\\/thehendoideas.com\\\/it\\\/attivita\\\/festa-in-barca-a-barcellona\\\/#breadcrumb\",\"itemListElement\":[{\"@type\":\"ListItem\",\"position\":1,\"name\":\"Home\",\"item\":\"https:\\\/\\\/thehendoideas.com\\\/\"},{\"@type\":\"ListItem\",\"position\":2,\"name\":\"Shop\",\"item\":\"https:\\\/\\\/thehendoideas.com\\\/shop\\\/\"},{\"@type\":\"ListItem\",\"position\":3,\"name\":\"Boat Party Barcelona\"}]},{\"@type\":\"WebSite\",\"@id\":\"https:\\\/\\\/thehendoideas.com\\\/#website\",\"url\":\"https:\\\/\\\/thehendoideas.com\\\/\",\"name\":\"Agency Hen Parties\",\"description\":\"The Best Hen Do Services\",\"publisher\":{\"@id\":\"https:\\\/\\\/thehendoideas.com\\\/#organization\"},\"alternateName\":\"Hen Parties\",\"potentialAction\":[{\"@type\":\"SearchAction\",\"target\":{\"@type\":\"EntryPoint\",\"urlTemplate\":\"https:\\\/\\\/thehendoideas.com\\\/?s={search_term_string}\"},\"query-input\":{\"@type\":\"PropertyValueSpecification\",\"valueRequired\":true,\"valueName\":\"search_term_string\"}}],\"inLanguage\":\"it-IT\"},{\"@type\":\"Organization\",\"@id\":\"https:\\\/\\\/thehendoideas.com\\\/#organization\",\"name\":\"Hen Do Ideas\",\"alternateName\":\"Hen Parties\",\"url\":\"https:\\\/\\\/thehendoideas.com\\\/\",\"logo\":{\"@type\":\"ImageObject\",\"inLanguage\":\"it-IT\",\"@id\":\"https:\\\/\\\/thehendoideas.com\\\/#\\\/schema\\\/logo\\\/image\\\/\",\"url\":\"https:\\\/\\\/thehendoideas.com\\\/wp-content\\\/uploads\\\/2024\\\/04\\\/Hen-Do-Image-Logo-1.png\",\"contentUrl\":\"https:\\\/\\\/thehendoideas.com\\\/wp-content\\\/uploads\\\/2024\\\/04\\\/Hen-Do-Image-Logo-1.png\",\"width\":512,\"height\":512,\"caption\":\"Hen Do Ideas\"},\"image\":{\"@id\":\"https:\\\/\\\/thehendoideas.com\\\/#\\\/schema\\\/logo\\\/image\\\/\"}}]}<\/script>\n<meta property=\"product:price:amount\" content=\"200.00\" \/>\n<meta property=\"product:price:currency\" content=\"EUR\" \/>\n<meta property=\"og:availability\" content=\"instock\" \/>\n<meta property=\"product:availability\" content=\"instock\" \/>\n<meta property=\"product:condition\" content=\"new\" \/>\n<!-- \/ Yoast SEO Premium plugin. -->","yoast_head_json":{"title":"Boat Party Barcellona \u26f4\ufe0f Viaggio in catamarano di 3 ore!","description":"Boat Party Barcelona \u2600\ufe0f Partite per un'emozionante gita in catamarano di 3 ore, unendovi ad altri gruppi per un'esperienza indimenticabile!","robots":{"index":"index","follow":"follow","max-snippet":"max-snippet:-1","max-image-preview":"max-image-preview:large","max-video-preview":"max-video-preview:-1"},"canonical":"https:\/\/thehendoideas.com\/it\/attivita\/festa-in-barca-a-barcellona\/","og_locale":"it_IT","og_type":"article","og_title":"Boat Party Barcelona","og_description":"Boat Party Barcelona \u2600\ufe0f Embark on a thrilling 3-hour catamaran voyage, joining other groups for an unforgettable experience!","og_url":"https:\/\/thehendoideas.com\/it\/attivita\/festa-in-barca-a-barcellona\/","og_site_name":"The Hen do Ideas","article_modified_time":"2024-06-14T15:40:11+00:00","og_image":[{"width":1920,"height":1080,"url":"https:\/\/thehendoideas.com\/wp-content\/uploads\/2024\/03\/Boat-Party-Barcelona-Img.jpg","type":"image\/jpeg"}],"twitter_card":"summary_large_image","twitter_misc":{"Prezzo":"200,00&nbsp;&euro;","Disponibilit\u00e0":"In stock"},"schema":{"@context":"https:\/\/schema.org","@graph":[{"@type":"WebPage","@id":"https:\/\/thehendoideas.com\/it\/attivita\/festa-in-barca-a-barcellona\/","url":"https:\/\/thehendoideas.com\/it\/attivita\/festa-in-barca-a-barcellona\/","name":"Boat Party Barcellona \u26f4\ufe0f Viaggio in catamarano di 3 ore!","isPartOf":{"@id":"https:\/\/thehendoideas.com\/#website"},"primaryImageOfPage":{"@id":"https:\/\/thehendoideas.com\/it\/attivita\/festa-in-barca-a-barcellona\/#primaryimage"},"image":{"@id":"https:\/\/thehendoideas.com\/it\/attivita\/festa-in-barca-a-barcellona\/#primaryimage"},"thumbnailUrl":"https:\/\/thehendoideas.com\/wp-content\/uploads\/2024\/03\/Boat-Party-Barcelona-Img.jpg","datePublished":"2024-03-19T08:56:34+00:00","dateModified":"2024-06-14T15:40:11+00:00","description":"Boat Party Barcelona \u2600\ufe0f Partite per un'emozionante gita in catamarano di 3 ore, unendovi ad altri gruppi per un'esperienza indimenticabile!","breadcrumb":{"@id":"https:\/\/thehendoideas.com\/it\/attivita\/festa-in-barca-a-barcellona\/#breadcrumb"},"inLanguage":"it-IT","potentialAction":[{"@type":"ReadAction","target":["https:\/\/thehendoideas.com\/it\/attivita\/festa-in-barca-a-barcellona\/"]}]},{"@type":"ImageObject","inLanguage":"it-IT","@id":"https:\/\/thehendoideas.com\/it\/attivita\/festa-in-barca-a-barcellona\/#primaryimage","url":"https:\/\/thehendoideas.com\/wp-content\/uploads\/2024\/03\/Boat-Party-Barcelona-Img.jpg","contentUrl":"https:\/\/thehendoideas.com\/wp-content\/uploads\/2024\/03\/Boat-Party-Barcelona-Img.jpg","width":1920,"height":1080,"caption":"Boat Party Barcelona"},{"@type":"BreadcrumbList","@id":"https:\/\/thehendoideas.com\/it\/attivita\/festa-in-barca-a-barcellona\/#breadcrumb","itemListElement":[{"@type":"ListItem","position":1,"name":"Home","item":"https:\/\/thehendoideas.com\/"},{"@type":"ListItem","position":2,"name":"Shop","item":"https:\/\/thehendoideas.com\/shop\/"},{"@type":"ListItem","position":3,"name":"Boat Party Barcelona"}]},{"@type":"WebSite","@id":"https:\/\/thehendoideas.com\/#website","url":"https:\/\/thehendoideas.com\/","name":"Feste di addio al nubilato dell'agenzia","description":"I migliori servizi di addio al nubilato","publisher":{"@id":"https:\/\/thehendoideas.com\/#organization"},"alternateName":"Hen Parties","potentialAction":[{"@type":"SearchAction","target":{"@type":"EntryPoint","urlTemplate":"https:\/\/thehendoideas.com\/?s={search_term_string}"},"query-input":{"@type":"PropertyValueSpecification","valueRequired":true,"valueName":"search_term_string"}}],"inLanguage":"it-IT"},{"@type":"Organization","@id":"https:\/\/thehendoideas.com\/#organization","name":"Idee per l'addio al nubilato","alternateName":"Hen Parties","url":"https:\/\/thehendoideas.com\/","logo":{"@type":"ImageObject","inLanguage":"it-IT","@id":"https:\/\/thehendoideas.com\/#\/schema\/logo\/image\/","url":"https:\/\/thehendoideas.com\/wp-content\/uploads\/2024\/04\/Hen-Do-Image-Logo-1.png","contentUrl":"https:\/\/thehendoideas.com\/wp-content\/uploads\/2024\/04\/Hen-Do-Image-Logo-1.png","width":512,"height":512,"caption":"Hen Do Ideas"},"image":{"@id":"https:\/\/thehendoideas.com\/#\/schema\/logo\/image\/"}}]},"product_price_amount":"200.00","product_price_currency":"EUR","og_availability":"instock","product_availability":"instock","product_condition":"new"},"_links":{"self":[{"href":"https:\/\/thehendoideas.com\/it\/wp-json\/wp\/v2\/product\/382","targetHints":{"allow":["GET"]}}],"collection":[{"href":"https:\/\/thehendoideas.com\/it\/wp-json\/wp\/v2\/product"}],"about":[{"href":"https:\/\/thehendoideas.com\/it\/wp-json\/wp\/v2\/types\/product"}],"replies":[{"embeddable":true,"href":"https:\/\/thehendoideas.com\/it\/wp-json\/wp\/v2\/comments?post=382"}],"wp:featuredmedia":[{"embeddable":true,"href":"https:\/\/thehendoideas.com\/it\/wp-json\/wp\/v2\/media\/2969"}],"wp:attachment":[{"href":"https:\/\/thehendoideas.com\/it\/wp-json\/wp\/v2\/media?parent=382"}],"wp:term":[{"taxonomy":"product_brand","embeddable":true,"href":"https:\/\/thehendoideas.com\/it\/wp-json\/wp\/v2\/product_brand?post=382"},{"taxonomy":"product_cat","embeddable":true,"href":"https:\/\/thehendoideas.com\/it\/wp-json\/wp\/v2\/product_cat?post=382"},{"taxonomy":"product_tag","embeddable":true,"href":"https:\/\/thehendoideas.com\/it\/wp-json\/wp\/v2\/product_tag?post=382"}],"curies":[{"name":"wp","href":"https:\/\/api.w.org\/{rel}","templated":true}]}}