{"id":3978,"date":"2024-12-03T17:09:33","date_gmt":"2024-12-03T17:09:33","guid":{"rendered":"https:\/\/thehendoideas.com\/activity\/crazy-ufo\/"},"modified":"2025-01-28T11:59:32","modified_gmt":"2025-01-28T11:59:32","slug":"crazy-ufo","status":"publish","type":"product","link":"https:\/\/thehendoideas.com\/it\/activity\/crazy-ufo\/","title":{"rendered":"UFO pazzo"},"content":{"rendered":"<p>Se vi piace ridere, Crazy Ufo \u00e8 una delle nostre offerte pi\u00f9 divertenti. Rilassatevi e godetevi il giro pi\u00f9 emozionante della vostra vita. Se il mare \u00e8 calmo, scivola con una velocit\u00e0 incredibile, ma se ci sono onde... ci salterete sopra a ogni onda! Fate un viaggio con i vostri amici, capacit\u00e0 ciambella 5 persone.<\/p>","protected":false},"excerpt":{"rendered":"<p>Se vi piace ridere, Crazy Ufo \u00e8 una delle nostre offerte pi\u00f9 divertenti. Rilassatevi e godetevi il giro pi\u00f9 emozionante della vostra vita. Se il mare \u00e8 calmo, scivola con una velocit\u00e0 incredibile, ma se ci sono onde... ci salterete sopra a ogni onda! Fate un viaggio con i vostri amici, capacit\u00e0 ciambella 5 persone.<\/p>","protected":false},"featured_media":3838,"comment_status":"open","ping_status":"closed","template":"","meta":[],"product_brand":[],"product_cat":[165],"product_tag":[],"class_list":{"0":"post-3978","1":"product","2":"type-product","3":"status-publish","4":"has-post-thumbnail","6":"product_cat-mallorca","8":"first","9":"instock","10":"shipping-taxable","11":"product-type-simple"},"yoast_head":"<!-- This site is optimized with the Yoast SEO Premium plugin v24.8 (Yoast SEO v27.5) - https:\/\/yoast.com\/product\/yoast-seo-premium-wordpress\/ -->\n<title>Crazy UFO<\/title>\n<meta name=\"description\" content=\"If you like to laugh, Crazy Ufo is one of our funniest offers. Relax and enjoy the most exciting ride of your life. If the sea is calm, it glides with incredible speed, but if there are waves... you&#039;ll jump on it with every wave! Take a trip with your friends, donut capacity 5 people.\" \/>\n<meta name=\"robots\" content=\"index, follow, max-snippet:-1, max-image-preview:large, max-video-preview:-1\" \/>\n<link rel=\"canonical\" href=\"https:\/\/thehendoideas.com\/it\/activity\/crazy-ufo\/\" \/>\n<meta property=\"og:locale\" content=\"it_IT\" \/>\n<meta property=\"og:type\" content=\"article\" \/>\n<meta property=\"og:title\" content=\"Crazy UFO\" \/>\n<meta property=\"og:description\" content=\"If you like to laugh, Crazy Ufo is one of our funniest offers. Relax and enjoy the most exciting ride of your life. If the sea is calm, it glides with incredible speed, but if there are waves... you&#039;ll jump on it with every wave! Take a trip with your friends, donut capacity 5 people.\" \/>\n<meta property=\"og:url\" content=\"https:\/\/thehendoideas.com\/it\/activity\/crazy-ufo\/\" \/>\n<meta property=\"og:site_name\" content=\"The Hen do Ideas\" \/>\n<meta property=\"article:modified_time\" content=\"2025-01-28T11:59:32+00:00\" \/>\n<meta property=\"og:image\" content=\"https:\/\/thehendoideas.com\/wp-content\/uploads\/2024\/12\/The-Stitched-Up-Night.jpg\" \/>\n\t<meta property=\"og:image:width\" content=\"640\" \/>\n\t<meta property=\"og:image:height\" content=\"957\" \/>\n\t<meta property=\"og:image:type\" content=\"image\/jpeg\" \/>\n<meta name=\"twitter:card\" content=\"summary_large_image\" \/>\n<meta name=\"twitter:label1\" content=\"Prezzo\" \/>\n\t<meta name=\"twitter:data1\" content=\"\" \/>\n\t<meta name=\"twitter:label2\" content=\"Disponibilit\u00e0\" \/>\n\t<meta name=\"twitter:data2\" content=\"In stock\" \/>\n<script type=\"application\/ld+json\" class=\"yoast-schema-graph\">{\"@context\":\"https:\\\/\\\/schema.org\",\"@graph\":[{\"@type\":\"WebPage\",\"@id\":\"https:\\\/\\\/thehendoideas.com\\\/activity\\\/crazy-ufo\\\/\",\"url\":\"https:\\\/\\\/thehendoideas.com\\\/activity\\\/crazy-ufo\\\/\",\"name\":\"Crazy UFO\",\"isPartOf\":{\"@id\":\"https:\\\/\\\/thehendoideas.com\\\/#website\"},\"primaryImageOfPage\":{\"@id\":\"https:\\\/\\\/thehendoideas.com\\\/activity\\\/crazy-ufo\\\/#primaryimage\"},\"image\":{\"@id\":\"https:\\\/\\\/thehendoideas.com\\\/activity\\\/crazy-ufo\\\/#primaryimage\"},\"thumbnailUrl\":\"https:\\\/\\\/thehendoideas.com\\\/wp-content\\\/uploads\\\/2024\\\/12\\\/The-Stitched-Up-Night.jpg\",\"datePublished\":\"2024-12-03T17:09:33+00:00\",\"dateModified\":\"2025-01-28T11:59:32+00:00\",\"description\":\"If you like to laugh, Crazy Ufo is one of our funniest offers. Relax and enjoy the most exciting ride of your life. If the sea is calm, it glides with incredible speed, but if there are waves... you'll jump on it with every wave! Take a trip with your friends, donut capacity 5 people.\",\"breadcrumb\":{\"@id\":\"https:\\\/\\\/thehendoideas.com\\\/activity\\\/crazy-ufo\\\/#breadcrumb\"},\"inLanguage\":\"it-IT\",\"potentialAction\":[{\"@type\":\"ReadAction\",\"target\":[\"https:\\\/\\\/thehendoideas.com\\\/activity\\\/crazy-ufo\\\/\"]}]},{\"@type\":\"ImageObject\",\"inLanguage\":\"it-IT\",\"@id\":\"https:\\\/\\\/thehendoideas.com\\\/activity\\\/crazy-ufo\\\/#primaryimage\",\"url\":\"https:\\\/\\\/thehendoideas.com\\\/wp-content\\\/uploads\\\/2024\\\/12\\\/The-Stitched-Up-Night.jpg\",\"contentUrl\":\"https:\\\/\\\/thehendoideas.com\\\/wp-content\\\/uploads\\\/2024\\\/12\\\/The-Stitched-Up-Night.jpg\",\"width\":640,\"height\":957},{\"@type\":\"BreadcrumbList\",\"@id\":\"https:\\\/\\\/thehendoideas.com\\\/activity\\\/crazy-ufo\\\/#breadcrumb\",\"itemListElement\":[{\"@type\":\"ListItem\",\"position\":1,\"name\":\"Home\",\"item\":\"https:\\\/\\\/thehendoideas.com\\\/\"},{\"@type\":\"ListItem\",\"position\":2,\"name\":\"Shop\",\"item\":\"https:\\\/\\\/thehendoideas.com\\\/shop\\\/\"},{\"@type\":\"ListItem\",\"position\":3,\"name\":\"Crazy UFO\"}]},{\"@type\":\"WebSite\",\"@id\":\"https:\\\/\\\/thehendoideas.com\\\/#website\",\"url\":\"https:\\\/\\\/thehendoideas.com\\\/\",\"name\":\"Agency Hen Parties\",\"description\":\"The Best Hen Do Services\",\"publisher\":{\"@id\":\"https:\\\/\\\/thehendoideas.com\\\/#organization\"},\"alternateName\":\"Hen Parties\",\"potentialAction\":[{\"@type\":\"SearchAction\",\"target\":{\"@type\":\"EntryPoint\",\"urlTemplate\":\"https:\\\/\\\/thehendoideas.com\\\/?s={search_term_string}\"},\"query-input\":{\"@type\":\"PropertyValueSpecification\",\"valueRequired\":true,\"valueName\":\"search_term_string\"}}],\"inLanguage\":\"it-IT\"},{\"@type\":\"Organization\",\"@id\":\"https:\\\/\\\/thehendoideas.com\\\/#organization\",\"name\":\"Hen Do Ideas\",\"alternateName\":\"Hen Parties\",\"url\":\"https:\\\/\\\/thehendoideas.com\\\/\",\"logo\":{\"@type\":\"ImageObject\",\"inLanguage\":\"it-IT\",\"@id\":\"https:\\\/\\\/thehendoideas.com\\\/#\\\/schema\\\/logo\\\/image\\\/\",\"url\":\"https:\\\/\\\/thehendoideas.com\\\/wp-content\\\/uploads\\\/2024\\\/04\\\/Hen-Do-Image-Logo-1.png\",\"contentUrl\":\"https:\\\/\\\/thehendoideas.com\\\/wp-content\\\/uploads\\\/2024\\\/04\\\/Hen-Do-Image-Logo-1.png\",\"width\":512,\"height\":512,\"caption\":\"Hen Do Ideas\"},\"image\":{\"@id\":\"https:\\\/\\\/thehendoideas.com\\\/#\\\/schema\\\/logo\\\/image\\\/\"}}]}<\/script>\n<meta property=\"product:price:currency\" content=\"EUR\" \/>\n<meta property=\"og:availability\" content=\"instock\" \/>\n<meta property=\"product:availability\" content=\"instock\" \/>\n<meta property=\"product:condition\" content=\"new\" \/>\n<!-- \/ Yoast SEO Premium plugin. -->","yoast_head_json":{"title":"UFO pazzo","description":"Se vi piace ridere, Crazy Ufo \u00e8 una delle nostre offerte pi\u00f9 divertenti. Rilassatevi e godetevi il giro pi\u00f9 emozionante della vostra vita. Se il mare \u00e8 calmo, scivola con una velocit\u00e0 incredibile, ma se ci sono onde... ci salterete sopra a ogni onda! Fate un viaggio con i vostri amici, capacit\u00e0 ciambella 5 persone.","robots":{"index":"index","follow":"follow","max-snippet":"max-snippet:-1","max-image-preview":"max-image-preview:large","max-video-preview":"max-video-preview:-1"},"canonical":"https:\/\/thehendoideas.com\/it\/activity\/crazy-ufo\/","og_locale":"it_IT","og_type":"article","og_title":"Crazy UFO","og_description":"If you like to laugh, Crazy Ufo is one of our funniest offers. Relax and enjoy the most exciting ride of your life. If the sea is calm, it glides with incredible speed, but if there are waves... you'll jump on it with every wave! Take a trip with your friends, donut capacity 5 people.","og_url":"https:\/\/thehendoideas.com\/it\/activity\/crazy-ufo\/","og_site_name":"The Hen do Ideas","article_modified_time":"2025-01-28T11:59:32+00:00","og_image":[{"width":640,"height":957,"url":"https:\/\/thehendoideas.com\/wp-content\/uploads\/2024\/12\/The-Stitched-Up-Night.jpg","type":"image\/jpeg"}],"twitter_card":"summary_large_image","twitter_misc":{"Prezzo":"","Disponibilit\u00e0":"In stock"},"schema":{"@context":"https:\/\/schema.org","@graph":[{"@type":"WebPage","@id":"https:\/\/thehendoideas.com\/activity\/crazy-ufo\/","url":"https:\/\/thehendoideas.com\/activity\/crazy-ufo\/","name":"UFO pazzo","isPartOf":{"@id":"https:\/\/thehendoideas.com\/#website"},"primaryImageOfPage":{"@id":"https:\/\/thehendoideas.com\/activity\/crazy-ufo\/#primaryimage"},"image":{"@id":"https:\/\/thehendoideas.com\/activity\/crazy-ufo\/#primaryimage"},"thumbnailUrl":"https:\/\/thehendoideas.com\/wp-content\/uploads\/2024\/12\/The-Stitched-Up-Night.jpg","datePublished":"2024-12-03T17:09:33+00:00","dateModified":"2025-01-28T11:59:32+00:00","description":"Se vi piace ridere, Crazy Ufo \u00e8 una delle nostre offerte pi\u00f9 divertenti. Rilassatevi e godetevi il giro pi\u00f9 emozionante della vostra vita. Se il mare \u00e8 calmo, scivola con una velocit\u00e0 incredibile, ma se ci sono onde... ci salterete sopra a ogni onda! Fate un viaggio con i vostri amici, capacit\u00e0 ciambella 5 persone.","breadcrumb":{"@id":"https:\/\/thehendoideas.com\/activity\/crazy-ufo\/#breadcrumb"},"inLanguage":"it-IT","potentialAction":[{"@type":"ReadAction","target":["https:\/\/thehendoideas.com\/activity\/crazy-ufo\/"]}]},{"@type":"ImageObject","inLanguage":"it-IT","@id":"https:\/\/thehendoideas.com\/activity\/crazy-ufo\/#primaryimage","url":"https:\/\/thehendoideas.com\/wp-content\/uploads\/2024\/12\/The-Stitched-Up-Night.jpg","contentUrl":"https:\/\/thehendoideas.com\/wp-content\/uploads\/2024\/12\/The-Stitched-Up-Night.jpg","width":640,"height":957},{"@type":"BreadcrumbList","@id":"https:\/\/thehendoideas.com\/activity\/crazy-ufo\/#breadcrumb","itemListElement":[{"@type":"ListItem","position":1,"name":"Home","item":"https:\/\/thehendoideas.com\/"},{"@type":"ListItem","position":2,"name":"Shop","item":"https:\/\/thehendoideas.com\/shop\/"},{"@type":"ListItem","position":3,"name":"Crazy UFO"}]},{"@type":"WebSite","@id":"https:\/\/thehendoideas.com\/#website","url":"https:\/\/thehendoideas.com\/","name":"Feste di addio al nubilato dell'agenzia","description":"I migliori servizi di addio al nubilato","publisher":{"@id":"https:\/\/thehendoideas.com\/#organization"},"alternateName":"Hen Parties","potentialAction":[{"@type":"SearchAction","target":{"@type":"EntryPoint","urlTemplate":"https:\/\/thehendoideas.com\/?s={search_term_string}"},"query-input":{"@type":"PropertyValueSpecification","valueRequired":true,"valueName":"search_term_string"}}],"inLanguage":"it-IT"},{"@type":"Organization","@id":"https:\/\/thehendoideas.com\/#organization","name":"Idee per l'addio al nubilato","alternateName":"Hen Parties","url":"https:\/\/thehendoideas.com\/","logo":{"@type":"ImageObject","inLanguage":"it-IT","@id":"https:\/\/thehendoideas.com\/#\/schema\/logo\/image\/","url":"https:\/\/thehendoideas.com\/wp-content\/uploads\/2024\/04\/Hen-Do-Image-Logo-1.png","contentUrl":"https:\/\/thehendoideas.com\/wp-content\/uploads\/2024\/04\/Hen-Do-Image-Logo-1.png","width":512,"height":512,"caption":"Hen Do Ideas"},"image":{"@id":"https:\/\/thehendoideas.com\/#\/schema\/logo\/image\/"}}]},"product_price_currency":"EUR","og_availability":"instock","product_availability":"instock","product_condition":"new"},"_links":{"self":[{"href":"https:\/\/thehendoideas.com\/it\/wp-json\/wp\/v2\/product\/3978","targetHints":{"allow":["GET"]}}],"collection":[{"href":"https:\/\/thehendoideas.com\/it\/wp-json\/wp\/v2\/product"}],"about":[{"href":"https:\/\/thehendoideas.com\/it\/wp-json\/wp\/v2\/types\/product"}],"replies":[{"embeddable":true,"href":"https:\/\/thehendoideas.com\/it\/wp-json\/wp\/v2\/comments?post=3978"}],"wp:featuredmedia":[{"embeddable":true,"href":"https:\/\/thehendoideas.com\/it\/wp-json\/wp\/v2\/media\/3838"}],"wp:attachment":[{"href":"https:\/\/thehendoideas.com\/it\/wp-json\/wp\/v2\/media?parent=3978"}],"wp:term":[{"taxonomy":"product_brand","embeddable":true,"href":"https:\/\/thehendoideas.com\/it\/wp-json\/wp\/v2\/product_brand?post=3978"},{"taxonomy":"product_cat","embeddable":true,"href":"https:\/\/thehendoideas.com\/it\/wp-json\/wp\/v2\/product_cat?post=3978"},{"taxonomy":"product_tag","embeddable":true,"href":"https:\/\/thehendoideas.com\/it\/wp-json\/wp\/v2\/product_tag?post=3978"}],"curies":[{"name":"wp","href":"https:\/\/api.w.org\/{rel}","templated":true}]}}