{"id":4000,"date":"2024-12-03T17:09:52","date_gmt":"2024-12-03T17:09:52","guid":{"rendered":"https:\/\/thehendoideas.com\/activity\/paddle-surf\/"},"modified":"2025-01-28T12:06:44","modified_gmt":"2025-01-28T12:06:44","slug":"paddle-surf","status":"publish","type":"product","link":"https:\/\/thehendoideas.com\/it\/activity\/paddle-surf\/","title":{"rendered":"Paddle Surf"},"content":{"rendered":"<p>Perfetto per il secondo giorno del vostro weekend di addio al celibato a Maiorca, il Paddleboarding a Palma \u00e8 un modo brillante per sfogarsi e smaltire i postumi della prima serata. Se volete tenere i ragazzi lontani dai bar per qualche ora, andate in spiaggia e scoprite il divertimento del SUP, lo stand up paddleboard per chi non l'ha mai provato prima. Vi piacer\u00e0 ed \u00e8 molto pi\u00f9 facile che imparare a fare surf!<\/p>","protected":false},"excerpt":{"rendered":"<p>Perfetto per il secondo giorno del vostro weekend di addio al celibato a Maiorca, il Paddleboarding a Palma \u00e8 un modo brillante per sfogarsi e smaltire i postumi della prima serata. Se volete tenere i ragazzi lontani dai bar per qualche ora, andate in spiaggia e scoprite il divertimento del SUP, lo stand up paddleboard per chi non l'ha mai provato prima. Vi piacer\u00e0 ed \u00e8 molto pi\u00f9 facile che imparare a fare surf!<\/p>","protected":false},"featured_media":4404,"comment_status":"open","ping_status":"closed","template":"","meta":[],"product_brand":[],"product_cat":[165],"product_tag":[],"class_list":{"0":"post-4000","1":"product","2":"type-product","3":"status-publish","4":"has-post-thumbnail","6":"product_cat-mallorca","8":"first","9":"instock","10":"shipping-taxable","11":"product-type-simple"},"yoast_head":"<!-- This site is optimized with the Yoast SEO Premium plugin v24.8 (Yoast SEO v27.5) - https:\/\/yoast.com\/product\/yoast-seo-premium-wordpress\/ -->\n<title>Paddle Surf<\/title>\n<meta name=\"description\" content=\"Perfect for the second day of your stag weekend in Mallorca, Palma Paddleboarding is a brilliant way to blow off steam and brush off the hangovers from your first night out. If you want to keep the lads out of the bars for a few hours, head down to the beach and discover the fun of SUP, stand up paddleboarding to anyone who&#039;s never tried it before. You&#039;ll love it and it&#039;s way easier than trying to learn how to surf!\" \/>\n<meta name=\"robots\" content=\"index, follow, max-snippet:-1, max-image-preview:large, max-video-preview:-1\" \/>\n<link rel=\"canonical\" href=\"https:\/\/thehendoideas.com\/it\/activity\/paddle-surf\/\" \/>\n<meta property=\"og:locale\" content=\"it_IT\" \/>\n<meta property=\"og:type\" content=\"article\" \/>\n<meta property=\"og:title\" content=\"Paddle Surf\" \/>\n<meta property=\"og:description\" content=\"Perfect for the second day of your stag weekend in Mallorca, Palma Paddleboarding is a brilliant way to blow off steam and brush off the hangovers from your first night out. If you want to keep the lads out of the bars for a few hours, head down to the beach and discover the fun of SUP, stand up paddleboarding to anyone who&#039;s never tried it before. You&#039;ll love it and it&#039;s way easier than trying to learn how to surf!\" \/>\n<meta property=\"og:url\" content=\"https:\/\/thehendoideas.com\/it\/activity\/paddle-surf\/\" \/>\n<meta property=\"og:site_name\" content=\"The Hen do Ideas\" \/>\n<meta property=\"article:modified_time\" content=\"2025-01-28T12:06:44+00:00\" \/>\n<meta property=\"og:image\" content=\"https:\/\/thehendoideas.com\/wp-content\/uploads\/2025\/01\/PADDLE-SURF.jpg\" \/>\n\t<meta property=\"og:image:width\" content=\"640\" \/>\n\t<meta property=\"og:image:height\" content=\"427\" \/>\n\t<meta property=\"og:image:type\" content=\"image\/jpeg\" \/>\n<meta name=\"twitter:card\" content=\"summary_large_image\" \/>\n<meta name=\"twitter:label1\" content=\"Prezzo\" \/>\n\t<meta name=\"twitter:data1\" content=\"\" \/>\n\t<meta name=\"twitter:label2\" content=\"Disponibilit\u00e0\" \/>\n\t<meta name=\"twitter:data2\" content=\"In stock\" \/>\n<script type=\"application\/ld+json\" class=\"yoast-schema-graph\">{\"@context\":\"https:\\\/\\\/schema.org\",\"@graph\":[{\"@type\":\"WebPage\",\"@id\":\"https:\\\/\\\/thehendoideas.com\\\/activity\\\/paddle-surf\\\/\",\"url\":\"https:\\\/\\\/thehendoideas.com\\\/activity\\\/paddle-surf\\\/\",\"name\":\"Paddle Surf\",\"isPartOf\":{\"@id\":\"https:\\\/\\\/thehendoideas.com\\\/#website\"},\"primaryImageOfPage\":{\"@id\":\"https:\\\/\\\/thehendoideas.com\\\/activity\\\/paddle-surf\\\/#primaryimage\"},\"image\":{\"@id\":\"https:\\\/\\\/thehendoideas.com\\\/activity\\\/paddle-surf\\\/#primaryimage\"},\"thumbnailUrl\":\"https:\\\/\\\/thehendoideas.com\\\/wp-content\\\/uploads\\\/2025\\\/01\\\/PADDLE-SURF.jpg\",\"datePublished\":\"2024-12-03T17:09:52+00:00\",\"dateModified\":\"2025-01-28T12:06:44+00:00\",\"description\":\"Perfect for the second day of your stag weekend in Mallorca, Palma Paddleboarding is a brilliant way to blow off steam and brush off the hangovers from your first night out. If you want to keep the lads out of the bars for a few hours, head down to the beach and discover the fun of SUP, stand up paddleboarding to anyone who's never tried it before. You'll love it and it's way easier than trying to learn how to surf!\",\"breadcrumb\":{\"@id\":\"https:\\\/\\\/thehendoideas.com\\\/activity\\\/paddle-surf\\\/#breadcrumb\"},\"inLanguage\":\"it-IT\",\"potentialAction\":[{\"@type\":\"ReadAction\",\"target\":[\"https:\\\/\\\/thehendoideas.com\\\/activity\\\/paddle-surf\\\/\"]}]},{\"@type\":\"ImageObject\",\"inLanguage\":\"it-IT\",\"@id\":\"https:\\\/\\\/thehendoideas.com\\\/activity\\\/paddle-surf\\\/#primaryimage\",\"url\":\"https:\\\/\\\/thehendoideas.com\\\/wp-content\\\/uploads\\\/2025\\\/01\\\/PADDLE-SURF.jpg\",\"contentUrl\":\"https:\\\/\\\/thehendoideas.com\\\/wp-content\\\/uploads\\\/2025\\\/01\\\/PADDLE-SURF.jpg\",\"width\":640,\"height\":427},{\"@type\":\"BreadcrumbList\",\"@id\":\"https:\\\/\\\/thehendoideas.com\\\/activity\\\/paddle-surf\\\/#breadcrumb\",\"itemListElement\":[{\"@type\":\"ListItem\",\"position\":1,\"name\":\"Home\",\"item\":\"https:\\\/\\\/thehendoideas.com\\\/\"},{\"@type\":\"ListItem\",\"position\":2,\"name\":\"Shop\",\"item\":\"https:\\\/\\\/thehendoideas.com\\\/shop\\\/\"},{\"@type\":\"ListItem\",\"position\":3,\"name\":\"Paddle Surf\"}]},{\"@type\":\"WebSite\",\"@id\":\"https:\\\/\\\/thehendoideas.com\\\/#website\",\"url\":\"https:\\\/\\\/thehendoideas.com\\\/\",\"name\":\"Agency Hen Parties\",\"description\":\"The Best Hen Do Services\",\"publisher\":{\"@id\":\"https:\\\/\\\/thehendoideas.com\\\/#organization\"},\"alternateName\":\"Hen Parties\",\"potentialAction\":[{\"@type\":\"SearchAction\",\"target\":{\"@type\":\"EntryPoint\",\"urlTemplate\":\"https:\\\/\\\/thehendoideas.com\\\/?s={search_term_string}\"},\"query-input\":{\"@type\":\"PropertyValueSpecification\",\"valueRequired\":true,\"valueName\":\"search_term_string\"}}],\"inLanguage\":\"it-IT\"},{\"@type\":\"Organization\",\"@id\":\"https:\\\/\\\/thehendoideas.com\\\/#organization\",\"name\":\"Hen Do Ideas\",\"alternateName\":\"Hen Parties\",\"url\":\"https:\\\/\\\/thehendoideas.com\\\/\",\"logo\":{\"@type\":\"ImageObject\",\"inLanguage\":\"it-IT\",\"@id\":\"https:\\\/\\\/thehendoideas.com\\\/#\\\/schema\\\/logo\\\/image\\\/\",\"url\":\"https:\\\/\\\/thehendoideas.com\\\/wp-content\\\/uploads\\\/2024\\\/04\\\/Hen-Do-Image-Logo-1.png\",\"contentUrl\":\"https:\\\/\\\/thehendoideas.com\\\/wp-content\\\/uploads\\\/2024\\\/04\\\/Hen-Do-Image-Logo-1.png\",\"width\":512,\"height\":512,\"caption\":\"Hen Do Ideas\"},\"image\":{\"@id\":\"https:\\\/\\\/thehendoideas.com\\\/#\\\/schema\\\/logo\\\/image\\\/\"}}]}<\/script>\n<meta property=\"product:price:currency\" content=\"EUR\" \/>\n<meta property=\"og:availability\" content=\"instock\" \/>\n<meta property=\"product:availability\" content=\"instock\" \/>\n<meta property=\"product:condition\" content=\"new\" \/>\n<!-- \/ Yoast SEO Premium plugin. -->","yoast_head_json":{"title":"Paddle Surf","description":"Perfetto per il secondo giorno del vostro weekend di addio al celibato a Maiorca, il Paddleboarding a Palma \u00e8 un modo brillante per sfogarsi e smaltire i postumi della prima serata. Se volete tenere i ragazzi lontani dai bar per qualche ora, andate in spiaggia e scoprite il divertimento del SUP, lo stand up paddleboard per chi non l'ha mai provato prima. Vi piacer\u00e0 ed \u00e8 molto pi\u00f9 facile che imparare a fare surf!","robots":{"index":"index","follow":"follow","max-snippet":"max-snippet:-1","max-image-preview":"max-image-preview:large","max-video-preview":"max-video-preview:-1"},"canonical":"https:\/\/thehendoideas.com\/it\/activity\/paddle-surf\/","og_locale":"it_IT","og_type":"article","og_title":"Paddle Surf","og_description":"Perfect for the second day of your stag weekend in Mallorca, Palma Paddleboarding is a brilliant way to blow off steam and brush off the hangovers from your first night out. If you want to keep the lads out of the bars for a few hours, head down to the beach and discover the fun of SUP, stand up paddleboarding to anyone who's never tried it before. You'll love it and it's way easier than trying to learn how to surf!","og_url":"https:\/\/thehendoideas.com\/it\/activity\/paddle-surf\/","og_site_name":"The Hen do Ideas","article_modified_time":"2025-01-28T12:06:44+00:00","og_image":[{"width":640,"height":427,"url":"https:\/\/thehendoideas.com\/wp-content\/uploads\/2025\/01\/PADDLE-SURF.jpg","type":"image\/jpeg"}],"twitter_card":"summary_large_image","twitter_misc":{"Prezzo":"","Disponibilit\u00e0":"In stock"},"schema":{"@context":"https:\/\/schema.org","@graph":[{"@type":"WebPage","@id":"https:\/\/thehendoideas.com\/activity\/paddle-surf\/","url":"https:\/\/thehendoideas.com\/activity\/paddle-surf\/","name":"Paddle Surf","isPartOf":{"@id":"https:\/\/thehendoideas.com\/#website"},"primaryImageOfPage":{"@id":"https:\/\/thehendoideas.com\/activity\/paddle-surf\/#primaryimage"},"image":{"@id":"https:\/\/thehendoideas.com\/activity\/paddle-surf\/#primaryimage"},"thumbnailUrl":"https:\/\/thehendoideas.com\/wp-content\/uploads\/2025\/01\/PADDLE-SURF.jpg","datePublished":"2024-12-03T17:09:52+00:00","dateModified":"2025-01-28T12:06:44+00:00","description":"Perfetto per il secondo giorno del vostro weekend di addio al celibato a Maiorca, il Paddleboarding a Palma \u00e8 un modo brillante per sfogarsi e smaltire i postumi della prima serata. Se volete tenere i ragazzi lontani dai bar per qualche ora, andate in spiaggia e scoprite il divertimento del SUP, lo stand up paddleboard per chi non l'ha mai provato prima. Vi piacer\u00e0 ed \u00e8 molto pi\u00f9 facile che imparare a fare surf!","breadcrumb":{"@id":"https:\/\/thehendoideas.com\/activity\/paddle-surf\/#breadcrumb"},"inLanguage":"it-IT","potentialAction":[{"@type":"ReadAction","target":["https:\/\/thehendoideas.com\/activity\/paddle-surf\/"]}]},{"@type":"ImageObject","inLanguage":"it-IT","@id":"https:\/\/thehendoideas.com\/activity\/paddle-surf\/#primaryimage","url":"https:\/\/thehendoideas.com\/wp-content\/uploads\/2025\/01\/PADDLE-SURF.jpg","contentUrl":"https:\/\/thehendoideas.com\/wp-content\/uploads\/2025\/01\/PADDLE-SURF.jpg","width":640,"height":427},{"@type":"BreadcrumbList","@id":"https:\/\/thehendoideas.com\/activity\/paddle-surf\/#breadcrumb","itemListElement":[{"@type":"ListItem","position":1,"name":"Home","item":"https:\/\/thehendoideas.com\/"},{"@type":"ListItem","position":2,"name":"Shop","item":"https:\/\/thehendoideas.com\/shop\/"},{"@type":"ListItem","position":3,"name":"Paddle Surf"}]},{"@type":"WebSite","@id":"https:\/\/thehendoideas.com\/#website","url":"https:\/\/thehendoideas.com\/","name":"Feste di addio al nubilato dell'agenzia","description":"I migliori servizi di addio al nubilato","publisher":{"@id":"https:\/\/thehendoideas.com\/#organization"},"alternateName":"Hen Parties","potentialAction":[{"@type":"SearchAction","target":{"@type":"EntryPoint","urlTemplate":"https:\/\/thehendoideas.com\/?s={search_term_string}"},"query-input":{"@type":"PropertyValueSpecification","valueRequired":true,"valueName":"search_term_string"}}],"inLanguage":"it-IT"},{"@type":"Organization","@id":"https:\/\/thehendoideas.com\/#organization","name":"Idee per l'addio al nubilato","alternateName":"Hen Parties","url":"https:\/\/thehendoideas.com\/","logo":{"@type":"ImageObject","inLanguage":"it-IT","@id":"https:\/\/thehendoideas.com\/#\/schema\/logo\/image\/","url":"https:\/\/thehendoideas.com\/wp-content\/uploads\/2024\/04\/Hen-Do-Image-Logo-1.png","contentUrl":"https:\/\/thehendoideas.com\/wp-content\/uploads\/2024\/04\/Hen-Do-Image-Logo-1.png","width":512,"height":512,"caption":"Hen Do Ideas"},"image":{"@id":"https:\/\/thehendoideas.com\/#\/schema\/logo\/image\/"}}]},"product_price_currency":"EUR","og_availability":"instock","product_availability":"instock","product_condition":"new"},"_links":{"self":[{"href":"https:\/\/thehendoideas.com\/it\/wp-json\/wp\/v2\/product\/4000","targetHints":{"allow":["GET"]}}],"collection":[{"href":"https:\/\/thehendoideas.com\/it\/wp-json\/wp\/v2\/product"}],"about":[{"href":"https:\/\/thehendoideas.com\/it\/wp-json\/wp\/v2\/types\/product"}],"replies":[{"embeddable":true,"href":"https:\/\/thehendoideas.com\/it\/wp-json\/wp\/v2\/comments?post=4000"}],"wp:featuredmedia":[{"embeddable":true,"href":"https:\/\/thehendoideas.com\/it\/wp-json\/wp\/v2\/media\/4404"}],"wp:attachment":[{"href":"https:\/\/thehendoideas.com\/it\/wp-json\/wp\/v2\/media?parent=4000"}],"wp:term":[{"taxonomy":"product_brand","embeddable":true,"href":"https:\/\/thehendoideas.com\/it\/wp-json\/wp\/v2\/product_brand?post=4000"},{"taxonomy":"product_cat","embeddable":true,"href":"https:\/\/thehendoideas.com\/it\/wp-json\/wp\/v2\/product_cat?post=4000"},{"taxonomy":"product_tag","embeddable":true,"href":"https:\/\/thehendoideas.com\/it\/wp-json\/wp\/v2\/product_tag?post=4000"}],"curies":[{"name":"wp","href":"https:\/\/api.w.org\/{rel}","templated":true}]}}