{"id":4015,"date":"2024-12-03T17:10:09","date_gmt":"2024-12-03T17:10:09","guid":{"rendered":"https:\/\/thehendoideas.com\/activity\/yoga-brunch-beach\/"},"modified":"2025-01-28T12:11:57","modified_gmt":"2025-01-28T12:11:57","slug":"yoga-brunch-beach","status":"publish","type":"product","link":"https:\/\/thehendoideas.com\/it\/activity\/yoga-brunch-beach\/","title":{"rendered":"YOGA E BRUNCH IN SPIAGGIA"},"content":{"rendered":"<p>Iniziare la giornata con una lezione di yoga vi aiuter\u00e0 a sentirvi rilassati e a rimanere pi\u00f9 liberi dallo stress per tutta la giornata. Tuttavia, se volete rimanere pieni di energia, l'assunzione di cibo dopo la pratica \u00e8 estremamente importante. Crediamo che dopo una sessione mattutina un brunch delizioso e sano sia il pasto pi\u00f9 gratificante in assoluto. Ecco perch\u00e9 abbiamo creato i nostri eventi Yoga e Brunch.<\/p>\n<p>Durante tutta la stagione estiva potete unirvi a noi sulla spiaggia di Palmanova (Maiorca) e gustare una colazione nutriente dopo la lezione di yoga, <\/p>","protected":false},"excerpt":{"rendered":"<p>Iniziare la giornata con una lezione di yoga vi aiuter\u00e0 a sentirvi rilassati e a rimanere pi\u00f9 liberi dallo stress per tutta la giornata. Tuttavia, se volete rimanere pieni di energia, l'assunzione di cibo dopo la pratica \u00e8 estremamente importante. Crediamo che dopo una sessione mattutina un brunch delizioso e sano sia il pasto pi\u00f9 gratificante in assoluto. Ecco perch\u00e9 abbiamo creato i nostri eventi Yoga e Brunch.<\/p>\n<p>Durante tutta la stagione estiva potete unirvi a noi sulla spiaggia di Palmanova (Maiorca) e gustare una colazione nutriente dopo la lezione di yoga, <\/p>","protected":false},"featured_media":3856,"comment_status":"open","ping_status":"closed","template":"","meta":[],"product_brand":[],"product_cat":[165],"product_tag":[],"class_list":{"0":"post-4015","1":"product","2":"type-product","3":"status-publish","4":"has-post-thumbnail","6":"product_cat-mallorca","8":"first","9":"instock","10":"shipping-taxable","11":"product-type-simple"},"yoast_head":"<!-- This site is optimized with the Yoast SEO Premium plugin v24.8 (Yoast SEO v27.5) - https:\/\/yoast.com\/product\/yoast-seo-premium-wordpress\/ -->\n<title>YOGA &amp; BRUNCH BEACH<\/title>\n<meta name=\"description\" content=\"Starting your day with a yoga class will help you to feel relaxed and stay more stress-free for the whole day. However, if you want to stay energized, food intake after the practice is extremely important. We believe that after a morning session a delicious, healthy brunch is the most rewarding meal ever. That\u2019s why we have created our Yoga and Brunch events. During the whole summer season you can join us on the beach of Palmanova (Mallorca) and enjoy a nutritious breakfast after your yoga class,\" \/>\n<meta name=\"robots\" content=\"index, follow, max-snippet:-1, max-image-preview:large, max-video-preview:-1\" \/>\n<link rel=\"canonical\" href=\"https:\/\/thehendoideas.com\/it\/activity\/yoga-brunch-beach\/\" \/>\n<meta property=\"og:locale\" content=\"it_IT\" \/>\n<meta property=\"og:type\" content=\"article\" \/>\n<meta property=\"og:title\" content=\"YOGA &amp; BRUNCH BEACH\" \/>\n<meta property=\"og:description\" content=\"Starting your day with a yoga class will help you to feel relaxed and stay more stress-free for the whole day. However, if you want to stay energized, food intake after the practice is extremely important. We believe that after a morning session a delicious, healthy brunch is the most rewarding meal ever. That\u2019s why we have created our Yoga and Brunch events. During the whole summer season you can join us on the beach of Palmanova (Mallorca) and enjoy a nutritious breakfast after your yoga class,\" \/>\n<meta property=\"og:url\" content=\"https:\/\/thehendoideas.com\/it\/activity\/yoga-brunch-beach\/\" \/>\n<meta property=\"og:site_name\" content=\"The Hen do Ideas\" \/>\n<meta property=\"article:modified_time\" content=\"2025-01-28T12:11:57+00:00\" \/>\n<meta property=\"og:image\" content=\"https:\/\/thehendoideas.com\/wp-content\/uploads\/2024\/12\/The-Lads-Supper.jpg\" \/>\n\t<meta property=\"og:image:width\" content=\"639\" \/>\n\t<meta property=\"og:image:height\" content=\"364\" \/>\n\t<meta property=\"og:image:type\" content=\"image\/jpeg\" \/>\n<meta name=\"twitter:card\" content=\"summary_large_image\" \/>\n<meta name=\"twitter:label1\" content=\"Prezzo\" \/>\n\t<meta name=\"twitter:data1\" content=\"\" \/>\n\t<meta name=\"twitter:label2\" content=\"Disponibilit\u00e0\" \/>\n\t<meta name=\"twitter:data2\" content=\"In stock\" \/>\n<script type=\"application\/ld+json\" class=\"yoast-schema-graph\">{\"@context\":\"https:\\\/\\\/schema.org\",\"@graph\":[{\"@type\":\"WebPage\",\"@id\":\"https:\\\/\\\/thehendoideas.com\\\/activity\\\/yoga-brunch-beach\\\/\",\"url\":\"https:\\\/\\\/thehendoideas.com\\\/activity\\\/yoga-brunch-beach\\\/\",\"name\":\"YOGA & BRUNCH BEACH\",\"isPartOf\":{\"@id\":\"https:\\\/\\\/thehendoideas.com\\\/#website\"},\"primaryImageOfPage\":{\"@id\":\"https:\\\/\\\/thehendoideas.com\\\/activity\\\/yoga-brunch-beach\\\/#primaryimage\"},\"image\":{\"@id\":\"https:\\\/\\\/thehendoideas.com\\\/activity\\\/yoga-brunch-beach\\\/#primaryimage\"},\"thumbnailUrl\":\"https:\\\/\\\/thehendoideas.com\\\/wp-content\\\/uploads\\\/2024\\\/12\\\/The-Lads-Supper.jpg\",\"datePublished\":\"2024-12-03T17:10:09+00:00\",\"dateModified\":\"2025-01-28T12:11:57+00:00\",\"description\":\"Starting your day with a yoga class will help you to feel relaxed and stay more stress-free for the whole day. However, if you want to stay energized, food intake after the practice is extremely important. We believe that after a morning session a delicious, healthy brunch is the most rewarding meal ever. That\u2019s why we have created our Yoga and Brunch events. During the whole summer season you can join us on the beach of Palmanova (Mallorca) and enjoy a nutritious breakfast after your yoga class,\",\"breadcrumb\":{\"@id\":\"https:\\\/\\\/thehendoideas.com\\\/activity\\\/yoga-brunch-beach\\\/#breadcrumb\"},\"inLanguage\":\"it-IT\",\"potentialAction\":[{\"@type\":\"ReadAction\",\"target\":[\"https:\\\/\\\/thehendoideas.com\\\/activity\\\/yoga-brunch-beach\\\/\"]}]},{\"@type\":\"ImageObject\",\"inLanguage\":\"it-IT\",\"@id\":\"https:\\\/\\\/thehendoideas.com\\\/activity\\\/yoga-brunch-beach\\\/#primaryimage\",\"url\":\"https:\\\/\\\/thehendoideas.com\\\/wp-content\\\/uploads\\\/2024\\\/12\\\/The-Lads-Supper.jpg\",\"contentUrl\":\"https:\\\/\\\/thehendoideas.com\\\/wp-content\\\/uploads\\\/2024\\\/12\\\/The-Lads-Supper.jpg\",\"width\":639,\"height\":364},{\"@type\":\"BreadcrumbList\",\"@id\":\"https:\\\/\\\/thehendoideas.com\\\/activity\\\/yoga-brunch-beach\\\/#breadcrumb\",\"itemListElement\":[{\"@type\":\"ListItem\",\"position\":1,\"name\":\"Home\",\"item\":\"https:\\\/\\\/thehendoideas.com\\\/\"},{\"@type\":\"ListItem\",\"position\":2,\"name\":\"Shop\",\"item\":\"https:\\\/\\\/thehendoideas.com\\\/shop\\\/\"},{\"@type\":\"ListItem\",\"position\":3,\"name\":\"YOGA &#038; BRUNCH BEACH\"}]},{\"@type\":\"WebSite\",\"@id\":\"https:\\\/\\\/thehendoideas.com\\\/#website\",\"url\":\"https:\\\/\\\/thehendoideas.com\\\/\",\"name\":\"Agency Hen Parties\",\"description\":\"The Best Hen Do Services\",\"publisher\":{\"@id\":\"https:\\\/\\\/thehendoideas.com\\\/#organization\"},\"alternateName\":\"Hen Parties\",\"potentialAction\":[{\"@type\":\"SearchAction\",\"target\":{\"@type\":\"EntryPoint\",\"urlTemplate\":\"https:\\\/\\\/thehendoideas.com\\\/?s={search_term_string}\"},\"query-input\":{\"@type\":\"PropertyValueSpecification\",\"valueRequired\":true,\"valueName\":\"search_term_string\"}}],\"inLanguage\":\"it-IT\"},{\"@type\":\"Organization\",\"@id\":\"https:\\\/\\\/thehendoideas.com\\\/#organization\",\"name\":\"Hen Do Ideas\",\"alternateName\":\"Hen Parties\",\"url\":\"https:\\\/\\\/thehendoideas.com\\\/\",\"logo\":{\"@type\":\"ImageObject\",\"inLanguage\":\"it-IT\",\"@id\":\"https:\\\/\\\/thehendoideas.com\\\/#\\\/schema\\\/logo\\\/image\\\/\",\"url\":\"https:\\\/\\\/thehendoideas.com\\\/wp-content\\\/uploads\\\/2024\\\/04\\\/Hen-Do-Image-Logo-1.png\",\"contentUrl\":\"https:\\\/\\\/thehendoideas.com\\\/wp-content\\\/uploads\\\/2024\\\/04\\\/Hen-Do-Image-Logo-1.png\",\"width\":512,\"height\":512,\"caption\":\"Hen Do Ideas\"},\"image\":{\"@id\":\"https:\\\/\\\/thehendoideas.com\\\/#\\\/schema\\\/logo\\\/image\\\/\"}}]}<\/script>\n<meta property=\"product:price:currency\" content=\"EUR\" \/>\n<meta property=\"og:availability\" content=\"instock\" \/>\n<meta property=\"product:availability\" content=\"instock\" \/>\n<meta property=\"product:condition\" content=\"new\" \/>\n<!-- \/ Yoast SEO Premium plugin. -->","yoast_head_json":{"title":"YOGA E BRUNCH IN SPIAGGIA","description":"Iniziare la giornata con una lezione di yoga vi aiuter\u00e0 a sentirvi rilassati e a rimanere pi\u00f9 liberi dallo stress per tutta la giornata. Tuttavia, se volete rimanere pieni di energia, l'assunzione di cibo dopo la pratica \u00e8 estremamente importante. Crediamo che dopo una sessione mattutina un brunch delizioso e sano sia il pasto pi\u00f9 gratificante in assoluto. Ecco perch\u00e9 abbiamo creato i nostri eventi Yoga e Brunch. Durante tutta la stagione estiva potete unirvi a noi sulla spiaggia di Palmanova (Maiorca) e gustare una colazione nutriente dopo la lezione di yoga,","robots":{"index":"index","follow":"follow","max-snippet":"max-snippet:-1","max-image-preview":"max-image-preview:large","max-video-preview":"max-video-preview:-1"},"canonical":"https:\/\/thehendoideas.com\/it\/activity\/yoga-brunch-beach\/","og_locale":"it_IT","og_type":"article","og_title":"YOGA & BRUNCH BEACH","og_description":"Starting your day with a yoga class will help you to feel relaxed and stay more stress-free for the whole day. However, if you want to stay energized, food intake after the practice is extremely important. We believe that after a morning session a delicious, healthy brunch is the most rewarding meal ever. That\u2019s why we have created our Yoga and Brunch events. During the whole summer season you can join us on the beach of Palmanova (Mallorca) and enjoy a nutritious breakfast after your yoga class,","og_url":"https:\/\/thehendoideas.com\/it\/activity\/yoga-brunch-beach\/","og_site_name":"The Hen do Ideas","article_modified_time":"2025-01-28T12:11:57+00:00","og_image":[{"width":639,"height":364,"url":"https:\/\/thehendoideas.com\/wp-content\/uploads\/2024\/12\/The-Lads-Supper.jpg","type":"image\/jpeg"}],"twitter_card":"summary_large_image","twitter_misc":{"Prezzo":"","Disponibilit\u00e0":"In stock"},"schema":{"@context":"https:\/\/schema.org","@graph":[{"@type":"WebPage","@id":"https:\/\/thehendoideas.com\/activity\/yoga-brunch-beach\/","url":"https:\/\/thehendoideas.com\/activity\/yoga-brunch-beach\/","name":"YOGA E BRUNCH IN SPIAGGIA","isPartOf":{"@id":"https:\/\/thehendoideas.com\/#website"},"primaryImageOfPage":{"@id":"https:\/\/thehendoideas.com\/activity\/yoga-brunch-beach\/#primaryimage"},"image":{"@id":"https:\/\/thehendoideas.com\/activity\/yoga-brunch-beach\/#primaryimage"},"thumbnailUrl":"https:\/\/thehendoideas.com\/wp-content\/uploads\/2024\/12\/The-Lads-Supper.jpg","datePublished":"2024-12-03T17:10:09+00:00","dateModified":"2025-01-28T12:11:57+00:00","description":"Iniziare la giornata con una lezione di yoga vi aiuter\u00e0 a sentirvi rilassati e a rimanere pi\u00f9 liberi dallo stress per tutta la giornata. Tuttavia, se volete rimanere pieni di energia, l'assunzione di cibo dopo la pratica \u00e8 estremamente importante. Crediamo che dopo una sessione mattutina un brunch delizioso e sano sia il pasto pi\u00f9 gratificante in assoluto. Ecco perch\u00e9 abbiamo creato i nostri eventi Yoga e Brunch. Durante tutta la stagione estiva potete unirvi a noi sulla spiaggia di Palmanova (Maiorca) e gustare una colazione nutriente dopo la lezione di yoga,","breadcrumb":{"@id":"https:\/\/thehendoideas.com\/activity\/yoga-brunch-beach\/#breadcrumb"},"inLanguage":"it-IT","potentialAction":[{"@type":"ReadAction","target":["https:\/\/thehendoideas.com\/activity\/yoga-brunch-beach\/"]}]},{"@type":"ImageObject","inLanguage":"it-IT","@id":"https:\/\/thehendoideas.com\/activity\/yoga-brunch-beach\/#primaryimage","url":"https:\/\/thehendoideas.com\/wp-content\/uploads\/2024\/12\/The-Lads-Supper.jpg","contentUrl":"https:\/\/thehendoideas.com\/wp-content\/uploads\/2024\/12\/The-Lads-Supper.jpg","width":639,"height":364},{"@type":"BreadcrumbList","@id":"https:\/\/thehendoideas.com\/activity\/yoga-brunch-beach\/#breadcrumb","itemListElement":[{"@type":"ListItem","position":1,"name":"Home","item":"https:\/\/thehendoideas.com\/"},{"@type":"ListItem","position":2,"name":"Shop","item":"https:\/\/thehendoideas.com\/shop\/"},{"@type":"ListItem","position":3,"name":"YOGA &#038; BRUNCH BEACH"}]},{"@type":"WebSite","@id":"https:\/\/thehendoideas.com\/#website","url":"https:\/\/thehendoideas.com\/","name":"Feste di addio al nubilato dell'agenzia","description":"I migliori servizi di addio al nubilato","publisher":{"@id":"https:\/\/thehendoideas.com\/#organization"},"alternateName":"Hen Parties","potentialAction":[{"@type":"SearchAction","target":{"@type":"EntryPoint","urlTemplate":"https:\/\/thehendoideas.com\/?s={search_term_string}"},"query-input":{"@type":"PropertyValueSpecification","valueRequired":true,"valueName":"search_term_string"}}],"inLanguage":"it-IT"},{"@type":"Organization","@id":"https:\/\/thehendoideas.com\/#organization","name":"Idee per l'addio al nubilato","alternateName":"Hen Parties","url":"https:\/\/thehendoideas.com\/","logo":{"@type":"ImageObject","inLanguage":"it-IT","@id":"https:\/\/thehendoideas.com\/#\/schema\/logo\/image\/","url":"https:\/\/thehendoideas.com\/wp-content\/uploads\/2024\/04\/Hen-Do-Image-Logo-1.png","contentUrl":"https:\/\/thehendoideas.com\/wp-content\/uploads\/2024\/04\/Hen-Do-Image-Logo-1.png","width":512,"height":512,"caption":"Hen Do Ideas"},"image":{"@id":"https:\/\/thehendoideas.com\/#\/schema\/logo\/image\/"}}]},"product_price_currency":"EUR","og_availability":"instock","product_availability":"instock","product_condition":"new"},"_links":{"self":[{"href":"https:\/\/thehendoideas.com\/it\/wp-json\/wp\/v2\/product\/4015","targetHints":{"allow":["GET"]}}],"collection":[{"href":"https:\/\/thehendoideas.com\/it\/wp-json\/wp\/v2\/product"}],"about":[{"href":"https:\/\/thehendoideas.com\/it\/wp-json\/wp\/v2\/types\/product"}],"replies":[{"embeddable":true,"href":"https:\/\/thehendoideas.com\/it\/wp-json\/wp\/v2\/comments?post=4015"}],"wp:featuredmedia":[{"embeddable":true,"href":"https:\/\/thehendoideas.com\/it\/wp-json\/wp\/v2\/media\/3856"}],"wp:attachment":[{"href":"https:\/\/thehendoideas.com\/it\/wp-json\/wp\/v2\/media?parent=4015"}],"wp:term":[{"taxonomy":"product_brand","embeddable":true,"href":"https:\/\/thehendoideas.com\/it\/wp-json\/wp\/v2\/product_brand?post=4015"},{"taxonomy":"product_cat","embeddable":true,"href":"https:\/\/thehendoideas.com\/it\/wp-json\/wp\/v2\/product_cat?post=4015"},{"taxonomy":"product_tag","embeddable":true,"href":"https:\/\/thehendoideas.com\/it\/wp-json\/wp\/v2\/product_tag?post=4015"}],"curies":[{"name":"wp","href":"https:\/\/api.w.org\/{rel}","templated":true}]}}