{"id":4218,"date":"2024-12-23T12:33:33","date_gmt":"2024-12-23T12:33:33","guid":{"rendered":"https:\/\/thehendoideas.com\/activity\/canoping-adventure-circuit\/"},"modified":"2025-01-28T12:17:58","modified_gmt":"2025-01-28T12:17:58","slug":"canoping-adventure-circuit","status":"publish","type":"product","link":"https:\/\/thehendoideas.com\/it\/activity\/canoping-adventure-circuit\/","title":{"rendered":"Circuito avventura CANOPING"},"content":{"rendered":"<p>Preparatevi a immergervi in un'esperienza indimenticabile. Il circuito Emotion vi offre un'esperienza emozionante con 23 prove diverse di vari livelli di difficolt\u00e0 che vi metteranno alla prova mentalmente e fisicamente nel miglior modo possibile! Dal suolo della foresta alle cime degli alberi, potrete sperimentare la diversit\u00e0 del percorso. L'altezza delle piattaforme \u00e8 di circa 4 metri. + Nel circuito Canopy, in mezzo alla foresta e tra gli alberi pi\u00f9 alti, troverete le nostre piattaforme a un'altezza di 8-10 metri.<br \/>\nIl nostro circuito ha un totale di 20 prove con 10 linee zip di varia lunghezza. Questa attivit\u00e0 \u00e8 perfetta per chi apprezza sia il relax che l'emozione. Godetevi ogni momento circondati da uno scenario mozzafiato, con percorsi accuratamente pianificati e servizi pensati per il vostro comfort.<\/p>","protected":false},"excerpt":{"rendered":"<p>Scoprite un'esperienza indimenticabile a Lloret de Mar. Min: TBD Max: TBD Durata:  Punto d'incontro: SANTA SUSANA Disponibilit\u00e0: APR-OCT Orario di inizio: TUTTO IL GIORNO Con attivit\u00e0 disponibili tutto l'anno e un punto d'incontro comodamente situato, potrete godere di un orario flessibile che si adatta alle vostre esigenze. Perfetta per tutte le et\u00e0, questa avventura garantisce una giornata piena di divertimento e ricordi indelebili.<\/p>","protected":false},"featured_media":4390,"comment_status":"closed","ping_status":"closed","template":"","meta":[],"product_brand":[],"product_cat":[394],"product_tag":[],"class_list":{"0":"post-4218","1":"product","2":"type-product","3":"status-publish","4":"has-post-thumbnail","6":"product_cat-lloret","8":"first","9":"instock","10":"shipping-taxable","11":"purchasable","12":"product-type-simple"},"yoast_head":"<!-- This site is optimized with the Yoast SEO Premium plugin v24.8 (Yoast SEO v27.5) - https:\/\/yoast.com\/product\/yoast-seo-premium-wordpress\/ -->\n<title>CANOPING Adventure Circuit<\/title>\n<meta name=\"description\" content=\"Get ready to immerse yourself in an unforgettable experience. The Emotion circuit offers you an exciting experience with 23 different tests of various difficulty levels that challenge you mentally and physically in the best possible way! From the forest floor to the treetops, you can experience the diversity of the course. The height of the platforms is approximately 4 meters. + On the Canopy circuit, in the middle of the forest and among the tall trees, you will find our platforms at a height of 8-10 meters. Our circuit has a total of 20 tests with 10 zip lines of various lengths. This activity is perfect for those who value both relaxation and excitement. Enjoy every moment surrounded by stunning scenery, with carefully planned routes and amenities designed for your comfort.\" \/>\n<meta name=\"robots\" content=\"index, follow, max-snippet:-1, max-image-preview:large, max-video-preview:-1\" \/>\n<link rel=\"canonical\" href=\"https:\/\/thehendoideas.com\/it\/activity\/canoping-adventure-circuit\/\" \/>\n<meta property=\"og:locale\" content=\"it_IT\" \/>\n<meta property=\"og:type\" content=\"article\" \/>\n<meta property=\"og:title\" content=\"CANOPING Adventure Circuit\" \/>\n<meta property=\"og:description\" content=\"Get ready to immerse yourself in an unforgettable experience. The Emotion circuit offers you an exciting experience with 23 different tests of various difficulty levels that challenge you mentally and physically in the best possible way! From the forest floor to the treetops, you can experience the diversity of the course. The height of the platforms is approximately 4 meters. + On the Canopy circuit, in the middle of the forest and among the tall trees, you will find our platforms at a height of 8-10 meters. Our circuit has a total of 20 tests with 10 zip lines of various lengths. This activity is perfect for those who value both relaxation and excitement. Enjoy every moment surrounded by stunning scenery, with carefully planned routes and amenities designed for your comfort.\" \/>\n<meta property=\"og:url\" content=\"https:\/\/thehendoideas.com\/it\/activity\/canoping-adventure-circuit\/\" \/>\n<meta property=\"og:site_name\" content=\"The Hen do Ideas\" \/>\n<meta property=\"article:modified_time\" content=\"2025-01-28T12:17:58+00:00\" \/>\n<meta property=\"og:image\" content=\"https:\/\/thehendoideas.com\/wp-content\/uploads\/2025\/01\/4389-valencia-vibes-a-girls-night-out-guide.jpg\" \/>\n\t<meta property=\"og:image:width\" content=\"1536\" \/>\n\t<meta property=\"og:image:height\" content=\"2048\" \/>\n\t<meta property=\"og:image:type\" content=\"image\/jpeg\" \/>\n<meta name=\"twitter:card\" content=\"summary_large_image\" \/>\n<meta name=\"twitter:label1\" content=\"Prezzo\" \/>\n\t<meta name=\"twitter:data1\" content=\"25,00&nbsp;&euro;\" \/>\n\t<meta name=\"twitter:label2\" content=\"Disponibilit\u00e0\" \/>\n\t<meta name=\"twitter:data2\" content=\"In stock\" \/>\n<script type=\"application\/ld+json\" class=\"yoast-schema-graph\">{\"@context\":\"https:\\\/\\\/schema.org\",\"@graph\":[{\"@type\":\"WebPage\",\"@id\":\"https:\\\/\\\/thehendoideas.com\\\/activity\\\/canoping-adventure-circuit\\\/\",\"url\":\"https:\\\/\\\/thehendoideas.com\\\/activity\\\/canoping-adventure-circuit\\\/\",\"name\":\"CANOPING Adventure Circuit\",\"isPartOf\":{\"@id\":\"https:\\\/\\\/thehendoideas.com\\\/#website\"},\"primaryImageOfPage\":{\"@id\":\"https:\\\/\\\/thehendoideas.com\\\/activity\\\/canoping-adventure-circuit\\\/#primaryimage\"},\"image\":{\"@id\":\"https:\\\/\\\/thehendoideas.com\\\/activity\\\/canoping-adventure-circuit\\\/#primaryimage\"},\"thumbnailUrl\":\"https:\\\/\\\/thehendoideas.com\\\/wp-content\\\/uploads\\\/2025\\\/01\\\/4389-valencia-vibes-a-girls-night-out-guide.jpg\",\"datePublished\":\"2024-12-23T12:33:33+00:00\",\"dateModified\":\"2025-01-28T12:17:58+00:00\",\"description\":\"Get ready to immerse yourself in an unforgettable experience. The Emotion circuit offers you an exciting experience with 23 different tests of various difficulty levels that challenge you mentally and physically in the best possible way! From the forest floor to the treetops, you can experience the diversity of the course. The height of the platforms is approximately 4 meters. + On the Canopy circuit, in the middle of the forest and among the tall trees, you will find our platforms at a height of 8-10 meters. Our circuit has a total of 20 tests with 10 zip lines of various lengths. This activity is perfect for those who value both relaxation and excitement. Enjoy every moment surrounded by stunning scenery, with carefully planned routes and amenities designed for your comfort.\",\"breadcrumb\":{\"@id\":\"https:\\\/\\\/thehendoideas.com\\\/activity\\\/canoping-adventure-circuit\\\/#breadcrumb\"},\"inLanguage\":\"it-IT\",\"potentialAction\":[{\"@type\":\"ReadAction\",\"target\":[\"https:\\\/\\\/thehendoideas.com\\\/activity\\\/canoping-adventure-circuit\\\/\"]}]},{\"@type\":\"ImageObject\",\"inLanguage\":\"it-IT\",\"@id\":\"https:\\\/\\\/thehendoideas.com\\\/activity\\\/canoping-adventure-circuit\\\/#primaryimage\",\"url\":\"https:\\\/\\\/thehendoideas.com\\\/wp-content\\\/uploads\\\/2025\\\/01\\\/4389-valencia-vibes-a-girls-night-out-guide.jpg\",\"contentUrl\":\"https:\\\/\\\/thehendoideas.com\\\/wp-content\\\/uploads\\\/2025\\\/01\\\/4389-valencia-vibes-a-girls-night-out-guide.jpg\",\"width\":1536,\"height\":2048,\"caption\":\"Valencia Vibes: A Girls&#8217; Night Out Guide\"},{\"@type\":\"BreadcrumbList\",\"@id\":\"https:\\\/\\\/thehendoideas.com\\\/activity\\\/canoping-adventure-circuit\\\/#breadcrumb\",\"itemListElement\":[{\"@type\":\"ListItem\",\"position\":1,\"name\":\"Home\",\"item\":\"https:\\\/\\\/thehendoideas.com\\\/\"},{\"@type\":\"ListItem\",\"position\":2,\"name\":\"Shop\",\"item\":\"https:\\\/\\\/thehendoideas.com\\\/shop\\\/\"},{\"@type\":\"ListItem\",\"position\":3,\"name\":\"CANOPING Adventure Circuit\"}]},{\"@type\":\"WebSite\",\"@id\":\"https:\\\/\\\/thehendoideas.com\\\/#website\",\"url\":\"https:\\\/\\\/thehendoideas.com\\\/\",\"name\":\"Agency Hen Parties\",\"description\":\"The Best Hen Do Services\",\"publisher\":{\"@id\":\"https:\\\/\\\/thehendoideas.com\\\/#organization\"},\"alternateName\":\"Hen Parties\",\"potentialAction\":[{\"@type\":\"SearchAction\",\"target\":{\"@type\":\"EntryPoint\",\"urlTemplate\":\"https:\\\/\\\/thehendoideas.com\\\/?s={search_term_string}\"},\"query-input\":{\"@type\":\"PropertyValueSpecification\",\"valueRequired\":true,\"valueName\":\"search_term_string\"}}],\"inLanguage\":\"it-IT\"},{\"@type\":\"Organization\",\"@id\":\"https:\\\/\\\/thehendoideas.com\\\/#organization\",\"name\":\"Hen Do Ideas\",\"alternateName\":\"Hen Parties\",\"url\":\"https:\\\/\\\/thehendoideas.com\\\/\",\"logo\":{\"@type\":\"ImageObject\",\"inLanguage\":\"it-IT\",\"@id\":\"https:\\\/\\\/thehendoideas.com\\\/#\\\/schema\\\/logo\\\/image\\\/\",\"url\":\"https:\\\/\\\/thehendoideas.com\\\/wp-content\\\/uploads\\\/2024\\\/04\\\/Hen-Do-Image-Logo-1.png\",\"contentUrl\":\"https:\\\/\\\/thehendoideas.com\\\/wp-content\\\/uploads\\\/2024\\\/04\\\/Hen-Do-Image-Logo-1.png\",\"width\":512,\"height\":512,\"caption\":\"Hen Do Ideas\"},\"image\":{\"@id\":\"https:\\\/\\\/thehendoideas.com\\\/#\\\/schema\\\/logo\\\/image\\\/\"}}]}<\/script>\n<meta property=\"product:price:amount\" content=\"25.00\" \/>\n<meta property=\"product:price:currency\" content=\"EUR\" \/>\n<meta property=\"og:availability\" content=\"instock\" \/>\n<meta property=\"product:availability\" content=\"instock\" \/>\n<meta property=\"product:condition\" content=\"new\" \/>\n<!-- \/ Yoast SEO Premium plugin. -->","yoast_head_json":{"title":"Circuito avventura CANOPING","description":"Preparatevi a immergervi in un'esperienza indimenticabile. Il circuito Emotion vi offre un'esperienza emozionante con 23 prove diverse di vari livelli di difficolt\u00e0 che vi metteranno alla prova mentalmente e fisicamente nel miglior modo possibile! Dal suolo della foresta alle cime degli alberi, potrete sperimentare la diversit\u00e0 del percorso. L'altezza delle piattaforme \u00e8 di circa 4 metri. + Nel circuito Canopy, in mezzo alla foresta e tra gli alberi pi\u00f9 alti, troverete le nostre piattaforme a un'altezza di 8-10 metri. Il nostro circuito ha un totale di 20 prove con 10 zip line di varia lunghezza. Questa attivit\u00e0 \u00e8 perfetta per chi apprezza sia il relax che l'emozione. Godetevi ogni momento circondati da uno scenario mozzafiato, con percorsi accuratamente pianificati e servizi pensati per il vostro comfort.","robots":{"index":"index","follow":"follow","max-snippet":"max-snippet:-1","max-image-preview":"max-image-preview:large","max-video-preview":"max-video-preview:-1"},"canonical":"https:\/\/thehendoideas.com\/it\/activity\/canoping-adventure-circuit\/","og_locale":"it_IT","og_type":"article","og_title":"CANOPING Adventure Circuit","og_description":"Get ready to immerse yourself in an unforgettable experience. The Emotion circuit offers you an exciting experience with 23 different tests of various difficulty levels that challenge you mentally and physically in the best possible way! From the forest floor to the treetops, you can experience the diversity of the course. The height of the platforms is approximately 4 meters. + On the Canopy circuit, in the middle of the forest and among the tall trees, you will find our platforms at a height of 8-10 meters. Our circuit has a total of 20 tests with 10 zip lines of various lengths. This activity is perfect for those who value both relaxation and excitement. Enjoy every moment surrounded by stunning scenery, with carefully planned routes and amenities designed for your comfort.","og_url":"https:\/\/thehendoideas.com\/it\/activity\/canoping-adventure-circuit\/","og_site_name":"The Hen do Ideas","article_modified_time":"2025-01-28T12:17:58+00:00","og_image":[{"width":1536,"height":2048,"url":"https:\/\/thehendoideas.com\/wp-content\/uploads\/2025\/01\/4389-valencia-vibes-a-girls-night-out-guide.jpg","type":"image\/jpeg"}],"twitter_card":"summary_large_image","twitter_misc":{"Prezzo":"25,00&nbsp;&euro;","Disponibilit\u00e0":"In stock"},"schema":{"@context":"https:\/\/schema.org","@graph":[{"@type":"WebPage","@id":"https:\/\/thehendoideas.com\/activity\/canoping-adventure-circuit\/","url":"https:\/\/thehendoideas.com\/activity\/canoping-adventure-circuit\/","name":"Circuito avventura CANOPING","isPartOf":{"@id":"https:\/\/thehendoideas.com\/#website"},"primaryImageOfPage":{"@id":"https:\/\/thehendoideas.com\/activity\/canoping-adventure-circuit\/#primaryimage"},"image":{"@id":"https:\/\/thehendoideas.com\/activity\/canoping-adventure-circuit\/#primaryimage"},"thumbnailUrl":"https:\/\/thehendoideas.com\/wp-content\/uploads\/2025\/01\/4389-valencia-vibes-a-girls-night-out-guide.jpg","datePublished":"2024-12-23T12:33:33+00:00","dateModified":"2025-01-28T12:17:58+00:00","description":"Preparatevi a immergervi in un'esperienza indimenticabile. Il circuito Emotion vi offre un'esperienza emozionante con 23 prove diverse di vari livelli di difficolt\u00e0 che vi metteranno alla prova mentalmente e fisicamente nel miglior modo possibile! Dal suolo della foresta alle cime degli alberi, potrete sperimentare la diversit\u00e0 del percorso. L'altezza delle piattaforme \u00e8 di circa 4 metri. + Nel circuito Canopy, in mezzo alla foresta e tra gli alberi pi\u00f9 alti, troverete le nostre piattaforme a un'altezza di 8-10 metri. Il nostro circuito ha un totale di 20 prove con 10 zip line di varia lunghezza. Questa attivit\u00e0 \u00e8 perfetta per chi apprezza sia il relax che l'emozione. Godetevi ogni momento circondati da uno scenario mozzafiato, con percorsi accuratamente pianificati e servizi pensati per il vostro comfort.","breadcrumb":{"@id":"https:\/\/thehendoideas.com\/activity\/canoping-adventure-circuit\/#breadcrumb"},"inLanguage":"it-IT","potentialAction":[{"@type":"ReadAction","target":["https:\/\/thehendoideas.com\/activity\/canoping-adventure-circuit\/"]}]},{"@type":"ImageObject","inLanguage":"it-IT","@id":"https:\/\/thehendoideas.com\/activity\/canoping-adventure-circuit\/#primaryimage","url":"https:\/\/thehendoideas.com\/wp-content\/uploads\/2025\/01\/4389-valencia-vibes-a-girls-night-out-guide.jpg","contentUrl":"https:\/\/thehendoideas.com\/wp-content\/uploads\/2025\/01\/4389-valencia-vibes-a-girls-night-out-guide.jpg","width":1536,"height":2048,"caption":"Valencia Vibes: A Girls&#8217; Night Out Guide"},{"@type":"BreadcrumbList","@id":"https:\/\/thehendoideas.com\/activity\/canoping-adventure-circuit\/#breadcrumb","itemListElement":[{"@type":"ListItem","position":1,"name":"Home","item":"https:\/\/thehendoideas.com\/"},{"@type":"ListItem","position":2,"name":"Shop","item":"https:\/\/thehendoideas.com\/shop\/"},{"@type":"ListItem","position":3,"name":"CANOPING Adventure Circuit"}]},{"@type":"WebSite","@id":"https:\/\/thehendoideas.com\/#website","url":"https:\/\/thehendoideas.com\/","name":"Feste di addio al nubilato dell'agenzia","description":"I migliori servizi di addio al nubilato","publisher":{"@id":"https:\/\/thehendoideas.com\/#organization"},"alternateName":"Hen Parties","potentialAction":[{"@type":"SearchAction","target":{"@type":"EntryPoint","urlTemplate":"https:\/\/thehendoideas.com\/?s={search_term_string}"},"query-input":{"@type":"PropertyValueSpecification","valueRequired":true,"valueName":"search_term_string"}}],"inLanguage":"it-IT"},{"@type":"Organization","@id":"https:\/\/thehendoideas.com\/#organization","name":"Idee per l'addio al nubilato","alternateName":"Hen Parties","url":"https:\/\/thehendoideas.com\/","logo":{"@type":"ImageObject","inLanguage":"it-IT","@id":"https:\/\/thehendoideas.com\/#\/schema\/logo\/image\/","url":"https:\/\/thehendoideas.com\/wp-content\/uploads\/2024\/04\/Hen-Do-Image-Logo-1.png","contentUrl":"https:\/\/thehendoideas.com\/wp-content\/uploads\/2024\/04\/Hen-Do-Image-Logo-1.png","width":512,"height":512,"caption":"Hen Do Ideas"},"image":{"@id":"https:\/\/thehendoideas.com\/#\/schema\/logo\/image\/"}}]},"product_price_amount":"25.00","product_price_currency":"EUR","og_availability":"instock","product_availability":"instock","product_condition":"new"},"_links":{"self":[{"href":"https:\/\/thehendoideas.com\/it\/wp-json\/wp\/v2\/product\/4218","targetHints":{"allow":["GET"]}}],"collection":[{"href":"https:\/\/thehendoideas.com\/it\/wp-json\/wp\/v2\/product"}],"about":[{"href":"https:\/\/thehendoideas.com\/it\/wp-json\/wp\/v2\/types\/product"}],"replies":[{"embeddable":true,"href":"https:\/\/thehendoideas.com\/it\/wp-json\/wp\/v2\/comments?post=4218"}],"wp:featuredmedia":[{"embeddable":true,"href":"https:\/\/thehendoideas.com\/it\/wp-json\/wp\/v2\/media\/4390"}],"wp:attachment":[{"href":"https:\/\/thehendoideas.com\/it\/wp-json\/wp\/v2\/media?parent=4218"}],"wp:term":[{"taxonomy":"product_brand","embeddable":true,"href":"https:\/\/thehendoideas.com\/it\/wp-json\/wp\/v2\/product_brand?post=4218"},{"taxonomy":"product_cat","embeddable":true,"href":"https:\/\/thehendoideas.com\/it\/wp-json\/wp\/v2\/product_cat?post=4218"},{"taxonomy":"product_tag","embeddable":true,"href":"https:\/\/thehendoideas.com\/it\/wp-json\/wp\/v2\/product_tag?post=4218"}],"curies":[{"name":"wp","href":"https:\/\/api.w.org\/{rel}","templated":true}]}}