{"id":4223,"date":"2024-12-23T12:33:37","date_gmt":"2024-12-23T12:33:37","guid":{"rendered":"https:\/\/thehendoideas.com\/activity\/buggie-costa-brava-experience-3-horas\/"},"modified":"2025-01-28T12:19:50","modified_gmt":"2025-01-28T12:19:50","slug":"buggie-costa-brava-experience-3-horas","status":"publish","type":"product","link":"https:\/\/thehendoideas.com\/it\/activity\/buggie-costa-brava-experience-3-horas\/","title":{"rendered":"ESPERIENZA BUGGIE COSTA BRAVA 3 HORAS"},"content":{"rendered":"<p>Preparatevi a immergervi in un'esperienza indimenticabile. trasferimento incluso. un nuovo formato che consente a un gran numero di persone di giocare contemporaneamente, condividendo lo stesso spazio e gareggiando l'una contro l'altra.<br \/>\nDurante questo gioco emozionante, i partecipanti immagineranno di essere stati immediatamente trasportati in un mondo parallelo. Ogni squadra avr\u00e0 il proprio assetto di gioco in una parte della stanza. La corsa contro il tempo \u00e8 iniziata. La tensione \u00e8 palpabile e, naturalmente, la competizione aumenta rapidamente. Le squadre si sfidano e possono darsi consigli o addirittura falsi consigli. Questa attivit\u00e0 \u00e8 perfetta per chi apprezza sia il relax che l'eccitazione. Godetevi ogni momento circondati da uno scenario mozzafiato, con percorsi accuratamente pianificati e servizi pensati per il vostro comfort.<\/p>","protected":false},"excerpt":{"rendered":"<p>Scoprite un'esperienza indimenticabile a Lloret de Mar. Min: 5 Max: TBD Durata:  Punto di incontro: SANTA SUSANA Disponibilit\u00e0: APR-OCT Orario di inizio: TUTTO IL GIORNO Con attivit\u00e0 disponibili tutto l'anno e un punto d'incontro comodamente situato, potrete godere di un programma flessibile che si adatta alle vostre esigenze. Perfetta per tutte le et\u00e0, questa avventura garantisce una giornata piena di divertimento e ricordi indelebili.<\/p>","protected":false},"featured_media":506,"comment_status":"closed","ping_status":"closed","template":"","meta":[],"product_brand":[],"product_cat":[394],"product_tag":[],"class_list":{"0":"post-4223","1":"product","2":"type-product","3":"status-publish","4":"has-post-thumbnail","6":"product_cat-lloret","8":"first","9":"instock","10":"shipping-taxable","11":"purchasable","12":"product-type-simple"},"yoast_head":"<!-- This site is optimized with the Yoast SEO Premium plugin v24.8 (Yoast SEO v27.5) - https:\/\/yoast.com\/product\/yoast-seo-premium-wordpress\/ -->\n<title>BUGGIE COSTA BRAVA EXPERIENCE 3 HORAS<\/title>\n<meta name=\"description\" content=\"Get ready to immerse yourself in an unforgettable experience. transfer included. a new format that allows a large number of people to play simultaneously, sharing the same space and competing against each other. The teams will have 1 hour to solve the puzzle.During this exciting game, participants will imagine that they have been immediately transported to a parallel world. Each team will have its own game setup in one part of the room. The race against the clock has begun. The tension is palpable and, of course, the competition is rapidly increasing. The teams compete and can give each other advice or even false advice. This activity is perfect for those who value both relaxation and excitement. Enjoy every moment surrounded by stunning scenery, with carefully planned routes and amenities designed for your comfort.\" \/>\n<meta name=\"robots\" content=\"index, follow, max-snippet:-1, max-image-preview:large, max-video-preview:-1\" \/>\n<link rel=\"canonical\" href=\"https:\/\/thehendoideas.com\/it\/activity\/buggie-costa-brava-experience-3-horas\/\" \/>\n<meta property=\"og:locale\" content=\"it_IT\" \/>\n<meta property=\"og:type\" content=\"article\" \/>\n<meta property=\"og:title\" content=\"BUGGIE COSTA BRAVA EXPERIENCE 3 HORAS\" \/>\n<meta property=\"og:description\" content=\"Get ready to immerse yourself in an unforgettable experience. transfer included. a new format that allows a large number of people to play simultaneously, sharing the same space and competing against each other. The teams will have 1 hour to solve the puzzle.During this exciting game, participants will imagine that they have been immediately transported to a parallel world. Each team will have its own game setup in one part of the room. The race against the clock has begun. The tension is palpable and, of course, the competition is rapidly increasing. The teams compete and can give each other advice or even false advice. This activity is perfect for those who value both relaxation and excitement. Enjoy every moment surrounded by stunning scenery, with carefully planned routes and amenities designed for your comfort.\" \/>\n<meta property=\"og:url\" content=\"https:\/\/thehendoideas.com\/it\/activity\/buggie-costa-brava-experience-3-horas\/\" \/>\n<meta property=\"og:site_name\" content=\"The Hen do Ideas\" \/>\n<meta property=\"article:modified_time\" content=\"2025-01-28T12:19:50+00:00\" \/>\n<meta property=\"og:image\" content=\"https:\/\/thehendoideas.com\/wp-content\/uploads\/2024\/03\/Conduire-un-Buggy-Majorque.jpg\" \/>\n\t<meta property=\"og:image:width\" content=\"1280\" \/>\n\t<meta property=\"og:image:height\" content=\"1920\" \/>\n\t<meta property=\"og:image:type\" content=\"image\/jpeg\" \/>\n<meta name=\"twitter:card\" content=\"summary_large_image\" \/>\n<meta name=\"twitter:label1\" content=\"Prezzo\" \/>\n\t<meta name=\"twitter:data1\" content=\"240,00&nbsp;&euro;\" \/>\n\t<meta name=\"twitter:label2\" content=\"Disponibilit\u00e0\" \/>\n\t<meta name=\"twitter:data2\" content=\"In stock\" \/>\n<script type=\"application\/ld+json\" class=\"yoast-schema-graph\">{\"@context\":\"https:\\\/\\\/schema.org\",\"@graph\":[{\"@type\":\"WebPage\",\"@id\":\"https:\\\/\\\/thehendoideas.com\\\/activity\\\/buggie-costa-brava-experience-3-horas\\\/\",\"url\":\"https:\\\/\\\/thehendoideas.com\\\/activity\\\/buggie-costa-brava-experience-3-horas\\\/\",\"name\":\"BUGGIE COSTA BRAVA EXPERIENCE 3 HORAS\",\"isPartOf\":{\"@id\":\"https:\\\/\\\/thehendoideas.com\\\/#website\"},\"primaryImageOfPage\":{\"@id\":\"https:\\\/\\\/thehendoideas.com\\\/activity\\\/buggie-costa-brava-experience-3-horas\\\/#primaryimage\"},\"image\":{\"@id\":\"https:\\\/\\\/thehendoideas.com\\\/activity\\\/buggie-costa-brava-experience-3-horas\\\/#primaryimage\"},\"thumbnailUrl\":\"https:\\\/\\\/thehendoideas.com\\\/wp-content\\\/uploads\\\/2024\\\/03\\\/Conduire-un-Buggy-Majorque.jpg\",\"datePublished\":\"2024-12-23T12:33:37+00:00\",\"dateModified\":\"2025-01-28T12:19:50+00:00\",\"description\":\"Get ready to immerse yourself in an unforgettable experience. transfer included. a new format that allows a large number of people to play simultaneously, sharing the same space and competing against each other. The teams will have 1 hour to solve the puzzle.During this exciting game, participants will imagine that they have been immediately transported to a parallel world. Each team will have its own game setup in one part of the room. The race against the clock has begun. The tension is palpable and, of course, the competition is rapidly increasing. The teams compete and can give each other advice or even false advice. This activity is perfect for those who value both relaxation and excitement. Enjoy every moment surrounded by stunning scenery, with carefully planned routes and amenities designed for your comfort.\",\"breadcrumb\":{\"@id\":\"https:\\\/\\\/thehendoideas.com\\\/activity\\\/buggie-costa-brava-experience-3-horas\\\/#breadcrumb\"},\"inLanguage\":\"it-IT\",\"potentialAction\":[{\"@type\":\"ReadAction\",\"target\":[\"https:\\\/\\\/thehendoideas.com\\\/activity\\\/buggie-costa-brava-experience-3-horas\\\/\"]}]},{\"@type\":\"ImageObject\",\"inLanguage\":\"it-IT\",\"@id\":\"https:\\\/\\\/thehendoideas.com\\\/activity\\\/buggie-costa-brava-experience-3-horas\\\/#primaryimage\",\"url\":\"https:\\\/\\\/thehendoideas.com\\\/wp-content\\\/uploads\\\/2024\\\/03\\\/Conduire-un-Buggy-Majorque.jpg\",\"contentUrl\":\"https:\\\/\\\/thehendoideas.com\\\/wp-content\\\/uploads\\\/2024\\\/03\\\/Conduire-un-Buggy-Majorque.jpg\",\"width\":1280,\"height\":1920},{\"@type\":\"BreadcrumbList\",\"@id\":\"https:\\\/\\\/thehendoideas.com\\\/activity\\\/buggie-costa-brava-experience-3-horas\\\/#breadcrumb\",\"itemListElement\":[{\"@type\":\"ListItem\",\"position\":1,\"name\":\"Home\",\"item\":\"https:\\\/\\\/thehendoideas.com\\\/\"},{\"@type\":\"ListItem\",\"position\":2,\"name\":\"Shop\",\"item\":\"https:\\\/\\\/thehendoideas.com\\\/shop\\\/\"},{\"@type\":\"ListItem\",\"position\":3,\"name\":\"BUGGIE COSTA BRAVA EXPERIENCE 3 HORAS\"}]},{\"@type\":\"WebSite\",\"@id\":\"https:\\\/\\\/thehendoideas.com\\\/#website\",\"url\":\"https:\\\/\\\/thehendoideas.com\\\/\",\"name\":\"Agency Hen Parties\",\"description\":\"The Best Hen Do Services\",\"publisher\":{\"@id\":\"https:\\\/\\\/thehendoideas.com\\\/#organization\"},\"alternateName\":\"Hen Parties\",\"potentialAction\":[{\"@type\":\"SearchAction\",\"target\":{\"@type\":\"EntryPoint\",\"urlTemplate\":\"https:\\\/\\\/thehendoideas.com\\\/?s={search_term_string}\"},\"query-input\":{\"@type\":\"PropertyValueSpecification\",\"valueRequired\":true,\"valueName\":\"search_term_string\"}}],\"inLanguage\":\"it-IT\"},{\"@type\":\"Organization\",\"@id\":\"https:\\\/\\\/thehendoideas.com\\\/#organization\",\"name\":\"Hen Do Ideas\",\"alternateName\":\"Hen Parties\",\"url\":\"https:\\\/\\\/thehendoideas.com\\\/\",\"logo\":{\"@type\":\"ImageObject\",\"inLanguage\":\"it-IT\",\"@id\":\"https:\\\/\\\/thehendoideas.com\\\/#\\\/schema\\\/logo\\\/image\\\/\",\"url\":\"https:\\\/\\\/thehendoideas.com\\\/wp-content\\\/uploads\\\/2024\\\/04\\\/Hen-Do-Image-Logo-1.png\",\"contentUrl\":\"https:\\\/\\\/thehendoideas.com\\\/wp-content\\\/uploads\\\/2024\\\/04\\\/Hen-Do-Image-Logo-1.png\",\"width\":512,\"height\":512,\"caption\":\"Hen Do Ideas\"},\"image\":{\"@id\":\"https:\\\/\\\/thehendoideas.com\\\/#\\\/schema\\\/logo\\\/image\\\/\"}}]}<\/script>\n<meta property=\"product:price:amount\" content=\"240.00\" \/>\n<meta property=\"product:price:currency\" content=\"EUR\" \/>\n<meta property=\"og:availability\" content=\"instock\" \/>\n<meta property=\"product:availability\" content=\"instock\" \/>\n<meta property=\"product:condition\" content=\"new\" \/>\n<!-- \/ Yoast SEO Premium plugin. -->","yoast_head_json":{"title":"ESPERIENZA BUGGIE COSTA BRAVA 3 HORAS","description":"Preparatevi a immergervi in un'esperienza indimenticabile. trasferimento incluso. un nuovo formato che permette a un gran numero di persone di giocare contemporaneamente, condividendo lo stesso spazio e gareggiando l'una contro l'altra. Le squadre avranno un'ora di tempo per risolvere l'enigma. Durante questo emozionante gioco, i partecipanti immagineranno di essere stati immediatamente trasportati in un mondo parallelo. Ogni squadra avr\u00e0 il proprio assetto di gioco in una parte della stanza. La corsa contro il tempo \u00e8 iniziata. La tensione \u00e8 palpabile e, naturalmente, la competizione aumenta rapidamente. Le squadre si sfidano e possono darsi consigli o addirittura falsi consigli. Questa attivit\u00e0 \u00e8 perfetta per chi apprezza sia il relax che l'eccitazione. Godetevi ogni momento circondati da uno scenario mozzafiato, con percorsi accuratamente pianificati e servizi pensati per il vostro comfort.","robots":{"index":"index","follow":"follow","max-snippet":"max-snippet:-1","max-image-preview":"max-image-preview:large","max-video-preview":"max-video-preview:-1"},"canonical":"https:\/\/thehendoideas.com\/it\/activity\/buggie-costa-brava-experience-3-horas\/","og_locale":"it_IT","og_type":"article","og_title":"BUGGIE COSTA BRAVA EXPERIENCE 3 HORAS","og_description":"Get ready to immerse yourself in an unforgettable experience. transfer included. a new format that allows a large number of people to play simultaneously, sharing the same space and competing against each other. The teams will have 1 hour to solve the puzzle.During this exciting game, participants will imagine that they have been immediately transported to a parallel world. Each team will have its own game setup in one part of the room. The race against the clock has begun. The tension is palpable and, of course, the competition is rapidly increasing. The teams compete and can give each other advice or even false advice. This activity is perfect for those who value both relaxation and excitement. Enjoy every moment surrounded by stunning scenery, with carefully planned routes and amenities designed for your comfort.","og_url":"https:\/\/thehendoideas.com\/it\/activity\/buggie-costa-brava-experience-3-horas\/","og_site_name":"The Hen do Ideas","article_modified_time":"2025-01-28T12:19:50+00:00","og_image":[{"width":1280,"height":1920,"url":"https:\/\/thehendoideas.com\/wp-content\/uploads\/2024\/03\/Conduire-un-Buggy-Majorque.jpg","type":"image\/jpeg"}],"twitter_card":"summary_large_image","twitter_misc":{"Prezzo":"240,00&nbsp;&euro;","Disponibilit\u00e0":"In stock"},"schema":{"@context":"https:\/\/schema.org","@graph":[{"@type":"WebPage","@id":"https:\/\/thehendoideas.com\/activity\/buggie-costa-brava-experience-3-horas\/","url":"https:\/\/thehendoideas.com\/activity\/buggie-costa-brava-experience-3-horas\/","name":"ESPERIENZA BUGGIE COSTA BRAVA 3 HORAS","isPartOf":{"@id":"https:\/\/thehendoideas.com\/#website"},"primaryImageOfPage":{"@id":"https:\/\/thehendoideas.com\/activity\/buggie-costa-brava-experience-3-horas\/#primaryimage"},"image":{"@id":"https:\/\/thehendoideas.com\/activity\/buggie-costa-brava-experience-3-horas\/#primaryimage"},"thumbnailUrl":"https:\/\/thehendoideas.com\/wp-content\/uploads\/2024\/03\/Conduire-un-Buggy-Majorque.jpg","datePublished":"2024-12-23T12:33:37+00:00","dateModified":"2025-01-28T12:19:50+00:00","description":"Preparatevi a immergervi in un'esperienza indimenticabile. trasferimento incluso. un nuovo formato che permette a un gran numero di persone di giocare contemporaneamente, condividendo lo stesso spazio e gareggiando l'una contro l'altra. Le squadre avranno un'ora di tempo per risolvere l'enigma. Durante questo emozionante gioco, i partecipanti immagineranno di essere stati immediatamente trasportati in un mondo parallelo. Ogni squadra avr\u00e0 il proprio assetto di gioco in una parte della stanza. La corsa contro il tempo \u00e8 iniziata. La tensione \u00e8 palpabile e, naturalmente, la competizione aumenta rapidamente. Le squadre si sfidano e possono darsi consigli o addirittura falsi consigli. Questa attivit\u00e0 \u00e8 perfetta per chi apprezza sia il relax che l'eccitazione. Godetevi ogni momento circondati da uno scenario mozzafiato, con percorsi accuratamente pianificati e servizi pensati per il vostro comfort.","breadcrumb":{"@id":"https:\/\/thehendoideas.com\/activity\/buggie-costa-brava-experience-3-horas\/#breadcrumb"},"inLanguage":"it-IT","potentialAction":[{"@type":"ReadAction","target":["https:\/\/thehendoideas.com\/activity\/buggie-costa-brava-experience-3-horas\/"]}]},{"@type":"ImageObject","inLanguage":"it-IT","@id":"https:\/\/thehendoideas.com\/activity\/buggie-costa-brava-experience-3-horas\/#primaryimage","url":"https:\/\/thehendoideas.com\/wp-content\/uploads\/2024\/03\/Conduire-un-Buggy-Majorque.jpg","contentUrl":"https:\/\/thehendoideas.com\/wp-content\/uploads\/2024\/03\/Conduire-un-Buggy-Majorque.jpg","width":1280,"height":1920},{"@type":"BreadcrumbList","@id":"https:\/\/thehendoideas.com\/activity\/buggie-costa-brava-experience-3-horas\/#breadcrumb","itemListElement":[{"@type":"ListItem","position":1,"name":"Home","item":"https:\/\/thehendoideas.com\/"},{"@type":"ListItem","position":2,"name":"Shop","item":"https:\/\/thehendoideas.com\/shop\/"},{"@type":"ListItem","position":3,"name":"BUGGIE COSTA BRAVA EXPERIENCE 3 HORAS"}]},{"@type":"WebSite","@id":"https:\/\/thehendoideas.com\/#website","url":"https:\/\/thehendoideas.com\/","name":"Feste di addio al nubilato dell'agenzia","description":"I migliori servizi di addio al nubilato","publisher":{"@id":"https:\/\/thehendoideas.com\/#organization"},"alternateName":"Hen Parties","potentialAction":[{"@type":"SearchAction","target":{"@type":"EntryPoint","urlTemplate":"https:\/\/thehendoideas.com\/?s={search_term_string}"},"query-input":{"@type":"PropertyValueSpecification","valueRequired":true,"valueName":"search_term_string"}}],"inLanguage":"it-IT"},{"@type":"Organization","@id":"https:\/\/thehendoideas.com\/#organization","name":"Idee per l'addio al nubilato","alternateName":"Hen Parties","url":"https:\/\/thehendoideas.com\/","logo":{"@type":"ImageObject","inLanguage":"it-IT","@id":"https:\/\/thehendoideas.com\/#\/schema\/logo\/image\/","url":"https:\/\/thehendoideas.com\/wp-content\/uploads\/2024\/04\/Hen-Do-Image-Logo-1.png","contentUrl":"https:\/\/thehendoideas.com\/wp-content\/uploads\/2024\/04\/Hen-Do-Image-Logo-1.png","width":512,"height":512,"caption":"Hen Do Ideas"},"image":{"@id":"https:\/\/thehendoideas.com\/#\/schema\/logo\/image\/"}}]},"product_price_amount":"240.00","product_price_currency":"EUR","og_availability":"instock","product_availability":"instock","product_condition":"new"},"_links":{"self":[{"href":"https:\/\/thehendoideas.com\/it\/wp-json\/wp\/v2\/product\/4223","targetHints":{"allow":["GET"]}}],"collection":[{"href":"https:\/\/thehendoideas.com\/it\/wp-json\/wp\/v2\/product"}],"about":[{"href":"https:\/\/thehendoideas.com\/it\/wp-json\/wp\/v2\/types\/product"}],"replies":[{"embeddable":true,"href":"https:\/\/thehendoideas.com\/it\/wp-json\/wp\/v2\/comments?post=4223"}],"wp:featuredmedia":[{"embeddable":true,"href":"https:\/\/thehendoideas.com\/it\/wp-json\/wp\/v2\/media\/506"}],"wp:attachment":[{"href":"https:\/\/thehendoideas.com\/it\/wp-json\/wp\/v2\/media?parent=4223"}],"wp:term":[{"taxonomy":"product_brand","embeddable":true,"href":"https:\/\/thehendoideas.com\/it\/wp-json\/wp\/v2\/product_brand?post=4223"},{"taxonomy":"product_cat","embeddable":true,"href":"https:\/\/thehendoideas.com\/it\/wp-json\/wp\/v2\/product_cat?post=4223"},{"taxonomy":"product_tag","embeddable":true,"href":"https:\/\/thehendoideas.com\/it\/wp-json\/wp\/v2\/product_tag?post=4223"}],"curies":[{"name":"wp","href":"https:\/\/api.w.org\/{rel}","templated":true}]}}