{"id":4234,"date":"2024-12-23T12:33:47","date_gmt":"2024-12-23T12:33:47","guid":{"rendered":"https:\/\/thehendoideas.com\/activity\/bungee-jumping\/"},"modified":"2025-01-28T12:23:19","modified_gmt":"2025-01-28T12:23:19","slug":"bungee-jumping","status":"publish","type":"product","link":"https:\/\/thehendoideas.com\/it\/activity\/bungee-jumping\/","title":{"rendered":"Bungee Jumping"},"content":{"rendered":"<p>Preparatevi a immergervi in un'esperienza indimenticabile. Provate il Classic jump, riconosciuto come il salto pi\u00f9 alto della Spagna, dove sentirete l'adrenalina del lancio da altezze impressionanti. E come se non bastasse, potrete anche provare il Sling Shot, la fionda umana pi\u00f9 grande della Spagna. Questo nuovo prodotto vi permetter\u00e0 di provare l'emozione di essere lanciati come un proiettile, un'avventura da non perdere! Questa attivit\u00e0 \u00e8 perfetta per chi apprezza sia il relax che l'emozione. Godetevi ogni momento circondati da uno scenario mozzafiato, con percorsi accuratamente pianificati e servizi pensati per il vostro comfort.<\/p>","protected":false},"excerpt":{"rendered":"<p>Scoprite un'esperienza indimenticabile a Lloret de Mar. Min: 2 Max: TBD Durata: 1H Punto di incontro: LLORET DE MAR Disponibilit\u00e0: Con attivit\u00e0 disponibili tutto l'anno e un punto d'incontro comodamente raggiungibile, potrete godere di un programma flessibile che si adatta alle vostre esigenze. Perfetta per tutte le et\u00e0, questa avventura garantisce una giornata piena di divertimento e ricordi indelebili.<\/p>","protected":false},"featured_media":4416,"comment_status":"closed","ping_status":"closed","template":"","meta":[],"product_brand":[],"product_cat":[394],"product_tag":[],"class_list":{"0":"post-4234","1":"product","2":"type-product","3":"status-publish","4":"has-post-thumbnail","6":"product_cat-lloret","8":"first","9":"instock","10":"shipping-taxable","11":"purchasable","12":"product-type-simple"},"yoast_head":"<!-- This site is optimized with the Yoast SEO Premium plugin v24.8 (Yoast SEO v27.5) - https:\/\/yoast.com\/product\/yoast-seo-premium-wordpress\/ -->\n<title>Bungee Jumping<\/title>\n<meta name=\"description\" content=\"Get ready to immerse yourself in an unforgettable experience. Experience the Classic jump, recognised as the highest jump in Spain, where you will feel the adrenaline rush as you launch yourself from impressive heights. And as if that wasn&#039;t enough, you can also try the Sling Shot, the largest human slingshot in Spain. This mind-blowing NEW PRODUCT will allow you to experience the thrill of being launched like a projectile, an adventure you won&#039;t want to miss! This activity is perfect for those who value both relaxation and excitement. Enjoy every moment surrounded by stunning scenery, with carefully planned routes and amenities designed for your comfort.\" \/>\n<meta name=\"robots\" content=\"index, follow, max-snippet:-1, max-image-preview:large, max-video-preview:-1\" \/>\n<link rel=\"canonical\" href=\"https:\/\/thehendoideas.com\/it\/activity\/bungee-jumping\/\" \/>\n<meta property=\"og:locale\" content=\"it_IT\" \/>\n<meta property=\"og:type\" content=\"article\" \/>\n<meta property=\"og:title\" content=\"Bungee Jumping\" \/>\n<meta property=\"og:description\" content=\"Get ready to immerse yourself in an unforgettable experience. Experience the Classic jump, recognised as the highest jump in Spain, where you will feel the adrenaline rush as you launch yourself from impressive heights. And as if that wasn&#039;t enough, you can also try the Sling Shot, the largest human slingshot in Spain. This mind-blowing NEW PRODUCT will allow you to experience the thrill of being launched like a projectile, an adventure you won&#039;t want to miss! This activity is perfect for those who value both relaxation and excitement. Enjoy every moment surrounded by stunning scenery, with carefully planned routes and amenities designed for your comfort.\" \/>\n<meta property=\"og:url\" content=\"https:\/\/thehendoideas.com\/it\/activity\/bungee-jumping\/\" \/>\n<meta property=\"og:site_name\" content=\"The Hen do Ideas\" \/>\n<meta property=\"article:modified_time\" content=\"2025-01-28T12:23:19+00:00\" \/>\n<meta property=\"og:image\" content=\"https:\/\/thehendoideas.com\/wp-content\/uploads\/2025\/01\/Bungee-Jumping.jpg\" \/>\n\t<meta property=\"og:image:width\" content=\"640\" \/>\n\t<meta property=\"og:image:height\" content=\"427\" \/>\n\t<meta property=\"og:image:type\" content=\"image\/jpeg\" \/>\n<meta name=\"twitter:card\" content=\"summary_large_image\" \/>\n<meta name=\"twitter:label1\" content=\"Prezzo\" \/>\n\t<meta name=\"twitter:data1\" content=\"60,00&nbsp;&euro;\" \/>\n\t<meta name=\"twitter:label2\" content=\"Disponibilit\u00e0\" \/>\n\t<meta name=\"twitter:data2\" content=\"In stock\" \/>\n<script type=\"application\/ld+json\" class=\"yoast-schema-graph\">{\"@context\":\"https:\\\/\\\/schema.org\",\"@graph\":[{\"@type\":\"WebPage\",\"@id\":\"https:\\\/\\\/thehendoideas.com\\\/activity\\\/bungee-jumping\\\/\",\"url\":\"https:\\\/\\\/thehendoideas.com\\\/activity\\\/bungee-jumping\\\/\",\"name\":\"Bungee Jumping\",\"isPartOf\":{\"@id\":\"https:\\\/\\\/thehendoideas.com\\\/#website\"},\"primaryImageOfPage\":{\"@id\":\"https:\\\/\\\/thehendoideas.com\\\/activity\\\/bungee-jumping\\\/#primaryimage\"},\"image\":{\"@id\":\"https:\\\/\\\/thehendoideas.com\\\/activity\\\/bungee-jumping\\\/#primaryimage\"},\"thumbnailUrl\":\"https:\\\/\\\/thehendoideas.com\\\/wp-content\\\/uploads\\\/2025\\\/01\\\/Bungee-Jumping.jpg\",\"datePublished\":\"2024-12-23T12:33:47+00:00\",\"dateModified\":\"2025-01-28T12:23:19+00:00\",\"description\":\"Get ready to immerse yourself in an unforgettable experience. Experience the Classic jump, recognised as the highest jump in Spain, where you will feel the adrenaline rush as you launch yourself from impressive heights. And as if that wasn't enough, you can also try the Sling Shot, the largest human slingshot in Spain. This mind-blowing NEW PRODUCT will allow you to experience the thrill of being launched like a projectile, an adventure you won't want to miss! This activity is perfect for those who value both relaxation and excitement. Enjoy every moment surrounded by stunning scenery, with carefully planned routes and amenities designed for your comfort.\",\"breadcrumb\":{\"@id\":\"https:\\\/\\\/thehendoideas.com\\\/activity\\\/bungee-jumping\\\/#breadcrumb\"},\"inLanguage\":\"it-IT\",\"potentialAction\":[{\"@type\":\"ReadAction\",\"target\":[\"https:\\\/\\\/thehendoideas.com\\\/activity\\\/bungee-jumping\\\/\"]}]},{\"@type\":\"ImageObject\",\"inLanguage\":\"it-IT\",\"@id\":\"https:\\\/\\\/thehendoideas.com\\\/activity\\\/bungee-jumping\\\/#primaryimage\",\"url\":\"https:\\\/\\\/thehendoideas.com\\\/wp-content\\\/uploads\\\/2025\\\/01\\\/Bungee-Jumping.jpg\",\"contentUrl\":\"https:\\\/\\\/thehendoideas.com\\\/wp-content\\\/uploads\\\/2025\\\/01\\\/Bungee-Jumping.jpg\",\"width\":640,\"height\":427},{\"@type\":\"BreadcrumbList\",\"@id\":\"https:\\\/\\\/thehendoideas.com\\\/activity\\\/bungee-jumping\\\/#breadcrumb\",\"itemListElement\":[{\"@type\":\"ListItem\",\"position\":1,\"name\":\"Home\",\"item\":\"https:\\\/\\\/thehendoideas.com\\\/\"},{\"@type\":\"ListItem\",\"position\":2,\"name\":\"Shop\",\"item\":\"https:\\\/\\\/thehendoideas.com\\\/shop\\\/\"},{\"@type\":\"ListItem\",\"position\":3,\"name\":\"Bungee Jumping\"}]},{\"@type\":\"WebSite\",\"@id\":\"https:\\\/\\\/thehendoideas.com\\\/#website\",\"url\":\"https:\\\/\\\/thehendoideas.com\\\/\",\"name\":\"Agency Hen Parties\",\"description\":\"The Best Hen Do Services\",\"publisher\":{\"@id\":\"https:\\\/\\\/thehendoideas.com\\\/#organization\"},\"alternateName\":\"Hen Parties\",\"potentialAction\":[{\"@type\":\"SearchAction\",\"target\":{\"@type\":\"EntryPoint\",\"urlTemplate\":\"https:\\\/\\\/thehendoideas.com\\\/?s={search_term_string}\"},\"query-input\":{\"@type\":\"PropertyValueSpecification\",\"valueRequired\":true,\"valueName\":\"search_term_string\"}}],\"inLanguage\":\"it-IT\"},{\"@type\":\"Organization\",\"@id\":\"https:\\\/\\\/thehendoideas.com\\\/#organization\",\"name\":\"Hen Do Ideas\",\"alternateName\":\"Hen Parties\",\"url\":\"https:\\\/\\\/thehendoideas.com\\\/\",\"logo\":{\"@type\":\"ImageObject\",\"inLanguage\":\"it-IT\",\"@id\":\"https:\\\/\\\/thehendoideas.com\\\/#\\\/schema\\\/logo\\\/image\\\/\",\"url\":\"https:\\\/\\\/thehendoideas.com\\\/wp-content\\\/uploads\\\/2024\\\/04\\\/Hen-Do-Image-Logo-1.png\",\"contentUrl\":\"https:\\\/\\\/thehendoideas.com\\\/wp-content\\\/uploads\\\/2024\\\/04\\\/Hen-Do-Image-Logo-1.png\",\"width\":512,\"height\":512,\"caption\":\"Hen Do Ideas\"},\"image\":{\"@id\":\"https:\\\/\\\/thehendoideas.com\\\/#\\\/schema\\\/logo\\\/image\\\/\"}}]}<\/script>\n<meta property=\"product:price:amount\" content=\"60.00\" \/>\n<meta property=\"product:price:currency\" content=\"EUR\" \/>\n<meta property=\"og:availability\" content=\"instock\" \/>\n<meta property=\"product:availability\" content=\"instock\" \/>\n<meta property=\"product:condition\" content=\"new\" \/>\n<!-- \/ Yoast SEO Premium plugin. -->","yoast_head_json":{"title":"Bungee Jumping","description":"Preparatevi a immergervi in un'esperienza indimenticabile. Provate il Classic jump, riconosciuto come il salto pi\u00f9 alto della Spagna, dove sentirete l'adrenalina del lancio da altezze impressionanti. E come se non bastasse, potrete anche provare il Sling Shot, la fionda umana pi\u00f9 grande della Spagna. Questo nuovo prodotto vi permetter\u00e0 di provare l'emozione di essere lanciati come un proiettile, un'avventura da non perdere! Questa attivit\u00e0 \u00e8 perfetta per chi apprezza sia il relax che l'emozione. Godetevi ogni momento circondati da uno scenario mozzafiato, con percorsi accuratamente pianificati e servizi pensati per il vostro comfort.","robots":{"index":"index","follow":"follow","max-snippet":"max-snippet:-1","max-image-preview":"max-image-preview:large","max-video-preview":"max-video-preview:-1"},"canonical":"https:\/\/thehendoideas.com\/it\/activity\/bungee-jumping\/","og_locale":"it_IT","og_type":"article","og_title":"Bungee Jumping","og_description":"Get ready to immerse yourself in an unforgettable experience. Experience the Classic jump, recognised as the highest jump in Spain, where you will feel the adrenaline rush as you launch yourself from impressive heights. And as if that wasn't enough, you can also try the Sling Shot, the largest human slingshot in Spain. This mind-blowing NEW PRODUCT will allow you to experience the thrill of being launched like a projectile, an adventure you won't want to miss! This activity is perfect for those who value both relaxation and excitement. Enjoy every moment surrounded by stunning scenery, with carefully planned routes and amenities designed for your comfort.","og_url":"https:\/\/thehendoideas.com\/it\/activity\/bungee-jumping\/","og_site_name":"The Hen do Ideas","article_modified_time":"2025-01-28T12:23:19+00:00","og_image":[{"width":640,"height":427,"url":"https:\/\/thehendoideas.com\/wp-content\/uploads\/2025\/01\/Bungee-Jumping.jpg","type":"image\/jpeg"}],"twitter_card":"summary_large_image","twitter_misc":{"Prezzo":"60,00&nbsp;&euro;","Disponibilit\u00e0":"In stock"},"schema":{"@context":"https:\/\/schema.org","@graph":[{"@type":"WebPage","@id":"https:\/\/thehendoideas.com\/activity\/bungee-jumping\/","url":"https:\/\/thehendoideas.com\/activity\/bungee-jumping\/","name":"Bungee Jumping","isPartOf":{"@id":"https:\/\/thehendoideas.com\/#website"},"primaryImageOfPage":{"@id":"https:\/\/thehendoideas.com\/activity\/bungee-jumping\/#primaryimage"},"image":{"@id":"https:\/\/thehendoideas.com\/activity\/bungee-jumping\/#primaryimage"},"thumbnailUrl":"https:\/\/thehendoideas.com\/wp-content\/uploads\/2025\/01\/Bungee-Jumping.jpg","datePublished":"2024-12-23T12:33:47+00:00","dateModified":"2025-01-28T12:23:19+00:00","description":"Preparatevi a immergervi in un'esperienza indimenticabile. Provate il Classic jump, riconosciuto come il salto pi\u00f9 alto della Spagna, dove sentirete l'adrenalina del lancio da altezze impressionanti. E come se non bastasse, potrete anche provare il Sling Shot, la fionda umana pi\u00f9 grande della Spagna. Questo nuovo prodotto vi permetter\u00e0 di provare l'emozione di essere lanciati come un proiettile, un'avventura da non perdere! Questa attivit\u00e0 \u00e8 perfetta per chi apprezza sia il relax che l'emozione. Godetevi ogni momento circondati da uno scenario mozzafiato, con percorsi accuratamente pianificati e servizi pensati per il vostro comfort.","breadcrumb":{"@id":"https:\/\/thehendoideas.com\/activity\/bungee-jumping\/#breadcrumb"},"inLanguage":"it-IT","potentialAction":[{"@type":"ReadAction","target":["https:\/\/thehendoideas.com\/activity\/bungee-jumping\/"]}]},{"@type":"ImageObject","inLanguage":"it-IT","@id":"https:\/\/thehendoideas.com\/activity\/bungee-jumping\/#primaryimage","url":"https:\/\/thehendoideas.com\/wp-content\/uploads\/2025\/01\/Bungee-Jumping.jpg","contentUrl":"https:\/\/thehendoideas.com\/wp-content\/uploads\/2025\/01\/Bungee-Jumping.jpg","width":640,"height":427},{"@type":"BreadcrumbList","@id":"https:\/\/thehendoideas.com\/activity\/bungee-jumping\/#breadcrumb","itemListElement":[{"@type":"ListItem","position":1,"name":"Home","item":"https:\/\/thehendoideas.com\/"},{"@type":"ListItem","position":2,"name":"Shop","item":"https:\/\/thehendoideas.com\/shop\/"},{"@type":"ListItem","position":3,"name":"Bungee Jumping"}]},{"@type":"WebSite","@id":"https:\/\/thehendoideas.com\/#website","url":"https:\/\/thehendoideas.com\/","name":"Feste di addio al nubilato dell'agenzia","description":"I migliori servizi di addio al nubilato","publisher":{"@id":"https:\/\/thehendoideas.com\/#organization"},"alternateName":"Hen Parties","potentialAction":[{"@type":"SearchAction","target":{"@type":"EntryPoint","urlTemplate":"https:\/\/thehendoideas.com\/?s={search_term_string}"},"query-input":{"@type":"PropertyValueSpecification","valueRequired":true,"valueName":"search_term_string"}}],"inLanguage":"it-IT"},{"@type":"Organization","@id":"https:\/\/thehendoideas.com\/#organization","name":"Idee per l'addio al nubilato","alternateName":"Hen Parties","url":"https:\/\/thehendoideas.com\/","logo":{"@type":"ImageObject","inLanguage":"it-IT","@id":"https:\/\/thehendoideas.com\/#\/schema\/logo\/image\/","url":"https:\/\/thehendoideas.com\/wp-content\/uploads\/2024\/04\/Hen-Do-Image-Logo-1.png","contentUrl":"https:\/\/thehendoideas.com\/wp-content\/uploads\/2024\/04\/Hen-Do-Image-Logo-1.png","width":512,"height":512,"caption":"Hen Do Ideas"},"image":{"@id":"https:\/\/thehendoideas.com\/#\/schema\/logo\/image\/"}}]},"product_price_amount":"60.00","product_price_currency":"EUR","og_availability":"instock","product_availability":"instock","product_condition":"new"},"_links":{"self":[{"href":"https:\/\/thehendoideas.com\/it\/wp-json\/wp\/v2\/product\/4234","targetHints":{"allow":["GET"]}}],"collection":[{"href":"https:\/\/thehendoideas.com\/it\/wp-json\/wp\/v2\/product"}],"about":[{"href":"https:\/\/thehendoideas.com\/it\/wp-json\/wp\/v2\/types\/product"}],"replies":[{"embeddable":true,"href":"https:\/\/thehendoideas.com\/it\/wp-json\/wp\/v2\/comments?post=4234"}],"wp:featuredmedia":[{"embeddable":true,"href":"https:\/\/thehendoideas.com\/it\/wp-json\/wp\/v2\/media\/4416"}],"wp:attachment":[{"href":"https:\/\/thehendoideas.com\/it\/wp-json\/wp\/v2\/media?parent=4234"}],"wp:term":[{"taxonomy":"product_brand","embeddable":true,"href":"https:\/\/thehendoideas.com\/it\/wp-json\/wp\/v2\/product_brand?post=4234"},{"taxonomy":"product_cat","embeddable":true,"href":"https:\/\/thehendoideas.com\/it\/wp-json\/wp\/v2\/product_cat?post=4234"},{"taxonomy":"product_tag","embeddable":true,"href":"https:\/\/thehendoideas.com\/it\/wp-json\/wp\/v2\/product_tag?post=4234"}],"curies":[{"name":"wp","href":"https:\/\/api.w.org\/{rel}","templated":true}]}}