{"id":4237,"date":"2024-12-23T12:33:50","date_gmt":"2024-12-23T12:33:50","guid":{"rendered":"https:\/\/thehendoideas.com\/activity\/shared-catamaran-sailig-along-the-costa-brava\/"},"modified":"2025-01-28T12:24:16","modified_gmt":"2025-01-28T12:24:16","slug":"shared-catamaran-sailig-along-the-costa-brava","status":"publish","type":"product","link":"https:\/\/thehendoideas.com\/it\/activity\/shared-catamaran-sailig-along-the-costa-brava\/","title":{"rendered":"Navigazione in catamarano condiviso lungo la Costa Brava"},"content":{"rendered":"<p>Preparatevi a immergervi in un'esperienza indimenticabile. Godetevi una gita lungo la Costa Brava. Adatta sia agli adulti che ai bambini, questa attivit\u00e0 dovrebbe essere sulla vostra lista se volete godere di viste eccezionali sulle spiagge che ci sono state privilegiate. Siamo dotati di moto d'acqua Yamaha di ultima generazione, con le quali sar\u00e0 molto facile controllare e godersi il viaggio. Questa attivit\u00e0 \u00e8 perfetta per chi apprezza sia il relax che l'eccitazione. Godetevi ogni momento circondati da uno scenario mozzafiato, con percorsi accuratamente pianificati e servizi pensati per il vostro comfort.<\/p>","protected":false},"excerpt":{"rendered":"<p>Scoprite un'esperienza indimenticabile a Lloret de Mar. Min: TBD Max: Durata: 30MIN Punto di incontro: LLORET DE MAT Disponibilit\u00e0: APR-OCT Orario di inizio: TUTTO IL GIORNO Con attivit\u00e0 disponibili tutto l'anno e un punto d'incontro convenientemente situato, potrete godere di un orario flessibile che si adatta alle vostre esigenze. Perfetta per tutte le et\u00e0, questa avventura garantisce una giornata piena di divertimento e ricordi indelebili.<\/p>","protected":false},"featured_media":3648,"comment_status":"closed","ping_status":"closed","template":"","meta":[],"product_brand":[],"product_cat":[394],"product_tag":[],"class_list":{"0":"post-4237","1":"product","2":"type-product","3":"status-publish","4":"has-post-thumbnail","6":"product_cat-lloret","8":"first","9":"instock","10":"shipping-taxable","11":"purchasable","12":"product-type-simple"},"yoast_head":"<!-- This site is optimized with the Yoast SEO Premium plugin v24.8 (Yoast SEO v27.5) - https:\/\/yoast.com\/product\/yoast-seo-premium-wordpress\/ -->\n<title>Shared Catamaran sailig along the Costa Brava<\/title>\n<meta name=\"description\" content=\"Get ready to immerse yourself in an unforgettable experience. Enjoy a trip along the Costa Brava. Suitable for both adults and children, this activity should be on your list if you want to enjoy exceptional views of the beaches that are privileged to us. We are equipped with the latest generation of jet skis on the market from Yamaha, with which you will find it very easy to control and enjoy the ride. This activity is perfect for those who value both relaxation and excitement. Enjoy every moment surrounded by stunning scenery, with carefully planned routes and amenities designed for your comfort.\" \/>\n<meta name=\"robots\" content=\"index, follow, max-snippet:-1, max-image-preview:large, max-video-preview:-1\" \/>\n<link rel=\"canonical\" href=\"https:\/\/thehendoideas.com\/it\/activity\/shared-catamaran-sailig-along-the-costa-brava\/\" \/>\n<meta property=\"og:locale\" content=\"it_IT\" \/>\n<meta property=\"og:type\" content=\"article\" \/>\n<meta property=\"og:title\" content=\"Shared Catamaran sailig along the Costa Brava\" \/>\n<meta property=\"og:description\" content=\"Get ready to immerse yourself in an unforgettable experience. Enjoy a trip along the Costa Brava. Suitable for both adults and children, this activity should be on your list if you want to enjoy exceptional views of the beaches that are privileged to us. We are equipped with the latest generation of jet skis on the market from Yamaha, with which you will find it very easy to control and enjoy the ride. This activity is perfect for those who value both relaxation and excitement. Enjoy every moment surrounded by stunning scenery, with carefully planned routes and amenities designed for your comfort.\" \/>\n<meta property=\"og:url\" content=\"https:\/\/thehendoideas.com\/it\/activity\/shared-catamaran-sailig-along-the-costa-brava\/\" \/>\n<meta property=\"og:site_name\" content=\"The Hen do Ideas\" \/>\n<meta property=\"article:modified_time\" content=\"2025-01-28T12:24:16+00:00\" \/>\n<meta property=\"og:image\" content=\"https:\/\/thehendoideas.com\/wp-content\/uploads\/2024\/12\/Private-catamaran-img.jpeg\" \/>\n\t<meta property=\"og:image:width\" content=\"1024\" \/>\n\t<meta property=\"og:image:height\" content=\"1024\" \/>\n\t<meta property=\"og:image:type\" content=\"image\/jpeg\" \/>\n<meta name=\"twitter:card\" content=\"summary_large_image\" \/>\n<meta name=\"twitter:label1\" content=\"Prezzo\" \/>\n\t<meta name=\"twitter:data1\" content=\"48,00&nbsp;&euro;\" \/>\n\t<meta name=\"twitter:label2\" content=\"Disponibilit\u00e0\" \/>\n\t<meta name=\"twitter:data2\" content=\"In stock\" \/>\n<script type=\"application\/ld+json\" class=\"yoast-schema-graph\">{\"@context\":\"https:\\\/\\\/schema.org\",\"@graph\":[{\"@type\":\"WebPage\",\"@id\":\"https:\\\/\\\/thehendoideas.com\\\/activity\\\/shared-catamaran-sailig-along-the-costa-brava\\\/\",\"url\":\"https:\\\/\\\/thehendoideas.com\\\/activity\\\/shared-catamaran-sailig-along-the-costa-brava\\\/\",\"name\":\"Shared Catamaran sailig along the Costa Brava\",\"isPartOf\":{\"@id\":\"https:\\\/\\\/thehendoideas.com\\\/#website\"},\"primaryImageOfPage\":{\"@id\":\"https:\\\/\\\/thehendoideas.com\\\/activity\\\/shared-catamaran-sailig-along-the-costa-brava\\\/#primaryimage\"},\"image\":{\"@id\":\"https:\\\/\\\/thehendoideas.com\\\/activity\\\/shared-catamaran-sailig-along-the-costa-brava\\\/#primaryimage\"},\"thumbnailUrl\":\"https:\\\/\\\/thehendoideas.com\\\/wp-content\\\/uploads\\\/2024\\\/12\\\/Private-catamaran-img.jpeg\",\"datePublished\":\"2024-12-23T12:33:50+00:00\",\"dateModified\":\"2025-01-28T12:24:16+00:00\",\"description\":\"Get ready to immerse yourself in an unforgettable experience. Enjoy a trip along the Costa Brava. Suitable for both adults and children, this activity should be on your list if you want to enjoy exceptional views of the beaches that are privileged to us. We are equipped with the latest generation of jet skis on the market from Yamaha, with which you will find it very easy to control and enjoy the ride. This activity is perfect for those who value both relaxation and excitement. Enjoy every moment surrounded by stunning scenery, with carefully planned routes and amenities designed for your comfort.\",\"breadcrumb\":{\"@id\":\"https:\\\/\\\/thehendoideas.com\\\/activity\\\/shared-catamaran-sailig-along-the-costa-brava\\\/#breadcrumb\"},\"inLanguage\":\"it-IT\",\"potentialAction\":[{\"@type\":\"ReadAction\",\"target\":[\"https:\\\/\\\/thehendoideas.com\\\/activity\\\/shared-catamaran-sailig-along-the-costa-brava\\\/\"]}]},{\"@type\":\"ImageObject\",\"inLanguage\":\"it-IT\",\"@id\":\"https:\\\/\\\/thehendoideas.com\\\/activity\\\/shared-catamaran-sailig-along-the-costa-brava\\\/#primaryimage\",\"url\":\"https:\\\/\\\/thehendoideas.com\\\/wp-content\\\/uploads\\\/2024\\\/12\\\/Private-catamaran-img.jpeg\",\"contentUrl\":\"https:\\\/\\\/thehendoideas.com\\\/wp-content\\\/uploads\\\/2024\\\/12\\\/Private-catamaran-img.jpeg\",\"width\":1024,\"height\":1024},{\"@type\":\"BreadcrumbList\",\"@id\":\"https:\\\/\\\/thehendoideas.com\\\/activity\\\/shared-catamaran-sailig-along-the-costa-brava\\\/#breadcrumb\",\"itemListElement\":[{\"@type\":\"ListItem\",\"position\":1,\"name\":\"Home\",\"item\":\"https:\\\/\\\/thehendoideas.com\\\/\"},{\"@type\":\"ListItem\",\"position\":2,\"name\":\"Shop\",\"item\":\"https:\\\/\\\/thehendoideas.com\\\/shop\\\/\"},{\"@type\":\"ListItem\",\"position\":3,\"name\":\"Shared Catamaran sailig along the Costa Brava\"}]},{\"@type\":\"WebSite\",\"@id\":\"https:\\\/\\\/thehendoideas.com\\\/#website\",\"url\":\"https:\\\/\\\/thehendoideas.com\\\/\",\"name\":\"Agency Hen Parties\",\"description\":\"The Best Hen Do Services\",\"publisher\":{\"@id\":\"https:\\\/\\\/thehendoideas.com\\\/#organization\"},\"alternateName\":\"Hen Parties\",\"potentialAction\":[{\"@type\":\"SearchAction\",\"target\":{\"@type\":\"EntryPoint\",\"urlTemplate\":\"https:\\\/\\\/thehendoideas.com\\\/?s={search_term_string}\"},\"query-input\":{\"@type\":\"PropertyValueSpecification\",\"valueRequired\":true,\"valueName\":\"search_term_string\"}}],\"inLanguage\":\"it-IT\"},{\"@type\":\"Organization\",\"@id\":\"https:\\\/\\\/thehendoideas.com\\\/#organization\",\"name\":\"Hen Do Ideas\",\"alternateName\":\"Hen Parties\",\"url\":\"https:\\\/\\\/thehendoideas.com\\\/\",\"logo\":{\"@type\":\"ImageObject\",\"inLanguage\":\"it-IT\",\"@id\":\"https:\\\/\\\/thehendoideas.com\\\/#\\\/schema\\\/logo\\\/image\\\/\",\"url\":\"https:\\\/\\\/thehendoideas.com\\\/wp-content\\\/uploads\\\/2024\\\/04\\\/Hen-Do-Image-Logo-1.png\",\"contentUrl\":\"https:\\\/\\\/thehendoideas.com\\\/wp-content\\\/uploads\\\/2024\\\/04\\\/Hen-Do-Image-Logo-1.png\",\"width\":512,\"height\":512,\"caption\":\"Hen Do Ideas\"},\"image\":{\"@id\":\"https:\\\/\\\/thehendoideas.com\\\/#\\\/schema\\\/logo\\\/image\\\/\"}}]}<\/script>\n<meta property=\"product:price:amount\" content=\"48.00\" \/>\n<meta property=\"product:price:currency\" content=\"EUR\" \/>\n<meta property=\"og:availability\" content=\"instock\" \/>\n<meta property=\"product:availability\" content=\"instock\" \/>\n<meta property=\"product:condition\" content=\"new\" \/>\n<!-- \/ Yoast SEO Premium plugin. -->","yoast_head_json":{"title":"Navigazione in catamarano condiviso lungo la Costa Brava","description":"Preparatevi a immergervi in un'esperienza indimenticabile. Godetevi una gita lungo la Costa Brava. Adatta sia agli adulti che ai bambini, questa attivit\u00e0 dovrebbe essere sulla vostra lista se volete godere di viste eccezionali sulle spiagge che ci sono state privilegiate. Siamo dotati di moto d'acqua Yamaha di ultima generazione, con le quali sar\u00e0 molto facile controllare e godersi il viaggio. Questa attivit\u00e0 \u00e8 perfetta per chi apprezza sia il relax che l'eccitazione. Godetevi ogni momento circondati da uno scenario mozzafiato, con percorsi accuratamente pianificati e servizi pensati per il vostro comfort.","robots":{"index":"index","follow":"follow","max-snippet":"max-snippet:-1","max-image-preview":"max-image-preview:large","max-video-preview":"max-video-preview:-1"},"canonical":"https:\/\/thehendoideas.com\/it\/activity\/shared-catamaran-sailig-along-the-costa-brava\/","og_locale":"it_IT","og_type":"article","og_title":"Shared Catamaran sailig along the Costa Brava","og_description":"Get ready to immerse yourself in an unforgettable experience. Enjoy a trip along the Costa Brava. Suitable for both adults and children, this activity should be on your list if you want to enjoy exceptional views of the beaches that are privileged to us. We are equipped with the latest generation of jet skis on the market from Yamaha, with which you will find it very easy to control and enjoy the ride. This activity is perfect for those who value both relaxation and excitement. Enjoy every moment surrounded by stunning scenery, with carefully planned routes and amenities designed for your comfort.","og_url":"https:\/\/thehendoideas.com\/it\/activity\/shared-catamaran-sailig-along-the-costa-brava\/","og_site_name":"The Hen do Ideas","article_modified_time":"2025-01-28T12:24:16+00:00","og_image":[{"width":1024,"height":1024,"url":"https:\/\/thehendoideas.com\/wp-content\/uploads\/2024\/12\/Private-catamaran-img.jpeg","type":"image\/jpeg"}],"twitter_card":"summary_large_image","twitter_misc":{"Prezzo":"48,00&nbsp;&euro;","Disponibilit\u00e0":"In stock"},"schema":{"@context":"https:\/\/schema.org","@graph":[{"@type":"WebPage","@id":"https:\/\/thehendoideas.com\/activity\/shared-catamaran-sailig-along-the-costa-brava\/","url":"https:\/\/thehendoideas.com\/activity\/shared-catamaran-sailig-along-the-costa-brava\/","name":"Navigazione in catamarano condiviso lungo la Costa Brava","isPartOf":{"@id":"https:\/\/thehendoideas.com\/#website"},"primaryImageOfPage":{"@id":"https:\/\/thehendoideas.com\/activity\/shared-catamaran-sailig-along-the-costa-brava\/#primaryimage"},"image":{"@id":"https:\/\/thehendoideas.com\/activity\/shared-catamaran-sailig-along-the-costa-brava\/#primaryimage"},"thumbnailUrl":"https:\/\/thehendoideas.com\/wp-content\/uploads\/2024\/12\/Private-catamaran-img.jpeg","datePublished":"2024-12-23T12:33:50+00:00","dateModified":"2025-01-28T12:24:16+00:00","description":"Preparatevi a immergervi in un'esperienza indimenticabile. Godetevi una gita lungo la Costa Brava. Adatta sia agli adulti che ai bambini, questa attivit\u00e0 dovrebbe essere sulla vostra lista se volete godere di viste eccezionali sulle spiagge che ci sono state privilegiate. Siamo dotati di moto d'acqua Yamaha di ultima generazione, con le quali sar\u00e0 molto facile controllare e godersi il viaggio. Questa attivit\u00e0 \u00e8 perfetta per chi apprezza sia il relax che l'eccitazione. Godetevi ogni momento circondati da uno scenario mozzafiato, con percorsi accuratamente pianificati e servizi pensati per il vostro comfort.","breadcrumb":{"@id":"https:\/\/thehendoideas.com\/activity\/shared-catamaran-sailig-along-the-costa-brava\/#breadcrumb"},"inLanguage":"it-IT","potentialAction":[{"@type":"ReadAction","target":["https:\/\/thehendoideas.com\/activity\/shared-catamaran-sailig-along-the-costa-brava\/"]}]},{"@type":"ImageObject","inLanguage":"it-IT","@id":"https:\/\/thehendoideas.com\/activity\/shared-catamaran-sailig-along-the-costa-brava\/#primaryimage","url":"https:\/\/thehendoideas.com\/wp-content\/uploads\/2024\/12\/Private-catamaran-img.jpeg","contentUrl":"https:\/\/thehendoideas.com\/wp-content\/uploads\/2024\/12\/Private-catamaran-img.jpeg","width":1024,"height":1024},{"@type":"BreadcrumbList","@id":"https:\/\/thehendoideas.com\/activity\/shared-catamaran-sailig-along-the-costa-brava\/#breadcrumb","itemListElement":[{"@type":"ListItem","position":1,"name":"Home","item":"https:\/\/thehendoideas.com\/"},{"@type":"ListItem","position":2,"name":"Shop","item":"https:\/\/thehendoideas.com\/shop\/"},{"@type":"ListItem","position":3,"name":"Shared Catamaran sailig along the Costa Brava"}]},{"@type":"WebSite","@id":"https:\/\/thehendoideas.com\/#website","url":"https:\/\/thehendoideas.com\/","name":"Feste di addio al nubilato dell'agenzia","description":"I migliori servizi di addio al nubilato","publisher":{"@id":"https:\/\/thehendoideas.com\/#organization"},"alternateName":"Hen Parties","potentialAction":[{"@type":"SearchAction","target":{"@type":"EntryPoint","urlTemplate":"https:\/\/thehendoideas.com\/?s={search_term_string}"},"query-input":{"@type":"PropertyValueSpecification","valueRequired":true,"valueName":"search_term_string"}}],"inLanguage":"it-IT"},{"@type":"Organization","@id":"https:\/\/thehendoideas.com\/#organization","name":"Idee per l'addio al nubilato","alternateName":"Hen Parties","url":"https:\/\/thehendoideas.com\/","logo":{"@type":"ImageObject","inLanguage":"it-IT","@id":"https:\/\/thehendoideas.com\/#\/schema\/logo\/image\/","url":"https:\/\/thehendoideas.com\/wp-content\/uploads\/2024\/04\/Hen-Do-Image-Logo-1.png","contentUrl":"https:\/\/thehendoideas.com\/wp-content\/uploads\/2024\/04\/Hen-Do-Image-Logo-1.png","width":512,"height":512,"caption":"Hen Do Ideas"},"image":{"@id":"https:\/\/thehendoideas.com\/#\/schema\/logo\/image\/"}}]},"product_price_amount":"48.00","product_price_currency":"EUR","og_availability":"instock","product_availability":"instock","product_condition":"new"},"_links":{"self":[{"href":"https:\/\/thehendoideas.com\/it\/wp-json\/wp\/v2\/product\/4237","targetHints":{"allow":["GET"]}}],"collection":[{"href":"https:\/\/thehendoideas.com\/it\/wp-json\/wp\/v2\/product"}],"about":[{"href":"https:\/\/thehendoideas.com\/it\/wp-json\/wp\/v2\/types\/product"}],"replies":[{"embeddable":true,"href":"https:\/\/thehendoideas.com\/it\/wp-json\/wp\/v2\/comments?post=4237"}],"wp:featuredmedia":[{"embeddable":true,"href":"https:\/\/thehendoideas.com\/it\/wp-json\/wp\/v2\/media\/3648"}],"wp:attachment":[{"href":"https:\/\/thehendoideas.com\/it\/wp-json\/wp\/v2\/media?parent=4237"}],"wp:term":[{"taxonomy":"product_brand","embeddable":true,"href":"https:\/\/thehendoideas.com\/it\/wp-json\/wp\/v2\/product_brand?post=4237"},{"taxonomy":"product_cat","embeddable":true,"href":"https:\/\/thehendoideas.com\/it\/wp-json\/wp\/v2\/product_cat?post=4237"},{"taxonomy":"product_tag","embeddable":true,"href":"https:\/\/thehendoideas.com\/it\/wp-json\/wp\/v2\/product_tag?post=4237"}],"curies":[{"name":"wp","href":"https:\/\/api.w.org\/{rel}","templated":true}]}}