{"id":4240,"date":"2024-12-23T12:33:53","date_gmt":"2024-12-23T12:33:53","guid":{"rendered":"https:\/\/thehendoideas.com\/activity\/guided-route-in-padel-sup-snorkeling\/"},"modified":"2025-01-28T12:24:53","modified_gmt":"2025-01-28T12:24:53","slug":"guided-route-in-padel-sup-snorkeling","status":"publish","type":"product","link":"https:\/\/thehendoideas.com\/it\/activity\/guided-route-in-padel-sup-snorkeling\/","title":{"rendered":"Percorso guidato in Padel SUP + snorkeling"},"content":{"rendered":"<p>Preparatevi a immergervi in un'esperienza indimenticabile. Navigate, divertitevi, ridete e ballate a bordo della nostra nuova Poontona, un'imbarcazione fantastica da godersi con gli amici o la famiglia con tutti i suoi comfort navigando nella baia di Benidorm, il nostro capitano vi far\u00e0 vivere una giornata fantastica con tutti i comfort a bordo di una barca. Dove potrete mangiare, ballare o rilassarvi.<\/p>\n<p>L'imbarcazione \u00e8 dotata di doccia, lavandino, tendalino, impianto musicale, tavolo e scivolo. La barca ha una capacit\u00e0 di 12 persone. Questa attivit\u00e0 \u00e8 perfetta per chi apprezza sia il relax che l'emozione. Godetevi ogni momento circondati da uno scenario mozzafiato, con percorsi accuratamente pianificati e servizi pensati per il vostro comfort.<\/p>","protected":false},"excerpt":{"rendered":"<p>Scoprite un'esperienza indimenticabile a Lloret de Mar. Min: TBD Max: 8 Durata:  Punto d'incontro: LLORET DE MAR Disponibilit\u00e0: Con attivit\u00e0 disponibili tutto l'anno e un punto d'incontro comodamente situato, potrete godere di un programma flessibile che si adatta alle vostre esigenze. Perfetta per tutte le et\u00e0, questa avventura garantisce una giornata piena di divertimento e di ricordi indelebili.<\/p>","protected":false},"featured_media":4404,"comment_status":"closed","ping_status":"closed","template":"","meta":[],"product_brand":[],"product_cat":[394],"product_tag":[],"class_list":{"0":"post-4240","1":"product","2":"type-product","3":"status-publish","4":"has-post-thumbnail","6":"product_cat-lloret","8":"first","9":"instock","10":"shipping-taxable","11":"purchasable","12":"product-type-simple"},"yoast_head":"<!-- This site is optimized with the Yoast SEO Premium plugin v24.8 (Yoast SEO v27.5) - https:\/\/yoast.com\/product\/yoast-seo-premium-wordpress\/ -->\n<title>Guided Route in Padel SUP + snorkeling<\/title>\n<meta name=\"description\" content=\"Get ready to immerse yourself in an unforgettable experience. Sail, enjoy, laugh and dance aboard our new Poontona, a great boat to enjoy with friends or family with all its comforts sailing through the bay of Benidorm, our captain will make you enjoy a fantastic day with all the comforts on board a boat. Where you can eat, dance or relax. The boat has equipment with a shower, sink, awning, music system, table and slide. The boat has a capacity of 12 people. This activity is perfect for those who value both relaxation and excitement. Enjoy every moment surrounded by stunning scenery, with carefully planned routes and amenities designed for your comfort.\" \/>\n<meta name=\"robots\" content=\"index, follow, max-snippet:-1, max-image-preview:large, max-video-preview:-1\" \/>\n<link rel=\"canonical\" href=\"https:\/\/thehendoideas.com\/it\/activity\/guided-route-in-padel-sup-snorkeling\/\" \/>\n<meta property=\"og:locale\" content=\"it_IT\" \/>\n<meta property=\"og:type\" content=\"article\" \/>\n<meta property=\"og:title\" content=\"Guided Route in Padel SUP + snorkeling\" \/>\n<meta property=\"og:description\" content=\"Get ready to immerse yourself in an unforgettable experience. Sail, enjoy, laugh and dance aboard our new Poontona, a great boat to enjoy with friends or family with all its comforts sailing through the bay of Benidorm, our captain will make you enjoy a fantastic day with all the comforts on board a boat. Where you can eat, dance or relax. The boat has equipment with a shower, sink, awning, music system, table and slide. The boat has a capacity of 12 people. This activity is perfect for those who value both relaxation and excitement. Enjoy every moment surrounded by stunning scenery, with carefully planned routes and amenities designed for your comfort.\" \/>\n<meta property=\"og:url\" content=\"https:\/\/thehendoideas.com\/it\/activity\/guided-route-in-padel-sup-snorkeling\/\" \/>\n<meta property=\"og:site_name\" content=\"The Hen do Ideas\" \/>\n<meta property=\"article:modified_time\" content=\"2025-01-28T12:24:53+00:00\" \/>\n<meta property=\"og:image\" content=\"https:\/\/thehendoideas.com\/wp-content\/uploads\/2025\/01\/PADDLE-SURF.jpg\" \/>\n\t<meta property=\"og:image:width\" content=\"640\" \/>\n\t<meta property=\"og:image:height\" content=\"427\" \/>\n\t<meta property=\"og:image:type\" content=\"image\/jpeg\" \/>\n<meta name=\"twitter:card\" content=\"summary_large_image\" \/>\n<meta name=\"twitter:label1\" content=\"Prezzo\" \/>\n\t<meta name=\"twitter:data1\" content=\"30,00&nbsp;&euro;\" \/>\n\t<meta name=\"twitter:label2\" content=\"Disponibilit\u00e0\" \/>\n\t<meta name=\"twitter:data2\" content=\"In stock\" \/>\n<script type=\"application\/ld+json\" class=\"yoast-schema-graph\">{\"@context\":\"https:\\\/\\\/schema.org\",\"@graph\":[{\"@type\":\"WebPage\",\"@id\":\"https:\\\/\\\/thehendoideas.com\\\/activity\\\/guided-route-in-padel-sup-snorkeling\\\/\",\"url\":\"https:\\\/\\\/thehendoideas.com\\\/activity\\\/guided-route-in-padel-sup-snorkeling\\\/\",\"name\":\"Guided Route in Padel SUP + snorkeling\",\"isPartOf\":{\"@id\":\"https:\\\/\\\/thehendoideas.com\\\/#website\"},\"primaryImageOfPage\":{\"@id\":\"https:\\\/\\\/thehendoideas.com\\\/activity\\\/guided-route-in-padel-sup-snorkeling\\\/#primaryimage\"},\"image\":{\"@id\":\"https:\\\/\\\/thehendoideas.com\\\/activity\\\/guided-route-in-padel-sup-snorkeling\\\/#primaryimage\"},\"thumbnailUrl\":\"https:\\\/\\\/thehendoideas.com\\\/wp-content\\\/uploads\\\/2025\\\/01\\\/PADDLE-SURF.jpg\",\"datePublished\":\"2024-12-23T12:33:53+00:00\",\"dateModified\":\"2025-01-28T12:24:53+00:00\",\"description\":\"Get ready to immerse yourself in an unforgettable experience. Sail, enjoy, laugh and dance aboard our new Poontona, a great boat to enjoy with friends or family with all its comforts sailing through the bay of Benidorm, our captain will make you enjoy a fantastic day with all the comforts on board a boat. Where you can eat, dance or relax. The boat has equipment with a shower, sink, awning, music system, table and slide. The boat has a capacity of 12 people. This activity is perfect for those who value both relaxation and excitement. Enjoy every moment surrounded by stunning scenery, with carefully planned routes and amenities designed for your comfort.\",\"breadcrumb\":{\"@id\":\"https:\\\/\\\/thehendoideas.com\\\/activity\\\/guided-route-in-padel-sup-snorkeling\\\/#breadcrumb\"},\"inLanguage\":\"it-IT\",\"potentialAction\":[{\"@type\":\"ReadAction\",\"target\":[\"https:\\\/\\\/thehendoideas.com\\\/activity\\\/guided-route-in-padel-sup-snorkeling\\\/\"]}]},{\"@type\":\"ImageObject\",\"inLanguage\":\"it-IT\",\"@id\":\"https:\\\/\\\/thehendoideas.com\\\/activity\\\/guided-route-in-padel-sup-snorkeling\\\/#primaryimage\",\"url\":\"https:\\\/\\\/thehendoideas.com\\\/wp-content\\\/uploads\\\/2025\\\/01\\\/PADDLE-SURF.jpg\",\"contentUrl\":\"https:\\\/\\\/thehendoideas.com\\\/wp-content\\\/uploads\\\/2025\\\/01\\\/PADDLE-SURF.jpg\",\"width\":640,\"height\":427},{\"@type\":\"BreadcrumbList\",\"@id\":\"https:\\\/\\\/thehendoideas.com\\\/activity\\\/guided-route-in-padel-sup-snorkeling\\\/#breadcrumb\",\"itemListElement\":[{\"@type\":\"ListItem\",\"position\":1,\"name\":\"Home\",\"item\":\"https:\\\/\\\/thehendoideas.com\\\/\"},{\"@type\":\"ListItem\",\"position\":2,\"name\":\"Shop\",\"item\":\"https:\\\/\\\/thehendoideas.com\\\/shop\\\/\"},{\"@type\":\"ListItem\",\"position\":3,\"name\":\"Guided Route in Padel SUP + snorkeling\"}]},{\"@type\":\"WebSite\",\"@id\":\"https:\\\/\\\/thehendoideas.com\\\/#website\",\"url\":\"https:\\\/\\\/thehendoideas.com\\\/\",\"name\":\"Agency Hen Parties\",\"description\":\"The Best Hen Do Services\",\"publisher\":{\"@id\":\"https:\\\/\\\/thehendoideas.com\\\/#organization\"},\"alternateName\":\"Hen Parties\",\"potentialAction\":[{\"@type\":\"SearchAction\",\"target\":{\"@type\":\"EntryPoint\",\"urlTemplate\":\"https:\\\/\\\/thehendoideas.com\\\/?s={search_term_string}\"},\"query-input\":{\"@type\":\"PropertyValueSpecification\",\"valueRequired\":true,\"valueName\":\"search_term_string\"}}],\"inLanguage\":\"it-IT\"},{\"@type\":\"Organization\",\"@id\":\"https:\\\/\\\/thehendoideas.com\\\/#organization\",\"name\":\"Hen Do Ideas\",\"alternateName\":\"Hen Parties\",\"url\":\"https:\\\/\\\/thehendoideas.com\\\/\",\"logo\":{\"@type\":\"ImageObject\",\"inLanguage\":\"it-IT\",\"@id\":\"https:\\\/\\\/thehendoideas.com\\\/#\\\/schema\\\/logo\\\/image\\\/\",\"url\":\"https:\\\/\\\/thehendoideas.com\\\/wp-content\\\/uploads\\\/2024\\\/04\\\/Hen-Do-Image-Logo-1.png\",\"contentUrl\":\"https:\\\/\\\/thehendoideas.com\\\/wp-content\\\/uploads\\\/2024\\\/04\\\/Hen-Do-Image-Logo-1.png\",\"width\":512,\"height\":512,\"caption\":\"Hen Do Ideas\"},\"image\":{\"@id\":\"https:\\\/\\\/thehendoideas.com\\\/#\\\/schema\\\/logo\\\/image\\\/\"}}]}<\/script>\n<meta property=\"product:price:amount\" content=\"30.00\" \/>\n<meta property=\"product:price:currency\" content=\"EUR\" \/>\n<meta property=\"og:availability\" content=\"instock\" \/>\n<meta property=\"product:availability\" content=\"instock\" \/>\n<meta property=\"product:condition\" content=\"new\" \/>\n<!-- \/ Yoast SEO Premium plugin. -->","yoast_head_json":{"title":"Percorso guidato in Padel SUP + snorkeling","description":"Preparatevi a immergervi in un'esperienza indimenticabile. Navigate, divertitevi, ridete e ballate a bordo della nostra nuova Poontona, un'imbarcazione fantastica da godersi con gli amici o la famiglia con tutti i suoi comfort navigando nella baia di Benidorm, il nostro capitano vi far\u00e0 vivere una giornata fantastica con tutti i comfort a bordo di una barca. Dove potrete mangiare, ballare o rilassarvi. L'imbarcazione \u00e8 dotata di doccia, lavandino, tendalino, impianto musicale, tavolo e scivolo. La barca ha una capacit\u00e0 di 12 persone. Questa attivit\u00e0 \u00e8 perfetta per chi apprezza sia il relax che l'emozione. Godetevi ogni momento circondati da uno scenario mozzafiato, con percorsi accuratamente pianificati e servizi pensati per il vostro comfort.","robots":{"index":"index","follow":"follow","max-snippet":"max-snippet:-1","max-image-preview":"max-image-preview:large","max-video-preview":"max-video-preview:-1"},"canonical":"https:\/\/thehendoideas.com\/it\/activity\/guided-route-in-padel-sup-snorkeling\/","og_locale":"it_IT","og_type":"article","og_title":"Guided Route in Padel SUP + snorkeling","og_description":"Get ready to immerse yourself in an unforgettable experience. Sail, enjoy, laugh and dance aboard our new Poontona, a great boat to enjoy with friends or family with all its comforts sailing through the bay of Benidorm, our captain will make you enjoy a fantastic day with all the comforts on board a boat. Where you can eat, dance or relax. The boat has equipment with a shower, sink, awning, music system, table and slide. The boat has a capacity of 12 people. This activity is perfect for those who value both relaxation and excitement. Enjoy every moment surrounded by stunning scenery, with carefully planned routes and amenities designed for your comfort.","og_url":"https:\/\/thehendoideas.com\/it\/activity\/guided-route-in-padel-sup-snorkeling\/","og_site_name":"The Hen do Ideas","article_modified_time":"2025-01-28T12:24:53+00:00","og_image":[{"width":640,"height":427,"url":"https:\/\/thehendoideas.com\/wp-content\/uploads\/2025\/01\/PADDLE-SURF.jpg","type":"image\/jpeg"}],"twitter_card":"summary_large_image","twitter_misc":{"Prezzo":"30,00&nbsp;&euro;","Disponibilit\u00e0":"In stock"},"schema":{"@context":"https:\/\/schema.org","@graph":[{"@type":"WebPage","@id":"https:\/\/thehendoideas.com\/activity\/guided-route-in-padel-sup-snorkeling\/","url":"https:\/\/thehendoideas.com\/activity\/guided-route-in-padel-sup-snorkeling\/","name":"Percorso guidato in Padel SUP + snorkeling","isPartOf":{"@id":"https:\/\/thehendoideas.com\/#website"},"primaryImageOfPage":{"@id":"https:\/\/thehendoideas.com\/activity\/guided-route-in-padel-sup-snorkeling\/#primaryimage"},"image":{"@id":"https:\/\/thehendoideas.com\/activity\/guided-route-in-padel-sup-snorkeling\/#primaryimage"},"thumbnailUrl":"https:\/\/thehendoideas.com\/wp-content\/uploads\/2025\/01\/PADDLE-SURF.jpg","datePublished":"2024-12-23T12:33:53+00:00","dateModified":"2025-01-28T12:24:53+00:00","description":"Preparatevi a immergervi in un'esperienza indimenticabile. Navigate, divertitevi, ridete e ballate a bordo della nostra nuova Poontona, un'imbarcazione fantastica da godersi con gli amici o la famiglia con tutti i suoi comfort navigando nella baia di Benidorm, il nostro capitano vi far\u00e0 vivere una giornata fantastica con tutti i comfort a bordo di una barca. Dove potrete mangiare, ballare o rilassarvi. L'imbarcazione \u00e8 dotata di doccia, lavandino, tendalino, impianto musicale, tavolo e scivolo. La barca ha una capacit\u00e0 di 12 persone. Questa attivit\u00e0 \u00e8 perfetta per chi apprezza sia il relax che l'emozione. Godetevi ogni momento circondati da uno scenario mozzafiato, con percorsi accuratamente pianificati e servizi pensati per il vostro comfort.","breadcrumb":{"@id":"https:\/\/thehendoideas.com\/activity\/guided-route-in-padel-sup-snorkeling\/#breadcrumb"},"inLanguage":"it-IT","potentialAction":[{"@type":"ReadAction","target":["https:\/\/thehendoideas.com\/activity\/guided-route-in-padel-sup-snorkeling\/"]}]},{"@type":"ImageObject","inLanguage":"it-IT","@id":"https:\/\/thehendoideas.com\/activity\/guided-route-in-padel-sup-snorkeling\/#primaryimage","url":"https:\/\/thehendoideas.com\/wp-content\/uploads\/2025\/01\/PADDLE-SURF.jpg","contentUrl":"https:\/\/thehendoideas.com\/wp-content\/uploads\/2025\/01\/PADDLE-SURF.jpg","width":640,"height":427},{"@type":"BreadcrumbList","@id":"https:\/\/thehendoideas.com\/activity\/guided-route-in-padel-sup-snorkeling\/#breadcrumb","itemListElement":[{"@type":"ListItem","position":1,"name":"Home","item":"https:\/\/thehendoideas.com\/"},{"@type":"ListItem","position":2,"name":"Shop","item":"https:\/\/thehendoideas.com\/shop\/"},{"@type":"ListItem","position":3,"name":"Guided Route in Padel SUP + snorkeling"}]},{"@type":"WebSite","@id":"https:\/\/thehendoideas.com\/#website","url":"https:\/\/thehendoideas.com\/","name":"Feste di addio al nubilato dell'agenzia","description":"I migliori servizi di addio al nubilato","publisher":{"@id":"https:\/\/thehendoideas.com\/#organization"},"alternateName":"Hen Parties","potentialAction":[{"@type":"SearchAction","target":{"@type":"EntryPoint","urlTemplate":"https:\/\/thehendoideas.com\/?s={search_term_string}"},"query-input":{"@type":"PropertyValueSpecification","valueRequired":true,"valueName":"search_term_string"}}],"inLanguage":"it-IT"},{"@type":"Organization","@id":"https:\/\/thehendoideas.com\/#organization","name":"Idee per l'addio al nubilato","alternateName":"Hen Parties","url":"https:\/\/thehendoideas.com\/","logo":{"@type":"ImageObject","inLanguage":"it-IT","@id":"https:\/\/thehendoideas.com\/#\/schema\/logo\/image\/","url":"https:\/\/thehendoideas.com\/wp-content\/uploads\/2024\/04\/Hen-Do-Image-Logo-1.png","contentUrl":"https:\/\/thehendoideas.com\/wp-content\/uploads\/2024\/04\/Hen-Do-Image-Logo-1.png","width":512,"height":512,"caption":"Hen Do Ideas"},"image":{"@id":"https:\/\/thehendoideas.com\/#\/schema\/logo\/image\/"}}]},"product_price_amount":"30.00","product_price_currency":"EUR","og_availability":"instock","product_availability":"instock","product_condition":"new"},"_links":{"self":[{"href":"https:\/\/thehendoideas.com\/it\/wp-json\/wp\/v2\/product\/4240","targetHints":{"allow":["GET"]}}],"collection":[{"href":"https:\/\/thehendoideas.com\/it\/wp-json\/wp\/v2\/product"}],"about":[{"href":"https:\/\/thehendoideas.com\/it\/wp-json\/wp\/v2\/types\/product"}],"replies":[{"embeddable":true,"href":"https:\/\/thehendoideas.com\/it\/wp-json\/wp\/v2\/comments?post=4240"}],"wp:featuredmedia":[{"embeddable":true,"href":"https:\/\/thehendoideas.com\/it\/wp-json\/wp\/v2\/media\/4404"}],"wp:attachment":[{"href":"https:\/\/thehendoideas.com\/it\/wp-json\/wp\/v2\/media?parent=4240"}],"wp:term":[{"taxonomy":"product_brand","embeddable":true,"href":"https:\/\/thehendoideas.com\/it\/wp-json\/wp\/v2\/product_brand?post=4240"},{"taxonomy":"product_cat","embeddable":true,"href":"https:\/\/thehendoideas.com\/it\/wp-json\/wp\/v2\/product_cat?post=4240"},{"taxonomy":"product_tag","embeddable":true,"href":"https:\/\/thehendoideas.com\/it\/wp-json\/wp\/v2\/product_tag?post=4240"}],"curies":[{"name":"wp","href":"https:\/\/api.w.org\/{rel}","templated":true}]}}