{"id":4244,"date":"2024-12-23T12:33:56","date_gmt":"2024-12-23T12:33:56","guid":{"rendered":"https:\/\/thehendoideas.com\/activity\/flyfish-2\/"},"modified":"2025-01-28T12:25:52","modified_gmt":"2025-01-28T12:25:52","slug":"flyfish-2","status":"publish","type":"product","link":"https:\/\/thehendoideas.com\/it\/activity\/flyfish-2\/","title":{"rendered":"PESCI VOLANTI"},"content":{"rendered":"<p>Preparatevi a immergervi in un'esperienza indimenticabile. Lo \"Slyder\" \u00e8 una modalit\u00e0 di traino nautico per chi ama la velocit\u00e0 ed \u00e8 alla ricerca di nuove sensazioni. Il suo design idrodinamico lo fa letteralmente scivolare sull'acqua e quando l'imbarcazione compie una virata lo Slyder esce dalla scia e scivola sull'acqua coraggiosa.<br \/>\nLa giusta posizione che gli \"Slyders\" devono assumere, sdraiati a pancia in gi\u00f9, oltre a essere sicura trasmette tutte le sensazioni di velocit\u00e0 e scivolamento sull'acqua. Sia su un mare tranquillo che con le onde, l'emozione e la scarica di adrenalina sono assicurate. Questa attivit\u00e0 \u00e8 perfetta per chi apprezza sia il relax che l'eccitazione. Godetevi ogni momento circondati da uno scenario mozzafiato, con percorsi accuratamente pianificati e servizi pensati per il vostro comfort.<\/p>","protected":false},"excerpt":{"rendered":"<p>Scoprite un'esperienza indimenticabile a Lloret de Mar. Min: 2 Max: 6 Durata:  Punto di incontro: LLORET DE MAR Disponibilit\u00e0: APR-OCT Orario di inizio: TUTTO IL GIORNO Con attivit\u00e0 disponibili tutto l'anno e un punto d'incontro comodamente situato, potrete godere di un programma flessibile che si adatta alle vostre esigenze. Perfetta per tutte le et\u00e0, questa avventura garantisce una giornata piena di divertimento e ricordi indelebili.<\/p>","protected":false},"featured_media":4407,"comment_status":"closed","ping_status":"closed","template":"","meta":[],"product_brand":[],"product_cat":[394],"product_tag":[],"class_list":{"0":"post-4244","1":"product","2":"type-product","3":"status-publish","4":"has-post-thumbnail","6":"product_cat-lloret","8":"first","9":"instock","10":"shipping-taxable","11":"purchasable","12":"product-type-simple"},"yoast_head":"<!-- This site is optimized with the Yoast SEO Premium plugin v24.8 (Yoast SEO v27.5) - https:\/\/yoast.com\/product\/yoast-seo-premium-wordpress\/ -->\n<title>FLYFISH<\/title>\n<meta name=\"description\" content=\"Get ready to immerse yourself in an unforgettable experience. The &#039;Slyder&#039; is a nautic towing modality for those who love speed and are looking for new sensations. Its hydrodynamic design makes it literally slide over the water and when the boat takes a turn the Slyder gets out of the wake and slides over brave water. The right position that the \u201cSlyders\u201d have to take, lying flat on the stomach, apart from being safe it also transmits all sensations of speed and sliding over the water. Both on a quiet sea as well as with waves, emotion and discharge of adrenalin are assured. This activity is perfect for those who value both relaxation and excitement. Enjoy every moment surrounded by stunning scenery, with carefully planned routes and amenities designed for your comfort.\" \/>\n<meta name=\"robots\" content=\"index, follow, max-snippet:-1, max-image-preview:large, max-video-preview:-1\" \/>\n<link rel=\"canonical\" href=\"https:\/\/thehendoideas.com\/it\/activity\/flyfish-2\/\" \/>\n<meta property=\"og:locale\" content=\"it_IT\" \/>\n<meta property=\"og:type\" content=\"article\" \/>\n<meta property=\"og:title\" content=\"FLYFISH\" \/>\n<meta property=\"og:description\" content=\"Get ready to immerse yourself in an unforgettable experience. The &#039;Slyder&#039; is a nautic towing modality for those who love speed and are looking for new sensations. Its hydrodynamic design makes it literally slide over the water and when the boat takes a turn the Slyder gets out of the wake and slides over brave water. The right position that the \u201cSlyders\u201d have to take, lying flat on the stomach, apart from being safe it also transmits all sensations of speed and sliding over the water. Both on a quiet sea as well as with waves, emotion and discharge of adrenalin are assured. This activity is perfect for those who value both relaxation and excitement. Enjoy every moment surrounded by stunning scenery, with carefully planned routes and amenities designed for your comfort.\" \/>\n<meta property=\"og:url\" content=\"https:\/\/thehendoideas.com\/it\/activity\/flyfish-2\/\" \/>\n<meta property=\"og:site_name\" content=\"The Hen do Ideas\" \/>\n<meta property=\"article:modified_time\" content=\"2025-01-28T12:25:52+00:00\" \/>\n<meta property=\"og:image\" content=\"https:\/\/thehendoideas.com\/wp-content\/uploads\/2025\/01\/Flyfish.jpg\" \/>\n\t<meta property=\"og:image:width\" content=\"1024\" \/>\n\t<meta property=\"og:image:height\" content=\"683\" \/>\n\t<meta property=\"og:image:type\" content=\"image\/jpeg\" \/>\n<meta name=\"twitter:card\" content=\"summary_large_image\" \/>\n<meta name=\"twitter:label1\" content=\"Prezzo\" \/>\n\t<meta name=\"twitter:data1\" content=\"30,00&nbsp;&euro;\" \/>\n\t<meta name=\"twitter:label2\" content=\"Disponibilit\u00e0\" \/>\n\t<meta name=\"twitter:data2\" content=\"In stock\" \/>\n<script type=\"application\/ld+json\" class=\"yoast-schema-graph\">{\"@context\":\"https:\\\/\\\/schema.org\",\"@graph\":[{\"@type\":\"WebPage\",\"@id\":\"https:\\\/\\\/thehendoideas.com\\\/activity\\\/flyfish-2\\\/\",\"url\":\"https:\\\/\\\/thehendoideas.com\\\/activity\\\/flyfish-2\\\/\",\"name\":\"FLYFISH\",\"isPartOf\":{\"@id\":\"https:\\\/\\\/thehendoideas.com\\\/#website\"},\"primaryImageOfPage\":{\"@id\":\"https:\\\/\\\/thehendoideas.com\\\/activity\\\/flyfish-2\\\/#primaryimage\"},\"image\":{\"@id\":\"https:\\\/\\\/thehendoideas.com\\\/activity\\\/flyfish-2\\\/#primaryimage\"},\"thumbnailUrl\":\"https:\\\/\\\/thehendoideas.com\\\/wp-content\\\/uploads\\\/2025\\\/01\\\/Flyfish.jpg\",\"datePublished\":\"2024-12-23T12:33:56+00:00\",\"dateModified\":\"2025-01-28T12:25:52+00:00\",\"description\":\"Get ready to immerse yourself in an unforgettable experience. The 'Slyder' is a nautic towing modality for those who love speed and are looking for new sensations. Its hydrodynamic design makes it literally slide over the water and when the boat takes a turn the Slyder gets out of the wake and slides over brave water. The right position that the \u201cSlyders\u201d have to take, lying flat on the stomach, apart from being safe it also transmits all sensations of speed and sliding over the water. Both on a quiet sea as well as with waves, emotion and discharge of adrenalin are assured. This activity is perfect for those who value both relaxation and excitement. Enjoy every moment surrounded by stunning scenery, with carefully planned routes and amenities designed for your comfort.\",\"breadcrumb\":{\"@id\":\"https:\\\/\\\/thehendoideas.com\\\/activity\\\/flyfish-2\\\/#breadcrumb\"},\"inLanguage\":\"it-IT\",\"potentialAction\":[{\"@type\":\"ReadAction\",\"target\":[\"https:\\\/\\\/thehendoideas.com\\\/activity\\\/flyfish-2\\\/\"]}]},{\"@type\":\"ImageObject\",\"inLanguage\":\"it-IT\",\"@id\":\"https:\\\/\\\/thehendoideas.com\\\/activity\\\/flyfish-2\\\/#primaryimage\",\"url\":\"https:\\\/\\\/thehendoideas.com\\\/wp-content\\\/uploads\\\/2025\\\/01\\\/Flyfish.jpg\",\"contentUrl\":\"https:\\\/\\\/thehendoideas.com\\\/wp-content\\\/uploads\\\/2025\\\/01\\\/Flyfish.jpg\",\"width\":1024,\"height\":683},{\"@type\":\"BreadcrumbList\",\"@id\":\"https:\\\/\\\/thehendoideas.com\\\/activity\\\/flyfish-2\\\/#breadcrumb\",\"itemListElement\":[{\"@type\":\"ListItem\",\"position\":1,\"name\":\"Home\",\"item\":\"https:\\\/\\\/thehendoideas.com\\\/\"},{\"@type\":\"ListItem\",\"position\":2,\"name\":\"Shop\",\"item\":\"https:\\\/\\\/thehendoideas.com\\\/shop\\\/\"},{\"@type\":\"ListItem\",\"position\":3,\"name\":\"FLYFISH\"}]},{\"@type\":\"WebSite\",\"@id\":\"https:\\\/\\\/thehendoideas.com\\\/#website\",\"url\":\"https:\\\/\\\/thehendoideas.com\\\/\",\"name\":\"Agency Hen Parties\",\"description\":\"The Best Hen Do Services\",\"publisher\":{\"@id\":\"https:\\\/\\\/thehendoideas.com\\\/#organization\"},\"alternateName\":\"Hen Parties\",\"potentialAction\":[{\"@type\":\"SearchAction\",\"target\":{\"@type\":\"EntryPoint\",\"urlTemplate\":\"https:\\\/\\\/thehendoideas.com\\\/?s={search_term_string}\"},\"query-input\":{\"@type\":\"PropertyValueSpecification\",\"valueRequired\":true,\"valueName\":\"search_term_string\"}}],\"inLanguage\":\"it-IT\"},{\"@type\":\"Organization\",\"@id\":\"https:\\\/\\\/thehendoideas.com\\\/#organization\",\"name\":\"Hen Do Ideas\",\"alternateName\":\"Hen Parties\",\"url\":\"https:\\\/\\\/thehendoideas.com\\\/\",\"logo\":{\"@type\":\"ImageObject\",\"inLanguage\":\"it-IT\",\"@id\":\"https:\\\/\\\/thehendoideas.com\\\/#\\\/schema\\\/logo\\\/image\\\/\",\"url\":\"https:\\\/\\\/thehendoideas.com\\\/wp-content\\\/uploads\\\/2024\\\/04\\\/Hen-Do-Image-Logo-1.png\",\"contentUrl\":\"https:\\\/\\\/thehendoideas.com\\\/wp-content\\\/uploads\\\/2024\\\/04\\\/Hen-Do-Image-Logo-1.png\",\"width\":512,\"height\":512,\"caption\":\"Hen Do Ideas\"},\"image\":{\"@id\":\"https:\\\/\\\/thehendoideas.com\\\/#\\\/schema\\\/logo\\\/image\\\/\"}}]}<\/script>\n<meta property=\"product:price:amount\" content=\"30.00\" \/>\n<meta property=\"product:price:currency\" content=\"EUR\" \/>\n<meta property=\"og:availability\" content=\"instock\" \/>\n<meta property=\"product:availability\" content=\"instock\" \/>\n<meta property=\"product:condition\" content=\"new\" \/>\n<!-- \/ Yoast SEO Premium plugin. -->","yoast_head_json":{"title":"PESCI VOLANTI","description":"Preparatevi a immergervi in un'esperienza indimenticabile. Lo \"Slyder\" \u00e8 una modalit\u00e0 di traino nautico per chi ama la velocit\u00e0 ed \u00e8 alla ricerca di nuove sensazioni. Il suo design idrodinamico lo fa letteralmente scivolare sull'acqua e quando l'imbarcazione compie una virata lo Slyder esce dalla scia e scivola sull'acqua coraggiosa. La posizione corretta che gli \"Slyder\" devono assumere, sdraiati a pancia in gi\u00f9, oltre a essere sicura trasmette tutte le sensazioni di velocit\u00e0 e scivolamento sull'acqua. Sia su un mare tranquillo che con le onde, l'emozione e la scarica di adrenalina sono assicurate. Questa attivit\u00e0 \u00e8 perfetta per chi apprezza sia il relax che l'eccitazione. Godetevi ogni momento circondati da uno scenario mozzafiato, con percorsi accuratamente pianificati e servizi pensati per il vostro comfort.","robots":{"index":"index","follow":"follow","max-snippet":"max-snippet:-1","max-image-preview":"max-image-preview:large","max-video-preview":"max-video-preview:-1"},"canonical":"https:\/\/thehendoideas.com\/it\/activity\/flyfish-2\/","og_locale":"it_IT","og_type":"article","og_title":"FLYFISH","og_description":"Get ready to immerse yourself in an unforgettable experience. The 'Slyder' is a nautic towing modality for those who love speed and are looking for new sensations. Its hydrodynamic design makes it literally slide over the water and when the boat takes a turn the Slyder gets out of the wake and slides over brave water. The right position that the \u201cSlyders\u201d have to take, lying flat on the stomach, apart from being safe it also transmits all sensations of speed and sliding over the water. Both on a quiet sea as well as with waves, emotion and discharge of adrenalin are assured. This activity is perfect for those who value both relaxation and excitement. Enjoy every moment surrounded by stunning scenery, with carefully planned routes and amenities designed for your comfort.","og_url":"https:\/\/thehendoideas.com\/it\/activity\/flyfish-2\/","og_site_name":"The Hen do Ideas","article_modified_time":"2025-01-28T12:25:52+00:00","og_image":[{"width":1024,"height":683,"url":"https:\/\/thehendoideas.com\/wp-content\/uploads\/2025\/01\/Flyfish.jpg","type":"image\/jpeg"}],"twitter_card":"summary_large_image","twitter_misc":{"Prezzo":"30,00&nbsp;&euro;","Disponibilit\u00e0":"In stock"},"schema":{"@context":"https:\/\/schema.org","@graph":[{"@type":"WebPage","@id":"https:\/\/thehendoideas.com\/activity\/flyfish-2\/","url":"https:\/\/thehendoideas.com\/activity\/flyfish-2\/","name":"PESCI VOLANTI","isPartOf":{"@id":"https:\/\/thehendoideas.com\/#website"},"primaryImageOfPage":{"@id":"https:\/\/thehendoideas.com\/activity\/flyfish-2\/#primaryimage"},"image":{"@id":"https:\/\/thehendoideas.com\/activity\/flyfish-2\/#primaryimage"},"thumbnailUrl":"https:\/\/thehendoideas.com\/wp-content\/uploads\/2025\/01\/Flyfish.jpg","datePublished":"2024-12-23T12:33:56+00:00","dateModified":"2025-01-28T12:25:52+00:00","description":"Preparatevi a immergervi in un'esperienza indimenticabile. Lo \"Slyder\" \u00e8 una modalit\u00e0 di traino nautico per chi ama la velocit\u00e0 ed \u00e8 alla ricerca di nuove sensazioni. Il suo design idrodinamico lo fa letteralmente scivolare sull'acqua e quando l'imbarcazione compie una virata lo Slyder esce dalla scia e scivola sull'acqua coraggiosa. La posizione corretta che gli \"Slyder\" devono assumere, sdraiati a pancia in gi\u00f9, oltre a essere sicura trasmette tutte le sensazioni di velocit\u00e0 e scivolamento sull'acqua. Sia su un mare tranquillo che con le onde, l'emozione e la scarica di adrenalina sono assicurate. Questa attivit\u00e0 \u00e8 perfetta per chi apprezza sia il relax che l'eccitazione. Godetevi ogni momento circondati da uno scenario mozzafiato, con percorsi accuratamente pianificati e servizi pensati per il vostro comfort.","breadcrumb":{"@id":"https:\/\/thehendoideas.com\/activity\/flyfish-2\/#breadcrumb"},"inLanguage":"it-IT","potentialAction":[{"@type":"ReadAction","target":["https:\/\/thehendoideas.com\/activity\/flyfish-2\/"]}]},{"@type":"ImageObject","inLanguage":"it-IT","@id":"https:\/\/thehendoideas.com\/activity\/flyfish-2\/#primaryimage","url":"https:\/\/thehendoideas.com\/wp-content\/uploads\/2025\/01\/Flyfish.jpg","contentUrl":"https:\/\/thehendoideas.com\/wp-content\/uploads\/2025\/01\/Flyfish.jpg","width":1024,"height":683},{"@type":"BreadcrumbList","@id":"https:\/\/thehendoideas.com\/activity\/flyfish-2\/#breadcrumb","itemListElement":[{"@type":"ListItem","position":1,"name":"Home","item":"https:\/\/thehendoideas.com\/"},{"@type":"ListItem","position":2,"name":"Shop","item":"https:\/\/thehendoideas.com\/shop\/"},{"@type":"ListItem","position":3,"name":"FLYFISH"}]},{"@type":"WebSite","@id":"https:\/\/thehendoideas.com\/#website","url":"https:\/\/thehendoideas.com\/","name":"Feste di addio al nubilato dell'agenzia","description":"I migliori servizi di addio al nubilato","publisher":{"@id":"https:\/\/thehendoideas.com\/#organization"},"alternateName":"Hen Parties","potentialAction":[{"@type":"SearchAction","target":{"@type":"EntryPoint","urlTemplate":"https:\/\/thehendoideas.com\/?s={search_term_string}"},"query-input":{"@type":"PropertyValueSpecification","valueRequired":true,"valueName":"search_term_string"}}],"inLanguage":"it-IT"},{"@type":"Organization","@id":"https:\/\/thehendoideas.com\/#organization","name":"Idee per l'addio al nubilato","alternateName":"Hen Parties","url":"https:\/\/thehendoideas.com\/","logo":{"@type":"ImageObject","inLanguage":"it-IT","@id":"https:\/\/thehendoideas.com\/#\/schema\/logo\/image\/","url":"https:\/\/thehendoideas.com\/wp-content\/uploads\/2024\/04\/Hen-Do-Image-Logo-1.png","contentUrl":"https:\/\/thehendoideas.com\/wp-content\/uploads\/2024\/04\/Hen-Do-Image-Logo-1.png","width":512,"height":512,"caption":"Hen Do Ideas"},"image":{"@id":"https:\/\/thehendoideas.com\/#\/schema\/logo\/image\/"}}]},"product_price_amount":"30.00","product_price_currency":"EUR","og_availability":"instock","product_availability":"instock","product_condition":"new"},"_links":{"self":[{"href":"https:\/\/thehendoideas.com\/it\/wp-json\/wp\/v2\/product\/4244","targetHints":{"allow":["GET"]}}],"collection":[{"href":"https:\/\/thehendoideas.com\/it\/wp-json\/wp\/v2\/product"}],"about":[{"href":"https:\/\/thehendoideas.com\/it\/wp-json\/wp\/v2\/types\/product"}],"replies":[{"embeddable":true,"href":"https:\/\/thehendoideas.com\/it\/wp-json\/wp\/v2\/comments?post=4244"}],"wp:featuredmedia":[{"embeddable":true,"href":"https:\/\/thehendoideas.com\/it\/wp-json\/wp\/v2\/media\/4407"}],"wp:attachment":[{"href":"https:\/\/thehendoideas.com\/it\/wp-json\/wp\/v2\/media?parent=4244"}],"wp:term":[{"taxonomy":"product_brand","embeddable":true,"href":"https:\/\/thehendoideas.com\/it\/wp-json\/wp\/v2\/product_brand?post=4244"},{"taxonomy":"product_cat","embeddable":true,"href":"https:\/\/thehendoideas.com\/it\/wp-json\/wp\/v2\/product_cat?post=4244"},{"taxonomy":"product_tag","embeddable":true,"href":"https:\/\/thehendoideas.com\/it\/wp-json\/wp\/v2\/product_tag?post=4244"}],"curies":[{"name":"wp","href":"https:\/\/api.w.org\/{rel}","templated":true}]}}