{"id":4259,"date":"2024-12-23T12:40:03","date_gmt":"2024-12-23T12:40:03","guid":{"rendered":"https:\/\/thehendoideas.com\/activity\/beach-games\/"},"modified":"2025-04-22T17:06:45","modified_gmt":"2025-04-22T17:06:45","slug":"beach-games","status":"publish","type":"product","link":"https:\/\/thehendoideas.com\/it\/activity\/beach-games\/","title":{"rendered":"Giochi da spiaggia"},"content":{"rendered":"<p>\u00c8 stato progettato per le ragazze delle feste e per gli addii al nubilato. Cosa c'\u00e8 di pi\u00f9 divertente che guardare la famiglia e gli amici rendersi ridicoli giocando a giochi sconci come: \"\u00c8 gi\u00e0 dentro?\" e \"Ti pendono le palle?\". Quale amico avr\u00e0 la migliore tecnica di twerking? Il migliore a fare hip jiggler? Scopriamolo!<\/p>","protected":false},"excerpt":{"rendered":"<p>Cercate un evento per 10-20 persone? Questa esperienza dura 1 ora e si svolge a BENIDORM. Verificare la disponibilit\u00e0: TUTTO L'ANNO. Orario di inizio: TUTTO IL GIORNO.<\/p>","protected":false},"featured_media":1271,"comment_status":"closed","ping_status":"closed","template":"","meta":[],"product_brand":[],"product_cat":[393,332,333,334],"product_tag":[],"class_list":{"0":"post-4259","1":"product","2":"type-product","3":"status-publish","4":"has-post-thumbnail","6":"product_cat-benidor","7":"product_cat-benidorm","8":"product_cat-hen-party-benidorm-activities","9":"product_cat-stag-party-benidorm-activities","11":"first","12":"instock","13":"shipping-taxable","14":"purchasable","15":"product-type-simple"},"yoast_head":"<!-- This site is optimized with the Yoast SEO Premium plugin v24.8 (Yoast SEO v27.5) - https:\/\/yoast.com\/product\/yoast-seo-premium-wordpress\/ -->\n<title>Beach games<\/title>\n<meta name=\"description\" content=\"This is designed for party girls and Hen-Dos. What&#039;s more fun than watching family and friends make a fool of themselves while playing such naughty games as: &quot;Is It In Yet?&quot; and &quot;Do your balls hang?&quot; Which friend will have the best twerking technique? Best hip jiggler? Let&#039;s find out!\" \/>\n<meta name=\"robots\" content=\"index, follow, max-snippet:-1, max-image-preview:large, max-video-preview:-1\" \/>\n<link rel=\"canonical\" href=\"https:\/\/thehendoideas.com\/it\/activity\/beach-games\/\" \/>\n<meta property=\"og:locale\" content=\"it_IT\" \/>\n<meta property=\"og:type\" content=\"article\" \/>\n<meta property=\"og:title\" content=\"Beach games\" \/>\n<meta property=\"og:description\" content=\"This is designed for party girls and Hen-Dos. What&#039;s more fun than watching family and friends make a fool of themselves while playing such naughty games as: &quot;Is It In Yet?&quot; and &quot;Do your balls hang?&quot; Which friend will have the best twerking technique? Best hip jiggler? Let&#039;s find out!\" \/>\n<meta property=\"og:url\" content=\"https:\/\/thehendoideas.com\/it\/activity\/beach-games\/\" \/>\n<meta property=\"og:site_name\" content=\"The Hen do Ideas\" \/>\n<meta property=\"article:modified_time\" content=\"2025-04-22T17:06:45+00:00\" \/>\n<meta property=\"og:image\" content=\"https:\/\/thehendoideas.com\/wp-content\/uploads\/2024\/03\/DALL\u00b7E-2024-03-22-07.30.30-A-vibrant-sunny-beach-scene-in-Benidorm-Spain.-The-image-showcases-the-bustling-Levante-Beach-with-crystal-clear-blue-waters-and-golden-sand.-Touris.jpg\" \/>\n\t<meta property=\"og:image:width\" content=\"1024\" \/>\n\t<meta property=\"og:image:height\" content=\"1024\" \/>\n\t<meta property=\"og:image:type\" content=\"image\/jpeg\" \/>\n<meta name=\"twitter:card\" content=\"summary_large_image\" \/>\n<meta name=\"twitter:label1\" content=\"Prezzo\" \/>\n\t<meta name=\"twitter:data1\" content=\"30,00&nbsp;&euro;\" \/>\n\t<meta name=\"twitter:label2\" content=\"Disponibilit\u00e0\" \/>\n\t<meta name=\"twitter:data2\" content=\"In stock\" \/>\n<script type=\"application\/ld+json\" class=\"yoast-schema-graph\">{\"@context\":\"https:\\\/\\\/schema.org\",\"@graph\":[{\"@type\":\"WebPage\",\"@id\":\"https:\\\/\\\/thehendoideas.com\\\/activity\\\/beach-games\\\/\",\"url\":\"https:\\\/\\\/thehendoideas.com\\\/activity\\\/beach-games\\\/\",\"name\":\"Beach games\",\"isPartOf\":{\"@id\":\"https:\\\/\\\/thehendoideas.com\\\/#website\"},\"primaryImageOfPage\":{\"@id\":\"https:\\\/\\\/thehendoideas.com\\\/activity\\\/beach-games\\\/#primaryimage\"},\"image\":{\"@id\":\"https:\\\/\\\/thehendoideas.com\\\/activity\\\/beach-games\\\/#primaryimage\"},\"thumbnailUrl\":\"https:\\\/\\\/thehendoideas.com\\\/wp-content\\\/uploads\\\/2024\\\/03\\\/DALL\u00b7E-2024-03-22-07.30.30-A-vibrant-sunny-beach-scene-in-Benidorm-Spain.-The-image-showcases-the-bustling-Levante-Beach-with-crystal-clear-blue-waters-and-golden-sand.-Touris.jpg\",\"datePublished\":\"2024-12-23T12:40:03+00:00\",\"dateModified\":\"2025-04-22T17:06:45+00:00\",\"description\":\"This is designed for party girls and Hen-Dos. What's more fun than watching family and friends make a fool of themselves while playing such naughty games as: \\\"Is It In Yet?\\\" and \\\"Do your balls hang?\\\" Which friend will have the best twerking technique? Best hip jiggler? Let's find out!\",\"breadcrumb\":{\"@id\":\"https:\\\/\\\/thehendoideas.com\\\/activity\\\/beach-games\\\/#breadcrumb\"},\"inLanguage\":\"it-IT\",\"potentialAction\":[{\"@type\":\"ReadAction\",\"target\":[\"https:\\\/\\\/thehendoideas.com\\\/activity\\\/beach-games\\\/\"]}]},{\"@type\":\"ImageObject\",\"inLanguage\":\"it-IT\",\"@id\":\"https:\\\/\\\/thehendoideas.com\\\/activity\\\/beach-games\\\/#primaryimage\",\"url\":\"https:\\\/\\\/thehendoideas.com\\\/wp-content\\\/uploads\\\/2024\\\/03\\\/DALL\u00b7E-2024-03-22-07.30.30-A-vibrant-sunny-beach-scene-in-Benidorm-Spain.-The-image-showcases-the-bustling-Levante-Beach-with-crystal-clear-blue-waters-and-golden-sand.-Touris.jpg\",\"contentUrl\":\"https:\\\/\\\/thehendoideas.com\\\/wp-content\\\/uploads\\\/2024\\\/03\\\/DALL\u00b7E-2024-03-22-07.30.30-A-vibrant-sunny-beach-scene-in-Benidorm-Spain.-The-image-showcases-the-bustling-Levante-Beach-with-crystal-clear-blue-waters-and-golden-sand.-Touris.jpg\",\"width\":1024,\"height\":1024,\"caption\":\"Benidorm Categoria 1\"},{\"@type\":\"BreadcrumbList\",\"@id\":\"https:\\\/\\\/thehendoideas.com\\\/activity\\\/beach-games\\\/#breadcrumb\",\"itemListElement\":[{\"@type\":\"ListItem\",\"position\":1,\"name\":\"Home\",\"item\":\"https:\\\/\\\/thehendoideas.com\\\/\"},{\"@type\":\"ListItem\",\"position\":2,\"name\":\"Shop\",\"item\":\"https:\\\/\\\/thehendoideas.com\\\/shop\\\/\"},{\"@type\":\"ListItem\",\"position\":3,\"name\":\"Beach games\"}]},{\"@type\":\"WebSite\",\"@id\":\"https:\\\/\\\/thehendoideas.com\\\/#website\",\"url\":\"https:\\\/\\\/thehendoideas.com\\\/\",\"name\":\"Agency Hen Parties\",\"description\":\"The Best Hen Do Services\",\"publisher\":{\"@id\":\"https:\\\/\\\/thehendoideas.com\\\/#organization\"},\"alternateName\":\"Hen Parties\",\"potentialAction\":[{\"@type\":\"SearchAction\",\"target\":{\"@type\":\"EntryPoint\",\"urlTemplate\":\"https:\\\/\\\/thehendoideas.com\\\/?s={search_term_string}\"},\"query-input\":{\"@type\":\"PropertyValueSpecification\",\"valueRequired\":true,\"valueName\":\"search_term_string\"}}],\"inLanguage\":\"it-IT\"},{\"@type\":\"Organization\",\"@id\":\"https:\\\/\\\/thehendoideas.com\\\/#organization\",\"name\":\"Hen Do Ideas\",\"alternateName\":\"Hen Parties\",\"url\":\"https:\\\/\\\/thehendoideas.com\\\/\",\"logo\":{\"@type\":\"ImageObject\",\"inLanguage\":\"it-IT\",\"@id\":\"https:\\\/\\\/thehendoideas.com\\\/#\\\/schema\\\/logo\\\/image\\\/\",\"url\":\"https:\\\/\\\/thehendoideas.com\\\/wp-content\\\/uploads\\\/2024\\\/04\\\/Hen-Do-Image-Logo-1.png\",\"contentUrl\":\"https:\\\/\\\/thehendoideas.com\\\/wp-content\\\/uploads\\\/2024\\\/04\\\/Hen-Do-Image-Logo-1.png\",\"width\":512,\"height\":512,\"caption\":\"Hen Do Ideas\"},\"image\":{\"@id\":\"https:\\\/\\\/thehendoideas.com\\\/#\\\/schema\\\/logo\\\/image\\\/\"}}]}<\/script>\n<meta property=\"product:price:amount\" content=\"30.00\" \/>\n<meta property=\"product:price:currency\" content=\"EUR\" \/>\n<meta property=\"og:availability\" content=\"instock\" \/>\n<meta property=\"product:availability\" content=\"instock\" \/>\n<meta property=\"product:condition\" content=\"new\" \/>\n<!-- \/ Yoast SEO Premium plugin. -->","yoast_head_json":{"title":"Giochi da spiaggia","description":"\u00c8 stato progettato per le ragazze delle feste e per gli addii al nubilato. Cosa c'\u00e8 di pi\u00f9 divertente che guardare la famiglia e gli amici rendersi ridicoli giocando a giochi sconci come: \"\u00c8 gi\u00e0 dentro?\" e \"Ti pendono le palle?\". Quale amico avr\u00e0 la migliore tecnica di twerking? Il migliore a fare hip jiggler? Scopriamolo!","robots":{"index":"index","follow":"follow","max-snippet":"max-snippet:-1","max-image-preview":"max-image-preview:large","max-video-preview":"max-video-preview:-1"},"canonical":"https:\/\/thehendoideas.com\/it\/activity\/beach-games\/","og_locale":"it_IT","og_type":"article","og_title":"Beach games","og_description":"This is designed for party girls and Hen-Dos. What's more fun than watching family and friends make a fool of themselves while playing such naughty games as: \"Is It In Yet?\" and \"Do your balls hang?\" Which friend will have the best twerking technique? Best hip jiggler? Let's find out!","og_url":"https:\/\/thehendoideas.com\/it\/activity\/beach-games\/","og_site_name":"The Hen do Ideas","article_modified_time":"2025-04-22T17:06:45+00:00","og_image":[{"width":1024,"height":1024,"url":"https:\/\/thehendoideas.com\/wp-content\/uploads\/2024\/03\/DALL\u00b7E-2024-03-22-07.30.30-A-vibrant-sunny-beach-scene-in-Benidorm-Spain.-The-image-showcases-the-bustling-Levante-Beach-with-crystal-clear-blue-waters-and-golden-sand.-Touris.jpg","type":"image\/jpeg"}],"twitter_card":"summary_large_image","twitter_misc":{"Prezzo":"30,00&nbsp;&euro;","Disponibilit\u00e0":"In stock"},"schema":{"@context":"https:\/\/schema.org","@graph":[{"@type":"WebPage","@id":"https:\/\/thehendoideas.com\/activity\/beach-games\/","url":"https:\/\/thehendoideas.com\/activity\/beach-games\/","name":"Giochi da spiaggia","isPartOf":{"@id":"https:\/\/thehendoideas.com\/#website"},"primaryImageOfPage":{"@id":"https:\/\/thehendoideas.com\/activity\/beach-games\/#primaryimage"},"image":{"@id":"https:\/\/thehendoideas.com\/activity\/beach-games\/#primaryimage"},"thumbnailUrl":"https:\/\/thehendoideas.com\/wp-content\/uploads\/2024\/03\/DALL\u00b7E-2024-03-22-07.30.30-A-vibrant-sunny-beach-scene-in-Benidorm-Spain.-The-image-showcases-the-bustling-Levante-Beach-with-crystal-clear-blue-waters-and-golden-sand.-Touris.jpg","datePublished":"2024-12-23T12:40:03+00:00","dateModified":"2025-04-22T17:06:45+00:00","description":"\u00c8 stato progettato per le ragazze delle feste e per gli addii al nubilato. Cosa c'\u00e8 di pi\u00f9 divertente che guardare la famiglia e gli amici rendersi ridicoli giocando a giochi sconci come: \"\u00c8 gi\u00e0 dentro?\" e \"Ti pendono le palle?\". Quale amico avr\u00e0 la migliore tecnica di twerking? Il migliore a fare hip jiggler? Scopriamolo!","breadcrumb":{"@id":"https:\/\/thehendoideas.com\/activity\/beach-games\/#breadcrumb"},"inLanguage":"it-IT","potentialAction":[{"@type":"ReadAction","target":["https:\/\/thehendoideas.com\/activity\/beach-games\/"]}]},{"@type":"ImageObject","inLanguage":"it-IT","@id":"https:\/\/thehendoideas.com\/activity\/beach-games\/#primaryimage","url":"https:\/\/thehendoideas.com\/wp-content\/uploads\/2024\/03\/DALL\u00b7E-2024-03-22-07.30.30-A-vibrant-sunny-beach-scene-in-Benidorm-Spain.-The-image-showcases-the-bustling-Levante-Beach-with-crystal-clear-blue-waters-and-golden-sand.-Touris.jpg","contentUrl":"https:\/\/thehendoideas.com\/wp-content\/uploads\/2024\/03\/DALL\u00b7E-2024-03-22-07.30.30-A-vibrant-sunny-beach-scene-in-Benidorm-Spain.-The-image-showcases-the-bustling-Levante-Beach-with-crystal-clear-blue-waters-and-golden-sand.-Touris.jpg","width":1024,"height":1024,"caption":"Benidorm Categoria 1"},{"@type":"BreadcrumbList","@id":"https:\/\/thehendoideas.com\/activity\/beach-games\/#breadcrumb","itemListElement":[{"@type":"ListItem","position":1,"name":"Home","item":"https:\/\/thehendoideas.com\/"},{"@type":"ListItem","position":2,"name":"Shop","item":"https:\/\/thehendoideas.com\/shop\/"},{"@type":"ListItem","position":3,"name":"Beach games"}]},{"@type":"WebSite","@id":"https:\/\/thehendoideas.com\/#website","url":"https:\/\/thehendoideas.com\/","name":"Feste di addio al nubilato dell'agenzia","description":"I migliori servizi di addio al nubilato","publisher":{"@id":"https:\/\/thehendoideas.com\/#organization"},"alternateName":"Hen Parties","potentialAction":[{"@type":"SearchAction","target":{"@type":"EntryPoint","urlTemplate":"https:\/\/thehendoideas.com\/?s={search_term_string}"},"query-input":{"@type":"PropertyValueSpecification","valueRequired":true,"valueName":"search_term_string"}}],"inLanguage":"it-IT"},{"@type":"Organization","@id":"https:\/\/thehendoideas.com\/#organization","name":"Idee per l'addio al nubilato","alternateName":"Hen Parties","url":"https:\/\/thehendoideas.com\/","logo":{"@type":"ImageObject","inLanguage":"it-IT","@id":"https:\/\/thehendoideas.com\/#\/schema\/logo\/image\/","url":"https:\/\/thehendoideas.com\/wp-content\/uploads\/2024\/04\/Hen-Do-Image-Logo-1.png","contentUrl":"https:\/\/thehendoideas.com\/wp-content\/uploads\/2024\/04\/Hen-Do-Image-Logo-1.png","width":512,"height":512,"caption":"Hen Do Ideas"},"image":{"@id":"https:\/\/thehendoideas.com\/#\/schema\/logo\/image\/"}}]},"product_price_amount":"30.00","product_price_currency":"EUR","og_availability":"instock","product_availability":"instock","product_condition":"new"},"_links":{"self":[{"href":"https:\/\/thehendoideas.com\/it\/wp-json\/wp\/v2\/product\/4259","targetHints":{"allow":["GET"]}}],"collection":[{"href":"https:\/\/thehendoideas.com\/it\/wp-json\/wp\/v2\/product"}],"about":[{"href":"https:\/\/thehendoideas.com\/it\/wp-json\/wp\/v2\/types\/product"}],"replies":[{"embeddable":true,"href":"https:\/\/thehendoideas.com\/it\/wp-json\/wp\/v2\/comments?post=4259"}],"wp:featuredmedia":[{"embeddable":true,"href":"https:\/\/thehendoideas.com\/it\/wp-json\/wp\/v2\/media\/1271"}],"wp:attachment":[{"href":"https:\/\/thehendoideas.com\/it\/wp-json\/wp\/v2\/media?parent=4259"}],"wp:term":[{"taxonomy":"product_brand","embeddable":true,"href":"https:\/\/thehendoideas.com\/it\/wp-json\/wp\/v2\/product_brand?post=4259"},{"taxonomy":"product_cat","embeddable":true,"href":"https:\/\/thehendoideas.com\/it\/wp-json\/wp\/v2\/product_cat?post=4259"},{"taxonomy":"product_tag","embeddable":true,"href":"https:\/\/thehendoideas.com\/it\/wp-json\/wp\/v2\/product_tag?post=4259"}],"curies":[{"name":"wp","href":"https:\/\/api.w.org\/{rel}","templated":true}]}}