{"id":4263,"date":"2024-12-23T12:40:07","date_gmt":"2024-12-23T12:40:07","guid":{"rendered":"https:\/\/thehendoideas.com\/activity\/cable-sking\/"},"modified":"2025-04-22T17:06:36","modified_gmt":"2025-04-22T17:06:36","slug":"cable-sking","status":"publish","type":"product","link":"https:\/\/thehendoideas.com\/it\/activity\/cable-sking\/","title":{"rendered":"Cavo Sking"},"content":{"rendered":"<p>Una lezione privata di 90 minuti in cui al gruppo viene insegnato come preparare 3 diversi cocktail. Da quale cocktail \u00e8 appropriato per quale occasione. Cos\u00ec come gli ingredienti, le tecniche e i segreti. Alla fine della lezione, il gruppo potr\u00e0 gustare un cocktail di propria creazione. Opzione tapas disponibile. Mixologist di lingua inglese o spagnola - Preparazione di 3 cocktail e bevuta di 1 di essi.<\/p>","protected":false},"excerpt":{"rendered":"<p>Cercate un evento per 8 persone? Questa esperienza dura 90 minuti e si svolge a BENIDORM. Verificare la disponibilit\u00e0: TUTTO L'ANNO. Orario di inizio: TUTTO IL GIORNO.<\/p>","protected":false},"featured_media":4408,"comment_status":"closed","ping_status":"closed","template":"","meta":[],"product_brand":[],"product_cat":[393,332,333,334],"product_tag":[],"class_list":{"0":"post-4263","1":"product","2":"type-product","3":"status-publish","4":"has-post-thumbnail","6":"product_cat-benidor","7":"product_cat-benidorm","8":"product_cat-hen-party-benidorm-activities","9":"product_cat-stag-party-benidorm-activities","11":"first","12":"instock","13":"shipping-taxable","14":"purchasable","15":"product-type-simple"},"yoast_head":"<!-- This site is optimized with the Yoast SEO Premium plugin v24.8 (Yoast SEO v27.5) - https:\/\/yoast.com\/product\/yoast-seo-premium-wordpress\/ -->\n<title>Cable Sking<\/title>\n<meta name=\"description\" content=\"A 90 minutes private class where the group is taught how to prepare 3 different cocktails. From which cocktail is appropriate for which occasion. As well as the ingredients , techniques and secrets. At the end of class , the group will be able to have a cocktail of your own creation. Tapas option available. English or Spanish speaking mixologist - Preparation of 3 Cocktails and drink 1 of them\" \/>\n<meta name=\"robots\" content=\"index, follow, max-snippet:-1, max-image-preview:large, max-video-preview:-1\" \/>\n<link rel=\"canonical\" href=\"https:\/\/thehendoideas.com\/it\/activity\/cable-sking\/\" \/>\n<meta property=\"og:locale\" content=\"it_IT\" \/>\n<meta property=\"og:type\" content=\"article\" \/>\n<meta property=\"og:title\" content=\"Cable Sking\" \/>\n<meta property=\"og:description\" content=\"A 90 minutes private class where the group is taught how to prepare 3 different cocktails. From which cocktail is appropriate for which occasion. As well as the ingredients , techniques and secrets. At the end of class , the group will be able to have a cocktail of your own creation. Tapas option available. English or Spanish speaking mixologist - Preparation of 3 Cocktails and drink 1 of them\" \/>\n<meta property=\"og:url\" content=\"https:\/\/thehendoideas.com\/it\/activity\/cable-sking\/\" \/>\n<meta property=\"og:site_name\" content=\"The Hen do Ideas\" \/>\n<meta property=\"article:modified_time\" content=\"2025-04-22T17:06:36+00:00\" \/>\n<meta property=\"og:image\" content=\"https:\/\/thehendoideas.com\/wp-content\/uploads\/2025\/01\/Jet-Ski.jpg\" \/>\n\t<meta property=\"og:image:width\" content=\"640\" \/>\n\t<meta property=\"og:image:height\" content=\"423\" \/>\n\t<meta property=\"og:image:type\" content=\"image\/jpeg\" \/>\n<meta name=\"twitter:card\" content=\"summary_large_image\" \/>\n<meta name=\"twitter:label1\" content=\"Prezzo\" \/>\n\t<meta name=\"twitter:data1\" content=\"40,00&nbsp;&euro;\" \/>\n\t<meta name=\"twitter:label2\" content=\"Disponibilit\u00e0\" \/>\n\t<meta name=\"twitter:data2\" content=\"In stock\" \/>\n<script type=\"application\/ld+json\" class=\"yoast-schema-graph\">{\"@context\":\"https:\\\/\\\/schema.org\",\"@graph\":[{\"@type\":\"WebPage\",\"@id\":\"https:\\\/\\\/thehendoideas.com\\\/activity\\\/cable-sking\\\/\",\"url\":\"https:\\\/\\\/thehendoideas.com\\\/activity\\\/cable-sking\\\/\",\"name\":\"Cable Sking\",\"isPartOf\":{\"@id\":\"https:\\\/\\\/thehendoideas.com\\\/#website\"},\"primaryImageOfPage\":{\"@id\":\"https:\\\/\\\/thehendoideas.com\\\/activity\\\/cable-sking\\\/#primaryimage\"},\"image\":{\"@id\":\"https:\\\/\\\/thehendoideas.com\\\/activity\\\/cable-sking\\\/#primaryimage\"},\"thumbnailUrl\":\"https:\\\/\\\/thehendoideas.com\\\/wp-content\\\/uploads\\\/2025\\\/01\\\/Jet-Ski.jpg\",\"datePublished\":\"2024-12-23T12:40:07+00:00\",\"dateModified\":\"2025-04-22T17:06:36+00:00\",\"description\":\"A 90 minutes private class where the group is taught how to prepare 3 different cocktails. From which cocktail is appropriate for which occasion. As well as the ingredients , techniques and secrets. At the end of class , the group will be able to have a cocktail of your own creation. Tapas option available. English or Spanish speaking mixologist - Preparation of 3 Cocktails and drink 1 of them\",\"breadcrumb\":{\"@id\":\"https:\\\/\\\/thehendoideas.com\\\/activity\\\/cable-sking\\\/#breadcrumb\"},\"inLanguage\":\"it-IT\",\"potentialAction\":[{\"@type\":\"ReadAction\",\"target\":[\"https:\\\/\\\/thehendoideas.com\\\/activity\\\/cable-sking\\\/\"]}]},{\"@type\":\"ImageObject\",\"inLanguage\":\"it-IT\",\"@id\":\"https:\\\/\\\/thehendoideas.com\\\/activity\\\/cable-sking\\\/#primaryimage\",\"url\":\"https:\\\/\\\/thehendoideas.com\\\/wp-content\\\/uploads\\\/2025\\\/01\\\/Jet-Ski.jpg\",\"contentUrl\":\"https:\\\/\\\/thehendoideas.com\\\/wp-content\\\/uploads\\\/2025\\\/01\\\/Jet-Ski.jpg\",\"width\":640,\"height\":423},{\"@type\":\"BreadcrumbList\",\"@id\":\"https:\\\/\\\/thehendoideas.com\\\/activity\\\/cable-sking\\\/#breadcrumb\",\"itemListElement\":[{\"@type\":\"ListItem\",\"position\":1,\"name\":\"Home\",\"item\":\"https:\\\/\\\/thehendoideas.com\\\/\"},{\"@type\":\"ListItem\",\"position\":2,\"name\":\"Shop\",\"item\":\"https:\\\/\\\/thehendoideas.com\\\/shop\\\/\"},{\"@type\":\"ListItem\",\"position\":3,\"name\":\"Cable Sking\"}]},{\"@type\":\"WebSite\",\"@id\":\"https:\\\/\\\/thehendoideas.com\\\/#website\",\"url\":\"https:\\\/\\\/thehendoideas.com\\\/\",\"name\":\"Agency Hen Parties\",\"description\":\"The Best Hen Do Services\",\"publisher\":{\"@id\":\"https:\\\/\\\/thehendoideas.com\\\/#organization\"},\"alternateName\":\"Hen Parties\",\"potentialAction\":[{\"@type\":\"SearchAction\",\"target\":{\"@type\":\"EntryPoint\",\"urlTemplate\":\"https:\\\/\\\/thehendoideas.com\\\/?s={search_term_string}\"},\"query-input\":{\"@type\":\"PropertyValueSpecification\",\"valueRequired\":true,\"valueName\":\"search_term_string\"}}],\"inLanguage\":\"it-IT\"},{\"@type\":\"Organization\",\"@id\":\"https:\\\/\\\/thehendoideas.com\\\/#organization\",\"name\":\"Hen Do Ideas\",\"alternateName\":\"Hen Parties\",\"url\":\"https:\\\/\\\/thehendoideas.com\\\/\",\"logo\":{\"@type\":\"ImageObject\",\"inLanguage\":\"it-IT\",\"@id\":\"https:\\\/\\\/thehendoideas.com\\\/#\\\/schema\\\/logo\\\/image\\\/\",\"url\":\"https:\\\/\\\/thehendoideas.com\\\/wp-content\\\/uploads\\\/2024\\\/04\\\/Hen-Do-Image-Logo-1.png\",\"contentUrl\":\"https:\\\/\\\/thehendoideas.com\\\/wp-content\\\/uploads\\\/2024\\\/04\\\/Hen-Do-Image-Logo-1.png\",\"width\":512,\"height\":512,\"caption\":\"Hen Do Ideas\"},\"image\":{\"@id\":\"https:\\\/\\\/thehendoideas.com\\\/#\\\/schema\\\/logo\\\/image\\\/\"}}]}<\/script>\n<meta property=\"product:price:amount\" content=\"40.00\" \/>\n<meta property=\"product:price:currency\" content=\"EUR\" \/>\n<meta property=\"og:availability\" content=\"instock\" \/>\n<meta property=\"product:availability\" content=\"instock\" \/>\n<meta property=\"product:condition\" content=\"new\" \/>\n<!-- \/ Yoast SEO Premium plugin. -->","yoast_head_json":{"title":"Cavo Sking","description":"Una lezione privata di 90 minuti in cui al gruppo viene insegnato come preparare 3 diversi cocktail. Da quale cocktail \u00e8 appropriato per quale occasione. Cos\u00ec come gli ingredienti, le tecniche e i segreti. Alla fine della lezione, il gruppo potr\u00e0 gustare un cocktail di propria creazione. Opzione tapas disponibile. Mixologist di lingua inglese o spagnola - Preparazione di 3 cocktail e bevuta di 1 di essi.","robots":{"index":"index","follow":"follow","max-snippet":"max-snippet:-1","max-image-preview":"max-image-preview:large","max-video-preview":"max-video-preview:-1"},"canonical":"https:\/\/thehendoideas.com\/it\/activity\/cable-sking\/","og_locale":"it_IT","og_type":"article","og_title":"Cable Sking","og_description":"A 90 minutes private class where the group is taught how to prepare 3 different cocktails. From which cocktail is appropriate for which occasion. As well as the ingredients , techniques and secrets. At the end of class , the group will be able to have a cocktail of your own creation. Tapas option available. English or Spanish speaking mixologist - Preparation of 3 Cocktails and drink 1 of them","og_url":"https:\/\/thehendoideas.com\/it\/activity\/cable-sking\/","og_site_name":"The Hen do Ideas","article_modified_time":"2025-04-22T17:06:36+00:00","og_image":[{"width":640,"height":423,"url":"https:\/\/thehendoideas.com\/wp-content\/uploads\/2025\/01\/Jet-Ski.jpg","type":"image\/jpeg"}],"twitter_card":"summary_large_image","twitter_misc":{"Prezzo":"40,00&nbsp;&euro;","Disponibilit\u00e0":"In stock"},"schema":{"@context":"https:\/\/schema.org","@graph":[{"@type":"WebPage","@id":"https:\/\/thehendoideas.com\/activity\/cable-sking\/","url":"https:\/\/thehendoideas.com\/activity\/cable-sking\/","name":"Cavo Sking","isPartOf":{"@id":"https:\/\/thehendoideas.com\/#website"},"primaryImageOfPage":{"@id":"https:\/\/thehendoideas.com\/activity\/cable-sking\/#primaryimage"},"image":{"@id":"https:\/\/thehendoideas.com\/activity\/cable-sking\/#primaryimage"},"thumbnailUrl":"https:\/\/thehendoideas.com\/wp-content\/uploads\/2025\/01\/Jet-Ski.jpg","datePublished":"2024-12-23T12:40:07+00:00","dateModified":"2025-04-22T17:06:36+00:00","description":"Una lezione privata di 90 minuti in cui al gruppo viene insegnato come preparare 3 diversi cocktail. Da quale cocktail \u00e8 appropriato per quale occasione. Cos\u00ec come gli ingredienti, le tecniche e i segreti. Alla fine della lezione, il gruppo potr\u00e0 gustare un cocktail di propria creazione. Opzione tapas disponibile. Mixologist di lingua inglese o spagnola - Preparazione di 3 cocktail e bevuta di 1 di essi.","breadcrumb":{"@id":"https:\/\/thehendoideas.com\/activity\/cable-sking\/#breadcrumb"},"inLanguage":"it-IT","potentialAction":[{"@type":"ReadAction","target":["https:\/\/thehendoideas.com\/activity\/cable-sking\/"]}]},{"@type":"ImageObject","inLanguage":"it-IT","@id":"https:\/\/thehendoideas.com\/activity\/cable-sking\/#primaryimage","url":"https:\/\/thehendoideas.com\/wp-content\/uploads\/2025\/01\/Jet-Ski.jpg","contentUrl":"https:\/\/thehendoideas.com\/wp-content\/uploads\/2025\/01\/Jet-Ski.jpg","width":640,"height":423},{"@type":"BreadcrumbList","@id":"https:\/\/thehendoideas.com\/activity\/cable-sking\/#breadcrumb","itemListElement":[{"@type":"ListItem","position":1,"name":"Home","item":"https:\/\/thehendoideas.com\/"},{"@type":"ListItem","position":2,"name":"Shop","item":"https:\/\/thehendoideas.com\/shop\/"},{"@type":"ListItem","position":3,"name":"Cable Sking"}]},{"@type":"WebSite","@id":"https:\/\/thehendoideas.com\/#website","url":"https:\/\/thehendoideas.com\/","name":"Feste di addio al nubilato dell'agenzia","description":"I migliori servizi di addio al nubilato","publisher":{"@id":"https:\/\/thehendoideas.com\/#organization"},"alternateName":"Hen Parties","potentialAction":[{"@type":"SearchAction","target":{"@type":"EntryPoint","urlTemplate":"https:\/\/thehendoideas.com\/?s={search_term_string}"},"query-input":{"@type":"PropertyValueSpecification","valueRequired":true,"valueName":"search_term_string"}}],"inLanguage":"it-IT"},{"@type":"Organization","@id":"https:\/\/thehendoideas.com\/#organization","name":"Idee per l'addio al nubilato","alternateName":"Hen Parties","url":"https:\/\/thehendoideas.com\/","logo":{"@type":"ImageObject","inLanguage":"it-IT","@id":"https:\/\/thehendoideas.com\/#\/schema\/logo\/image\/","url":"https:\/\/thehendoideas.com\/wp-content\/uploads\/2024\/04\/Hen-Do-Image-Logo-1.png","contentUrl":"https:\/\/thehendoideas.com\/wp-content\/uploads\/2024\/04\/Hen-Do-Image-Logo-1.png","width":512,"height":512,"caption":"Hen Do Ideas"},"image":{"@id":"https:\/\/thehendoideas.com\/#\/schema\/logo\/image\/"}}]},"product_price_amount":"40.00","product_price_currency":"EUR","og_availability":"instock","product_availability":"instock","product_condition":"new"},"_links":{"self":[{"href":"https:\/\/thehendoideas.com\/it\/wp-json\/wp\/v2\/product\/4263","targetHints":{"allow":["GET"]}}],"collection":[{"href":"https:\/\/thehendoideas.com\/it\/wp-json\/wp\/v2\/product"}],"about":[{"href":"https:\/\/thehendoideas.com\/it\/wp-json\/wp\/v2\/types\/product"}],"replies":[{"embeddable":true,"href":"https:\/\/thehendoideas.com\/it\/wp-json\/wp\/v2\/comments?post=4263"}],"wp:featuredmedia":[{"embeddable":true,"href":"https:\/\/thehendoideas.com\/it\/wp-json\/wp\/v2\/media\/4408"}],"wp:attachment":[{"href":"https:\/\/thehendoideas.com\/it\/wp-json\/wp\/v2\/media?parent=4263"}],"wp:term":[{"taxonomy":"product_brand","embeddable":true,"href":"https:\/\/thehendoideas.com\/it\/wp-json\/wp\/v2\/product_brand?post=4263"},{"taxonomy":"product_cat","embeddable":true,"href":"https:\/\/thehendoideas.com\/it\/wp-json\/wp\/v2\/product_cat?post=4263"},{"taxonomy":"product_tag","embeddable":true,"href":"https:\/\/thehendoideas.com\/it\/wp-json\/wp\/v2\/product_tag?post=4263"}],"curies":[{"name":"wp","href":"https:\/\/api.w.org\/{rel}","templated":true}]}}