{"id":437,"date":"2024-03-19T12:24:07","date_gmt":"2024-03-19T12:24:07","guid":{"rendered":"http:\/\/thehendoideas.com\/?post_type=product&#038;p=437"},"modified":"2024-03-21T12:04:09","modified_gmt":"2024-03-21T12:04:09","slug":"sexy-wake-up-mallorca","status":"publish","type":"product","link":"https:\/\/thehendoideas.com\/it\/activity\/sexy-wake-up-mallorca\/","title":{"rendered":"Risveglio sexy a Maiorca"},"content":{"rendered":"<p>Sveglia sexy a Maiorca. Svegliarsi con una bella spogliarellista. Riuscite a immaginare un risveglio migliore?<\/p>\n<p>Le migliori feste di addio al celibato con <a href=\"http:\/\/thehendoideas.com\/it\/stag-party\/\">Addio al celibato<\/a>! <a href=\"http:\/\/thehendoideas.com\/it\/hen-party\/\">Festa di addio al nubilato<\/a>!<\/p>\n<h2 style=\"text-align: center;\">Sveglia sexy a Maiorca \ud83d\udd25<\/h2>\n<h5>L'esperienza pi\u00f9 erotica di Maiorca\ud83c\udf1f<\/h5>\n<p>Immaginate per un attimo di svegliarvi nel vostro hotel\/villa\/appartamento con una terribile sbornia. Il giorno prima avete trascorso la notte a Maiorca con molto alcol e molte donne...<\/p>\n<p>Vi svegliate stanchi e vorreste tornare a letto, ma la fortuna vi sorride. Una donna bella e sexy vi aspetta per svegliarvi con tanto affetto.<\/p>\n<p>\ud83d\udecc La nostra bella donna andr\u00e0 dove dormite per darvi una sveglia molto, molto sexy. Con pochi vestiti e tanta voglia, vi sveglier\u00e0 e i postumi della sbornia non saranno pi\u00f9 cos\u00ec cattivi.<\/p>\n<p>\ud83d\udcf7 Lo spettacolo \u00e8 privato ma si possono scattare foto per ricordare il miglior risveglio della propria vita.<\/p>\n<p style=\"text-align: center;\">\ud83d\udd25 Per quindici minuti sarete molto felici di avere amici meravigliosi che ci hanno contattato per svegliarvi con una donna nuda.<\/p>\n<p>Immaginate di aprire gli occhi e scoprire questa meraviglia,<\/p>\n<p>Godere <a href=\"https:\/\/es.wikipedia.org\/wiki\/Mallorca\">Maiorca<\/a> con il risveglio pi\u00f9 sexy della vostra vita!<\/p>\n<p>Disponibile per la regione di Palma di Maiorca o Magaluf (altre regioni su richiesta).<\/p>","protected":false},"excerpt":{"rendered":"<p>Sveglia sexy a Maiorca. Svegliarsi con una bella spogliarellista. Riuscite a immaginare un risveglio migliore?<\/p>","protected":false},"featured_media":477,"comment_status":"open","ping_status":"closed","template":"","meta":[],"product_brand":[],"product_cat":[193,165],"product_tag":[264,263],"class_list":{"0":"post-437","1":"product","2":"type-product","3":"status-publish","4":"has-post-thumbnail","6":"product_cat-hen-party-mallorca","7":"product_cat-mallorca","8":"product_tag-sexy-wake-up","9":"product_tag-sexy-wake-up-mallorca","11":"first","12":"instock","13":"virtual","14":"purchasable","15":"product-type-simple"},"yoast_head":"<!-- This site is optimized with the Yoast SEO Premium plugin v24.8 (Yoast SEO v27.5) - https:\/\/yoast.com\/product\/yoast-seo-premium-wordpress\/ -->\n<title>Sexy Wake Up Mallorca<\/title>\n<meta name=\"description\" content=\"Sexy Wake Up Mallorca. Wake up to a beautiful stripper. Can you imagine a better awakening? Striper Mallorca.\" \/>\n<meta name=\"robots\" content=\"index, follow, max-snippet:-1, max-image-preview:large, max-video-preview:-1\" \/>\n<link rel=\"canonical\" href=\"https:\/\/thehendoideas.com\/it\/attivita\/risveglio-sexy-a-maiorca\/\" \/>\n<meta property=\"og:locale\" content=\"it_IT\" \/>\n<meta property=\"og:type\" content=\"article\" \/>\n<meta property=\"og:title\" content=\"Sexy Wake Up Mallorca\" \/>\n<meta property=\"og:description\" content=\"Sexy Wake Up Mallorca. Wake up to a beautiful stripper. Can you imagine a better awakening? Striper Mallorca.\" \/>\n<meta property=\"og:url\" content=\"https:\/\/thehendoideas.com\/it\/attivita\/risveglio-sexy-a-maiorca\/\" \/>\n<meta property=\"og:site_name\" content=\"The Hen do Ideas\" \/>\n<meta property=\"article:modified_time\" content=\"2024-03-21T12:04:09+00:00\" \/>\n<meta property=\"og:image\" content=\"https:\/\/thehendoideas.com\/wp-content\/uploads\/2024\/03\/Girls-9.jpeg\" \/>\n\t<meta property=\"og:image:width\" content=\"300\" \/>\n\t<meta property=\"og:image:height\" content=\"300\" \/>\n\t<meta property=\"og:image:type\" content=\"image\/jpeg\" \/>\n<meta name=\"twitter:card\" content=\"summary_large_image\" \/>\n<meta name=\"twitter:label1\" content=\"Prezzo\" \/>\n\t<meta name=\"twitter:data1\" content=\"260,00&nbsp;&euro;\" \/>\n\t<meta name=\"twitter:label2\" content=\"Disponibilit\u00e0\" \/>\n\t<meta name=\"twitter:data2\" content=\"In stock\" \/>\n<script type=\"application\/ld+json\" class=\"yoast-schema-graph\">{\"@context\":\"https:\\\/\\\/schema.org\",\"@graph\":[{\"@type\":\"WebPage\",\"@id\":\"https:\\\/\\\/thehendoideas.com\\\/it\\\/attivita\\\/risveglio-sexy-a-maiorca\\\/\",\"url\":\"https:\\\/\\\/thehendoideas.com\\\/it\\\/attivita\\\/risveglio-sexy-a-maiorca\\\/\",\"name\":\"Sexy Wake Up Mallorca\",\"isPartOf\":{\"@id\":\"https:\\\/\\\/thehendoideas.com\\\/#website\"},\"primaryImageOfPage\":{\"@id\":\"https:\\\/\\\/thehendoideas.com\\\/it\\\/attivita\\\/risveglio-sexy-a-maiorca\\\/#primaryimage\"},\"image\":{\"@id\":\"https:\\\/\\\/thehendoideas.com\\\/it\\\/attivita\\\/risveglio-sexy-a-maiorca\\\/#primaryimage\"},\"thumbnailUrl\":\"https:\\\/\\\/thehendoideas.com\\\/wp-content\\\/uploads\\\/2024\\\/03\\\/Girls-9.jpeg\",\"datePublished\":\"2024-03-19T12:24:07+00:00\",\"dateModified\":\"2024-03-21T12:04:09+00:00\",\"description\":\"Sexy Wake Up Mallorca. Wake up to a beautiful stripper. Can you imagine a better awakening? Striper Mallorca.\",\"breadcrumb\":{\"@id\":\"https:\\\/\\\/thehendoideas.com\\\/it\\\/attivita\\\/risveglio-sexy-a-maiorca\\\/#breadcrumb\"},\"inLanguage\":\"it-IT\",\"potentialAction\":[{\"@type\":\"ReadAction\",\"target\":[\"https:\\\/\\\/thehendoideas.com\\\/it\\\/attivita\\\/risveglio-sexy-a-maiorca\\\/\"]}]},{\"@type\":\"ImageObject\",\"inLanguage\":\"it-IT\",\"@id\":\"https:\\\/\\\/thehendoideas.com\\\/it\\\/attivita\\\/risveglio-sexy-a-maiorca\\\/#primaryimage\",\"url\":\"https:\\\/\\\/thehendoideas.com\\\/wp-content\\\/uploads\\\/2024\\\/03\\\/Girls-9.jpeg\",\"contentUrl\":\"https:\\\/\\\/thehendoideas.com\\\/wp-content\\\/uploads\\\/2024\\\/03\\\/Girls-9.jpeg\",\"width\":300,\"height\":300},{\"@type\":\"BreadcrumbList\",\"@id\":\"https:\\\/\\\/thehendoideas.com\\\/it\\\/attivita\\\/risveglio-sexy-a-maiorca\\\/#breadcrumb\",\"itemListElement\":[{\"@type\":\"ListItem\",\"position\":1,\"name\":\"Home\",\"item\":\"https:\\\/\\\/thehendoideas.com\\\/\"},{\"@type\":\"ListItem\",\"position\":2,\"name\":\"Shop\",\"item\":\"https:\\\/\\\/thehendoideas.com\\\/shop\\\/\"},{\"@type\":\"ListItem\",\"position\":3,\"name\":\"Sexy Wake Up Mallorca\"}]},{\"@type\":\"WebSite\",\"@id\":\"https:\\\/\\\/thehendoideas.com\\\/#website\",\"url\":\"https:\\\/\\\/thehendoideas.com\\\/\",\"name\":\"Agency Hen Parties\",\"description\":\"The Best Hen Do Services\",\"publisher\":{\"@id\":\"https:\\\/\\\/thehendoideas.com\\\/#organization\"},\"alternateName\":\"Hen Parties\",\"potentialAction\":[{\"@type\":\"SearchAction\",\"target\":{\"@type\":\"EntryPoint\",\"urlTemplate\":\"https:\\\/\\\/thehendoideas.com\\\/?s={search_term_string}\"},\"query-input\":{\"@type\":\"PropertyValueSpecification\",\"valueRequired\":true,\"valueName\":\"search_term_string\"}}],\"inLanguage\":\"it-IT\"},{\"@type\":\"Organization\",\"@id\":\"https:\\\/\\\/thehendoideas.com\\\/#organization\",\"name\":\"Hen Do Ideas\",\"alternateName\":\"Hen Parties\",\"url\":\"https:\\\/\\\/thehendoideas.com\\\/\",\"logo\":{\"@type\":\"ImageObject\",\"inLanguage\":\"it-IT\",\"@id\":\"https:\\\/\\\/thehendoideas.com\\\/#\\\/schema\\\/logo\\\/image\\\/\",\"url\":\"https:\\\/\\\/thehendoideas.com\\\/wp-content\\\/uploads\\\/2024\\\/04\\\/Hen-Do-Image-Logo-1.png\",\"contentUrl\":\"https:\\\/\\\/thehendoideas.com\\\/wp-content\\\/uploads\\\/2024\\\/04\\\/Hen-Do-Image-Logo-1.png\",\"width\":512,\"height\":512,\"caption\":\"Hen Do Ideas\"},\"image\":{\"@id\":\"https:\\\/\\\/thehendoideas.com\\\/#\\\/schema\\\/logo\\\/image\\\/\"}}]}<\/script>\n<meta property=\"product:price:amount\" content=\"260.00\" \/>\n<meta property=\"product:price:currency\" content=\"EUR\" \/>\n<meta property=\"og:availability\" content=\"instock\" \/>\n<meta property=\"product:availability\" content=\"instock\" \/>\n<meta property=\"product:condition\" content=\"new\" \/>\n<!-- \/ Yoast SEO Premium plugin. -->","yoast_head_json":{"title":"Risveglio sexy a Maiorca","description":"Sveglia sexy a Maiorca. Svegliarsi con una bella spogliarellista. Riuscite a immaginare un risveglio migliore? Spogliarellista Mallorca.","robots":{"index":"index","follow":"follow","max-snippet":"max-snippet:-1","max-image-preview":"max-image-preview:large","max-video-preview":"max-video-preview:-1"},"canonical":"https:\/\/thehendoideas.com\/it\/attivita\/risveglio-sexy-a-maiorca\/","og_locale":"it_IT","og_type":"article","og_title":"Sexy Wake Up Mallorca","og_description":"Sexy Wake Up Mallorca. Wake up to a beautiful stripper. Can you imagine a better awakening? Striper Mallorca.","og_url":"https:\/\/thehendoideas.com\/it\/attivita\/risveglio-sexy-a-maiorca\/","og_site_name":"The Hen do Ideas","article_modified_time":"2024-03-21T12:04:09+00:00","og_image":[{"width":300,"height":300,"url":"https:\/\/thehendoideas.com\/wp-content\/uploads\/2024\/03\/Girls-9.jpeg","type":"image\/jpeg"}],"twitter_card":"summary_large_image","twitter_misc":{"Prezzo":"260,00&nbsp;&euro;","Disponibilit\u00e0":"In stock"},"schema":{"@context":"https:\/\/schema.org","@graph":[{"@type":"WebPage","@id":"https:\/\/thehendoideas.com\/it\/attivita\/risveglio-sexy-a-maiorca\/","url":"https:\/\/thehendoideas.com\/it\/attivita\/risveglio-sexy-a-maiorca\/","name":"Risveglio sexy a Maiorca","isPartOf":{"@id":"https:\/\/thehendoideas.com\/#website"},"primaryImageOfPage":{"@id":"https:\/\/thehendoideas.com\/it\/attivita\/risveglio-sexy-a-maiorca\/#primaryimage"},"image":{"@id":"https:\/\/thehendoideas.com\/it\/attivita\/risveglio-sexy-a-maiorca\/#primaryimage"},"thumbnailUrl":"https:\/\/thehendoideas.com\/wp-content\/uploads\/2024\/03\/Girls-9.jpeg","datePublished":"2024-03-19T12:24:07+00:00","dateModified":"2024-03-21T12:04:09+00:00","description":"Sveglia sexy a Maiorca. Svegliarsi con una bella spogliarellista. Riuscite a immaginare un risveglio migliore? Spogliarellista Mallorca.","breadcrumb":{"@id":"https:\/\/thehendoideas.com\/it\/attivita\/risveglio-sexy-a-maiorca\/#breadcrumb"},"inLanguage":"it-IT","potentialAction":[{"@type":"ReadAction","target":["https:\/\/thehendoideas.com\/it\/attivita\/risveglio-sexy-a-maiorca\/"]}]},{"@type":"ImageObject","inLanguage":"it-IT","@id":"https:\/\/thehendoideas.com\/it\/attivita\/risveglio-sexy-a-maiorca\/#primaryimage","url":"https:\/\/thehendoideas.com\/wp-content\/uploads\/2024\/03\/Girls-9.jpeg","contentUrl":"https:\/\/thehendoideas.com\/wp-content\/uploads\/2024\/03\/Girls-9.jpeg","width":300,"height":300},{"@type":"BreadcrumbList","@id":"https:\/\/thehendoideas.com\/it\/attivita\/risveglio-sexy-a-maiorca\/#breadcrumb","itemListElement":[{"@type":"ListItem","position":1,"name":"Home","item":"https:\/\/thehendoideas.com\/"},{"@type":"ListItem","position":2,"name":"Shop","item":"https:\/\/thehendoideas.com\/shop\/"},{"@type":"ListItem","position":3,"name":"Sexy Wake Up Mallorca"}]},{"@type":"WebSite","@id":"https:\/\/thehendoideas.com\/#website","url":"https:\/\/thehendoideas.com\/","name":"Feste di addio al nubilato dell'agenzia","description":"I migliori servizi di addio al nubilato","publisher":{"@id":"https:\/\/thehendoideas.com\/#organization"},"alternateName":"Hen Parties","potentialAction":[{"@type":"SearchAction","target":{"@type":"EntryPoint","urlTemplate":"https:\/\/thehendoideas.com\/?s={search_term_string}"},"query-input":{"@type":"PropertyValueSpecification","valueRequired":true,"valueName":"search_term_string"}}],"inLanguage":"it-IT"},{"@type":"Organization","@id":"https:\/\/thehendoideas.com\/#organization","name":"Idee per l'addio al nubilato","alternateName":"Hen Parties","url":"https:\/\/thehendoideas.com\/","logo":{"@type":"ImageObject","inLanguage":"it-IT","@id":"https:\/\/thehendoideas.com\/#\/schema\/logo\/image\/","url":"https:\/\/thehendoideas.com\/wp-content\/uploads\/2024\/04\/Hen-Do-Image-Logo-1.png","contentUrl":"https:\/\/thehendoideas.com\/wp-content\/uploads\/2024\/04\/Hen-Do-Image-Logo-1.png","width":512,"height":512,"caption":"Hen Do Ideas"},"image":{"@id":"https:\/\/thehendoideas.com\/#\/schema\/logo\/image\/"}}]},"product_price_amount":"260.00","product_price_currency":"EUR","og_availability":"instock","product_availability":"instock","product_condition":"new"},"_links":{"self":[{"href":"https:\/\/thehendoideas.com\/it\/wp-json\/wp\/v2\/product\/437","targetHints":{"allow":["GET"]}}],"collection":[{"href":"https:\/\/thehendoideas.com\/it\/wp-json\/wp\/v2\/product"}],"about":[{"href":"https:\/\/thehendoideas.com\/it\/wp-json\/wp\/v2\/types\/product"}],"replies":[{"embeddable":true,"href":"https:\/\/thehendoideas.com\/it\/wp-json\/wp\/v2\/comments?post=437"}],"wp:featuredmedia":[{"embeddable":true,"href":"https:\/\/thehendoideas.com\/it\/wp-json\/wp\/v2\/media\/477"}],"wp:attachment":[{"href":"https:\/\/thehendoideas.com\/it\/wp-json\/wp\/v2\/media?parent=437"}],"wp:term":[{"taxonomy":"product_brand","embeddable":true,"href":"https:\/\/thehendoideas.com\/it\/wp-json\/wp\/v2\/product_brand?post=437"},{"taxonomy":"product_cat","embeddable":true,"href":"https:\/\/thehendoideas.com\/it\/wp-json\/wp\/v2\/product_cat?post=437"},{"taxonomy":"product_tag","embeddable":true,"href":"https:\/\/thehendoideas.com\/it\/wp-json\/wp\/v2\/product_tag?post=437"}],"curies":[{"name":"wp","href":"https:\/\/api.w.org\/{rel}","templated":true}]}}