{"id":447,"date":"2024-03-19T12:24:08","date_gmt":"2024-03-19T12:24:08","guid":{"rendered":"http:\/\/thehendoideas.com\/?post_type=product&#038;p=447"},"modified":"2024-03-26T11:41:08","modified_gmt":"2024-03-26T11:41:08","slug":"spanish-cooking-class-mallorca","status":"publish","type":"product","link":"https:\/\/thehendoideas.com\/it\/activity\/spanish-cooking-class-mallorca\/","title":{"rendered":"Corso di cucina spagnola a Maiorca"},"content":{"rendered":"<p>Corso di cucina spagnola a Maiorca. Insegnante, antipasti, frittata spagnola, paella mista, crema catalana. Open bar con vino, acqua e bevande analcoliche.<\/p>\n<p>Le migliori feste di addio al celibato con <a href=\"http:\/\/thehendoideas.com\/it\/stag-party\/\">Addio al celibato<\/a>! <a href=\"http:\/\/thehendoideas.com\/it\/hen-party\/\">Festa di addio al nubilato<\/a>!<\/p>\n<h2 style=\"text-align: center;\">Corso di cucina spagnola a Maiorca \ud83e\udd58<\/h2>\n<p style=\"text-align: center;\">VENDITA MINIMA: 6 PERSONE.<\/p>\n<h5>\ud83c\udf72 Viaggio culinario spagnolo a Palma di Maiorca!\ud83d\udc68\u200d\ud83c\udf73<\/h5>\n<p>Scoprite l'arte della cucina spagnola nel cuore di Palma di Maiorca con la nostra esperienza culinaria unica! \ud83c\udf1e<\/p>\n<p>\ud83d\udc68\u200d\ud83c\udf73 Appassionato chef locale: unitevi al nostro appassionato chef locale che vi guider\u00e0 attraverso le delizie della cucina spagnola. Imparate i segreti dei sapori autentici e delle tecniche tradizionali.<\/p>\n<p>\ud83c\udf7d\ufe0f Menu squisito: scegliete tra pranzo e cena e gustate una selezione di piatti iconici della cucina spagnola da far venire l'acquolina in bocca. Iniziate con le tapas locali come antipasto, seguite da un'autentica Tortilla Espa\u00f1ola, una deliziosa Paella mixta e terminate con la famosa Crema Catalana.<\/p>\n<p>\ud83c\udf77 Bar \u00e0 Volont\u00e9: Accompagnate i vostri pasti con una variet\u00e0 di vini locali, oltre a un bar gratuito di acqua e bibite per soddisfare tutte le preferenze.<\/p>\n<p>\ud83c\udf89 Atmosfera amichevole: Immergetevi in un'atmosfera calda e amichevole mentre cucinate e gustate insieme queste prelibatezze spagnole. Create ricordi indimenticabili con i vostri amici buongustai.<\/p>\n<p>\ud83c\udf05 Prenotate ora per un'avventura culinaria spagnola!<\/p>\n<p>Immergetevi nella ricchezza della cucina spagnola e godetevi l'ospitalit\u00e0 mediterranea. Questa esperienza unica in <a href=\"https:\/\/es.wikipedia.org\/wiki\/Palma_de_Mallorca\">Palma di Maiorca<\/a> unisce apprendimento, degustazione e convivialit\u00e0 per un'esperienza culinaria memorabile! \ud83c\udf77\ud83e\udd58<\/p>","protected":false},"excerpt":{"rendered":"<p>Corso di cucina spagnola a Maiorca. Insegnante, antipasti, frittata spagnola, paella mista, crema catalana. Open bar con vino, acqua e bevande analcoliche.<\/p>\n<p>VENDITA MINIMA: 6 PERSONE.<\/p>","protected":false},"featured_media":856,"comment_status":"open","ping_status":"closed","template":"","meta":[],"product_brand":[],"product_cat":[193,165],"product_tag":[238,237],"class_list":{"0":"post-447","1":"product","2":"type-product","3":"status-publish","4":"has-post-thumbnail","6":"product_cat-hen-party-mallorca","7":"product_cat-mallorca","8":"product_tag-spanish-cooking-class","9":"product_tag-spanish-cooking-class-mallorca","11":"first","12":"instock","13":"virtual","14":"purchasable","15":"product-type-simple"},"yoast_head":"<!-- This site is optimized with the Yoast SEO Premium plugin v24.8 (Yoast SEO v27.5) - https:\/\/yoast.com\/product\/yoast-seo-premium-wordpress\/ -->\n<title>Spanish cooking class Mallorca<\/title>\n<meta name=\"description\" content=\"Spanish cooking class Mallorca. Teacher, appetizers, Spanish omelette, mixed paella, crema catalana. Open bar with wine and water.\" \/>\n<meta name=\"robots\" content=\"index, follow, max-snippet:-1, max-image-preview:large, max-video-preview:-1\" \/>\n<link rel=\"canonical\" href=\"https:\/\/thehendoideas.com\/it\/attivita\/corso-di-cucina-spagnola-a-maiorca\/\" \/>\n<meta property=\"og:locale\" content=\"it_IT\" \/>\n<meta property=\"og:type\" content=\"article\" \/>\n<meta property=\"og:title\" content=\"Spanish cooking class Mallorca\" \/>\n<meta property=\"og:description\" content=\"Spanish cooking class Mallorca. Teacher, appetizers, Spanish omelette, mixed paella, crema catalana. Open bar with wine and water.\" \/>\n<meta property=\"og:url\" content=\"https:\/\/thehendoideas.com\/it\/attivita\/corso-di-cucina-spagnola-a-maiorca\/\" \/>\n<meta property=\"og:site_name\" content=\"The Hen do Ideas\" \/>\n<meta property=\"article:modified_time\" content=\"2024-03-26T11:41:08+00:00\" \/>\n<meta property=\"og:image\" content=\"https:\/\/thehendoideas.com\/wp-content\/uploads\/2024\/03\/Spanish-cooking-class-img.jpeg\" \/>\n\t<meta property=\"og:image:width\" content=\"1024\" \/>\n\t<meta property=\"og:image:height\" content=\"1024\" \/>\n\t<meta property=\"og:image:type\" content=\"image\/jpeg\" \/>\n<meta name=\"twitter:card\" content=\"summary_large_image\" \/>\n<meta name=\"twitter:label1\" content=\"Prezzo\" \/>\n\t<meta name=\"twitter:data1\" content=\"120,00&nbsp;&euro;\" \/>\n\t<meta name=\"twitter:label2\" content=\"Disponibilit\u00e0\" \/>\n\t<meta name=\"twitter:data2\" content=\"In stock\" \/>\n<script type=\"application\/ld+json\" class=\"yoast-schema-graph\">{\"@context\":\"https:\\\/\\\/schema.org\",\"@graph\":[{\"@type\":\"WebPage\",\"@id\":\"https:\\\/\\\/thehendoideas.com\\\/it\\\/attivita\\\/corso-di-cucina-spagnola-a-maiorca\\\/\",\"url\":\"https:\\\/\\\/thehendoideas.com\\\/it\\\/attivita\\\/corso-di-cucina-spagnola-a-maiorca\\\/\",\"name\":\"Spanish cooking class Mallorca\",\"isPartOf\":{\"@id\":\"https:\\\/\\\/thehendoideas.com\\\/#website\"},\"primaryImageOfPage\":{\"@id\":\"https:\\\/\\\/thehendoideas.com\\\/it\\\/attivita\\\/corso-di-cucina-spagnola-a-maiorca\\\/#primaryimage\"},\"image\":{\"@id\":\"https:\\\/\\\/thehendoideas.com\\\/it\\\/attivita\\\/corso-di-cucina-spagnola-a-maiorca\\\/#primaryimage\"},\"thumbnailUrl\":\"https:\\\/\\\/thehendoideas.com\\\/wp-content\\\/uploads\\\/2024\\\/03\\\/Spanish-cooking-class-img.jpeg\",\"datePublished\":\"2024-03-19T12:24:08+00:00\",\"dateModified\":\"2024-03-26T11:41:08+00:00\",\"description\":\"Spanish cooking class Mallorca. Teacher, appetizers, Spanish omelette, mixed paella, crema catalana. Open bar with wine and water.\",\"breadcrumb\":{\"@id\":\"https:\\\/\\\/thehendoideas.com\\\/it\\\/attivita\\\/corso-di-cucina-spagnola-a-maiorca\\\/#breadcrumb\"},\"inLanguage\":\"it-IT\",\"potentialAction\":[{\"@type\":\"ReadAction\",\"target\":[\"https:\\\/\\\/thehendoideas.com\\\/it\\\/attivita\\\/corso-di-cucina-spagnola-a-maiorca\\\/\"]}]},{\"@type\":\"ImageObject\",\"inLanguage\":\"it-IT\",\"@id\":\"https:\\\/\\\/thehendoideas.com\\\/it\\\/attivita\\\/corso-di-cucina-spagnola-a-maiorca\\\/#primaryimage\",\"url\":\"https:\\\/\\\/thehendoideas.com\\\/wp-content\\\/uploads\\\/2024\\\/03\\\/Spanish-cooking-class-img.jpeg\",\"contentUrl\":\"https:\\\/\\\/thehendoideas.com\\\/wp-content\\\/uploads\\\/2024\\\/03\\\/Spanish-cooking-class-img.jpeg\",\"width\":1024,\"height\":1024},{\"@type\":\"BreadcrumbList\",\"@id\":\"https:\\\/\\\/thehendoideas.com\\\/it\\\/attivita\\\/corso-di-cucina-spagnola-a-maiorca\\\/#breadcrumb\",\"itemListElement\":[{\"@type\":\"ListItem\",\"position\":1,\"name\":\"Home\",\"item\":\"https:\\\/\\\/thehendoideas.com\\\/\"},{\"@type\":\"ListItem\",\"position\":2,\"name\":\"Shop\",\"item\":\"https:\\\/\\\/thehendoideas.com\\\/shop\\\/\"},{\"@type\":\"ListItem\",\"position\":3,\"name\":\"Spanish cooking class Mallorca\"}]},{\"@type\":\"WebSite\",\"@id\":\"https:\\\/\\\/thehendoideas.com\\\/#website\",\"url\":\"https:\\\/\\\/thehendoideas.com\\\/\",\"name\":\"Agency Hen Parties\",\"description\":\"The Best Hen Do Services\",\"publisher\":{\"@id\":\"https:\\\/\\\/thehendoideas.com\\\/#organization\"},\"alternateName\":\"Hen Parties\",\"potentialAction\":[{\"@type\":\"SearchAction\",\"target\":{\"@type\":\"EntryPoint\",\"urlTemplate\":\"https:\\\/\\\/thehendoideas.com\\\/?s={search_term_string}\"},\"query-input\":{\"@type\":\"PropertyValueSpecification\",\"valueRequired\":true,\"valueName\":\"search_term_string\"}}],\"inLanguage\":\"it-IT\"},{\"@type\":\"Organization\",\"@id\":\"https:\\\/\\\/thehendoideas.com\\\/#organization\",\"name\":\"Hen Do Ideas\",\"alternateName\":\"Hen Parties\",\"url\":\"https:\\\/\\\/thehendoideas.com\\\/\",\"logo\":{\"@type\":\"ImageObject\",\"inLanguage\":\"it-IT\",\"@id\":\"https:\\\/\\\/thehendoideas.com\\\/#\\\/schema\\\/logo\\\/image\\\/\",\"url\":\"https:\\\/\\\/thehendoideas.com\\\/wp-content\\\/uploads\\\/2024\\\/04\\\/Hen-Do-Image-Logo-1.png\",\"contentUrl\":\"https:\\\/\\\/thehendoideas.com\\\/wp-content\\\/uploads\\\/2024\\\/04\\\/Hen-Do-Image-Logo-1.png\",\"width\":512,\"height\":512,\"caption\":\"Hen Do Ideas\"},\"image\":{\"@id\":\"https:\\\/\\\/thehendoideas.com\\\/#\\\/schema\\\/logo\\\/image\\\/\"}}]}<\/script>\n<meta property=\"product:price:amount\" content=\"120.00\" \/>\n<meta property=\"product:price:currency\" content=\"EUR\" \/>\n<meta property=\"og:availability\" content=\"instock\" \/>\n<meta property=\"product:availability\" content=\"instock\" \/>\n<meta property=\"product:condition\" content=\"new\" \/>\n<!-- \/ Yoast SEO Premium plugin. -->","yoast_head_json":{"title":"Corso di cucina spagnola a Maiorca","description":"Corso di cucina spagnola a Maiorca. Insegnante, antipasti, frittata spagnola, paella mista, crema catalana. Open bar con vino e acqua.","robots":{"index":"index","follow":"follow","max-snippet":"max-snippet:-1","max-image-preview":"max-image-preview:large","max-video-preview":"max-video-preview:-1"},"canonical":"https:\/\/thehendoideas.com\/it\/attivita\/corso-di-cucina-spagnola-a-maiorca\/","og_locale":"it_IT","og_type":"article","og_title":"Spanish cooking class Mallorca","og_description":"Spanish cooking class Mallorca. Teacher, appetizers, Spanish omelette, mixed paella, crema catalana. Open bar with wine and water.","og_url":"https:\/\/thehendoideas.com\/it\/attivita\/corso-di-cucina-spagnola-a-maiorca\/","og_site_name":"The Hen do Ideas","article_modified_time":"2024-03-26T11:41:08+00:00","og_image":[{"width":1024,"height":1024,"url":"https:\/\/thehendoideas.com\/wp-content\/uploads\/2024\/03\/Spanish-cooking-class-img.jpeg","type":"image\/jpeg"}],"twitter_card":"summary_large_image","twitter_misc":{"Prezzo":"120,00&nbsp;&euro;","Disponibilit\u00e0":"In stock"},"schema":{"@context":"https:\/\/schema.org","@graph":[{"@type":"WebPage","@id":"https:\/\/thehendoideas.com\/it\/attivita\/corso-di-cucina-spagnola-a-maiorca\/","url":"https:\/\/thehendoideas.com\/it\/attivita\/corso-di-cucina-spagnola-a-maiorca\/","name":"Corso di cucina spagnola a Maiorca","isPartOf":{"@id":"https:\/\/thehendoideas.com\/#website"},"primaryImageOfPage":{"@id":"https:\/\/thehendoideas.com\/it\/attivita\/corso-di-cucina-spagnola-a-maiorca\/#primaryimage"},"image":{"@id":"https:\/\/thehendoideas.com\/it\/attivita\/corso-di-cucina-spagnola-a-maiorca\/#primaryimage"},"thumbnailUrl":"https:\/\/thehendoideas.com\/wp-content\/uploads\/2024\/03\/Spanish-cooking-class-img.jpeg","datePublished":"2024-03-19T12:24:08+00:00","dateModified":"2024-03-26T11:41:08+00:00","description":"Corso di cucina spagnola a Maiorca. Insegnante, antipasti, frittata spagnola, paella mista, crema catalana. Open bar con vino e acqua.","breadcrumb":{"@id":"https:\/\/thehendoideas.com\/it\/attivita\/corso-di-cucina-spagnola-a-maiorca\/#breadcrumb"},"inLanguage":"it-IT","potentialAction":[{"@type":"ReadAction","target":["https:\/\/thehendoideas.com\/it\/attivita\/corso-di-cucina-spagnola-a-maiorca\/"]}]},{"@type":"ImageObject","inLanguage":"it-IT","@id":"https:\/\/thehendoideas.com\/it\/attivita\/corso-di-cucina-spagnola-a-maiorca\/#primaryimage","url":"https:\/\/thehendoideas.com\/wp-content\/uploads\/2024\/03\/Spanish-cooking-class-img.jpeg","contentUrl":"https:\/\/thehendoideas.com\/wp-content\/uploads\/2024\/03\/Spanish-cooking-class-img.jpeg","width":1024,"height":1024},{"@type":"BreadcrumbList","@id":"https:\/\/thehendoideas.com\/it\/attivita\/corso-di-cucina-spagnola-a-maiorca\/#breadcrumb","itemListElement":[{"@type":"ListItem","position":1,"name":"Home","item":"https:\/\/thehendoideas.com\/"},{"@type":"ListItem","position":2,"name":"Shop","item":"https:\/\/thehendoideas.com\/shop\/"},{"@type":"ListItem","position":3,"name":"Spanish cooking class Mallorca"}]},{"@type":"WebSite","@id":"https:\/\/thehendoideas.com\/#website","url":"https:\/\/thehendoideas.com\/","name":"Feste di addio al nubilato dell'agenzia","description":"I migliori servizi di addio al nubilato","publisher":{"@id":"https:\/\/thehendoideas.com\/#organization"},"alternateName":"Hen Parties","potentialAction":[{"@type":"SearchAction","target":{"@type":"EntryPoint","urlTemplate":"https:\/\/thehendoideas.com\/?s={search_term_string}"},"query-input":{"@type":"PropertyValueSpecification","valueRequired":true,"valueName":"search_term_string"}}],"inLanguage":"it-IT"},{"@type":"Organization","@id":"https:\/\/thehendoideas.com\/#organization","name":"Idee per l'addio al nubilato","alternateName":"Hen Parties","url":"https:\/\/thehendoideas.com\/","logo":{"@type":"ImageObject","inLanguage":"it-IT","@id":"https:\/\/thehendoideas.com\/#\/schema\/logo\/image\/","url":"https:\/\/thehendoideas.com\/wp-content\/uploads\/2024\/04\/Hen-Do-Image-Logo-1.png","contentUrl":"https:\/\/thehendoideas.com\/wp-content\/uploads\/2024\/04\/Hen-Do-Image-Logo-1.png","width":512,"height":512,"caption":"Hen Do Ideas"},"image":{"@id":"https:\/\/thehendoideas.com\/#\/schema\/logo\/image\/"}}]},"product_price_amount":"120.00","product_price_currency":"EUR","og_availability":"instock","product_availability":"instock","product_condition":"new"},"_links":{"self":[{"href":"https:\/\/thehendoideas.com\/it\/wp-json\/wp\/v2\/product\/447","targetHints":{"allow":["GET"]}}],"collection":[{"href":"https:\/\/thehendoideas.com\/it\/wp-json\/wp\/v2\/product"}],"about":[{"href":"https:\/\/thehendoideas.com\/it\/wp-json\/wp\/v2\/types\/product"}],"replies":[{"embeddable":true,"href":"https:\/\/thehendoideas.com\/it\/wp-json\/wp\/v2\/comments?post=447"}],"wp:featuredmedia":[{"embeddable":true,"href":"https:\/\/thehendoideas.com\/it\/wp-json\/wp\/v2\/media\/856"}],"wp:attachment":[{"href":"https:\/\/thehendoideas.com\/it\/wp-json\/wp\/v2\/media?parent=447"}],"wp:term":[{"taxonomy":"product_brand","embeddable":true,"href":"https:\/\/thehendoideas.com\/it\/wp-json\/wp\/v2\/product_brand?post=447"},{"taxonomy":"product_cat","embeddable":true,"href":"https:\/\/thehendoideas.com\/it\/wp-json\/wp\/v2\/product_cat?post=447"},{"taxonomy":"product_tag","embeddable":true,"href":"https:\/\/thehendoideas.com\/it\/wp-json\/wp\/v2\/product_tag?post=447"}],"curies":[{"name":"wp","href":"https:\/\/api.w.org\/{rel}","templated":true}]}}