{"id":493,"date":"2024-03-19T12:24:55","date_gmt":"2024-03-19T12:24:55","guid":{"rendered":"http:\/\/thehendoideas.com\/?post_type=product&#038;p=493"},"modified":"2024-03-26T11:03:35","modified_gmt":"2024-03-26T11:03:35","slug":"handcuffed-dwarf-mallorca","status":"publish","type":"product","link":"https:\/\/thehendoideas.com\/it\/activity\/handcuffed-dwarf-mallorca\/","title":{"rendered":"Nano ammanettato di Maiorca"},"content":{"rendered":"<p>Nano ammanettato a Maiorca. Un'attivit\u00e0 insolita e divertente per il vostro addio al celibato a Maiorca! Noleggiate un nano che vi accompagni per 1 ora, ammanettato a voi! Risate garantite.<\/p>\n<p>Le migliori feste di addio al celibato con <a href=\"http:\/\/thehendoideas.com\/it\/hen-party\/\">Festa di addio al nubilato<\/a>!<\/p>\n<h2 style=\"text-align: center;\">Nano ammanettato di Maiorca\ud83d\udc66<\/h2>\n<p>Il futuro sposo organizza il suo addio al celibato a Maiorca senza considerare che potrebbero esserci delle sorprese.<\/p>\n<p>Il futuro sposo sar\u00e0 pronto a trascorrere una notte sull'isola, a bere qualche drink e a godersi la sua ultima notte da scapolo, ma immaginate la sua faccia quando incontrer\u00e0 il nostro nano! Si tratta di un attore professionista abituato a mettere in scena spettacoli divertenti e di intrattenimento. Il nano ammanetter\u00e0 il futuro sposo per un'ora. Se il futuro sposo va in bagno, ci va anche il nano. Se vuole parlare con una ragazza, dovr\u00e0 parlare con il nano!<\/p>\n<p>Un momento di grandi risate garantito! Forse il futuro sposo non lo trover\u00e0 divertente, ma tutti i suoi amici lo adoreranno!<\/p>\n<p>Questo gnomo ammanettato \u00e8 un'attivit\u00e0 vivace, divertente e originale per gli addii al celibato e al nubilato: non tutti possono dire di essere stati ammanettati a uno gnomo per un'ora! \u00c8 senza dubbio una delle attivit\u00e0 pi\u00f9 originali per un addio al celibato o al nubilato.<\/p>\n<p>Potete fare un bello scherzo al futuro sposo sorprendendolo con un nano ammanettato!<\/p>\n<p>Certo, non sar\u00e0 molto divertente, ma sar\u00e0 un ricordo indimenticabile per il futuro sposo durante il suo addio al celibato a Maiorca.<\/p>\n<p>Pertanto, l'attivit\u00e0 del nano ammanettato dovrebbe essere aggiunta al vostro soggiorno se volete fare un bello scherzo al futuro sposo.<\/p>\n<p style=\"text-align: center;\">Prenota ora Nano ammanettato <a href=\"https:\/\/es.wikipedia.org\/wiki\/Mallorca\">Maiorca<\/a> \ud83c\udf89<\/p>","protected":false},"excerpt":{"rendered":"<p>Nano ammanettato a Maiorca. Un'attivit\u00e0 insolita e divertente per il vostro addio al celibato a Maiorca! Noleggiate un nano che vi accompagni per 1 ora, ammanettato a voi! Risate garantite.<\/p>","protected":false},"featured_media":726,"comment_status":"open","ping_status":"closed","template":"","meta":[],"product_brand":[],"product_cat":[193,165],"product_tag":[204,203],"class_list":{"0":"post-493","1":"product","2":"type-product","3":"status-publish","4":"has-post-thumbnail","6":"product_cat-hen-party-mallorca","7":"product_cat-mallorca","8":"product_tag-handcuffed-dwarf","9":"product_tag-handcuffed-dwarf-mallorca","11":"first","12":"instock","13":"virtual","14":"purchasable","15":"product-type-simple"},"yoast_head":"<!-- This site is optimized with the Yoast SEO Premium plugin v24.8 (Yoast SEO v27.5) - https:\/\/yoast.com\/product\/yoast-seo-premium-wordpress\/ -->\n<title>Handcuffed Dwarf Mallorca<\/title>\n<meta name=\"description\" content=\"Handcuffed Dwarf Mallorca. A fun activity for your bachelor party in Mallorca: dwarf to accompany you for 1 hour, handcuffed to you!\" \/>\n<meta name=\"robots\" content=\"index, follow, max-snippet:-1, max-image-preview:large, max-video-preview:-1\" \/>\n<link rel=\"canonical\" href=\"https:\/\/thehendoideas.com\/it\/fr\/activite\/nain-menotte-mallorque-2\/\" \/>\n<meta property=\"og:locale\" content=\"it_IT\" \/>\n<meta property=\"og:type\" content=\"article\" \/>\n<meta property=\"og:title\" content=\"Handcuffed Dwarf Mallorca\" \/>\n<meta property=\"og:description\" content=\"Handcuffed Dwarf Mallorca. A fun activity for your bachelor party in Mallorca: dwarf to accompany you for 1 hour, handcuffed to you!\" \/>\n<meta property=\"og:url\" content=\"https:\/\/thehendoideas.com\/it\/fr\/activite\/nain-menotte-mallorque-2\/\" \/>\n<meta property=\"og:site_name\" content=\"The Hen do Ideas\" \/>\n<meta property=\"article:modified_time\" content=\"2024-03-26T11:03:35+00:00\" \/>\n<meta property=\"og:image\" content=\"https:\/\/thehendoideas.com\/wp-content\/uploads\/2024\/03\/Handcuffed-Dwarf-Mallorca-img.jpeg\" \/>\n\t<meta property=\"og:image:width\" content=\"1024\" \/>\n\t<meta property=\"og:image:height\" content=\"1024\" \/>\n\t<meta property=\"og:image:type\" content=\"image\/jpeg\" \/>\n<meta name=\"twitter:card\" content=\"summary_large_image\" \/>\n<meta name=\"twitter:label1\" content=\"Prezzo\" \/>\n\t<meta name=\"twitter:data1\" content=\"600,00&nbsp;&euro;\" \/>\n\t<meta name=\"twitter:label2\" content=\"Disponibilit\u00e0\" \/>\n\t<meta name=\"twitter:data2\" content=\"In stock\" \/>\n<script type=\"application\/ld+json\" class=\"yoast-schema-graph\">{\"@context\":\"https:\\\/\\\/schema.org\",\"@graph\":[{\"@type\":\"WebPage\",\"@id\":\"https:\\\/\\\/thehendoideas.com\\\/fr\\\/activite\\\/nain-menotte-mallorque-2\\\/\",\"url\":\"https:\\\/\\\/thehendoideas.com\\\/fr\\\/activite\\\/nain-menotte-mallorque-2\\\/\",\"name\":\"Handcuffed Dwarf Mallorca\",\"isPartOf\":{\"@id\":\"https:\\\/\\\/thehendoideas.com\\\/#website\"},\"primaryImageOfPage\":{\"@id\":\"https:\\\/\\\/thehendoideas.com\\\/fr\\\/activite\\\/nain-menotte-mallorque-2\\\/#primaryimage\"},\"image\":{\"@id\":\"https:\\\/\\\/thehendoideas.com\\\/fr\\\/activite\\\/nain-menotte-mallorque-2\\\/#primaryimage\"},\"thumbnailUrl\":\"https:\\\/\\\/thehendoideas.com\\\/wp-content\\\/uploads\\\/2024\\\/03\\\/Handcuffed-Dwarf-Mallorca-img.jpeg\",\"datePublished\":\"2024-03-19T12:24:55+00:00\",\"dateModified\":\"2024-03-26T11:03:35+00:00\",\"description\":\"Handcuffed Dwarf Mallorca. A fun activity for your bachelor party in Mallorca: dwarf to accompany you for 1 hour, handcuffed to you!\",\"breadcrumb\":{\"@id\":\"https:\\\/\\\/thehendoideas.com\\\/fr\\\/activite\\\/nain-menotte-mallorque-2\\\/#breadcrumb\"},\"inLanguage\":\"it-IT\",\"potentialAction\":[{\"@type\":\"ReadAction\",\"target\":[\"https:\\\/\\\/thehendoideas.com\\\/fr\\\/activite\\\/nain-menotte-mallorque-2\\\/\"]}]},{\"@type\":\"ImageObject\",\"inLanguage\":\"it-IT\",\"@id\":\"https:\\\/\\\/thehendoideas.com\\\/fr\\\/activite\\\/nain-menotte-mallorque-2\\\/#primaryimage\",\"url\":\"https:\\\/\\\/thehendoideas.com\\\/wp-content\\\/uploads\\\/2024\\\/03\\\/Handcuffed-Dwarf-Mallorca-img.jpeg\",\"contentUrl\":\"https:\\\/\\\/thehendoideas.com\\\/wp-content\\\/uploads\\\/2024\\\/03\\\/Handcuffed-Dwarf-Mallorca-img.jpeg\",\"width\":1024,\"height\":1024},{\"@type\":\"BreadcrumbList\",\"@id\":\"https:\\\/\\\/thehendoideas.com\\\/fr\\\/activite\\\/nain-menotte-mallorque-2\\\/#breadcrumb\",\"itemListElement\":[{\"@type\":\"ListItem\",\"position\":1,\"name\":\"Home\",\"item\":\"https:\\\/\\\/thehendoideas.com\\\/\"},{\"@type\":\"ListItem\",\"position\":2,\"name\":\"Shop\",\"item\":\"https:\\\/\\\/thehendoideas.com\\\/shop\\\/\"},{\"@type\":\"ListItem\",\"position\":3,\"name\":\"Handcuffed Dwarf Mallorca\"}]},{\"@type\":\"WebSite\",\"@id\":\"https:\\\/\\\/thehendoideas.com\\\/#website\",\"url\":\"https:\\\/\\\/thehendoideas.com\\\/\",\"name\":\"Agency Hen Parties\",\"description\":\"The Best Hen Do Services\",\"publisher\":{\"@id\":\"https:\\\/\\\/thehendoideas.com\\\/#organization\"},\"alternateName\":\"Hen Parties\",\"potentialAction\":[{\"@type\":\"SearchAction\",\"target\":{\"@type\":\"EntryPoint\",\"urlTemplate\":\"https:\\\/\\\/thehendoideas.com\\\/?s={search_term_string}\"},\"query-input\":{\"@type\":\"PropertyValueSpecification\",\"valueRequired\":true,\"valueName\":\"search_term_string\"}}],\"inLanguage\":\"it-IT\"},{\"@type\":\"Organization\",\"@id\":\"https:\\\/\\\/thehendoideas.com\\\/#organization\",\"name\":\"Hen Do Ideas\",\"alternateName\":\"Hen Parties\",\"url\":\"https:\\\/\\\/thehendoideas.com\\\/\",\"logo\":{\"@type\":\"ImageObject\",\"inLanguage\":\"it-IT\",\"@id\":\"https:\\\/\\\/thehendoideas.com\\\/#\\\/schema\\\/logo\\\/image\\\/\",\"url\":\"https:\\\/\\\/thehendoideas.com\\\/wp-content\\\/uploads\\\/2024\\\/04\\\/Hen-Do-Image-Logo-1.png\",\"contentUrl\":\"https:\\\/\\\/thehendoideas.com\\\/wp-content\\\/uploads\\\/2024\\\/04\\\/Hen-Do-Image-Logo-1.png\",\"width\":512,\"height\":512,\"caption\":\"Hen Do Ideas\"},\"image\":{\"@id\":\"https:\\\/\\\/thehendoideas.com\\\/#\\\/schema\\\/logo\\\/image\\\/\"}}]}<\/script>\n<meta property=\"product:price:amount\" content=\"600.00\" \/>\n<meta property=\"product:price:currency\" content=\"EUR\" \/>\n<meta property=\"og:availability\" content=\"instock\" \/>\n<meta property=\"product:availability\" content=\"instock\" \/>\n<meta property=\"product:condition\" content=\"new\" \/>\n<!-- \/ Yoast SEO Premium plugin. -->","yoast_head_json":{"title":"Nano ammanettato di Maiorca","description":"Nano ammanettato a Maiorca. Un'attivit\u00e0 divertente per il vostro addio al celibato a Maiorca: un nano che vi accompagna per 1 ora, ammanettato a voi!","robots":{"index":"index","follow":"follow","max-snippet":"max-snippet:-1","max-image-preview":"max-image-preview:large","max-video-preview":"max-video-preview:-1"},"canonical":"https:\/\/thehendoideas.com\/it\/fr\/activite\/nain-menotte-mallorque-2\/","og_locale":"it_IT","og_type":"article","og_title":"Handcuffed Dwarf Mallorca","og_description":"Handcuffed Dwarf Mallorca. A fun activity for your bachelor party in Mallorca: dwarf to accompany you for 1 hour, handcuffed to you!","og_url":"https:\/\/thehendoideas.com\/it\/fr\/activite\/nain-menotte-mallorque-2\/","og_site_name":"The Hen do Ideas","article_modified_time":"2024-03-26T11:03:35+00:00","og_image":[{"width":1024,"height":1024,"url":"https:\/\/thehendoideas.com\/wp-content\/uploads\/2024\/03\/Handcuffed-Dwarf-Mallorca-img.jpeg","type":"image\/jpeg"}],"twitter_card":"summary_large_image","twitter_misc":{"Prezzo":"600,00&nbsp;&euro;","Disponibilit\u00e0":"In stock"},"schema":{"@context":"https:\/\/schema.org","@graph":[{"@type":"WebPage","@id":"https:\/\/thehendoideas.com\/fr\/activite\/nain-menotte-mallorque-2\/","url":"https:\/\/thehendoideas.com\/fr\/activite\/nain-menotte-mallorque-2\/","name":"Nano ammanettato di Maiorca","isPartOf":{"@id":"https:\/\/thehendoideas.com\/#website"},"primaryImageOfPage":{"@id":"https:\/\/thehendoideas.com\/fr\/activite\/nain-menotte-mallorque-2\/#primaryimage"},"image":{"@id":"https:\/\/thehendoideas.com\/fr\/activite\/nain-menotte-mallorque-2\/#primaryimage"},"thumbnailUrl":"https:\/\/thehendoideas.com\/wp-content\/uploads\/2024\/03\/Handcuffed-Dwarf-Mallorca-img.jpeg","datePublished":"2024-03-19T12:24:55+00:00","dateModified":"2024-03-26T11:03:35+00:00","description":"Nano ammanettato a Maiorca. Un'attivit\u00e0 divertente per il vostro addio al celibato a Maiorca: un nano che vi accompagna per 1 ora, ammanettato a voi!","breadcrumb":{"@id":"https:\/\/thehendoideas.com\/fr\/activite\/nain-menotte-mallorque-2\/#breadcrumb"},"inLanguage":"it-IT","potentialAction":[{"@type":"ReadAction","target":["https:\/\/thehendoideas.com\/fr\/activite\/nain-menotte-mallorque-2\/"]}]},{"@type":"ImageObject","inLanguage":"it-IT","@id":"https:\/\/thehendoideas.com\/fr\/activite\/nain-menotte-mallorque-2\/#primaryimage","url":"https:\/\/thehendoideas.com\/wp-content\/uploads\/2024\/03\/Handcuffed-Dwarf-Mallorca-img.jpeg","contentUrl":"https:\/\/thehendoideas.com\/wp-content\/uploads\/2024\/03\/Handcuffed-Dwarf-Mallorca-img.jpeg","width":1024,"height":1024},{"@type":"BreadcrumbList","@id":"https:\/\/thehendoideas.com\/fr\/activite\/nain-menotte-mallorque-2\/#breadcrumb","itemListElement":[{"@type":"ListItem","position":1,"name":"Home","item":"https:\/\/thehendoideas.com\/"},{"@type":"ListItem","position":2,"name":"Shop","item":"https:\/\/thehendoideas.com\/shop\/"},{"@type":"ListItem","position":3,"name":"Handcuffed Dwarf Mallorca"}]},{"@type":"WebSite","@id":"https:\/\/thehendoideas.com\/#website","url":"https:\/\/thehendoideas.com\/","name":"Feste di addio al nubilato dell'agenzia","description":"I migliori servizi di addio al nubilato","publisher":{"@id":"https:\/\/thehendoideas.com\/#organization"},"alternateName":"Hen Parties","potentialAction":[{"@type":"SearchAction","target":{"@type":"EntryPoint","urlTemplate":"https:\/\/thehendoideas.com\/?s={search_term_string}"},"query-input":{"@type":"PropertyValueSpecification","valueRequired":true,"valueName":"search_term_string"}}],"inLanguage":"it-IT"},{"@type":"Organization","@id":"https:\/\/thehendoideas.com\/#organization","name":"Idee per l'addio al nubilato","alternateName":"Hen Parties","url":"https:\/\/thehendoideas.com\/","logo":{"@type":"ImageObject","inLanguage":"it-IT","@id":"https:\/\/thehendoideas.com\/#\/schema\/logo\/image\/","url":"https:\/\/thehendoideas.com\/wp-content\/uploads\/2024\/04\/Hen-Do-Image-Logo-1.png","contentUrl":"https:\/\/thehendoideas.com\/wp-content\/uploads\/2024\/04\/Hen-Do-Image-Logo-1.png","width":512,"height":512,"caption":"Hen Do Ideas"},"image":{"@id":"https:\/\/thehendoideas.com\/#\/schema\/logo\/image\/"}}]},"product_price_amount":"600.00","product_price_currency":"EUR","og_availability":"instock","product_availability":"instock","product_condition":"new"},"_links":{"self":[{"href":"https:\/\/thehendoideas.com\/it\/wp-json\/wp\/v2\/product\/493","targetHints":{"allow":["GET"]}}],"collection":[{"href":"https:\/\/thehendoideas.com\/it\/wp-json\/wp\/v2\/product"}],"about":[{"href":"https:\/\/thehendoideas.com\/it\/wp-json\/wp\/v2\/types\/product"}],"replies":[{"embeddable":true,"href":"https:\/\/thehendoideas.com\/it\/wp-json\/wp\/v2\/comments?post=493"}],"wp:featuredmedia":[{"embeddable":true,"href":"https:\/\/thehendoideas.com\/it\/wp-json\/wp\/v2\/media\/726"}],"wp:attachment":[{"href":"https:\/\/thehendoideas.com\/it\/wp-json\/wp\/v2\/media?parent=493"}],"wp:term":[{"taxonomy":"product_brand","embeddable":true,"href":"https:\/\/thehendoideas.com\/it\/wp-json\/wp\/v2\/product_brand?post=493"},{"taxonomy":"product_cat","embeddable":true,"href":"https:\/\/thehendoideas.com\/it\/wp-json\/wp\/v2\/product_cat?post=493"},{"taxonomy":"product_tag","embeddable":true,"href":"https:\/\/thehendoideas.com\/it\/wp-json\/wp\/v2\/product_tag?post=493"}],"curies":[{"name":"wp","href":"https:\/\/api.w.org\/{rel}","templated":true}]}}