{"id":6014,"date":"2025-04-03T14:52:08","date_gmt":"2025-04-03T14:52:08","guid":{"rendered":"https:\/\/thehendoideas.com\/?post_type=product&#038;p=6014"},"modified":"2025-04-03T14:53:14","modified_gmt":"2025-04-03T14:53:14","slug":"bike-hire-valencia","status":"publish","type":"product","link":"https:\/\/thehendoideas.com\/it\/activity\/bike-hire-valencia\/","title":{"rendered":"Noleggio biciclette Valencia"},"content":{"rendered":"<h1 class=\"\" data-start=\"513\" data-end=\"604\"><strong>\ud83d\udeb4\u200d\u2640\ufe0f Esplorate Valencia su due ruote: Noleggio bici Valencia e tour per un'avventura da addio al nubilato senza precedenti<\/strong><\/h1>\n<p class=\"\" data-start=\"606\" data-end=\"834\">Ciao a tutti! Se state pianificando un weekend di addio al nubilato a <strong data-start=\"653\" data-end=\"665\">Valencia<\/strong>, vorrete vivere questa bellissima citt\u00e0 in un modo unico e divertente. Noleggio biciclette Valencia: E quale modo migliore per farlo se non <strong data-start=\"777\" data-end=\"793\">noleggio biciclette<\/strong> e di esplorare la citt\u00e0 su due ruote? \ud83d\udeb2<\/p>\n<p class=\"\" data-start=\"836\" data-end=\"1213\">Valencia \u00e8 una delle migliori citt\u00e0 spagnole per andare in bicicletta. Con la sua <strong data-start=\"902\" data-end=\"918\">terreno pianeggiante<\/strong>, <strong data-start=\"920\" data-end=\"945\">strade a misura di bicicletta<\/strong>e un paesaggio straordinario, \u00e8 il luogo perfetto per una <strong data-start=\"996\" data-end=\"1009\">tour in bicicletta<\/strong> o un <strong data-start=\"1015\" data-end=\"1030\">noleggio biciclette<\/strong> avventura. Inoltre, \u00e8 un ottimo modo per vedere le attrazioni, godersi un po' di aria fresca e farsi due risate con i vostri migliori amici mentre vi immergete nella splendida atmosfera di questo gioiello del Mediterraneo.<\/p>\n<p class=\"\" data-start=\"1215\" data-end=\"1386\">Vediamo quindi come ottenere il massimo da <strong data-start=\"1268\" data-end=\"1295\">noleggio biciclette a Valencia<\/strong>perch\u00e9 \u00e8 un'attivit\u00e0 eccellente per il vostro addio al nubilato e dove potete noleggiare le biciclette in citt\u00e0.<\/p>\n<h2 class=\"\" data-start=\"1393\" data-end=\"1451\"><strong>Perch\u00e9 il noleggio di biciclette a Valencia \u00e8 perfetto per le feste di addio al nubilato?<\/strong><\/h2>\n<p class=\"\" data-start=\"1453\" data-end=\"1832\">Valencia non \u00e8 solo una bella citt\u00e0; \u00e8 anche <strong data-start=\"1502\" data-end=\"1530\">incredibilmente ciclabile<\/strong>. Grazie al suo paesaggio pianeggiante, alle piste ciclabili ben curate e agli splendidi parchi urbani, voi e i vostri amici potrete facilmente girare per la citt\u00e0 ed esplorare i suoi angoli nascosti. A <strong data-start=\"1704\" data-end=\"1729\">noleggio biciclette a Valencia<\/strong> vi d\u00e0 la libert\u00e0 di vagare al vostro ritmo e allo stesso tempo di essere attenti all'ambiente: \u00e8 un vantaggio per tutti!<\/p>\n<p class=\"\" data-start=\"1834\" data-end=\"1927\">Ecco alcuni motivi <strong data-start=\"1860\" data-end=\"1893\">noleggio biciclette a Valencia Spagna<\/strong> \u00e8 un'attivit\u00e0 fantastica per l'addio al nubilato:<\/p>\n<ul data-start=\"1929\" data-end=\"2533\">\n<li class=\"\" data-start=\"1929\" data-end=\"2070\">\n<p class=\"\" data-start=\"1931\" data-end=\"2070\"><strong data-start=\"1931\" data-end=\"1951\">Facile da navigare<\/strong>: Le piste ciclabili di Valencia consentono ai ciclisti di muoversi facilmente in citt\u00e0 in tutta sicurezza, anche se non si \u00e8 esperti.<\/p>\n<\/li>\n<li class=\"\" data-start=\"2071\" data-end=\"2187\">\n<p class=\"\" data-start=\"2073\" data-end=\"2187\"><strong data-start=\"2073\" data-end=\"2095\">Orari flessibili<\/strong>: Potete noleggiare le biciclette per qualche ora, mezza giornata o addirittura per l'intero weekend. Sta a voi decidere!<\/p>\n<\/li>\n<li class=\"\" data-start=\"2188\" data-end=\"2330\">\n<p class=\"\" data-start=\"2190\" data-end=\"2330\"><strong data-start=\"2190\" data-end=\"2217\">Divertimento per tutto il gruppo<\/strong>: Che siate amanti delle visite turistiche, delle soste nei bar sulla spiaggia o dei parchi, tutti possono partecipare al divertimento.<\/p>\n<\/li>\n<li class=\"\" data-start=\"2331\" data-end=\"2533\">\n<p class=\"\" data-start=\"2333\" data-end=\"2533\"><strong data-start=\"2333\" data-end=\"2357\">Per saperne di pi\u00f9 su Valencia<\/strong>: La bicicletta vi d\u00e0 la possibilit\u00e0 di esplorare zone della citt\u00e0 che potreste perdere a piedi o in taxi. Fidatevi di noi, vorrete esplorare i parchi, l'architettura e la costa di Valencia.<\/p>\n<\/li>\n<\/ul>\n<h2 class=\"\" data-start=\"2540\" data-end=\"2600\"><strong>\ud83d\udeb4\u200d\u2640\ufe0fThe I posti migliori per noleggiare biciclette<\/strong><\/h2>\n<p class=\"\" data-start=\"2602\" data-end=\"3044\">Quando si tratta di <strong data-start=\"2619\" data-end=\"2646\">noleggio biciclette a Valencia<\/strong>, ci sono molti <strong data-start=\"2668\" data-end=\"2683\">negozi locali<\/strong> e <strong data-start=\"2688\" data-end=\"2707\">servizi online<\/strong> dove \u00e8 possibile noleggiare biciclette di qualit\u00e0.<\/p>\n<p class=\"\" data-start=\"2602\" data-end=\"3044\">Sia che stiate pianificando un giro rilassante attraverso la <strong data-start=\"2794\" data-end=\"2811\">Giardini del Turia<\/strong> o un tour pi\u00f9 lungo attraverso la citt\u00e0, questi luoghi offrono una serie di biciclette, tra cui <strong data-start=\"2894\" data-end=\"2917\">biciclette da citt\u00e0, biciclette elettriche<\/strong>, e <strong data-start=\"2923\" data-end=\"2941\">mountain bike<\/strong>. Possiamo aiutarvi a prenotare tutto in anticipo, in modo che non dobbiate preoccuparvi di nulla al vostro arrivo.<\/p>\n<p class=\"\" data-start=\"3046\" data-end=\"3105\">Ecco alcune delle migliori opzioni per <strong data-start=\"3077\" data-end=\"3104\">noleggio biciclette a Valencia<\/strong>:<\/p>\n<ul data-start=\"3107\" data-end=\"3845\">\n<li class=\"\" data-start=\"3107\" data-end=\"3322\">\n<p class=\"\" data-start=\"3109\" data-end=\"3322\"><strong data-start=\"3109\" data-end=\"3131\">Noleggio biciclette a Valencia<\/strong>: Un negozio super affidabile che offre sia <strong data-start=\"3172\" data-end=\"3189\">biciclette classiche<\/strong> e <strong data-start=\"3194\" data-end=\"3212\">biciclette elettriche<\/strong> in affitto. Hanno anche <strong data-start=\"3238\" data-end=\"3259\">tour guidati in bicicletta<\/strong> che vi condurr\u00e0 attraverso i luoghi pi\u00f9 famosi di Valencia. \ud83d\udef5<\/p>\n<\/li>\n<li class=\"\" data-start=\"3326\" data-end=\"3551\">\n<p class=\"\" data-start=\"3328\" data-end=\"3551\"><strong data-start=\"3328\" data-end=\"3352\">Noleggiare una bicicletta a Valencia<\/strong>: Situato nel centro della citt\u00e0, offre <strong data-start=\"3393\" data-end=\"3417\">servizi di noleggio biciclette<\/strong> e una variet\u00e0 di opzioni ciclistiche per le diverse esigenze. Inoltre, il noleggio di biciclette per pi\u00f9 giorni e la fornitura di caschi e accessori sono a disposizione.<\/p>\n<\/li>\n<li class=\"\" data-start=\"3555\" data-end=\"3845\">\n<p class=\"\" data-start=\"3557\" data-end=\"3845\"><strong data-start=\"3557\" data-end=\"3580\">Tour in bicicletta a Valencia<\/strong>: Se siete interessati alle visite guidate, questa azienda offre <strong data-start=\"3640\" data-end=\"3664\">noleggio biciclette Valencia<\/strong> con guide esperte che vi mostreranno le gemme nascoste della citt\u00e0, la storia e la cultura locale. \u00c8 un'opzione fantastica per gli addii al nubilato che non vogliono limitarsi ai siti turistici.<\/p>\n<\/li>\n<\/ul>\n<h2 class=\"\" data-start=\"5278\" data-end=\"5341\"><strong>\ud83d\udeb2 Cosa aspettarsi da un'esperienza di noleggio bici Valencia Spagna<\/strong><\/h2>\n<p class=\"\" data-start=\"5343\" data-end=\"5434\">Ecco cosa ci si pu\u00f2 aspettare quando si noleggiano le biciclette a <strong data-start=\"5393\" data-end=\"5412\"><a href=\"https:\/\/thehendoideas.com\/it\/hen-party-valencia\/\">Valencia,<\/a> Spagna<\/strong> per il vostro weekend di addio al nubilato:<\/p>\n<ul data-start=\"5436\" data-end=\"5990\">\n<li class=\"\" data-start=\"5436\" data-end=\"5566\">\n<p class=\"\" data-start=\"5438\" data-end=\"5566\"><strong data-start=\"5438\" data-end=\"5455\">Biciclette di qualit\u00e0<\/strong>: I negozi di noleggio offrono biciclette comode e ben tenute, perfette per brevi escursioni o per tour pi\u00f9 lunghi.<\/p>\n<\/li>\n<li class=\"\" data-start=\"5567\" data-end=\"5749\">\n<p class=\"\" data-start=\"5569\" data-end=\"5749\"><strong data-start=\"5569\" data-end=\"5593\">Opzioni personalizzabili<\/strong>: Se siete alla ricerca di <a href=\"https:\/\/www.sanferbike.com\/blog\/ebike-lo-imprescindible-sobre-las-bicis-electricas\/?srsltid=AfmBOopvdMXngMXs9GkJ156QbQy-IcBMUZhkoSxLey9zpPSasHlk-8Xi\"><strong data-start=\"5622\" data-end=\"5640\">biciclette elettriche<\/strong><\/a> per una corsa facile o standard <strong data-start=\"5670\" data-end=\"5684\">biciclette da citt\u00e0<\/strong> per qualcosa di pi\u00f9 attivo, potete scegliere ci\u00f2 che pi\u00f9 si addice al vostro gruppo.<\/p>\n<\/li>\n<li class=\"\" data-start=\"5750\" data-end=\"5990\">\n<p class=\"\" data-start=\"5752\" data-end=\"5990\"><strong data-start=\"5752\" data-end=\"5785\">Opzioni guidate o autoguidate<\/strong>: Se preferite la libert\u00e0 di esplorare da soli, potete noleggiare le biciclette e creare il vostro itinerario. Ma se preferite seguire una guida esperta, ci sono molti siti di <strong data-start=\"5953\" data-end=\"5979\">tour in bicicletta a Valencia<\/strong> disponibile.<\/p>\n<\/li>\n<\/ul>\n<p class=\"\" data-start=\"5992\" data-end=\"6150\">E non preoccupatevi se alcuni membri del vostro gruppo non sono dei corridori sicuri: ci sono <strong data-start=\"6074\" data-end=\"6085\">biciclette elettriche<\/strong> disponibili, che rendono la guida in citt\u00e0 facile e divertente.<\/p>\n<h2 class=\"\" data-start=\"6157\" data-end=\"6229\"><strong>\ud83c\udf89 Un modo divertente e salutare per festeggiare il vostro addio al nubilato<\/strong><\/h2>\n<p class=\"\" data-start=\"6231\" data-end=\"6493\">Alla ricerca di un <strong data-start=\"6245\" data-end=\"6273\">attivit\u00e0 ludiche in <a href=\"https:\/\/thehendoideas.com\/it\/valencia-hotels\/\">Valencia<\/a><\/strong> che sia sano, ecologico e assolutamente degno di Instagram? A <strong data-start=\"6336\" data-end=\"6360\">noleggio biciclette Valencia<\/strong> L'avventura \u00e8 un'occasione da non perdere. Potrete godervi il sole, ammirare le bellezze del luogo e legare con i vostri amici.<\/p>\n<p class=\"\" data-start=\"6495\" data-end=\"6680\">Inoltre, si pu\u00f2 aggiungere senza problemi all'itinerario del fine settimana. \u00c8 l'attivit\u00e0 perfetta da fare prima della vita notturna, una <strong data-start=\"6625\" data-end=\"6647\">Bar della spiaggia di Valencia<\/strong>o una serata divertente in citt\u00e0.<\/p>\n<p class=\"\" data-start=\"6682\" data-end=\"6890\">A <strong data-start=\"6685\" data-end=\"6705\">Idee per l'addio al nubilato<\/strong>Noi ci occupiamo di tutta la logistica per voi. Organizzeremo il noleggio delle biciclette, la prenotazione delle guide e le opzioni di trasporto, in modo che non dobbiate preoccuparvi di nulla: pedalate, ridete e create ricordi.<\/p>\n<h2 class=\"\" data-start=\"6897\" data-end=\"6949\"><strong>\ud83d\udeb4\u200d\u2640\ufe0f Siete pronti a prenotare la vostra avventura in bicicletta a Valencia?<\/strong><\/h2>\n<p class=\"\" data-start=\"6951\" data-end=\"7210\">Valencia \u00e8 una citt\u00e0 fantastica da esplorare in bicicletta e noi di <a href=\"https:\/\/thehendoideas.com\/it\/\"><strong data-start=\"7009\" data-end=\"7029\">Idee per l'addio al nubilato<\/strong><\/a> sono qui per aiutarvi a trarne il meglio. Che siate in vena di un'escursione guidata <strong data-start=\"7112\" data-end=\"7134\">tour in bicicletta a Valencia<\/strong>o volete noleggiare le biciclette e partire per la vostra avventura, siamo a vostra disposizione.<\/p>\n<p class=\"\" data-start=\"7212\" data-end=\"7425\">","protected":false},"excerpt":{"rendered":"<p class=\"\" data-start=\"370\" data-end=\"404\"><strong data-start=\"370\" data-end=\"392\">Dimensione minima del gruppo<\/strong>: 4 persone<br \/>\n<strong data-start=\"407\" data-end=\"419\">Durata<\/strong>: Circa 2 - 3 ore<br \/>\n<strong data-start=\"446\" data-end=\"462\">Disponibilit\u00e0<\/strong>: Mattina o pomeriggio (gli orari possono variare)<br \/>\n<strong data-start=\"506\" data-end=\"518\">Include<\/strong>: Noleggio bici, casco, guida locale (per i tour) e soste fotografiche.<\/p>","protected":false},"featured_media":6015,"comment_status":"closed","ping_status":"closed","template":"","meta":[],"product_brand":[],"product_cat":[370,369],"product_tag":[],"class_list":{"0":"post-6014","1":"product","2":"type-product","3":"status-publish","4":"has-post-thumbnail","6":"product_cat-hen-party-valencia-activities","7":"product_cat-valencia","9":"first","10":"instock","11":"shipping-taxable","12":"purchasable","13":"product-type-simple"},"yoast_head":"<!-- This site is optimized with the Yoast SEO Premium plugin v24.8 (Yoast SEO v27.5) - https:\/\/yoast.com\/product\/yoast-seo-premium-wordpress\/ -->\n<title>Bike Hire Valencia &amp; Tours for the Ultimate Hen Do<\/title>\n<meta name=\"description\" content=\"Bike Hire Valencia: Explore Valencia on two wheels! Rent bikes for your hen party or enjoy a guided bike tour through the city\u2019s best sights. \ud83d\udeb4\u200d\u2640\ufe0f\ud83c\udf1e\" \/>\n<meta name=\"robots\" content=\"index, follow, max-snippet:-1, max-image-preview:large, max-video-preview:-1\" \/>\n<link rel=\"canonical\" href=\"https:\/\/thehendoideas.com\/it\/activity\/bike-hire-valencia\/\" \/>\n<meta property=\"og:locale\" content=\"it_IT\" \/>\n<meta property=\"og:type\" content=\"article\" \/>\n<meta property=\"og:title\" content=\"Bike Hire Valencia\" \/>\n<meta property=\"og:description\" content=\"Bike Hire Valencia: Explore Valencia on two wheels! Rent bikes for your hen party or enjoy a guided bike tour through the city\u2019s best sights. \ud83d\udeb4\u200d\u2640\ufe0f\ud83c\udf1e\" \/>\n<meta property=\"og:url\" content=\"https:\/\/thehendoideas.com\/it\/activity\/bike-hire-valencia\/\" \/>\n<meta property=\"og:site_name\" content=\"The Hen do Ideas\" \/>\n<meta property=\"article:modified_time\" content=\"2025-04-03T14:53:14+00:00\" \/>\n<meta property=\"og:image\" content=\"https:\/\/thehendoideas.com\/wp-content\/uploads\/2025\/04\/Bike-tour-hire-valencia-img.jpg\" \/>\n\t<meta property=\"og:image:width\" content=\"1275\" \/>\n\t<meta property=\"og:image:height\" content=\"810\" \/>\n\t<meta property=\"og:image:type\" content=\"image\/jpeg\" \/>\n<meta name=\"twitter:card\" content=\"summary_large_image\" \/>\n<meta name=\"twitter:label1\" content=\"Prezzo\" \/>\n\t<meta name=\"twitter:data1\" content=\"140,00&nbsp;&euro;\" \/>\n\t<meta name=\"twitter:label2\" content=\"Disponibilit\u00e0\" \/>\n\t<meta name=\"twitter:data2\" content=\"In stock\" \/>\n<script type=\"application\/ld+json\" class=\"yoast-schema-graph\">{\"@context\":\"https:\\\/\\\/schema.org\",\"@graph\":[{\"@type\":\"WebPage\",\"@id\":\"https:\\\/\\\/thehendoideas.com\\\/activity\\\/bike-hire-valencia\\\/\",\"url\":\"https:\\\/\\\/thehendoideas.com\\\/activity\\\/bike-hire-valencia\\\/\",\"name\":\"Bike Hire Valencia & Tours for the Ultimate Hen Do\",\"isPartOf\":{\"@id\":\"https:\\\/\\\/thehendoideas.com\\\/#website\"},\"primaryImageOfPage\":{\"@id\":\"https:\\\/\\\/thehendoideas.com\\\/activity\\\/bike-hire-valencia\\\/#primaryimage\"},\"image\":{\"@id\":\"https:\\\/\\\/thehendoideas.com\\\/activity\\\/bike-hire-valencia\\\/#primaryimage\"},\"thumbnailUrl\":\"https:\\\/\\\/thehendoideas.com\\\/wp-content\\\/uploads\\\/2025\\\/04\\\/Bike-tour-hire-valencia-img.jpg\",\"datePublished\":\"2025-04-03T14:52:08+00:00\",\"dateModified\":\"2025-04-03T14:53:14+00:00\",\"description\":\"Bike Hire Valencia: Explore Valencia on two wheels! Rent bikes for your hen party or enjoy a guided bike tour through the city\u2019s best sights. \ud83d\udeb4\u200d\u2640\ufe0f\ud83c\udf1e\",\"breadcrumb\":{\"@id\":\"https:\\\/\\\/thehendoideas.com\\\/activity\\\/bike-hire-valencia\\\/#breadcrumb\"},\"inLanguage\":\"it-IT\",\"potentialAction\":[{\"@type\":\"ReadAction\",\"target\":[\"https:\\\/\\\/thehendoideas.com\\\/activity\\\/bike-hire-valencia\\\/\"]}]},{\"@type\":\"ImageObject\",\"inLanguage\":\"it-IT\",\"@id\":\"https:\\\/\\\/thehendoideas.com\\\/activity\\\/bike-hire-valencia\\\/#primaryimage\",\"url\":\"https:\\\/\\\/thehendoideas.com\\\/wp-content\\\/uploads\\\/2025\\\/04\\\/Bike-tour-hire-valencia-img.jpg\",\"contentUrl\":\"https:\\\/\\\/thehendoideas.com\\\/wp-content\\\/uploads\\\/2025\\\/04\\\/Bike-tour-hire-valencia-img.jpg\",\"width\":1275,\"height\":810,\"caption\":\"Bike tour hire valencia img\"},{\"@type\":\"BreadcrumbList\",\"@id\":\"https:\\\/\\\/thehendoideas.com\\\/activity\\\/bike-hire-valencia\\\/#breadcrumb\",\"itemListElement\":[{\"@type\":\"ListItem\",\"position\":1,\"name\":\"Home\",\"item\":\"https:\\\/\\\/thehendoideas.com\\\/\"},{\"@type\":\"ListItem\",\"position\":2,\"name\":\"Shop\",\"item\":\"https:\\\/\\\/thehendoideas.com\\\/shop\\\/\"},{\"@type\":\"ListItem\",\"position\":3,\"name\":\"Bike Hire Valencia\"}]},{\"@type\":\"WebSite\",\"@id\":\"https:\\\/\\\/thehendoideas.com\\\/#website\",\"url\":\"https:\\\/\\\/thehendoideas.com\\\/\",\"name\":\"Agency Hen Parties\",\"description\":\"The Best Hen Do Services\",\"publisher\":{\"@id\":\"https:\\\/\\\/thehendoideas.com\\\/#organization\"},\"alternateName\":\"Hen Parties\",\"potentialAction\":[{\"@type\":\"SearchAction\",\"target\":{\"@type\":\"EntryPoint\",\"urlTemplate\":\"https:\\\/\\\/thehendoideas.com\\\/?s={search_term_string}\"},\"query-input\":{\"@type\":\"PropertyValueSpecification\",\"valueRequired\":true,\"valueName\":\"search_term_string\"}}],\"inLanguage\":\"it-IT\"},{\"@type\":\"Organization\",\"@id\":\"https:\\\/\\\/thehendoideas.com\\\/#organization\",\"name\":\"Hen Do Ideas\",\"alternateName\":\"Hen Parties\",\"url\":\"https:\\\/\\\/thehendoideas.com\\\/\",\"logo\":{\"@type\":\"ImageObject\",\"inLanguage\":\"it-IT\",\"@id\":\"https:\\\/\\\/thehendoideas.com\\\/#\\\/schema\\\/logo\\\/image\\\/\",\"url\":\"https:\\\/\\\/thehendoideas.com\\\/wp-content\\\/uploads\\\/2024\\\/04\\\/Hen-Do-Image-Logo-1.png\",\"contentUrl\":\"https:\\\/\\\/thehendoideas.com\\\/wp-content\\\/uploads\\\/2024\\\/04\\\/Hen-Do-Image-Logo-1.png\",\"width\":512,\"height\":512,\"caption\":\"Hen Do Ideas\"},\"image\":{\"@id\":\"https:\\\/\\\/thehendoideas.com\\\/#\\\/schema\\\/logo\\\/image\\\/\"}}]}<\/script>\n<meta property=\"product:price:amount\" content=\"140.00\" \/>\n<meta property=\"product:price:currency\" content=\"EUR\" \/>\n<meta property=\"og:availability\" content=\"instock\" \/>\n<meta property=\"product:availability\" content=\"instock\" \/>\n<meta property=\"product:condition\" content=\"new\" \/>\n<!-- \/ Yoast SEO Premium plugin. -->","yoast_head_json":{"title":"Noleggio biciclette a Valencia e tour per un addio al nubilato da sogno","description":"Noleggio biciclette Valencia: Esplorate Valencia su due ruote! Noleggiate le biciclette per il vostro addio al nubilato o godetevi un tour guidato in bicicletta attraverso le migliori attrazioni della citt\u00e0. \ud83d\udeb4\u200d\u2640\ufe0f\ud83c\udf1e","robots":{"index":"index","follow":"follow","max-snippet":"max-snippet:-1","max-image-preview":"max-image-preview:large","max-video-preview":"max-video-preview:-1"},"canonical":"https:\/\/thehendoideas.com\/it\/activity\/bike-hire-valencia\/","og_locale":"it_IT","og_type":"article","og_title":"Bike Hire Valencia","og_description":"Bike Hire Valencia: Explore Valencia on two wheels! Rent bikes for your hen party or enjoy a guided bike tour through the city\u2019s best sights. \ud83d\udeb4\u200d\u2640\ufe0f\ud83c\udf1e","og_url":"https:\/\/thehendoideas.com\/it\/activity\/bike-hire-valencia\/","og_site_name":"The Hen do Ideas","article_modified_time":"2025-04-03T14:53:14+00:00","og_image":[{"width":1275,"height":810,"url":"https:\/\/thehendoideas.com\/wp-content\/uploads\/2025\/04\/Bike-tour-hire-valencia-img.jpg","type":"image\/jpeg"}],"twitter_card":"summary_large_image","twitter_misc":{"Prezzo":"140,00&nbsp;&euro;","Disponibilit\u00e0":"In stock"},"schema":{"@context":"https:\/\/schema.org","@graph":[{"@type":"WebPage","@id":"https:\/\/thehendoideas.com\/activity\/bike-hire-valencia\/","url":"https:\/\/thehendoideas.com\/activity\/bike-hire-valencia\/","name":"Noleggio biciclette a Valencia e tour per un addio al nubilato da sogno","isPartOf":{"@id":"https:\/\/thehendoideas.com\/#website"},"primaryImageOfPage":{"@id":"https:\/\/thehendoideas.com\/activity\/bike-hire-valencia\/#primaryimage"},"image":{"@id":"https:\/\/thehendoideas.com\/activity\/bike-hire-valencia\/#primaryimage"},"thumbnailUrl":"https:\/\/thehendoideas.com\/wp-content\/uploads\/2025\/04\/Bike-tour-hire-valencia-img.jpg","datePublished":"2025-04-03T14:52:08+00:00","dateModified":"2025-04-03T14:53:14+00:00","description":"Noleggio biciclette Valencia: Esplorate Valencia su due ruote! Noleggiate le biciclette per il vostro addio al nubilato o godetevi un tour guidato in bicicletta attraverso le migliori attrazioni della citt\u00e0. \ud83d\udeb4\u200d\u2640\ufe0f\ud83c\udf1e","breadcrumb":{"@id":"https:\/\/thehendoideas.com\/activity\/bike-hire-valencia\/#breadcrumb"},"inLanguage":"it-IT","potentialAction":[{"@type":"ReadAction","target":["https:\/\/thehendoideas.com\/activity\/bike-hire-valencia\/"]}]},{"@type":"ImageObject","inLanguage":"it-IT","@id":"https:\/\/thehendoideas.com\/activity\/bike-hire-valencia\/#primaryimage","url":"https:\/\/thehendoideas.com\/wp-content\/uploads\/2025\/04\/Bike-tour-hire-valencia-img.jpg","contentUrl":"https:\/\/thehendoideas.com\/wp-content\/uploads\/2025\/04\/Bike-tour-hire-valencia-img.jpg","width":1275,"height":810,"caption":"Bike tour hire valencia img"},{"@type":"BreadcrumbList","@id":"https:\/\/thehendoideas.com\/activity\/bike-hire-valencia\/#breadcrumb","itemListElement":[{"@type":"ListItem","position":1,"name":"Home","item":"https:\/\/thehendoideas.com\/"},{"@type":"ListItem","position":2,"name":"Shop","item":"https:\/\/thehendoideas.com\/shop\/"},{"@type":"ListItem","position":3,"name":"Bike Hire Valencia"}]},{"@type":"WebSite","@id":"https:\/\/thehendoideas.com\/#website","url":"https:\/\/thehendoideas.com\/","name":"Feste di addio al nubilato dell'agenzia","description":"I migliori servizi di addio al nubilato","publisher":{"@id":"https:\/\/thehendoideas.com\/#organization"},"alternateName":"Hen Parties","potentialAction":[{"@type":"SearchAction","target":{"@type":"EntryPoint","urlTemplate":"https:\/\/thehendoideas.com\/?s={search_term_string}"},"query-input":{"@type":"PropertyValueSpecification","valueRequired":true,"valueName":"search_term_string"}}],"inLanguage":"it-IT"},{"@type":"Organization","@id":"https:\/\/thehendoideas.com\/#organization","name":"Idee per l'addio al nubilato","alternateName":"Hen Parties","url":"https:\/\/thehendoideas.com\/","logo":{"@type":"ImageObject","inLanguage":"it-IT","@id":"https:\/\/thehendoideas.com\/#\/schema\/logo\/image\/","url":"https:\/\/thehendoideas.com\/wp-content\/uploads\/2024\/04\/Hen-Do-Image-Logo-1.png","contentUrl":"https:\/\/thehendoideas.com\/wp-content\/uploads\/2024\/04\/Hen-Do-Image-Logo-1.png","width":512,"height":512,"caption":"Hen Do Ideas"},"image":{"@id":"https:\/\/thehendoideas.com\/#\/schema\/logo\/image\/"}}]},"product_price_amount":"140.00","product_price_currency":"EUR","og_availability":"instock","product_availability":"instock","product_condition":"new"},"_links":{"self":[{"href":"https:\/\/thehendoideas.com\/it\/wp-json\/wp\/v2\/product\/6014","targetHints":{"allow":["GET"]}}],"collection":[{"href":"https:\/\/thehendoideas.com\/it\/wp-json\/wp\/v2\/product"}],"about":[{"href":"https:\/\/thehendoideas.com\/it\/wp-json\/wp\/v2\/types\/product"}],"replies":[{"embeddable":true,"href":"https:\/\/thehendoideas.com\/it\/wp-json\/wp\/v2\/comments?post=6014"}],"wp:featuredmedia":[{"embeddable":true,"href":"https:\/\/thehendoideas.com\/it\/wp-json\/wp\/v2\/media\/6015"}],"wp:attachment":[{"href":"https:\/\/thehendoideas.com\/it\/wp-json\/wp\/v2\/media?parent=6014"}],"wp:term":[{"taxonomy":"product_brand","embeddable":true,"href":"https:\/\/thehendoideas.com\/it\/wp-json\/wp\/v2\/product_brand?post=6014"},{"taxonomy":"product_cat","embeddable":true,"href":"https:\/\/thehendoideas.com\/it\/wp-json\/wp\/v2\/product_cat?post=6014"},{"taxonomy":"product_tag","embeddable":true,"href":"https:\/\/thehendoideas.com\/it\/wp-json\/wp\/v2\/product_tag?post=6014"}],"curies":[{"name":"wp","href":"https:\/\/api.w.org\/{rel}","templated":true}]}}